{"id":1079,"date":"2019-05-22T09:31:35","date_gmt":"2019-05-22T07:31:35","guid":{"rendered":"https:\/\/alternativa.lv\/?page_id=1079"},"modified":"2023-03-26T17:24:47","modified_gmt":"2023-03-26T15:24:47","slug":"esc-projects","status":"publish","type":"page","link":"https:\/\/alternativa.lv\/en\/esc-projects\/","title":{"rendered":"European Solidarity Corpse projects"},"content":{"rendered":"\n<p><strong>Simply put, the European Solidarity Corps is designed to help you help others!<\/strong><\/p>\n\n\n\n<p>An initiative of the European Union, the European Solidarity Corps funds and supports young people aged between 18 and 30 from EU member states, to volunteer or self-organise projects that benefit communities.<\/p>\n\n\n\n<p>Young people can volunteer at home or abroad, through the Volunteering Projects and Solidarity Projects strands.<\/p>\n\n\n\n<p>VOLUNTEERING PROJECTS:<\/p>\n\n\n\n<p>Volunteering through the European Solidarity Corps brings positive and long-lasting effects to participants, participating organisations and communities involved. Jump in and find out more!<\/p>\n\n\n\n<p>SOLIDARITY PROJECTS<\/p>\n\n\n\n<p>Volunteering through the European Solidarity Corps brings positive and long-lasting effects to participants, participating organisations and communities involved. Jump in and find out more!<\/p>\n\n\n\n<h2 class=\"wp-block-heading\">Participating Countries<\/h2>\n\n\n\n<p>The following countries, including the Overseas Countries and Territories of EU Member State countries, can fully take part in all Solidarity Corps actions:<\/p>\n\n\n\n<figure class=\"wp-block-table\"><table><tbody><tr><td>Belgium<\/td><td>Greece<\/td><td>Lithuania<\/td><td>Portugal<\/td><\/tr><tr><td>Bulgaria<\/td><td>Spain<\/td><td>Luxembourg<\/td><td>Romania<\/td><\/tr><tr><td>Czechia<\/td><td>France<\/td><td>Hungary<\/td><td>Slovenia<\/td><\/tr><tr><td>Denmark<\/td><td>Croatia<\/td><td>Malta<\/td><td>Slovakia<\/td><\/tr><tr><td>Germany<\/td><td>Italy<\/td><td>Netherlands<\/td><td>Finland<\/td><\/tr><tr><td>Estonia<\/td><td>Cyprus<\/td><td>Austria<\/td><td>Sweden<\/td><\/tr><tr><td>Ireland<\/td><td>Latvia<\/td><td>Poland<\/td><td>United Kingdom*<\/td><\/tr><\/tbody><\/table><\/figure>\n\n\n\n<p>*Please note that the UK continues to participate in the European Solidarity Corps until the closure of the projects financed under the&nbsp;2014-2020 Call years, even if activities take place&nbsp;after the end of 2020.<\/p>\n\n\n\n<p><strong>Non-EU participating countries<\/strong>: Iceland, Republic of North Macedonia and Turkey<\/p>\n\n\n\n<h2 class=\"wp-block-heading\">Partner Countries<\/h2>\n\n\n\n<p>The following countries can take part in certain actions under the European Solidarity Corps, subject to specific criteria or conditions.<\/p>\n\n\n\n<p>In 2020, organisations from these countries can participate as partners in&nbsp;<a href=\"https:\/\/www.eusolidaritycorps.org.uk\/volunteering.html\">Volunteering Projects only<\/a>, but cannot apply for funding.<\/p>\n\n\n\n<p><strong>European Free Trade Association (EFTA) Countries<\/strong>: Liechtenstein&nbsp;and Norway<\/p>\n\n\n\n<p><strong>Partner Countries neighbouring the EU:<\/strong><\/p>\n\n\n\n<figure class=\"wp-block-table\"><table><tbody><tr><th scope=\"row\"><strong>Western Balkans<\/strong><\/th><td>Albania, Bosnia and Herzegovina, Kosovo, Montenegro, Serbia<\/td><\/tr><tr><th scope=\"row\"><strong>Eastern Partnership Countries<\/strong><\/th><td>Armenia, Azerbaijan, Belarus, Georgia, Moldova, Territory of Ukraine as recognised by international law<\/td><\/tr><tr><th scope=\"row\"><strong>South-Mediterranean countries<\/strong><\/th><td>Algeria, Egypt, Israel, Jordan, Lebanon, Libya, Morocco, Palestine, Syria, Tunisia<\/td><\/tr><\/tbody><\/table><\/figure>\n\n\n\n<p>Culture Association &#8220;Alternate Reality&#8221; since 2019 is organizing and implementing  Solidarity projects in local and international level to promote solidarity of community, and also Volunteering projects.<\/p>\n\n\n\n<figure class=\"wp-block-image alignleft size-large is-resized\"><img data-recalc-dims=\"1\" loading=\"lazy\" decoding=\"async\" data-attachment-id=\"9043\" data-permalink=\"https:\/\/alternativa.lv\/en\/esc-projects\/esc-logos1\/\" data-orig-file=\"https:\/\/i0.wp.com\/alternativa.lv\/wp-content\/uploads\/2023\/03\/ESC-Logos1.png?fit=900%2C1200&amp;ssl=1\" data-orig-size=\"900,1200\" data-comments-opened=\"0\" data-image-meta=\"{&quot;aperture&quot;:&quot;0&quot;,&quot;credit&quot;:&quot;&quot;,&quot;camera&quot;:&quot;&quot;,&quot;caption&quot;:&quot;&quot;,&quot;created_timestamp&quot;:&quot;0&quot;,&quot;copyright&quot;:&quot;&quot;,&quot;focal_length&quot;:&quot;0&quot;,&quot;iso&quot;:&quot;0&quot;,&quot;shutter_speed&quot;:&quot;0&quot;,&quot;title&quot;:&quot;&quot;,&quot;orientation&quot;:&quot;0&quot;}\" data-image-title=\"ESC-Logos1\" data-image-description=\"\" data-image-caption=\"\" data-large-file=\"https:\/\/i0.wp.com\/alternativa.lv\/wp-content\/uploads\/2023\/03\/ESC-Logos1.png?fit=768%2C1024&amp;ssl=1\" src=\"https:\/\/i0.wp.com\/alternativa.lv\/wp-content\/uploads\/2023\/03\/ESC-Logos1.png?resize=448%2C597&#038;ssl=1\" alt=\"\" class=\"wp-image-9043\" width=\"448\" height=\"597\" srcset=\"https:\/\/i0.wp.com\/alternativa.lv\/wp-content\/uploads\/2023\/03\/ESC-Logos1.png?resize=768%2C1024&amp;ssl=1 768w, https:\/\/i0.wp.com\/alternativa.lv\/wp-content\/uploads\/2023\/03\/ESC-Logos1.png?resize=225%2C300&amp;ssl=1 225w, https:\/\/i0.wp.com\/alternativa.lv\/wp-content\/uploads\/2023\/03\/ESC-Logos1.png?resize=600%2C800&amp;ssl=1 600w, https:\/\/i0.wp.com\/alternativa.lv\/wp-content\/uploads\/2023\/03\/ESC-Logos1.png?resize=300%2C400&amp;ssl=1 300w, https:\/\/i0.wp.com\/alternativa.lv\/wp-content\/uploads\/2023\/03\/ESC-Logos1.png?resize=150%2C200&amp;ssl=1 150w, https:\/\/i0.wp.com\/alternativa.lv\/wp-content\/uploads\/2023\/03\/ESC-Logos1.png?w=900&amp;ssl=1 900w\" sizes=\"auto, (max-width: 448px) 100vw, 448px\" \/><\/figure>\n\n\n\n<p>The first our Solidarity project by European Solidarity Corpse , approved by Latvian National Agency is Discussion club &#8220;xeNOphobia&#8221;. <\/p>\n\n\n\n<p>Read more about it <a href=\"https:\/\/alternativa.lv\/esc-projects\/xenophobia-discussion-club\/\">here<\/a><\/p>\n\n\n\n<p>Volunteering project &#8220;Mandarinu Zeme 2019&#8221; co-finansed by European Solidarity Corpse is also implemented in Latvia in 2019-2020<\/p>\n\n\n\n<p>More info about it <a href=\"https:\/\/alternativa.lv\/esc-projects\/esc-project-mandarinu-zeme-2019\/\">read here<\/a><\/p>\n\n\n\n<p>In 2020 we are implementing 3 projects co-financed by European Solidarity Corpse:<\/p>\n\n\n\n<ul class=\"wp-block-list\">\n<li>Volunteering group project &#8220;Count of May 2020: united in diversity&#8221;<\/li>\n\n\n\n<li>Solidarity project &#8220;xeNophobia 2.0&#8221;<\/li>\n\n\n\n<li>Work project &#8220;MandarineLand: support and inclusion&#8221; <\/li>\n<\/ul>\n","protected":false},"excerpt":{"rendered":"<p>Simply put, the European Solidarity Corps is designed to help you help others! An initiative of the European Union, the European Solidarity Corps funds and supports young people aged between 18 and 30 from EU member states, to volunteer or self-organise projects that benefit communities. Young people can volunteer at&gt;&gt;&gt;<\/p>\n","protected":false},"author":133522584,"featured_media":2576,"parent":0,"menu_order":3,"comment_status":"open","ping_status":"closed","template":"","meta":{"_eb_attr":"","footnotes":""},"folder":[635157417],"class_list":["post-1079","page","type-page","status-publish","has-post-thumbnail","hentry"],"translation":{"provider":"WPGlobus","version":"3.0.2","language":"en","enabled_languages":["lv","en","ru"],"languages":{"lv":{"title":true,"content":true,"excerpt":false},"en":{"title":true,"content":true,"excerpt":false},"ru":{"title":true,"content":true,"excerpt":false}}},"jetpack_sharing_enabled":true,"jetpack_shortlink":"https:\/\/wp.me\/P9yPz0-hp","jetpack_likes_enabled":true,"jetpack-related-posts":[{"id":11652,"url":"https:\/\/alternativa.lv\/en\/resursi\/","url_meta":{"origin":1079,"position":0},"title":"Resourses","author":"tesstemona","date":"30\/06\/2024","format":false,"excerpt":"{:lv} Latvijas Nacion\u0101l\u0101 A\u0123ent\u016bra #ErasmusPlus #ESC #Eurodesk #JSPA Jaunatnes Starptautisko programmu a\u0123ent\u016bras ofici\u0101l\u0101 m\u0101jaslapa. A\u0123ent\u016bras administr\u0113 visus Erasmus+, ESK un Eurodesk projektus Latvij\u0101. Projektu konkursi, resursi, aktu\u0101lie jaunumi u.c. Skat\u012bt \u2192 Erasmus+ projektu dokumentu paraugi #ErasmusPlus #dokumenti #JSPA ErasmusPlus projektu dokument\u0101cijas paraugi JSPA m\u0101jaslap\u0101 Skat\u012bt \u2192 EURODESK LATVIJA #Eurodesk #EurodeskLatvia\u2026","rel":"","context":"Similar post","block_context":{"text":"Similar post","link":""},"img":{"alt_text":"","src":"https:\/\/i0.wp.com\/alternativa.lv\/wp-content\/uploads\/2025\/09\/Toolkit-Empower-Youth-workers-OFST-1.png?resize=350%2C200&ssl=1","width":350,"height":200,"srcset":"https:\/\/i0.wp.com\/alternativa.lv\/wp-content\/uploads\/2025\/09\/Toolkit-Empower-Youth-workers-OFST-1.png?resize=350%2C200&ssl=1 1x, https:\/\/i0.wp.com\/alternativa.lv\/wp-content\/uploads\/2025\/09\/Toolkit-Empower-Youth-workers-OFST-1.png?resize=525%2C300&ssl=1 1.5x, https:\/\/i0.wp.com\/alternativa.lv\/wp-content\/uploads\/2025\/09\/Toolkit-Empower-Youth-workers-OFST-1.png?resize=700%2C400&ssl=1 2x, https:\/\/i0.wp.com\/alternativa.lv\/wp-content\/uploads\/2025\/09\/Toolkit-Empower-Youth-workers-OFST-1.png?resize=1050%2C600&ssl=1 3x"},"classes":[]},{"id":10924,"url":"https:\/\/alternativa.lv\/en\/projekti\/solidaritates-projekti\/","url_meta":{"origin":1079,"position":1},"title":"SOLIDARITY PROJECTS","author":"tesstemona","date":"08\/01\/2024","format":false,"excerpt":"{:lv} Solidarit\u0101tes projekti Latvij\u0101, ko \u012bsteno pa\u0161i jaunie\u0161i 18-30 g. Eiropas Solidarit\u0101tes korpusa programma Detaliz\u0113ta inform\u0101cija par projektu veidiem, jaunumiem un iesjp\u0113j\u0101m jaunie\u0161iem: https:\/\/jaunatne.gov.lv\/ {:}{:en} SOLIDARITY PROJECTS IN LATVIA IMPLEMENTED BY YOUNGSTERS 18-30 Y.O. European Solidarity Corps program Detailed information about all project types, news and opportunities for youth in\u2026","rel":"","context":"Similar post","block_context":{"text":"Similar post","link":""},"img":{"alt_text":"","src":"https:\/\/i0.wp.com\/alternativa.lv\/wp-content\/uploads\/2023\/08\/EU-european-solidarity-corps-4x3-en.png?fit=1200%2C900&ssl=1&resize=350%2C200","width":350,"height":200,"srcset":"https:\/\/i0.wp.com\/alternativa.lv\/wp-content\/uploads\/2023\/08\/EU-european-solidarity-corps-4x3-en.png?fit=1200%2C900&ssl=1&resize=350%2C200 1x, https:\/\/i0.wp.com\/alternativa.lv\/wp-content\/uploads\/2023\/08\/EU-european-solidarity-corps-4x3-en.png?fit=1200%2C900&ssl=1&resize=525%2C300 1.5x, https:\/\/i0.wp.com\/alternativa.lv\/wp-content\/uploads\/2023\/08\/EU-european-solidarity-corps-4x3-en.png?fit=1200%2C900&ssl=1&resize=700%2C400 2x, https:\/\/i0.wp.com\/alternativa.lv\/wp-content\/uploads\/2023\/08\/EU-european-solidarity-corps-4x3-en.png?fit=1200%2C900&ssl=1&resize=1050%2C600 3x"},"classes":[]},{"id":2470,"url":"https:\/\/alternativa.lv\/en\/projekti\/","url_meta":{"origin":1079,"position":2},"title":"Our Projects \u2013 Inspiring, Developing, and Creating Change","author":"tesstemona","date":"12\/05\/2020","format":false,"excerpt":"{:lv} M\u016bsu Projekti \u2013 Iedvesmojam, att\u012bst\u0101m, rad\u0101m p\u0101rmai\u0146as Kult\u016bras biedr\u012bba \"Alternat\u012bv\u0101 Realit\u0101te\" ir platforma, kas veicina rado\u0161as iniciat\u012bvas, izgl\u012bt\u012bbu un starptautisku sadarb\u012bbu, izmantojot da\u017e\u0101du fondu un grantu atbalstu. M\u016bsu projekti apvieno kult\u016bras mantojuma saglab\u0101\u0161anu, jaunie\u0161u iesaisti, neform\u0101lo izgl\u012bt\u012bbu, k\u0101 ar\u012b soci\u0101lo un vides ilgtsp\u0113ju. M\u0113s akt\u012bvi sadarbojamies ar Erasmus+, Eiropas\u2026","rel":"","context":"Similar post","block_context":{"text":"Similar post","link":""},"img":{"alt_text":"","src":"https:\/\/i0.wp.com\/alternativa.lv\/wp-content\/uploads\/2024\/11\/areal-bckgr-5.png?fit=1200%2C675&ssl=1&resize=350%2C200","width":350,"height":200,"srcset":"https:\/\/i0.wp.com\/alternativa.lv\/wp-content\/uploads\/2024\/11\/areal-bckgr-5.png?fit=1200%2C675&ssl=1&resize=350%2C200 1x, https:\/\/i0.wp.com\/alternativa.lv\/wp-content\/uploads\/2024\/11\/areal-bckgr-5.png?fit=1200%2C675&ssl=1&resize=525%2C300 1.5x, https:\/\/i0.wp.com\/alternativa.lv\/wp-content\/uploads\/2024\/11\/areal-bckgr-5.png?fit=1200%2C675&ssl=1&resize=700%2C400 2x, https:\/\/i0.wp.com\/alternativa.lv\/wp-content\/uploads\/2024\/11\/areal-bckgr-5.png?fit=1200%2C675&ssl=1&resize=1050%2C600 3x"},"classes":[]},{"id":10146,"url":"https:\/\/alternativa.lv\/en\/projekti\/brivpratiga-darba-projekti\/","url_meta":{"origin":1079,"position":3},"title":"Volunteering projects","author":"tesstemona","date":"14\/08\/2023","format":false,"excerpt":"{:lv} Br\u012bvpr\u0101t\u012bg\u0101 darba projekti Eiropas Solidarit\u0101tes korpusa programma {:}{:en} Volunteering projects {:}{:ru} \u0412\u043e\u043b\u043e\u043d\u0442\u0435\u0440\u0441\u043a\u0438\u0435\\\u0434\u043e\u0431\u0440\u043e\u0432\u043e\u043b\u044c\u0447\u0435\u0441\u043a\u0438\u0435 \u043f\u0440\u043e\u0435\u043a\u0442\u044b {:}","rel":"","context":"Similar post","block_context":{"text":"Similar post","link":""},"img":{"alt_text":"","src":"https:\/\/i0.wp.com\/alternativa.lv\/wp-content\/uploads\/2023\/08\/EU-european-solidarity-corps-4x3-en.png?fit=1200%2C900&ssl=1&resize=350%2C200","width":350,"height":200,"srcset":"https:\/\/i0.wp.com\/alternativa.lv\/wp-content\/uploads\/2023\/08\/EU-european-solidarity-corps-4x3-en.png?fit=1200%2C900&ssl=1&resize=350%2C200 1x, https:\/\/i0.wp.com\/alternativa.lv\/wp-content\/uploads\/2023\/08\/EU-european-solidarity-corps-4x3-en.png?fit=1200%2C900&ssl=1&resize=525%2C300 1.5x, https:\/\/i0.wp.com\/alternativa.lv\/wp-content\/uploads\/2023\/08\/EU-european-solidarity-corps-4x3-en.png?fit=1200%2C900&ssl=1&resize=700%2C400 2x, https:\/\/i0.wp.com\/alternativa.lv\/wp-content\/uploads\/2023\/08\/EU-european-solidarity-corps-4x3-en.png?fit=1200%2C900&ssl=1&resize=1050%2C600 3x"},"classes":[]},{"id":3528,"url":"https:\/\/alternativa.lv\/en\/xenophobia-2-0\/","url_meta":{"origin":1079,"position":4},"title":"CREATIVE FIGHT AGAINST XENOPHOBIA","author":"natalijasavina","date":"15\/11\/2020","format":false,"excerpt":"{:lv} Solidarit\u0101tes projekts \"xeNOphobia 2.0\" Nr. 2019-3-LV02-ESC31-002785 Periods: 01.01.2020. - 30.11.2020. 2019.g. Solidarit\u0101tes projekta \"Diskusiju klubs \"xeNOphobia\" turpin\u0101jums https:\/\/vimeo.com\/522728244 Ksenofobija ir jau sen zin\u0101ma par\u0101d\u012bba sabiedr\u012bb\u0101. No grie\u0137u valodas v\u0101rds \u201cksenofobija\u201d tiek tulkots k\u0101 \u201cbailes no nepaz\u012bstam\u0101\u201d, bet m\u016bsdien\u0101s t\u0101 ir neieciet\u012bba pret sve\u0161a. T\u0101s ir neieciet\u012bba no cilv\u0113kiem, kas\u2026","rel":"","context":"Similar post","block_context":{"text":"Similar post","link":""},"img":{"alt_text":"","src":"https:\/\/i0.wp.com\/alternativa.lv\/wp-content\/uploads\/2021\/01\/cd8c45f1-3ecf-4d95-943b-d14702771e35.jpg?fit=1200%2C659&ssl=1&resize=350%2C200","width":350,"height":200,"srcset":"https:\/\/i0.wp.com\/alternativa.lv\/wp-content\/uploads\/2021\/01\/cd8c45f1-3ecf-4d95-943b-d14702771e35.jpg?fit=1200%2C659&ssl=1&resize=350%2C200 1x, https:\/\/i0.wp.com\/alternativa.lv\/wp-content\/uploads\/2021\/01\/cd8c45f1-3ecf-4d95-943b-d14702771e35.jpg?fit=1200%2C659&ssl=1&resize=525%2C300 1.5x, https:\/\/i0.wp.com\/alternativa.lv\/wp-content\/uploads\/2021\/01\/cd8c45f1-3ecf-4d95-943b-d14702771e35.jpg?fit=1200%2C659&ssl=1&resize=700%2C400 2x, https:\/\/i0.wp.com\/alternativa.lv\/wp-content\/uploads\/2021\/01\/cd8c45f1-3ecf-4d95-943b-d14702771e35.jpg?fit=1200%2C659&ssl=1&resize=1050%2C600 3x"},"classes":[]},{"id":5221,"url":"https:\/\/alternativa.lv\/en\/esc-projects\/darba-pieredze-jauniesiem\/","url_meta":{"origin":1079,"position":5},"title":"JOB PROJECT FOR YOUNGSTERS","author":"tesstemona","date":"10\/06\/2021","format":false,"excerpt":"{:lv} Laika posm\u0101 no 01.06.2020. l\u012bdz 31.05.2021. kult\u016bras biedr\u012bba \"Alternat\u012bv\u0101 Realit\u0101te\" \u012bstenoja projektu \"Mandar\u012bnu Zeme: atbalsts un iek\u013cau\u0161ana\". \u0160is bija darba projekts Eiropas Solidarit\u00e1tes Korpusa programmas ietvaros, kas sniedza darba pieredzes g\u016b\u0161anas iesp\u0113jas janie\u0161iem ar ierobe\u017eot\u0101m iesp\u0113j\u0101m. \u010cetras jaukas jaunietes gada laik\u0101 bija guvu\u0161as pieredzi darba organiz\u0113\u0161anas jom\u0101, pien\u0101kumu un\u2026","rel":"","context":"Similar post","block_context":{"text":"Similar post","link":""},"img":{"alt_text":"","src":"https:\/\/i0.wp.com\/alternativa.lv\/wp-content\/uploads\/2021\/08\/105332707_266256387775034_966557257938245592_n.jpg?resize=350%2C200","width":350,"height":200,"srcset":"https:\/\/i0.wp.com\/alternativa.lv\/wp-content\/uploads\/2021\/08\/105332707_266256387775034_966557257938245592_n.jpg?resize=350%2C200 1x, https:\/\/i0.wp.com\/alternativa.lv\/wp-content\/uploads\/2021\/08\/105332707_266256387775034_966557257938245592_n.jpg?resize=525%2C300 1.5x"},"classes":[]}],"amp_enabled":true,"_links":{"self":[{"href":"https:\/\/alternativa.lv\/en\/wp-json\/wp\/v2\/pages\/1079","targetHints":{"allow":["GET"]}}],"collection":[{"href":"https:\/\/alternativa.lv\/en\/wp-json\/wp\/v2\/pages"}],"about":[{"href":"https:\/\/alternativa.lv\/en\/wp-json\/wp\/v2\/types\/page"}],"author":[{"embeddable":true,"href":"https:\/\/alternativa.lv\/en\/wp-json\/wp\/v2\/users\/133522584"}],"replies":[{"embeddable":true,"href":"https:\/\/alternativa.lv\/en\/wp-json\/wp\/v2\/comments?post=1079"}],"version-history":[{"count":35,"href":"https:\/\/alternativa.lv\/en\/wp-json\/wp\/v2\/pages\/1079\/revisions"}],"predecessor-version":[{"id":9060,"href":"https:\/\/alternativa.lv\/en\/wp-json\/wp\/v2\/pages\/1079\/revisions\/9060"}],"wp:featuredmedia":[{"embeddable":true,"href":"https:\/\/alternativa.lv\/en\/wp-json\/wp\/v2\/media\/2576"}],"wp:attachment":[{"href":"https:\/\/alternativa.lv\/en\/wp-json\/wp\/v2\/media?parent=1079"}],"wp:term":[{"taxonomy":"folder","embeddable":true,"href":"https:\/\/alternativa.lv\/en\/wp-json\/wp\/v2\/folder?post=1079"}],"curies":[{"name":"wp","href":"https:\/\/api.w.org\/{rel}","templated":true}]}}