{"id":1130,"date":"2019-05-30T23:51:02","date_gmt":"2019-05-30T21:51:02","guid":{"rendered":"https:\/\/alternativa.lv\/?page_id=1130"},"modified":"2023-02-06T12:31:27","modified_gmt":"2023-02-06T10:31:27","slug":"erasmus-apply","status":"publish","type":"page","link":"https:\/\/alternativa.lv\/en\/brivpratigajiem\/erasmus-apply\/","title":{"rendered":"Registration Form to Erasmus+ projects"},"content":{"rendered":"\n<p id=\"block-90e25d84-884f-4db7-92b7-9868ad08208a\"><strong>By submitting this form i am applying for the participation in the project<\/strong><\/p>\n\n\n<div class=\"wp-block-jetpack-contact-form is-layout-flex wp-container-jetpack-contact-form-is-layout-2b4208ba wp-block-jetpack-contact-form-is-layout-flex\"><a href=\"https:\/\/alternativa.lv\/en\/brivpratigajiem\/erasmus-apply\/\" target=\"_blank\" rel=\"noopener noreferrer\">Submit a form.<\/a><\/div>\n\n\n<p id=\"block-570a0386-d1b0-4288-b33b-f45845b2af19\" style=\"font-size:12px\">After registration we will contact you as soon as possible to organize a personal interview by phone or by internet.<\/p>\n","protected":false},"excerpt":{"rendered":"<p>By submitting this form i am applying for the participation in the project After registration we will contact you as soon as possible to organize a personal interview by phone or by internet.<\/p>\n","protected":false},"author":133522584,"featured_media":7995,"parent":907,"menu_order":0,"comment_status":"closed","ping_status":"closed","template":"","meta":{"_eb_attr":"","footnotes":""},"folder":[635157416,635157417],"class_list":["post-1130","page","type-page","status-publish","has-post-thumbnail","hentry"],"translation":{"provider":"WPGlobus","version":"3.0.2","language":"en","enabled_languages":["lv","en","ru"],"languages":{"lv":{"title":true,"content":true,"excerpt":false},"en":{"title":true,"content":true,"excerpt":false},"ru":{"title":true,"content":true,"excerpt":false}}},"jetpack_sharing_enabled":true,"jetpack_shortlink":"https:\/\/wp.me\/P9yPz0-ie","jetpack_likes_enabled":true,"jetpack-related-posts":[{"id":4828,"url":"https:\/\/alternativa.lv\/en\/projekti\/erasmusplus-projekti\/","url_meta":{"origin":1130,"position":0},"title":"ERASMUS+ PROJECTS","author":"tesstemona","date":"24\/04\/2021","format":false,"excerpt":"{:lv} ERASMUS+ projekti {:}{:en} ERASMUS+ PROJECTS {:}{:ru} \u041f\u0440\u043e\u0435\u043a\u0442\u044b ERASMUS+ {:}","rel":"","context":"Similar post","block_context":{"text":"Similar post","link":""},"img":{"alt_text":"","src":"https:\/\/i0.wp.com\/alternativa.lv\/wp-content\/uploads\/2023\/07\/social-inclusion.jpg?fit=850%2C540&ssl=1&resize=350%2C200","width":350,"height":200,"srcset":"https:\/\/i0.wp.com\/alternativa.lv\/wp-content\/uploads\/2023\/07\/social-inclusion.jpg?fit=850%2C540&ssl=1&resize=350%2C200 1x, https:\/\/i0.wp.com\/alternativa.lv\/wp-content\/uploads\/2023\/07\/social-inclusion.jpg?fit=850%2C540&ssl=1&resize=525%2C300 1.5x, https:\/\/i0.wp.com\/alternativa.lv\/wp-content\/uploads\/2023\/07\/social-inclusion.jpg?fit=850%2C540&ssl=1&resize=700%2C400 2x"},"classes":[]},{"id":11652,"url":"https:\/\/alternativa.lv\/en\/resursi\/","url_meta":{"origin":1130,"position":1},"title":"Resourses","author":"tesstemona","date":"30\/06\/2024","format":false,"excerpt":"{:lv} Latvijas Nacion\u0101l\u0101 A\u0123ent\u016bra #ErasmusPlus #ESC #Eurodesk #JSPA Jaunatnes Starptautisko programmu a\u0123ent\u016bras ofici\u0101l\u0101 m\u0101jaslapa. A\u0123ent\u016bras administr\u0113 visus Erasmus+, ESK un Eurodesk projektus Latvij\u0101. Projektu konkursi, resursi, aktu\u0101lie jaunumi u.c. Skat\u012bt \u2192 Erasmus+ projektu dokumentu paraugi #ErasmusPlus #dokumenti #JSPA ErasmusPlus projektu dokument\u0101cijas paraugi JSPA m\u0101jaslap\u0101 Skat\u012bt \u2192 EURODESK LATVIJA #Eurodesk #EurodeskLatvia\u2026","rel":"","context":"Similar post","block_context":{"text":"Similar post","link":""},"img":{"alt_text":"","src":"https:\/\/i0.wp.com\/alternativa.lv\/wp-content\/uploads\/2025\/09\/Toolkit-Empower-Youth-workers-OFST-1.png?resize=350%2C200&ssl=1","width":350,"height":200,"srcset":"https:\/\/i0.wp.com\/alternativa.lv\/wp-content\/uploads\/2025\/09\/Toolkit-Empower-Youth-workers-OFST-1.png?resize=350%2C200&ssl=1 1x, https:\/\/i0.wp.com\/alternativa.lv\/wp-content\/uploads\/2025\/09\/Toolkit-Empower-Youth-workers-OFST-1.png?resize=525%2C300&ssl=1 1.5x, https:\/\/i0.wp.com\/alternativa.lv\/wp-content\/uploads\/2025\/09\/Toolkit-Empower-Youth-workers-OFST-1.png?resize=700%2C400&ssl=1 2x, https:\/\/i0.wp.com\/alternativa.lv\/wp-content\/uploads\/2025\/09\/Toolkit-Empower-Youth-workers-OFST-1.png?resize=1050%2C600&ssl=1 3x"},"classes":[]},{"id":4599,"url":"https:\/\/alternativa.lv\/en\/musu-standarti-un-kredo\/","url_meta":{"origin":1130,"position":2},"title":"OUR CREDO AND STANDARDS","author":"tesstemona","date":"15\/04\/2021","format":false,"excerpt":"{:lv} M\u0113s esam neliela talant\u012bgu profesion\u0101\u013cu un jaunie\u0161u ar pla\u0161u pieredzes un iema\u0146u kl\u0101stu. M\u0113s m\u012blam to ko dar\u0101m, un sav\u0101 darb\u0101 esam nospraudu\u0161i gan m\u0113r\u0137us, gan savas darba kvalit\u0101tes standartus un principus. M\u016bsu standarti Erasmus + un ESK (Eiropas Solidarit\u0101tes korpuss) projektiem: No dal\u012bbniekiem par dal\u012bbu m\u016bsu koordin\u0113tajos projektos\u2026","rel":"","context":"Similar post","block_context":{"text":"Similar post","link":""},"img":{"alt_text":"","src":"","width":0,"height":0},"classes":[]},{"id":985,"url":"https:\/\/alternativa.lv\/en\/erasmus-projects\/i-love-eu-youth-exchange\/","url_meta":{"origin":1130,"position":3},"title":"I love EU, youth exchange","author":"tesstemona","date":"11\/03\/2019","format":false,"excerpt":"{:en} Latvian group of young people together with participants from 11 European countries as participated in Erasmus+ Youth Exchange \"I love EU\" - I like tO Vote in my first Election to the EU parliament\" The project main goal is increasing young people\u2019s knowledge about the European institutions and encouraging\u2026","rel":"","context":"Similar post","block_context":{"text":"Similar post","link":""},"img":{"alt_text":"","src":"https:\/\/i0.wp.com\/alternativa.lv\/wp-content\/uploads\/2019\/07\/3FFFD915-9494-4071-A2DD-BBC16B1386AE.jpeg?resize=350%2C200","width":350,"height":200,"srcset":"https:\/\/i0.wp.com\/alternativa.lv\/wp-content\/uploads\/2019\/07\/3FFFD915-9494-4071-A2DD-BBC16B1386AE.jpeg?resize=350%2C200 1x, https:\/\/i0.wp.com\/alternativa.lv\/wp-content\/uploads\/2019\/07\/3FFFD915-9494-4071-A2DD-BBC16B1386AE.jpeg?resize=525%2C300 1.5x, https:\/\/i0.wp.com\/alternativa.lv\/wp-content\/uploads\/2019\/07\/3FFFD915-9494-4071-A2DD-BBC16B1386AE.jpeg?resize=700%2C400 2x, https:\/\/i0.wp.com\/alternativa.lv\/wp-content\/uploads\/2019\/07\/3FFFD915-9494-4071-A2DD-BBC16B1386AE.jpeg?resize=1050%2C600 3x"},"classes":[]},{"id":696,"url":"https:\/\/alternativa.lv\/en\/erasmus-projects\/what-is-youth-exchange-and-erasmus-programme\/","url_meta":{"origin":1130,"position":4},"title":"Erasmus+ \u2013 A Life-Changing Opportunity!","author":"tesstemona","date":"25\/11\/2018","format":false,"excerpt":"{:lv} Vai v\u0113lies ce\u013cot, iepaz\u012bt jaunus draugus, att\u012bst\u012bt savas prasmes un ieg\u016bt neaizmirstamu pieredzi? Erasmus+ ir programma tie\u0161i Tev! \u2728 \ud83d\udd25 Kas ir Erasmus+ un ko tas pied\u0101v\u0101? Erasmus+ ir Eiropas Savien\u012bbas programma, kas atbalsta izgl\u012bt\u012bbu, apm\u0101c\u012bbas, jaunatni un sportu. T\u0101 past\u0101v jau 35 gadus un ir pal\u012bdz\u0113jusi vair\u0101k nek\u0101\u2026","rel":"","context":"Similar post","block_context":{"text":"Similar post","link":""},"img":{"alt_text":"","src":"https:\/\/i0.wp.com\/alternativa.lv\/wp-content\/uploads\/2025\/02\/1759726B-17D8-41D8-A074-4A9475915336.jpeg?fit=625%2C336&ssl=1&resize=350%2C200","width":350,"height":200,"srcset":"https:\/\/i0.wp.com\/alternativa.lv\/wp-content\/uploads\/2025\/02\/1759726B-17D8-41D8-A074-4A9475915336.jpeg?fit=625%2C336&ssl=1&resize=350%2C200 1x, https:\/\/i0.wp.com\/alternativa.lv\/wp-content\/uploads\/2025\/02\/1759726B-17D8-41D8-A074-4A9475915336.jpeg?fit=625%2C336&ssl=1&resize=525%2C300 1.5x"},"classes":[]},{"id":374,"url":"https:\/\/alternativa.lv\/en\/erasmus-projects\/projects\/from-life-to-life\/","url_meta":{"origin":1130,"position":5},"title":"Photo exibition &#8220;From life to life&#8221;","author":"tesstemona","date":"12\/03\/2018","format":false,"excerpt":"At March 8, 2018 in Riga was opened a photo exhibition \"From life to life\". A photos and iterviews was prepared by participants of Erasmus+ Youth Exchange project \"Splashes od Diversity\". A photo exhibition about migration and diversity was final product of the youth exchange, and \u00a0participants has presented it\u2026","rel":"","context":"Similar post","block_context":{"text":"Similar post","link":""},"img":{"alt_text":"","src":"https:\/\/i0.wp.com\/alternativa.lv\/wp-content\/uploads\/2018\/05\/10.jpg?fit=1200%2C805&ssl=1&resize=350%2C200","width":350,"height":200,"srcset":"https:\/\/i0.wp.com\/alternativa.lv\/wp-content\/uploads\/2018\/05\/10.jpg?fit=1200%2C805&ssl=1&resize=350%2C200 1x, https:\/\/i0.wp.com\/alternativa.lv\/wp-content\/uploads\/2018\/05\/10.jpg?fit=1200%2C805&ssl=1&resize=525%2C300 1.5x, https:\/\/i0.wp.com\/alternativa.lv\/wp-content\/uploads\/2018\/05\/10.jpg?fit=1200%2C805&ssl=1&resize=700%2C400 2x, https:\/\/i0.wp.com\/alternativa.lv\/wp-content\/uploads\/2018\/05\/10.jpg?fit=1200%2C805&ssl=1&resize=1050%2C600 3x"},"classes":[]}],"amp_enabled":true,"_links":{"self":[{"href":"https:\/\/alternativa.lv\/en\/wp-json\/wp\/v2\/pages\/1130","targetHints":{"allow":["GET"]}}],"collection":[{"href":"https:\/\/alternativa.lv\/en\/wp-json\/wp\/v2\/pages"}],"about":[{"href":"https:\/\/alternativa.lv\/en\/wp-json\/wp\/v2\/types\/page"}],"author":[{"embeddable":true,"href":"https:\/\/alternativa.lv\/en\/wp-json\/wp\/v2\/users\/133522584"}],"replies":[{"embeddable":true,"href":"https:\/\/alternativa.lv\/en\/wp-json\/wp\/v2\/comments?post=1130"}],"version-history":[{"count":99,"href":"https:\/\/alternativa.lv\/en\/wp-json\/wp\/v2\/pages\/1130\/revisions"}],"predecessor-version":[{"id":8485,"href":"https:\/\/alternativa.lv\/en\/wp-json\/wp\/v2\/pages\/1130\/revisions\/8485"}],"up":[{"embeddable":true,"href":"https:\/\/alternativa.lv\/en\/wp-json\/wp\/v2\/pages\/907"}],"wp:featuredmedia":[{"embeddable":true,"href":"https:\/\/alternativa.lv\/en\/wp-json\/wp\/v2\/media\/7995"}],"wp:attachment":[{"href":"https:\/\/alternativa.lv\/en\/wp-json\/wp\/v2\/media?parent=1130"}],"wp:term":[{"taxonomy":"folder","embeddable":true,"href":"https:\/\/alternativa.lv\/en\/wp-json\/wp\/v2\/folder?post=1130"}],"curies":[{"name":"wp","href":"https:\/\/api.w.org\/{rel}","templated":true}]}}