{"id":11652,"date":"2024-06-30T12:51:46","date_gmt":"2024-06-30T10:51:46","guid":{"rendered":"https:\/\/alternativa.lv\/?page_id=11652"},"modified":"2026-01-12T16:25:05","modified_gmt":"2026-01-12T14:25:05","slug":"resursi","status":"publish","type":"page","link":"https:\/\/alternativa.lv\/en\/resursi\/","title":{"rendered":"Resourses"},"content":{"rendered":"\n<div class=\"wp-block-group alignwide is-layout-constrained wp-block-group-is-layout-constrained\">\n<h3 class=\"wp-block-heading alignfull has-text-align-left\"><strong>Erasmus+ project results<\/strong><\/h3>\n<\/div>\n\n\n\n<div class=\"wp-block-columns alignwide is-layout-flex wp-container-core-columns-is-layout-549b0c86 wp-block-columns-is-layout-flex\">\n<div class=\"wp-block-column is-layout-flow wp-block-column-is-layout-flow\">\n<h3 class=\"wp-block-heading is-service-name has-medium-font-size\"><strong>Toolkit for youthworkers<\/strong><\/h3>\n\n\n\n<p class=\"has-small-font-size\">#ErasmusPlus #OurFutureStartsToday<\/p>\n\n\n\n<p>TOOLKIT Empowering Rural Youth Workers for Global Issues (ENG) describing SDG and Youth goals, their interconnection and use in rural youth work<\/p>\n\n\n\n<p>Created during Erasmus+ Mobility for Youthworkers OUR FUTURE STARTS TODAY<\/p>\n\n\n\n<p class=\"is-service-link\"><a href=\"https:\/\/alternativa.lv\/wp-content\/uploads\/2023\/08\/TOOLKIT-Empowering-Rural-Youth-Workers-for-Global-Issues_compressed.pdf\" data-type=\"attachment\" data-id=\"10254\" target=\"_blank\" rel=\"noreferrer noopener\">See more <\/a> \u2192<\/p>\n<\/div>\n\n\n\n<div class=\"wp-block-column is-layout-flow wp-block-column-is-layout-flow\">\n<h3 class=\"wp-block-heading is-service-name has-medium-font-size\"><strong>Mental health digital platform Padlet<\/strong><\/h3>\n\n\n\n<p class=\"has-small-font-size\">#ErasmusPlus #PresentPulse<\/p>\n\n\n\n<p class=\"is-service-description\">PADLET digital platform with a collection of materials on supporting and strengthening mental health (ENG)<\/p>\n\n\n\n<p class=\"is-service-description\">Created during Erasmus+ Mobility for Youthworkers PRESENT PULSE<\/p>\n\n\n\n<p class=\"is-service-link\"><a href=\"https:\/\/padlet.com\/nikaverkara\/mental-health-care-and-mindfulness-tips-z9nzjq0yr7iq4jxm\" target=\"_blank\" rel=\"noreferrer noopener\">See more<\/a> \u2192<\/p>\n<\/div>\n\n\n\n<div class=\"wp-block-column is-layout-flow wp-block-column-is-layout-flow\">\n<h3 class=\"wp-block-heading is-service-name has-medium-font-size\"><strong>Simulation game &#8220;Occaterra&#8221;: digital online version<\/strong><\/h3>\n\n\n\n<p class=\"has-small-font-size\">#ErasmusPlus #Occaterra<\/p>\n\n\n\n<p class=\"is-service-description\">Tabletopia.com, the digital platform for online simulation discussion role-playing game Occaterra:Land of opportunities<\/p>\n\n\n\n<p>Created during Erasmus+ youth exchange OCCATERRA: LAND OF OPORTUNITIES<\/p>\n\n\n\n<p class=\"is-service-link\"><a href=\"https:\/\/tabletopia.com\/games\/occatera\" target=\"_blank\" rel=\"noreferrer noopener\">See more <\/a> \u2192<\/p>\n<\/div>\n<\/div>\n\n\n\n<hr class=\"wp-block-separator has-alpha-channel-opacity is-style-dots\"\/>\n\n\n\n<h2 class=\"wp-block-heading\"><strong>ERASMUS+ and ESC PLATFORMS<\/strong><\/h2>\n\n\n\n<div class=\"wp-block-columns alignwide is-layout-flex wp-container-core-columns-is-layout-549b0c86 wp-block-columns-is-layout-flex\">\n<div class=\"wp-block-column is-layout-flow wp-block-column-is-layout-flow\">\n<h3 class=\"wp-block-heading is-service-name has-medium-font-size\"><strong>Erasmus+ un ESK project platform<\/strong><\/h3>\n\n\n\n<p class=\"has-small-font-size\">#ErasmusPlus #ESK #projectplatform<\/p>\n\n\n\n<p>United online platform for Erasmus+ and European Solidarity Corps projects\/accreditations<\/p>\n\n\n\n<p>Also for registering organizations in Erasmus+<\/p>\n\n\n\n<p class=\"is-service-link\"><a href=\"https:\/\/webgate.ec.europa.eu\/erasmus-esc\/home\/\" data-type=\"attachment\" data-id=\"10254\" target=\"_blank\" rel=\"noreferrer noopener\">See more<\/a> \u2192<\/p>\n<\/div>\n\n\n\n<div class=\"wp-block-column is-layout-flow wp-block-column-is-layout-flow\">\n<h3 class=\"wp-block-heading is-service-name has-medium-font-size\"><strong>Youth portal<\/strong><\/h3>\n\n\n\n<p class=\"has-small-font-size\">#ESC #Volunteering #solidarity #Youthportal<\/p>\n\n\n\n<p class=\"is-service-description\">Portal for volunteering opportunities, registration of young people for volunteering, organisations for managing volunteering projects<\/p>\n\n\n\n<p class=\"is-service-link\"><a href=\"https:\/\/youth.europa.eu\/solidarity_en\" target=\"_blank\" rel=\"noreferrer noopener\">See more<\/a> \u2192<\/p>\n<\/div>\n\n\n\n<div class=\"wp-block-column is-layout-flow wp-block-column-is-layout-flow\">\n<h3 class=\"wp-block-heading is-service-name has-medium-font-size\"><strong>Erasmus+ and ESC Distance calculator<\/strong><\/h3>\n\n\n\n<p class=\"has-small-font-size\">#ErasmusPlus #ESC #distancecalculator<\/p>\n\n\n\n<p class=\"is-service-description\">Distance calculator for setting travel limits for Erasmus+ organisations during the projects<\/p>\n\n\n\n<p class=\"is-service-link\"><a href=\"https:\/\/erasmus-plus.ec.europa.eu\/resources-and-tools\/distance-calculator\" target=\"_blank\" rel=\"noreferrer noopener\">See more<\/a> \u2192<\/p>\n<\/div>\n<\/div>\n\n\n\n<hr class=\"wp-block-separator has-alpha-channel-opacity is-style-dots\"\/>\n\n\n\n<h3 class=\"wp-block-heading\"><strong>Erasmus+ guidelines and project document samples<\/strong><\/h3>\n\n\n\n<div class=\"wp-block-columns alignwide is-layout-flex wp-container-core-columns-is-layout-549b0c86 wp-block-columns-is-layout-flex\">\n<div class=\"wp-block-column is-layout-flow wp-block-column-is-layout-flow\">\n<h3 class=\"wp-block-heading is-service-name has-medium-font-size\"><strong>Erasmus+ Program of EU<\/strong><\/h3>\n\n\n\n<p class=\"has-small-font-size\">#ErasmusPlus <\/p>\n\n\n\n<p class=\"is-service-description\">Official website of Erasmus+ program of EU<\/p>\n\n\n\n<p class=\"is-service-link\"><a href=\"https:\/\/erasmus-plus.ec.europa.eu\/\" data-type=\"link\" data-id=\"https:\/\/erasmus-plus.ec.europa.eu\/\">See more<\/a> \u2192<\/p>\n<\/div>\n\n\n\n<div class=\"wp-block-column is-layout-flow wp-block-column-is-layout-flow\">\n<h3 class=\"wp-block-heading is-service-name has-medium-font-size\"><strong>SALTO-YOUTH<\/strong><\/h3>\n\n\n\n<p class=\"has-small-font-size\">#salto-youth<\/p>\n\n\n\n<p>Online platform for Erasmus+ projects, resourses, organizations etc<\/p>\n\n\n\n<p class=\"is-service-link\"><a href=\"https:\/\/www.salto-youth.net\/\" data-type=\"link\" data-id=\"https:\/\/www.salto-youth.net\/\" target=\"_blank\" rel=\"noreferrer noopener\">See more<\/a> \u2192<\/p>\n<\/div>\n\n\n\n<div class=\"wp-block-column is-layout-flow wp-block-column-is-layout-flow\">\n<h3 class=\"wp-block-heading is-service-name has-medium-font-size\"><strong>Youthpass<\/strong><\/h3>\n\n\n\n<p class=\"has-small-font-size\">#ErasmusPlus #ESC #youthpass<\/p>\n\n\n\n<p class=\"is-service-description\">Recognition tool for non-formal &amp; informal learning in youth projects<\/p>\n\n\n\n<p class=\"is-service-link\"><a href=\"https:\/\/www.youthpass.eu\/en\/\" data-type=\"link\" data-id=\"https:\/\/www.youthpass.eu\/en\/\" target=\"_blank\" rel=\"noreferrer noopener\">See more<\/a> \u2192<\/p>\n<\/div>\n<\/div>\n\n\n\n<hr class=\"wp-block-separator has-alpha-channel-opacity is-style-dots\"\/>\n\n\n\n<div class=\"wp-block-columns alignwide is-layout-flex wp-container-core-columns-is-layout-549b0c86 wp-block-columns-is-layout-flex\">\n<div class=\"wp-block-column is-layout-flow wp-block-column-is-layout-flow\">\n<h3 class=\"wp-block-heading is-service-name has-medium-font-size\"><strong>Latvia National Agency<\/strong><\/h3>\n\n\n\n<p class=\"has-small-font-size\">#ErasmusPlus #ESC #Eurodesk #JSPA<\/p>\n\n\n\n<p class=\"is-service-description\">Agency of International programs for Youth Republic of Latvia, administering all Erasmus Plus and ESC programs in Latvia<\/p>\n\n\n\n<p class=\"is-service-link\"><a href=\"https:\/\/jaunatne.gov.lv\/\">See more<\/a> \u2192<\/p>\n<\/div>\n\n\n\n<div class=\"wp-block-column is-layout-flow wp-block-column-is-layout-flow\">\n<h3 class=\"wp-block-heading is-service-name has-medium-font-size\"><strong>ErasmusPlus samples of project document<\/strong><\/h3>\n\n\n\n<p class=\"has-small-font-size\">#ErasmusPlus #dokumenti #JSPA<\/p>\n\n\n\n<p class=\"is-service-description\">ErasmusPlus sample documents from the Latvian National Agency website<\/p>\n\n\n\n<p class=\"is-service-link\"><a href=\"https:\/\/jaunatne.gov.lv\/dokumenti\/\" data-type=\"link\" data-id=\"https:\/\/jaunatne.gov.lv\/dokumenti\/\" target=\"_blank\" rel=\"noreferrer noopener\">See more<\/a> \u2192<\/p>\n<\/div>\n\n\n\n<div class=\"wp-block-column is-layout-flow wp-block-column-is-layout-flow\">\n<h3 class=\"wp-block-heading is-service-name has-medium-font-size\"><strong>EURODESK LATVIA<\/strong><\/h3>\n\n\n\n<p class=\"has-small-font-size\">#Eurodesk #EurodeskLatvia #JSPA<\/p>\n\n\n\n<p>Information about EURODESK Latvia<\/p>\n\n\n\n<p class=\"is-service-link\"><a href=\"https:\/\/jaunatne.gov.lv\/par-agenturu\/programmas-projekti\/eurodesk\/\" data-type=\"attachment\" data-id=\"10254\" target=\"_blank\" rel=\"noreferrer noopener\">See more<\/a> \u2192<\/p>\n<\/div>\n<\/div>\n\n\n\n<hr class=\"wp-block-separator has-alpha-channel-opacity is-style-dots\"\/>\n\n\n\n<div class=\"wp-block-columns alignwide is-layout-flex wp-container-core-columns-is-layout-549b0c86 wp-block-columns-is-layout-flex\">\n<div class=\"wp-block-column is-layout-flow wp-block-column-is-layout-flow\">\n<h3 class=\"wp-block-heading is-service-name has-medium-font-size\"><strong>ErasmusPlus guidelines 2022<\/strong><\/h3>\n\n\n\n<p class=\"has-small-font-size\">#ErasmusPlus #Guidelines #JSPA<\/p>\n\n\n\n<p>ErasmusPlus guidelines 2022 (ENG)<\/p>\n\n\n\n<p class=\"is-service-link\"><a href=\"http:\/\/chrome-extension:\/\/efaidnbmnnnibpcajpcglclefindmkaj\/https:\/\/erasmus-plus.ec.europa.eu\/sites\/default\/files\/2021-11\/2022-erasmusplus-programme-guide.pdf\" data-type=\"attachment\" data-id=\"10254\" target=\"_blank\" rel=\"noreferrer noopener\">See more<\/a><a href=\"https:\/\/alternativa.lv\/wp-content\/uploads\/2023\/08\/TOOLKIT-Empowering-Rural-Youth-Workers-for-Global-Issues_compressed.pdf\" data-type=\"attachment\" data-id=\"10254\" target=\"_blank\" rel=\"noreferrer noopener\"> <\/a> \u2192<\/p>\n<\/div>\n\n\n\n<div class=\"wp-block-column is-layout-flow wp-block-column-is-layout-flow\">\n<h3 class=\"wp-block-heading is-service-name has-medium-font-size\"><strong>ErasmusPlus guidelines 2023<\/strong><\/h3>\n\n\n\n<p class=\"has-small-font-size\">#ErasmusPlus #Guidelines #JSPA<\/p>\n\n\n\n<p class=\"is-service-description\">ErasmusPlus guidelines 2023 (ENG)<\/p>\n\n\n\n<p class=\"is-service-link\"><a href=\"http:\/\/chrome-extension:\/\/efaidnbmnnnibpcajpcglclefindmkaj\/https:\/\/erasmus-plus.ec.europa.eu\/sites\/default\/files\/2023-04\/ErasmusplusProgramme-Guide2023-v3_en.pdf\" target=\"_blank\" rel=\"noreferrer noopener\">See more<\/a> \u2192<\/p>\n<\/div>\n\n\n\n<div class=\"wp-block-column is-layout-flow wp-block-column-is-layout-flow\">\n<h3 class=\"wp-block-heading is-service-name has-medium-font-size\"><strong>ErasmusPlus guidelines 2024<\/strong><\/h3>\n\n\n\n<p class=\"has-small-font-size\">#ErasmusPlus #Guidelines #JSPA<\/p>\n\n\n\n<p class=\"is-service-description\">ErasmusPlus guidelines 2024 (ENG)<\/p>\n\n\n\n<p class=\"is-service-link\"><a href=\"http:\/\/chrome-extension:\/\/efaidnbmnnnibpcajpcglclefindmkaj\/https:\/\/erasmus-plus.ec.europa.eu\/sites\/default\/files\/2023-11\/2024-Erasmus%2BProgramme-Guide_EN.pdf\" target=\"_blank\" rel=\"noreferrer noopener\">See more <\/a> \u2192<\/p>\n<\/div>\n<\/div>\n","protected":false},"excerpt":{"rendered":"<p>Erasmus+ project results Toolkit for youthworkers #ErasmusPlus #OurFutureStartsToday TOOLKIT Empowering Rural Youth Workers for Global Issues (ENG) describing SDG and Youth goals, their interconnection and use in rural youth work Created during Erasmus+ Mobility for Youthworkers OUR FUTURE STARTS TODAY See more \u2192 Mental health digital platform Padlet #ErasmusPlus #PresentPulse&gt;&gt;&gt;<\/p>\n","protected":false},"author":133522584,"featured_media":0,"parent":0,"menu_order":0,"comment_status":"closed","ping_status":"closed","template":"","meta":{"_eb_attr":"","footnotes":""},"folder":[635157419,635157416,635157418,635157417],"class_list":["post-11652","page","type-page","status-publish","hentry"],"translation":{"provider":"WPGlobus","version":"3.0.2","language":"en","enabled_languages":["lv","en","ru"],"languages":{"lv":{"title":true,"content":true,"excerpt":false},"en":{"title":true,"content":true,"excerpt":false},"ru":{"title":false,"content":false,"excerpt":false}}},"jetpack_sharing_enabled":true,"jetpack_shortlink":"https:\/\/wp.me\/P9yPz0-31W","jetpack_likes_enabled":true,"jetpack-related-posts":[{"id":8497,"url":"https:\/\/alternativa.lv\/en\/stop-violence\/","url_meta":{"origin":11652,"position":0},"title":"STOP VIOLENCE","author":"tesstemona","date":"06\/02\/2023","format":false,"excerpt":"{:lv} 116123\u00a0- Diennakts bezmaksas kr\u012b\u017eu t\u0101lrunis. Jebkur\u0101 diennakts laik\u0101 pieejamas telefonkonsult\u0101cijas, kas pal\u012bdz emocion\u0101li p\u0101rvar\u0113t izveidoju\u0161os situ\u0101ciju. Kr\u012bzes t\u0101lrun\u012b var v\u0113rsties, lai sa\u0146emtu t\u016bl\u012bt\u0113ju speci\u0101lista konsult\u0101ciju par da\u017e\u0101diem jaut\u0101jumiem (piem\u0113ram, cilv\u0113kiem depresij\u0101, cilv\u0113kiem ar pa\u0161n\u0101vniecisk\u0101m tieksm\u0113m, cilv\u0113kiem, kas izj\u016bt vientul\u012bbu, tuvinieka zaud\u0113jumu s\u0101pes, ir atkar\u012bgi no alkohola, narkotiskaj\u0101m viel\u0101m un\u2026","rel":"","context":"Similar post","block_context":{"text":"Similar post","link":""},"img":{"alt_text":"","src":"https:\/\/i0.wp.com\/alternativa.lv\/wp-content\/uploads\/2023\/02\/violence-.jpg?fit=1200%2C675&ssl=1&resize=350%2C200","width":350,"height":200,"srcset":"https:\/\/i0.wp.com\/alternativa.lv\/wp-content\/uploads\/2023\/02\/violence-.jpg?fit=1200%2C675&ssl=1&resize=350%2C200 1x, https:\/\/i0.wp.com\/alternativa.lv\/wp-content\/uploads\/2023\/02\/violence-.jpg?fit=1200%2C675&ssl=1&resize=525%2C300 1.5x, https:\/\/i0.wp.com\/alternativa.lv\/wp-content\/uploads\/2023\/02\/violence-.jpg?fit=1200%2C675&ssl=1&resize=700%2C400 2x, https:\/\/i0.wp.com\/alternativa.lv\/wp-content\/uploads\/2023\/02\/violence-.jpg?fit=1200%2C675&ssl=1&resize=1050%2C600 3x"},"classes":[]},{"id":4828,"url":"https:\/\/alternativa.lv\/en\/projekti\/erasmusplus-projekti\/","url_meta":{"origin":11652,"position":1},"title":"ERASMUS+ PROJECTS","author":"tesstemona","date":"24\/04\/2021","format":false,"excerpt":"{:lv} ERASMUS+ projekti {:}{:en} ERASMUS+ PROJECTS {:}{:ru} \u041f\u0440\u043e\u0435\u043a\u0442\u044b ERASMUS+ {:}","rel":"","context":"Similar post","block_context":{"text":"Similar post","link":""},"img":{"alt_text":"","src":"https:\/\/i0.wp.com\/alternativa.lv\/wp-content\/uploads\/2023\/07\/social-inclusion.jpg?fit=850%2C540&ssl=1&resize=350%2C200","width":350,"height":200,"srcset":"https:\/\/i0.wp.com\/alternativa.lv\/wp-content\/uploads\/2023\/07\/social-inclusion.jpg?fit=850%2C540&ssl=1&resize=350%2C200 1x, https:\/\/i0.wp.com\/alternativa.lv\/wp-content\/uploads\/2023\/07\/social-inclusion.jpg?fit=850%2C540&ssl=1&resize=525%2C300 1.5x, https:\/\/i0.wp.com\/alternativa.lv\/wp-content\/uploads\/2023\/07\/social-inclusion.jpg?fit=850%2C540&ssl=1&resize=700%2C400 2x"},"classes":[]},{"id":985,"url":"https:\/\/alternativa.lv\/en\/erasmus-projects\/i-love-eu-youth-exchange\/","url_meta":{"origin":11652,"position":2},"title":"I love EU, youth exchange","author":"tesstemona","date":"11\/03\/2019","format":false,"excerpt":"{:en} Latvian group of young people together with participants from 11 European countries as participated in Erasmus+ Youth Exchange \"I love EU\" - I like tO Vote in my first Election to the EU parliament\" The project main goal is increasing young people\u2019s knowledge about the European institutions and encouraging\u2026","rel":"","context":"Similar post","block_context":{"text":"Similar post","link":""},"img":{"alt_text":"","src":"https:\/\/i0.wp.com\/alternativa.lv\/wp-content\/uploads\/2019\/07\/3FFFD915-9494-4071-A2DD-BBC16B1386AE.jpeg?resize=350%2C200","width":350,"height":200,"srcset":"https:\/\/i0.wp.com\/alternativa.lv\/wp-content\/uploads\/2019\/07\/3FFFD915-9494-4071-A2DD-BBC16B1386AE.jpeg?resize=350%2C200 1x, https:\/\/i0.wp.com\/alternativa.lv\/wp-content\/uploads\/2019\/07\/3FFFD915-9494-4071-A2DD-BBC16B1386AE.jpeg?resize=525%2C300 1.5x, https:\/\/i0.wp.com\/alternativa.lv\/wp-content\/uploads\/2019\/07\/3FFFD915-9494-4071-A2DD-BBC16B1386AE.jpeg?resize=700%2C400 2x, https:\/\/i0.wp.com\/alternativa.lv\/wp-content\/uploads\/2019\/07\/3FFFD915-9494-4071-A2DD-BBC16B1386AE.jpeg?resize=1050%2C600 3x"},"classes":[]},{"id":1436,"url":"https:\/\/alternativa.lv\/en\/our-social-projects\/mandarinia-social-charity-project-for-children\/","url_meta":{"origin":11652,"position":3},"title":"Mandarinia &#8211; social project for children integration","author":"tesstemona","date":"18\/09\/2019","format":false,"excerpt":"{:lv} Mandar\u012bnu Zeme:\u00a0soci\u0101ls projekts b\u0113rnu att\u012bst\u012bbai, pa\u0161izaugsmei un iek\u013cau\u0161anai sabiedr\u012bb\u0101, ko Kult\u016bras biedr\u012bba \"Alternat\u012bv\u0101 Realit\u0101te\" saviem sp\u0113kiem \u012bsteno jau\u00a0kop\u0161 2013. gada. Projekt\u0101 kop\u0101 tiek iek\u013cauti b\u0113rni no Latvijas \u0123imen\u0113m un b\u0113rni no soci\u0101l\u0101 riska grup\u0101m - b\u0113rnu namiem, kr\u012bzes centriem, nelabv\u0113l\u012bg\u0101m \u0123imen\u0113m, b\u0113rni ar \u012bpa\u0161\u0101m vajadz\u012bb\u0101m Projekta m\u0113r\u0137is:\u00a0veicin\u0101t\u00a0b\u0113rnu\u00a0pa\u0161izaugsmi, p\u0101rliec\u012bbu par\u2026","rel":"","context":"Similar post","block_context":{"text":"Similar post","link":""},"img":{"alt_text":"","src":"https:\/\/i0.wp.com\/alternativa.lv\/wp-content\/uploads\/2020\/01\/DSC_5846.jpg?fit=841%2C563&ssl=1&resize=350%2C200","width":350,"height":200,"srcset":"https:\/\/i0.wp.com\/alternativa.lv\/wp-content\/uploads\/2020\/01\/DSC_5846.jpg?fit=841%2C563&ssl=1&resize=350%2C200 1x, https:\/\/i0.wp.com\/alternativa.lv\/wp-content\/uploads\/2020\/01\/DSC_5846.jpg?fit=841%2C563&ssl=1&resize=525%2C300 1.5x, https:\/\/i0.wp.com\/alternativa.lv\/wp-content\/uploads\/2020\/01\/DSC_5846.jpg?fit=841%2C563&ssl=1&resize=700%2C400 2x"},"classes":[]},{"id":3195,"url":"https:\/\/alternativa.lv\/en\/our-social-projects\/diskusiju-cikls-demokratijai-ikviens-ir-svarigs\/","url_meta":{"origin":11652,"position":4},"title":"DISKUSIJU CIKLS &#8220;DEMOKR\u0100TIJAI IKVIENS IR SVAR\u012aGS!&#8221;","author":"tesstemona","date":"25\/04\/2020","format":false,"excerpt":"Kult\u016bras biedr\u012bba \"Alternat\u012bv\u0101 Realit\u0101te\" \u012bsteno integr\u0101cijas projektu \"Diskusiju cikls \"Demokr\u0101tijai ikviens ir svar\u012bgs!\". \u0160obr\u012bd Latvij\u0101 ir iev\u0113rojami zems jaunatnes l\u012bdzdal\u012bbas l\u012bmenis sabiedr\u012bbas att\u012bst\u012bb\u0101 un l\u0113mumu pie\u0146em\u0161an\u0101, \u012bpa\u0161i starp jaunie\u0161iem NEET situ\u0101cij\u0101 un jaunie\u0161iem no soci\u0101l\u0101s atstumt\u012bbas riska grup\u0101m (b\u0113rnu nami, kr\u012bzes centri, maznodro\u0161in\u0101t\u0101s \u0123imenes, minorit\u0101\u0161u p\u0101rst\u0101vji). \u0160ie jaunie\u0161i bie\u017ei netic\u2026","rel":"","context":"Similar post","block_context":{"text":"Similar post","link":""},"img":{"alt_text":"","src":"https:\/\/i0.wp.com\/alternativa.lv\/wp-content\/uploads\/2020\/10\/DIS-obratnaja-storona-karti-curv-WEB-1.jpg?resize=350%2C200&ssl=1","width":350,"height":200,"srcset":"https:\/\/i0.wp.com\/alternativa.lv\/wp-content\/uploads\/2020\/10\/DIS-obratnaja-storona-karti-curv-WEB-1.jpg?resize=350%2C200&ssl=1 1x, https:\/\/i0.wp.com\/alternativa.lv\/wp-content\/uploads\/2020\/10\/DIS-obratnaja-storona-karti-curv-WEB-1.jpg?resize=525%2C300&ssl=1 1.5x, https:\/\/i0.wp.com\/alternativa.lv\/wp-content\/uploads\/2020\/10\/DIS-obratnaja-storona-karti-curv-WEB-1.jpg?resize=700%2C400&ssl=1 2x, https:\/\/i0.wp.com\/alternativa.lv\/wp-content\/uploads\/2020\/10\/DIS-obratnaja-storona-karti-curv-WEB-1.jpg?resize=1050%2C600&ssl=1 3x, https:\/\/i0.wp.com\/alternativa.lv\/wp-content\/uploads\/2020\/10\/DIS-obratnaja-storona-karti-curv-WEB-1.jpg?resize=1400%2C800&ssl=1 4x"},"classes":[]},{"id":3740,"url":"https:\/\/alternativa.lv\/en\/brivpratigajiem\/volunteering-apply\/","url_meta":{"origin":11652,"position":5},"title":"REGISTRATION TO VOLUNTEERING ESC PROJECTS","author":"tesstemona","date":"01\/02\/2021","format":false,"excerpt":"{:lv} Registration to the Volunteering projects implementing by NGO \"Kulturas biedriba \"Alternativa Realitate\" After registration we will contact you as soon as possible to organize a personal interview by phone or by internet. {:}{:en} Registration to Volunteering projects co-financed by Europe Solidarity Corps coordinated by NGO \"Kulturas biedriba \"Alternativa Realitate\"\u2026","rel":"","context":"Similar post","block_context":{"text":"Similar post","link":""},"img":{"alt_text":"","src":"https:\/\/i0.wp.com\/alternativa.lv\/wp-content\/uploads\/2022\/10\/volunteer_orig.png?fit=1047%2C474&ssl=1&resize=350%2C200","width":350,"height":200,"srcset":"https:\/\/i0.wp.com\/alternativa.lv\/wp-content\/uploads\/2022\/10\/volunteer_orig.png?fit=1047%2C474&ssl=1&resize=350%2C200 1x, https:\/\/i0.wp.com\/alternativa.lv\/wp-content\/uploads\/2022\/10\/volunteer_orig.png?fit=1047%2C474&ssl=1&resize=525%2C300 1.5x, https:\/\/i0.wp.com\/alternativa.lv\/wp-content\/uploads\/2022\/10\/volunteer_orig.png?fit=1047%2C474&ssl=1&resize=700%2C400 2x"},"classes":[]}],"_links":{"self":[{"href":"https:\/\/alternativa.lv\/en\/wp-json\/wp\/v2\/pages\/11652","targetHints":{"allow":["GET"]}}],"collection":[{"href":"https:\/\/alternativa.lv\/en\/wp-json\/wp\/v2\/pages"}],"about":[{"href":"https:\/\/alternativa.lv\/en\/wp-json\/wp\/v2\/types\/page"}],"author":[{"embeddable":true,"href":"https:\/\/alternativa.lv\/en\/wp-json\/wp\/v2\/users\/133522584"}],"replies":[{"embeddable":true,"href":"https:\/\/alternativa.lv\/en\/wp-json\/wp\/v2\/comments?post=11652"}],"version-history":[{"count":59,"href":"https:\/\/alternativa.lv\/en\/wp-json\/wp\/v2\/pages\/11652\/revisions"}],"predecessor-version":[{"id":13997,"href":"https:\/\/alternativa.lv\/en\/wp-json\/wp\/v2\/pages\/11652\/revisions\/13997"}],"wp:attachment":[{"href":"https:\/\/alternativa.lv\/en\/wp-json\/wp\/v2\/media?parent=11652"}],"wp:term":[{"taxonomy":"folder","embeddable":true,"href":"https:\/\/alternativa.lv\/en\/wp-json\/wp\/v2\/folder?post=11652"}],"curies":[{"name":"wp","href":"https:\/\/api.w.org\/{rel}","templated":true}]}}