{"id":13273,"date":"2025-06-15T02:43:53","date_gmt":"2025-06-15T00:43:53","guid":{"rendered":"https:\/\/alternativa.lv\/?page_id=13273"},"modified":"2025-09-12T13:42:28","modified_gmt":"2025-09-12T11:42:28","slug":"inclusion-in-circus-pedagogy-toolkit","status":"publish","type":"page","link":"https:\/\/alternativa.lv\/en\/inclusion-in-circus-pedagogy-toolkit\/","title":{"rendered":"Inclusion in Circus Pedagogy &#8211; Toolkit for youthworkers"},"content":{"rendered":"\n<p>Solidarity Circus 2025 was an Erasmus+ KA1 training course organised in Riga, Latvia, bringing together 32 youth workers from 9 countries. The training explored non-verbal methods, circus pedagogy, and public performance as tools for inclusion, mental well-being, and participation. This offline-friendly toolkit shares methods used during the project and is especially intended for use in rural or conflict-affected areas.<\/p>\n\n\n\n<div data-wp-interactive=\"core\/file\" class=\"wp-block-file\"><object data-wp-bind--hidden=\"!state.hasPdfPreview\" hidden class=\"wp-block-file__embed\" data=\"https:\/\/alternativa.lv\/wp-content\/uploads\/2025\/06\/Toolikit-Circus-Booklet-210-x-297-mm.pdf\" type=\"application\/pdf\" style=\"width:100%;height:1120px\" aria-label=\"Embed of Toolikit Circus (Booklet (210 x 297 mm)).\"><\/object><a id=\"wp-block-file--media-b49c128a-87f8-48ea-b515-a9a95a05cbaa\" href=\"https:\/\/alternativa.lv\/wp-content\/uploads\/2025\/06\/Toolikit-Circus-Booklet-210-x-297-mm.pdf\">Toolikit Circus (Booklet (210 x 297 mm))<\/a><a href=\"https:\/\/alternativa.lv\/wp-content\/uploads\/2025\/06\/Toolikit-Circus-Booklet-210-x-297-mm.pdf\" class=\"wp-block-file__button wp-element-button\" download aria-describedby=\"wp-block-file--media-b49c128a-87f8-48ea-b515-a9a95a05cbaa\">Lejupiel\u0101d\u0113t<\/a><\/div>\n","protected":false},"excerpt":{"rendered":"<p>Solidarity Circus 2025 was an Erasmus+ KA1 training course organised in Riga, Latvia, bringing together 32 youth workers from 9 countries. The training explored non-verbal methods, circus pedagogy, and public performance as tools for inclusion, mental well-being, and participation. This offline-friendly toolkit shares methods used during the project and is&gt;&gt;&gt;<\/p>\n","protected":false},"author":133522584,"featured_media":13441,"parent":0,"menu_order":0,"comment_status":"closed","ping_status":"closed","template":"","meta":{"_eb_attr":"","footnotes":""},"folder":[635157416],"class_list":["post-13273","page","type-page","status-publish","has-post-thumbnail","hentry"],"translation":{"provider":"WPGlobus","version":"3.0.2","language":"en","enabled_languages":["lv","en","ru"],"languages":{"lv":{"title":true,"content":true,"excerpt":false},"en":{"title":true,"content":true,"excerpt":false},"ru":{"title":false,"content":false,"excerpt":false}}},"jetpack_sharing_enabled":true,"jetpack_shortlink":"https:\/\/wp.me\/P9yPz0-3s5","jetpack_likes_enabled":true,"jetpack-related-posts":[{"id":4399,"url":"https:\/\/alternativa.lv\/en\/erasmus-projects\/quest-the-best-jauniesu-apmaina\/","url_meta":{"origin":13273,"position":0},"title":"Training course &#8220;Circus pedagogy for youthwork&#8221;","author":"tesstemona","date":"26\/01\/2021","format":false,"excerpt":"{:lv} \"CIRCUS PEDAGOGY FOR YOUTHWORK\" No. 2020-3-LV02-KA105-003519Lifitime of the project: 01.01.2020.-30.10.2021.Approved by National Agency of Latvia. What? International Training course for Youth workers \"CIRCUS PEDAGOGY FOR YOUTHWORK\" Where? Riga, Latvia When? May 10 - 17, 2021 Who can participate? There will be 23 participants from 6 Europe countries: Latvia, France,\u2026","rel":"","context":"Similar post","block_context":{"text":"Similar post","link":""},"img":{"alt_text":"","src":"https:\/\/i0.wp.com\/alternativa.lv\/wp-content\/uploads\/2021\/03\/Header-web-1340x200-1.jpg?fit=1200%2C176&ssl=1&resize=350%2C200","width":350,"height":200,"srcset":"https:\/\/i0.wp.com\/alternativa.lv\/wp-content\/uploads\/2021\/03\/Header-web-1340x200-1.jpg?fit=1200%2C176&ssl=1&resize=350%2C200 1x, https:\/\/i0.wp.com\/alternativa.lv\/wp-content\/uploads\/2021\/03\/Header-web-1340x200-1.jpg?fit=1200%2C176&ssl=1&resize=525%2C300 1.5x, https:\/\/i0.wp.com\/alternativa.lv\/wp-content\/uploads\/2021\/03\/Header-web-1340x200-1.jpg?fit=1200%2C176&ssl=1&resize=700%2C400 2x, https:\/\/i0.wp.com\/alternativa.lv\/wp-content\/uploads\/2021\/03\/Header-web-1340x200-1.jpg?fit=1200%2C176&ssl=1&resize=1050%2C600 3x"},"classes":[]},{"id":11652,"url":"https:\/\/alternativa.lv\/en\/resursi\/","url_meta":{"origin":13273,"position":1},"title":"Resourses","author":"tesstemona","date":"30\/06\/2024","format":false,"excerpt":"{:lv} Latvijas Nacion\u0101l\u0101 A\u0123ent\u016bra #ErasmusPlus #ESC #Eurodesk #JSPA Jaunatnes Starptautisko programmu a\u0123ent\u016bras ofici\u0101l\u0101 m\u0101jaslapa. A\u0123ent\u016bras administr\u0113 visus Erasmus+, ESK un Eurodesk projektus Latvij\u0101. Projektu konkursi, resursi, aktu\u0101lie jaunumi u.c. Skat\u012bt \u2192 Erasmus+ projektu dokumentu paraugi #ErasmusPlus #dokumenti #JSPA ErasmusPlus projektu dokument\u0101cijas paraugi JSPA m\u0101jaslap\u0101 Skat\u012bt \u2192 EURODESK LATVIJA #Eurodesk #EurodeskLatvia\u2026","rel":"","context":"Similar post","block_context":{"text":"Similar post","link":""},"img":{"alt_text":"","src":"https:\/\/i0.wp.com\/alternativa.lv\/wp-content\/uploads\/2025\/09\/Toolkit-Empower-Youth-workers-OFST-1.png?resize=350%2C200&ssl=1","width":350,"height":200,"srcset":"https:\/\/i0.wp.com\/alternativa.lv\/wp-content\/uploads\/2025\/09\/Toolkit-Empower-Youth-workers-OFST-1.png?resize=350%2C200&ssl=1 1x, https:\/\/i0.wp.com\/alternativa.lv\/wp-content\/uploads\/2025\/09\/Toolkit-Empower-Youth-workers-OFST-1.png?resize=525%2C300&ssl=1 1.5x, https:\/\/i0.wp.com\/alternativa.lv\/wp-content\/uploads\/2025\/09\/Toolkit-Empower-Youth-workers-OFST-1.png?resize=700%2C400&ssl=1 2x, https:\/\/i0.wp.com\/alternativa.lv\/wp-content\/uploads\/2025\/09\/Toolkit-Empower-Youth-workers-OFST-1.png?resize=1050%2C600&ssl=1 3x"},"classes":[]},{"id":9082,"url":"https:\/\/alternativa.lv\/en\/projekti\/aif-step-to-the-future\/","url_meta":{"origin":13273,"position":2},"title":"CAPACITY PROJECT &#8220;A STEP TO THE FUTURE&#8221;","author":"tesstemona","date":"26\/02\/2023","format":false,"excerpt":"{:lv} Projekta numursAIF\/2022\/KAPAC2\/020Laika posms01.01.2023. - 30.04.2024.Re\u0123ionsLatvijaGranta summa19 975,67 EURProjektu finans\u0113Biedr\u012bba \u201cLatvijas Pilsonisk\u0101 alianse\u201d, kas p\u0101rst\u0101v Akt\u012bvo iedz\u012bvot\u0101ju fonduProjektu \u012bstenoKult\u016bras biedr\u012bba \"Alternat\u012bv\u0101 Realit\u0101te\"Sadarb\u012bbas partneri nodonorvalst\u012bmNorv\u0113\u0123ija - NVO \"Creatorium\"Projekta m\u0113r\u0137is veicin\u0101t Kult\u016bras biedr\u012bbas \"Alternat\u012bv\u0101 Realit\u0101te\" ilgtsp\u0113j\u012bbu un stiprin\u0101t kapacit\u0101ti, ieguldot cilv\u0113kresursuatt\u012bst\u012bb\u0101 un ievie\u0161ot jaunus vad\u012bbas metodes un r\u012bkus.Projekta ietvaros spersim lielu soli\u2026","rel":"","context":"Similar post","block_context":{"text":"Similar post","link":""},"img":{"alt_text":"","src":"https:\/\/i0.wp.com\/alternativa.lv\/wp-content\/uploads\/2023\/11\/Logo-aif-web-STF-smooth.png?fit=1200%2C675&ssl=1&resize=350%2C200","width":350,"height":200,"srcset":"https:\/\/i0.wp.com\/alternativa.lv\/wp-content\/uploads\/2023\/11\/Logo-aif-web-STF-smooth.png?fit=1200%2C675&ssl=1&resize=350%2C200 1x, https:\/\/i0.wp.com\/alternativa.lv\/wp-content\/uploads\/2023\/11\/Logo-aif-web-STF-smooth.png?fit=1200%2C675&ssl=1&resize=525%2C300 1.5x, https:\/\/i0.wp.com\/alternativa.lv\/wp-content\/uploads\/2023\/11\/Logo-aif-web-STF-smooth.png?fit=1200%2C675&ssl=1&resize=700%2C400 2x, https:\/\/i0.wp.com\/alternativa.lv\/wp-content\/uploads\/2023\/11\/Logo-aif-web-STF-smooth.png?fit=1200%2C675&ssl=1&resize=1050%2C600 3x"},"classes":[]},{"id":23,"url":"https:\/\/alternativa.lv\/en\/erasmus-projects\/projects\/","url_meta":{"origin":13273,"position":3},"title":"Splashes of Diversity","author":"tesstemona","date":"10\/11\/2017","format":false,"excerpt":"{:lv} Youth exchange SPLASHES OF DIVERSITY 6 Participating countries: Moldova, Georgia, Latvia, Ukraine, Greece, Italy Start: 01-09-2017 - End: 31-05-2018 Project Reference: 2017-2-LV02-KA105-001721 EC Grant: 41250 EUR Programme: Erasmus+ Key Action: Learning Mobility of Individuals Action Type: Youth mobility Topics: Migrants' issuesYouth (Participation, Youth Work, Youth Policy)Intercultural\/intergenerational education and (lifelong)learning\u2026","rel":"","context":"In \"ErasmusPlus\"","block_context":{"text":"ErasmusPlus","link":"https:\/\/alternativa.lv\/en\/tag\/erasmusplus\/"},"img":{"alt_text":"","src":"https:\/\/i0.wp.com\/alternativa.lv\/wp-content\/uploads\/2018\/02\/2017-12-05-11-19-02-048.jpg?fit=1200%2C675&ssl=1&resize=350%2C200","width":350,"height":200,"srcset":"https:\/\/i0.wp.com\/alternativa.lv\/wp-content\/uploads\/2018\/02\/2017-12-05-11-19-02-048.jpg?fit=1200%2C675&ssl=1&resize=350%2C200 1x, https:\/\/i0.wp.com\/alternativa.lv\/wp-content\/uploads\/2018\/02\/2017-12-05-11-19-02-048.jpg?fit=1200%2C675&ssl=1&resize=525%2C300 1.5x, https:\/\/i0.wp.com\/alternativa.lv\/wp-content\/uploads\/2018\/02\/2017-12-05-11-19-02-048.jpg?fit=1200%2C675&ssl=1&resize=700%2C400 2x, https:\/\/i0.wp.com\/alternativa.lv\/wp-content\/uploads\/2018\/02\/2017-12-05-11-19-02-048.jpg?fit=1200%2C675&ssl=1&resize=1050%2C600 3x"},"classes":[]},{"id":1103,"url":"https:\/\/alternativa.lv\/en\/erasmus-projects\/net-art-for-tolerance-ye\/","url_meta":{"origin":13273,"position":4},"title":"&#8220;Net Art for Tolerance&#8221; YE","author":"tesstemona","date":"30\/05\/2019","format":false,"excerpt":"{:lv} Youth Exchange \"Net Art For Tolerance\" is a project co-funded by Erasmus+ programme uniting young people from 6 EU countries: Latvia, Cyprus, France, Romania, FYROM, Italy Dates: 31.08.-09.09.2019Place: Paphos, Cyprus Aims of the project:to promote the awareness of tolerance and socially active opposition to xenophobia among young people, including\u2026","rel":"","context":"Similar post","block_context":{"text":"Similar post","link":""},"img":{"alt_text":"","src":"https:\/\/i0.wp.com\/alternativa.lv\/wp-content\/uploads\/2019\/09\/69568198_2621290151224134_7472202166766141440_n.jpg?resize=350%2C200&ssl=1","width":350,"height":200,"srcset":"https:\/\/i0.wp.com\/alternativa.lv\/wp-content\/uploads\/2019\/09\/69568198_2621290151224134_7472202166766141440_n.jpg?resize=350%2C200&ssl=1 1x, https:\/\/i0.wp.com\/alternativa.lv\/wp-content\/uploads\/2019\/09\/69568198_2621290151224134_7472202166766141440_n.jpg?resize=525%2C300&ssl=1 1.5x, https:\/\/i0.wp.com\/alternativa.lv\/wp-content\/uploads\/2019\/09\/69568198_2621290151224134_7472202166766141440_n.jpg?resize=700%2C400&ssl=1 2x"},"classes":[]},{"id":1964,"url":"https:\/\/alternativa.lv\/en\/erasmus-projects\/quest-the-best-ye\/","url_meta":{"origin":13273,"position":5},"title":"Quest &#8211; the best! Youth Exchange Erasmus+","author":"tesstemona","date":"04\/01\/2020","format":false,"excerpt":"{:lv} Due to COVID-19 pandemia dates of the project are changed. Please see actual dates below What? Where? When? International Youth Exchange \"Quest - the best!\" co-funded by Erasmus+ programme of European Comission. No. 2019-3-LV02-KA105-002774 Approved by National Agency of Latvia. Dates of Youth Exchange activites: A1: APV in Agros,\u2026","rel":"","context":"Similar post","block_context":{"text":"Similar post","link":""},"img":{"alt_text":"","src":"https:\/\/i0.wp.com\/alternativa.lv\/wp-content\/uploads\/2022\/03\/facebook-group-cover-photo-banner-2019.png?fit=720%2C377&ssl=1&resize=350%2C200","width":350,"height":200,"srcset":"https:\/\/i0.wp.com\/alternativa.lv\/wp-content\/uploads\/2022\/03\/facebook-group-cover-photo-banner-2019.png?fit=720%2C377&ssl=1&resize=350%2C200 1x, https:\/\/i0.wp.com\/alternativa.lv\/wp-content\/uploads\/2022\/03\/facebook-group-cover-photo-banner-2019.png?fit=720%2C377&ssl=1&resize=525%2C300 1.5x, https:\/\/i0.wp.com\/alternativa.lv\/wp-content\/uploads\/2022\/03\/facebook-group-cover-photo-banner-2019.png?fit=720%2C377&ssl=1&resize=700%2C400 2x"},"classes":[]}],"amp_enabled":true,"_links":{"self":[{"href":"https:\/\/alternativa.lv\/en\/wp-json\/wp\/v2\/pages\/13273","targetHints":{"allow":["GET"]}}],"collection":[{"href":"https:\/\/alternativa.lv\/en\/wp-json\/wp\/v2\/pages"}],"about":[{"href":"https:\/\/alternativa.lv\/en\/wp-json\/wp\/v2\/types\/page"}],"author":[{"embeddable":true,"href":"https:\/\/alternativa.lv\/en\/wp-json\/wp\/v2\/users\/133522584"}],"replies":[{"embeddable":true,"href":"https:\/\/alternativa.lv\/en\/wp-json\/wp\/v2\/comments?post=13273"}],"version-history":[{"count":4,"href":"https:\/\/alternativa.lv\/en\/wp-json\/wp\/v2\/pages\/13273\/revisions"}],"predecessor-version":[{"id":13461,"href":"https:\/\/alternativa.lv\/en\/wp-json\/wp\/v2\/pages\/13273\/revisions\/13461"}],"wp:featuredmedia":[{"embeddable":true,"href":"https:\/\/alternativa.lv\/en\/wp-json\/wp\/v2\/media\/13441"}],"wp:attachment":[{"href":"https:\/\/alternativa.lv\/en\/wp-json\/wp\/v2\/media?parent=13273"}],"wp:term":[{"taxonomy":"folder","embeddable":true,"href":"https:\/\/alternativa.lv\/en\/wp-json\/wp\/v2\/folder?post=13273"}],"curies":[{"name":"wp","href":"https:\/\/api.w.org\/{rel}","templated":true}]}}