{"id":2,"date":"2018-01-15T23:08:54","date_gmt":"2018-01-15T23:08:54","guid":{"rendered":"https:\/\/alternativalv.wordpress.com\/?page_id=2"},"modified":"2023-01-31T12:16:24","modified_gmt":"2023-01-31T10:16:24","slug":"contact","status":"publish","type":"page","link":"https:\/\/alternativa.lv\/en\/contact\/","title":{"rendered":"Contacts"},"content":{"rendered":"\n<h4 class=\"wp-block-heading\"><\/h4>\n\n\n\n<p>Culture Association &#8220;Alternative Reality&#8221;<br>Registration \u2116 40008214937<br>legal address\/ post address: Daugavmalas street 34-27, Saulkalne, Salaspils region, LV-2117,  LATVIA<\/p>\n\n\n\n<h4 class=\"wp-block-heading\"><strong>Creative youth volunteering center &#8220;Alternative Reality&#8221;<\/strong>: Lachplesha street 54A, Riga, LATVIA <\/h4>\n\n\n\n<p>Entrance throught the gates of Lachplesha 52<\/p>\n\n\n\n<p>code of the gate: 7727#<\/p>\n\n\n\n<p>please come till the building 54a and enter the glass doors near the Lion!<\/p>\n\n\n\n<figure class=\"wp-block-image alignleft size-large is-resized\"><img data-recalc-dims=\"1\" loading=\"lazy\" decoding=\"async\" data-attachment-id=\"6988\" data-permalink=\"https:\/\/alternativa.lv\/en\/contact\/intvation-alternative-reality-1\/\" data-orig-file=\"https:\/\/i0.wp.com\/alternativa.lv\/wp-content\/uploads\/2022\/05\/INTVATION-ALTERNATIVE-REALITY-1.jpg?fit=735%2C1103&amp;ssl=1\" data-orig-size=\"735,1103\" data-comments-opened=\"0\" data-image-meta=\"{&quot;aperture&quot;:&quot;0&quot;,&quot;credit&quot;:&quot;&quot;,&quot;camera&quot;:&quot;&quot;,&quot;caption&quot;:&quot;&quot;,&quot;created_timestamp&quot;:&quot;0&quot;,&quot;copyright&quot;:&quot;&quot;,&quot;focal_length&quot;:&quot;0&quot;,&quot;iso&quot;:&quot;0&quot;,&quot;shutter_speed&quot;:&quot;0&quot;,&quot;title&quot;:&quot;&quot;,&quot;orientation&quot;:&quot;0&quot;}\" data-image-title=\"INTVATION-ALTERNATIVE-REALITY-1\" data-image-description=\"\" data-image-caption=\"\" data-large-file=\"https:\/\/i0.wp.com\/alternativa.lv\/wp-content\/uploads\/2022\/05\/INTVATION-ALTERNATIVE-REALITY-1.jpg?fit=682%2C1024&amp;ssl=1\" src=\"https:\/\/i0.wp.com\/alternativa.lv\/wp-content\/uploads\/2022\/05\/INTVATION-ALTERNATIVE-REALITY-1.jpg?resize=491%2C737&#038;ssl=1\" alt=\"\" class=\"wp-image-6988\" width=\"491\" height=\"737\" srcset=\"https:\/\/i0.wp.com\/alternativa.lv\/wp-content\/uploads\/2022\/05\/INTVATION-ALTERNATIVE-REALITY-1.jpg?resize=682%2C1024&amp;ssl=1 682w, https:\/\/i0.wp.com\/alternativa.lv\/wp-content\/uploads\/2022\/05\/INTVATION-ALTERNATIVE-REALITY-1.jpg?resize=200%2C300&amp;ssl=1 200w, https:\/\/i0.wp.com\/alternativa.lv\/wp-content\/uploads\/2022\/05\/INTVATION-ALTERNATIVE-REALITY-1.jpg?w=735&amp;ssl=1 735w\" sizes=\"auto, (max-width: 491px) 100vw, 491px\" \/><\/figure>\n\n\n\n<div style=\"min-height:400px\" data-map-attr=\"\/qaddress\/q:\/qAlternativa realitate, Lachplesha street 54a, Riga\/q||\/qlat\/q:\/qundefined\/q||\/qlng\/q:\/qundefined\/q||\/qskin\/q:\/qstandard\/q||\/qzoom\/q:\/q12\/q||\/qiconSize\/q:\/q36\/q||\/qmapTypeControl\/q:\/qtrue\/q||\/qzoomControl\/q:\/qtrue\/q||\/qstreetViewControl\/q:\/qtrue\/q||\/qfullscreenControl\/q:\/qtrue\/q\" class=\"wp-block-coblocks-map alignwide\"><iframe title=\"Google Map\" frameborder=\"0\" style=\"width:100%;min-height:400px\" src=\"https:\/\/www.google.com\/maps?q=Alternativa%20realitate%2C%20Lachplesha%20street%2054a%2C%20Riga&amp;output=embed&amp;hl=en-GB&amp;z=12\"><\/iframe><\/div>\n\n\n\n<p><strong>Bank details<\/strong><\/p>\n\n\n\n<p>KULTURAS BIEDRIBA ALTERNATIVA REALITATE<\/p>\n\n\n\n<p>Bank: AS SEB Banka<br>IBAN account: &nbsp; &nbsp;LV41UNLA0050021605602<br>SWIFT: UNLALV2X<\/p>\n\n\n\n<p>phone<strong> (+371) 22189430<\/strong><\/p>\n\n\n\n<p>phone<strong> (+371) 29467064<\/strong><\/p>\n\n\n\n<p>email: alternativarealitate@gmail.com <\/p>\n\n\n\n<p><\/p>\n\n\n\n<p>REGISTER TO PARTICIPATE IN OUR ASSOCIATION;<\/p>\n\n\n\n<div class=\"wp-block-coblocks-form\">\n\n\n\n\n\n\n\n<\/div>\n\n\n\n<div class=\"wp-block-group is-layout-flow wp-block-group-is-layout-flow\"><\/div>\n","protected":false},"excerpt":{"rendered":"<p>Culture Association &#8220;Alternative Reality&#8221;Registration \u2116 40008214937legal address\/ post address: Daugavmalas street 34-27, Saulkalne, Salaspils region, LV-2117, LATVIA Creative youth volunteering center &#8220;Alternative Reality&#8221;: Lachplesha street 54A, Riga, LATVIA Entrance throught the gates of Lachplesha 52 code of the gate: 7727# please come till the building 54a and enter the glass&gt;&gt;&gt;<\/p>\n","protected":false},"author":133522584,"featured_media":5892,"parent":0,"menu_order":7,"comment_status":"closed","ping_status":"closed","template":"","meta":{"_eb_attr":"","footnotes":""},"folder":[635157419],"class_list":["post-2","page","type-page","status-publish","has-post-thumbnail","hentry"],"translation":{"provider":"WPGlobus","version":"3.0.2","language":"en","enabled_languages":["lv","en","ru"],"languages":{"lv":{"title":true,"content":true,"excerpt":false},"en":{"title":true,"content":true,"excerpt":false},"ru":{"title":true,"content":true,"excerpt":false}}},"jetpack_sharing_enabled":false,"jetpack_shortlink":"https:\/\/wp.me\/P9yPz0-2","jetpack_likes_enabled":null,"jetpack-related-posts":[{"id":1404,"url":"https:\/\/alternativa.lv\/en\/our-social-projects\/","url_meta":{"origin":2,"position":0},"title":"CREATIVE CENTER","author":"tesstemona","date":"18\/09\/2019","format":false,"excerpt":"{:lv} Rado\u0161ais centrs \u201cAlternat\u012bv\u0101 realit\u0101te\u201d, kas tika dibin\u0101ts R\u012bg\u0101 2017. gad\u0101, ir k\u013cuvis par unik\u0101lu vietu jaunie\u0161u att\u012bst\u012bbai un pa\u0161izpausmei, \u012bpa\u0161i tiem, kuri saskaras ar gr\u016bt\u012bb\u0101m integr\u0113ties sabiedr\u012bb\u0101. Centra galven\u0101 misija ir iesaist\u012bt un atbalst\u012bt jaunie\u0161us, neatkar\u012bgi no vi\u0146u sp\u0113j\u0101m un iesp\u0113j\u0101m, \u012bpa\u0161u uzman\u012bbu v\u0113r\u0161ot jaunie\u0161iem ar ierobe\u017eot\u0101m iesp\u0113j\u0101m, k\u0101\u2026","rel":"","context":"Similar post","block_context":{"text":"Similar post","link":""},"img":{"alt_text":"","src":"https:\/\/i0.wp.com\/alternativa.lv\/wp-content\/uploads\/2024\/09\/7dd8c57a-bde9-4523-b0fe-cfc8ef7f7d4e.jpeg?resize=350%2C200&ssl=1","width":350,"height":200,"srcset":"https:\/\/i0.wp.com\/alternativa.lv\/wp-content\/uploads\/2024\/09\/7dd8c57a-bde9-4523-b0fe-cfc8ef7f7d4e.jpeg?resize=350%2C200&ssl=1 1x, https:\/\/i0.wp.com\/alternativa.lv\/wp-content\/uploads\/2024\/09\/7dd8c57a-bde9-4523-b0fe-cfc8ef7f7d4e.jpeg?resize=525%2C300&ssl=1 1.5x, https:\/\/i0.wp.com\/alternativa.lv\/wp-content\/uploads\/2024\/09\/7dd8c57a-bde9-4523-b0fe-cfc8ef7f7d4e.jpeg?resize=700%2C400&ssl=1 2x"},"classes":[]},{"id":10924,"url":"https:\/\/alternativa.lv\/en\/projekti\/solidaritates-projekti\/","url_meta":{"origin":2,"position":1},"title":"SOLIDARITY PROJECTS","author":"tesstemona","date":"08\/01\/2024","format":false,"excerpt":"{:lv} Solidarit\u0101tes projekti Latvij\u0101, ko \u012bsteno pa\u0161i jaunie\u0161i 18-30 g. Eiropas Solidarit\u0101tes korpusa programma Detaliz\u0113ta inform\u0101cija par projektu veidiem, jaunumiem un iesjp\u0113j\u0101m jaunie\u0161iem: https:\/\/jaunatne.gov.lv\/ {:}{:en} SOLIDARITY PROJECTS IN LATVIA IMPLEMENTED BY YOUNGSTERS 18-30 Y.O. European Solidarity Corps program Detailed information about all project types, news and opportunities for youth in\u2026","rel":"","context":"Similar post","block_context":{"text":"Similar post","link":""},"img":{"alt_text":"","src":"https:\/\/i0.wp.com\/alternativa.lv\/wp-content\/uploads\/2023\/08\/EU-european-solidarity-corps-4x3-en.png?fit=1200%2C900&ssl=1&resize=350%2C200","width":350,"height":200,"srcset":"https:\/\/i0.wp.com\/alternativa.lv\/wp-content\/uploads\/2023\/08\/EU-european-solidarity-corps-4x3-en.png?fit=1200%2C900&ssl=1&resize=350%2C200 1x, https:\/\/i0.wp.com\/alternativa.lv\/wp-content\/uploads\/2023\/08\/EU-european-solidarity-corps-4x3-en.png?fit=1200%2C900&ssl=1&resize=525%2C300 1.5x, https:\/\/i0.wp.com\/alternativa.lv\/wp-content\/uploads\/2023\/08\/EU-european-solidarity-corps-4x3-en.png?fit=1200%2C900&ssl=1&resize=700%2C400 2x, https:\/\/i0.wp.com\/alternativa.lv\/wp-content\/uploads\/2023\/08\/EU-european-solidarity-corps-4x3-en.png?fit=1200%2C900&ssl=1&resize=1050%2C600 3x"},"classes":[]},{"id":11652,"url":"https:\/\/alternativa.lv\/en\/resursi\/","url_meta":{"origin":2,"position":2},"title":"Resourses","author":"tesstemona","date":"30\/06\/2024","format":false,"excerpt":"{:lv} Latvijas Nacion\u0101l\u0101 A\u0123ent\u016bra #ErasmusPlus #ESC #Eurodesk #JSPA Jaunatnes Starptautisko programmu a\u0123ent\u016bras ofici\u0101l\u0101 m\u0101jaslapa. A\u0123ent\u016bras administr\u0113 visus Erasmus+, ESK un Eurodesk projektus Latvij\u0101. Projektu konkursi, resursi, aktu\u0101lie jaunumi u.c. Skat\u012bt \u2192 Erasmus+ projektu dokumentu paraugi #ErasmusPlus #dokumenti #JSPA ErasmusPlus projektu dokument\u0101cijas paraugi JSPA m\u0101jaslap\u0101 Skat\u012bt \u2192 EURODESK LATVIJA #Eurodesk #EurodeskLatvia\u2026","rel":"","context":"Similar post","block_context":{"text":"Similar post","link":""},"img":{"alt_text":"","src":"https:\/\/i0.wp.com\/alternativa.lv\/wp-content\/uploads\/2025\/09\/Toolkit-Empower-Youth-workers-OFST-1.png?resize=350%2C200&ssl=1","width":350,"height":200,"srcset":"https:\/\/i0.wp.com\/alternativa.lv\/wp-content\/uploads\/2025\/09\/Toolkit-Empower-Youth-workers-OFST-1.png?resize=350%2C200&ssl=1 1x, https:\/\/i0.wp.com\/alternativa.lv\/wp-content\/uploads\/2025\/09\/Toolkit-Empower-Youth-workers-OFST-1.png?resize=525%2C300&ssl=1 1.5x, https:\/\/i0.wp.com\/alternativa.lv\/wp-content\/uploads\/2025\/09\/Toolkit-Empower-Youth-workers-OFST-1.png?resize=700%2C400&ssl=1 2x, https:\/\/i0.wp.com\/alternativa.lv\/wp-content\/uploads\/2025\/09\/Toolkit-Empower-Youth-workers-OFST-1.png?resize=1050%2C600&ssl=1 3x"},"classes":[]},{"id":3740,"url":"https:\/\/alternativa.lv\/en\/brivpratigajiem\/volunteering-apply\/","url_meta":{"origin":2,"position":3},"title":"REGISTRATION TO VOLUNTEERING ESC PROJECTS","author":"tesstemona","date":"01\/02\/2021","format":false,"excerpt":"{:lv} Registration to the Volunteering projects implementing by NGO \"Kulturas biedriba \"Alternativa Realitate\" After registration we will contact you as soon as possible to organize a personal interview by phone or by internet. {:}{:en} Registration to Volunteering projects co-financed by Europe Solidarity Corps coordinated by NGO \"Kulturas biedriba \"Alternativa Realitate\"\u2026","rel":"","context":"Similar post","block_context":{"text":"Similar post","link":""},"img":{"alt_text":"","src":"https:\/\/i0.wp.com\/alternativa.lv\/wp-content\/uploads\/2022\/10\/volunteer_orig.png?fit=1047%2C474&ssl=1&resize=350%2C200","width":350,"height":200,"srcset":"https:\/\/i0.wp.com\/alternativa.lv\/wp-content\/uploads\/2022\/10\/volunteer_orig.png?fit=1047%2C474&ssl=1&resize=350%2C200 1x, https:\/\/i0.wp.com\/alternativa.lv\/wp-content\/uploads\/2022\/10\/volunteer_orig.png?fit=1047%2C474&ssl=1&resize=525%2C300 1.5x, https:\/\/i0.wp.com\/alternativa.lv\/wp-content\/uploads\/2022\/10\/volunteer_orig.png?fit=1047%2C474&ssl=1&resize=700%2C400 2x"},"classes":[]},{"id":3195,"url":"https:\/\/alternativa.lv\/en\/our-social-projects\/diskusiju-cikls-demokratijai-ikviens-ir-svarigs\/","url_meta":{"origin":2,"position":4},"title":"DISKUSIJU CIKLS &#8220;DEMOKR\u0100TIJAI IKVIENS IR SVAR\u012aGS!&#8221;","author":"tesstemona","date":"25\/04\/2020","format":false,"excerpt":"Kult\u016bras biedr\u012bba \"Alternat\u012bv\u0101 Realit\u0101te\" \u012bsteno integr\u0101cijas projektu \"Diskusiju cikls \"Demokr\u0101tijai ikviens ir svar\u012bgs!\". \u0160obr\u012bd Latvij\u0101 ir iev\u0113rojami zems jaunatnes l\u012bdzdal\u012bbas l\u012bmenis sabiedr\u012bbas att\u012bst\u012bb\u0101 un l\u0113mumu pie\u0146em\u0161an\u0101, \u012bpa\u0161i starp jaunie\u0161iem NEET situ\u0101cij\u0101 un jaunie\u0161iem no soci\u0101l\u0101s atstumt\u012bbas riska grup\u0101m (b\u0113rnu nami, kr\u012bzes centri, maznodro\u0161in\u0101t\u0101s \u0123imenes, minorit\u0101\u0161u p\u0101rst\u0101vji). \u0160ie jaunie\u0161i bie\u017ei netic\u2026","rel":"","context":"Similar post","block_context":{"text":"Similar post","link":""},"img":{"alt_text":"","src":"https:\/\/i0.wp.com\/alternativa.lv\/wp-content\/uploads\/2020\/10\/DIS-obratnaja-storona-karti-curv-WEB-1.jpg?resize=350%2C200&ssl=1","width":350,"height":200,"srcset":"https:\/\/i0.wp.com\/alternativa.lv\/wp-content\/uploads\/2020\/10\/DIS-obratnaja-storona-karti-curv-WEB-1.jpg?resize=350%2C200&ssl=1 1x, https:\/\/i0.wp.com\/alternativa.lv\/wp-content\/uploads\/2020\/10\/DIS-obratnaja-storona-karti-curv-WEB-1.jpg?resize=525%2C300&ssl=1 1.5x, https:\/\/i0.wp.com\/alternativa.lv\/wp-content\/uploads\/2020\/10\/DIS-obratnaja-storona-karti-curv-WEB-1.jpg?resize=700%2C400&ssl=1 2x, https:\/\/i0.wp.com\/alternativa.lv\/wp-content\/uploads\/2020\/10\/DIS-obratnaja-storona-karti-curv-WEB-1.jpg?resize=1050%2C600&ssl=1 3x, https:\/\/i0.wp.com\/alternativa.lv\/wp-content\/uploads\/2020\/10\/DIS-obratnaja-storona-karti-curv-WEB-1.jpg?resize=1400%2C800&ssl=1 4x"},"classes":[]},{"id":4828,"url":"https:\/\/alternativa.lv\/en\/projekti\/erasmusplus-projekti\/","url_meta":{"origin":2,"position":5},"title":"ERASMUS+ PROJECTS","author":"tesstemona","date":"24\/04\/2021","format":false,"excerpt":"{:lv} ERASMUS+ projekti {:}{:en} ERASMUS+ PROJECTS {:}{:ru} \u041f\u0440\u043e\u0435\u043a\u0442\u044b ERASMUS+ {:}","rel":"","context":"Similar post","block_context":{"text":"Similar post","link":""},"img":{"alt_text":"","src":"https:\/\/i0.wp.com\/alternativa.lv\/wp-content\/uploads\/2023\/07\/social-inclusion.jpg?fit=850%2C540&ssl=1&resize=350%2C200","width":350,"height":200,"srcset":"https:\/\/i0.wp.com\/alternativa.lv\/wp-content\/uploads\/2023\/07\/social-inclusion.jpg?fit=850%2C540&ssl=1&resize=350%2C200 1x, https:\/\/i0.wp.com\/alternativa.lv\/wp-content\/uploads\/2023\/07\/social-inclusion.jpg?fit=850%2C540&ssl=1&resize=525%2C300 1.5x, https:\/\/i0.wp.com\/alternativa.lv\/wp-content\/uploads\/2023\/07\/social-inclusion.jpg?fit=850%2C540&ssl=1&resize=700%2C400 2x"},"classes":[]}],"amp_enabled":true,"_links":{"self":[{"href":"https:\/\/alternativa.lv\/en\/wp-json\/wp\/v2\/pages\/2","targetHints":{"allow":["GET"]}}],"collection":[{"href":"https:\/\/alternativa.lv\/en\/wp-json\/wp\/v2\/pages"}],"about":[{"href":"https:\/\/alternativa.lv\/en\/wp-json\/wp\/v2\/types\/page"}],"author":[{"embeddable":true,"href":"https:\/\/alternativa.lv\/en\/wp-json\/wp\/v2\/users\/133522584"}],"replies":[{"embeddable":true,"href":"https:\/\/alternativa.lv\/en\/wp-json\/wp\/v2\/comments?post=2"}],"version-history":[{"count":64,"href":"https:\/\/alternativa.lv\/en\/wp-json\/wp\/v2\/pages\/2\/revisions"}],"predecessor-version":[{"id":8464,"href":"https:\/\/alternativa.lv\/en\/wp-json\/wp\/v2\/pages\/2\/revisions\/8464"}],"wp:featuredmedia":[{"embeddable":true,"href":"https:\/\/alternativa.lv\/en\/wp-json\/wp\/v2\/media\/5892"}],"wp:attachment":[{"href":"https:\/\/alternativa.lv\/en\/wp-json\/wp\/v2\/media?parent=2"}],"wp:term":[{"taxonomy":"folder","embeddable":true,"href":"https:\/\/alternativa.lv\/en\/wp-json\/wp\/v2\/folder?post=2"}],"curies":[{"name":"wp","href":"https:\/\/api.w.org\/{rel}","templated":true}]}}