{"id":2470,"date":"2020-05-12T21:38:11","date_gmt":"2020-05-12T19:38:11","guid":{"rendered":"https:\/\/alternativa.lv\/?page_id=2470"},"modified":"2025-03-15T12:29:10","modified_gmt":"2025-03-15T10:29:10","slug":"projekti","status":"publish","type":"page","link":"https:\/\/alternativa.lv\/en\/projekti\/","title":{"rendered":"Our Projects \u2013 Inspiring, Developing, and Creating Change"},"content":{"rendered":"\n<p>The <strong>Cultural Society &#8220;Alternative Reality&#8221;<\/strong> is a platform that fosters creative initiatives, education, and international collaboration through the support of various funds and grants. Our projects focus on preserving cultural heritage, engaging youth, promoting non-formal education, and supporting social and environmental sustainability.<\/p>\n\n\n\n<p>We actively collaborate with <strong>Erasmus+<\/strong>, <strong>European Solidarity Corps<\/strong>, <strong>Nordplus<\/strong>, <strong>the State Culture Capital Foundation<\/strong>, <strong>private donors<\/strong>, and other funding programs to create opportunities for everyone who wants to develop their skills, broaden their horizons, and bring positive change to society.<\/p>\n\n\n\n<h2 class=\"wp-block-heading\"><strong>Our Areas of Activity:<\/strong><\/h2>\n\n\n\n<p>\ud83d\udd39 <strong>Cultural and Historical Projects<\/strong> \u2013 Preserving traditions while developing innovative formats, including festivals, historical reenactments, and artistic expressions.<\/p>\n\n\n\n<p>\ud83d\udd39 <strong>Non-Formal Education and Youth Work<\/strong> \u2013 Training sessions, creative workshops, and international exchange programs that equip young people with new knowledge and practical skills.<\/p>\n\n\n\n<p>\ud83d\udd39 <strong>Social and Charity Projects<\/strong> \u2013 Support for orphanages, youth from socially disadvantaged backgrounds, and various charitable initiatives.<\/p>\n\n\n\n<p>\ud83d\udd39 <strong>Environment and Sustainability<\/strong> \u2013 Promoting sustainable development, environmental protection activities, and raising ecological awareness in society.<\/p>\n\n\n\n<p>\ud83d\udd39 <strong>International Partnerships<\/strong> \u2013 Collaborative projects with organizations from different European countries to foster cultural and experiential exchange.<\/p>\n\n\n\n<p>Our projects are designed for <strong>people who want to create and experience<\/strong>, and we believe that everyone can be a driver of change in their community!<\/p>\n\n\n\n<p>\ud83d\udce2 <strong>Join Our Initiatives!<\/strong> If you have an idea you\u2019d like to bring to life with us or if you want to participate in one of our projects, get in touch: <a>Contact Us<\/a><\/p>\n\n\n\n<p><a href=\"https:\/\/alternativa.lv\/en\/erasmus-projects\/\"><strong>Erasmus + <\/strong><\/a><\/p>\n\n\n\n<ul class=\"wp-block-list\">\n<li>Youth Exchanges<\/li>\n\n\n\n<li>Youth Worker Professional Development activities<\/li>\n\n\n\n<li>Strategic partnerships<\/li>\n<\/ul>\n\n\n\n<p><a href=\"https:\/\/alternativa.lv\/en\/esc-projects\/\"><strong>European Solidarity Corps:<\/strong><\/a><\/p>\n\n\n\n<ul class=\"wp-block-list\">\n<li>Solidarity projects<\/li>\n\n\n\n<li>Volunteering projects<\/li>\n\n\n\n<li>Working projects<\/li>\n<\/ul>\n\n\n\n<p><strong>Society Integration Foundation<\/strong>  <\/p>\n\n\n\n<ul class=\"wp-block-list\">\n<li>NGO Fund 2020 Program<\/li>\n<\/ul>\n\n\n\n<p><strong>Our own social and cultural initiatives and long-term projects<\/strong> in the field of culture, inclusion and volunteering:<\/p>\n\n\n\n<ul class=\"wp-block-list\">\n<li>Development and Integration Project for children form disadvantaged social groups &#8220;<a href=\"https:\/\/alternativa.lv\/en\/our-social-projects\/mandarinia-social-charity-project-for-children\/\">Mandarine Land<\/a>&#8221; (2013 &#8211; \u2026)<\/li>\n\n\n\n<li>International Multicultural Festival &#8220;<a href=\"https:\/\/alternativa.lv\/en\/our-social-projects\/socials-multikulturu-festivals-maija-grafa-svetki-2012-2020\/\">Count of May<\/a>&#8221; (2012 &#8211; \u2026)<\/li>\n<\/ul>\n\n\n\n<p>Our partners in co-financing:<\/p>\n\n\n\n<div class=\"wp-block-group is-layout-flow wp-block-group-is-layout-flow\">\n<div class=\"wp-block-group is-layout-flow wp-block-group-is-layout-flow\">\n<div class=\"wp-block-group is-layout-flow wp-block-group-is-layout-flow\">\n<figure class=\"wp-block-image size-large\"><img data-recalc-dims=\"1\" loading=\"lazy\" decoding=\"async\" width=\"800\" height=\"281\" data-attachment-id=\"2539\" data-permalink=\"https:\/\/alternativa.lv\/en\/projekti\/logo-komplekts-eng\/\" data-orig-file=\"https:\/\/i0.wp.com\/alternativa.lv\/wp-content\/uploads\/2020\/05\/Logo-komplekts-ENG.jpg?fit=924%2C324&amp;ssl=1\" data-orig-size=\"924,324\" data-comments-opened=\"0\" data-image-meta=\"{&quot;aperture&quot;:&quot;0&quot;,&quot;credit&quot;:&quot;&quot;,&quot;camera&quot;:&quot;&quot;,&quot;caption&quot;:&quot;&quot;,&quot;created_timestamp&quot;:&quot;0&quot;,&quot;copyright&quot;:&quot;&quot;,&quot;focal_length&quot;:&quot;0&quot;,&quot;iso&quot;:&quot;0&quot;,&quot;shutter_speed&quot;:&quot;0&quot;,&quot;title&quot;:&quot;&quot;,&quot;orientation&quot;:&quot;1&quot;}\" data-image-title=\"Logo-komplekts-ENG\" data-image-description=\"\" data-image-caption=\"\" data-large-file=\"https:\/\/i0.wp.com\/alternativa.lv\/wp-content\/uploads\/2020\/05\/Logo-komplekts-ENG.jpg?fit=800%2C281&amp;ssl=1\" src=\"https:\/\/i0.wp.com\/alternativa.lv\/wp-content\/uploads\/2020\/05\/Logo-komplekts-ENG.jpg?resize=800%2C281&#038;ssl=1\" alt=\"\" class=\"wp-image-2539\" srcset=\"https:\/\/i0.wp.com\/alternativa.lv\/wp-content\/uploads\/2020\/05\/Logo-komplekts-ENG.jpg?w=924&amp;ssl=1 924w, https:\/\/i0.wp.com\/alternativa.lv\/wp-content\/uploads\/2020\/05\/Logo-komplekts-ENG.jpg?resize=300%2C105&amp;ssl=1 300w, https:\/\/i0.wp.com\/alternativa.lv\/wp-content\/uploads\/2020\/05\/Logo-komplekts-ENG.jpg?resize=768%2C269&amp;ssl=1 768w\" sizes=\"auto, (max-width: 800px) 100vw, 800px\" \/><\/figure>\n<\/div>\n<\/div>\n<\/div>\n\n\n\n<p><\/p>\n","protected":false},"excerpt":{"rendered":"<p>The Cultural Society &#8220;Alternative Reality&#8221; is a platform that fosters creative initiatives, education, and international collaboration through the support of various funds and grants. Our projects focus on preserving cultural heritage, engaging youth, promoting non-formal education, and supporting social and environmental sustainability. We actively collaborate with Erasmus+, European Solidarity Corps,&gt;&gt;&gt;<\/p>\n","protected":false},"author":133522584,"featured_media":12590,"parent":0,"menu_order":0,"comment_status":"closed","ping_status":"closed","template":"","meta":{"_eb_attr":"","footnotes":""},"folder":[635157419],"class_list":["post-2470","page","type-page","status-publish","has-post-thumbnail","hentry"],"translation":{"provider":"WPGlobus","version":"3.0.2","language":"en","enabled_languages":["lv","en","ru"],"languages":{"lv":{"title":true,"content":true,"excerpt":false},"en":{"title":true,"content":true,"excerpt":false},"ru":{"title":true,"content":true,"excerpt":false}}},"jetpack_sharing_enabled":true,"jetpack_shortlink":"https:\/\/wp.me\/P9yPz0-DQ","jetpack_likes_enabled":true,"jetpack-related-posts":[{"id":9082,"url":"https:\/\/alternativa.lv\/en\/projekti\/aif-step-to-the-future\/","url_meta":{"origin":2470,"position":0},"title":"CAPACITY PROJECT &#8220;A STEP TO THE FUTURE&#8221;","author":"tesstemona","date":"26\/02\/2023","format":false,"excerpt":"{:lv} Projekta numursAIF\/2022\/KAPAC2\/020Laika posms01.01.2023. - 30.04.2024.Re\u0123ionsLatvijaGranta summa19 975,67 EURProjektu finans\u0113Biedr\u012bba \u201cLatvijas Pilsonisk\u0101 alianse\u201d, kas p\u0101rst\u0101v Akt\u012bvo iedz\u012bvot\u0101ju fonduProjektu \u012bstenoKult\u016bras biedr\u012bba \"Alternat\u012bv\u0101 Realit\u0101te\"Sadarb\u012bbas partneri nodonorvalst\u012bmNorv\u0113\u0123ija - NVO \"Creatorium\"Projekta m\u0113r\u0137is veicin\u0101t Kult\u016bras biedr\u012bbas \"Alternat\u012bv\u0101 Realit\u0101te\" ilgtsp\u0113j\u012bbu un stiprin\u0101t kapacit\u0101ti, ieguldot cilv\u0113kresursuatt\u012bst\u012bb\u0101 un ievie\u0161ot jaunus vad\u012bbas metodes un r\u012bkus.Projekta ietvaros spersim lielu soli\u2026","rel":"","context":"Similar post","block_context":{"text":"Similar post","link":""},"img":{"alt_text":"","src":"https:\/\/i0.wp.com\/alternativa.lv\/wp-content\/uploads\/2023\/11\/Logo-aif-web-STF-smooth.png?fit=1200%2C675&ssl=1&resize=350%2C200","width":350,"height":200,"srcset":"https:\/\/i0.wp.com\/alternativa.lv\/wp-content\/uploads\/2023\/11\/Logo-aif-web-STF-smooth.png?fit=1200%2C675&ssl=1&resize=350%2C200 1x, https:\/\/i0.wp.com\/alternativa.lv\/wp-content\/uploads\/2023\/11\/Logo-aif-web-STF-smooth.png?fit=1200%2C675&ssl=1&resize=525%2C300 1.5x, https:\/\/i0.wp.com\/alternativa.lv\/wp-content\/uploads\/2023\/11\/Logo-aif-web-STF-smooth.png?fit=1200%2C675&ssl=1&resize=700%2C400 2x, https:\/\/i0.wp.com\/alternativa.lv\/wp-content\/uploads\/2023\/11\/Logo-aif-web-STF-smooth.png?fit=1200%2C675&ssl=1&resize=1050%2C600 3x"},"classes":[]},{"id":4342,"url":"https:\/\/alternativa.lv\/en\/home\/manifests-zalais-restarts\/","url_meta":{"origin":2470,"position":1},"title":"Manifesto &#8220;GREEN RESET&#8221;","author":"tesstemona","date":"20\/03\/2021","format":false,"excerpt":"{:lv} Projekts \"Za\u013cais restarts\" ir apvienojo\u0161\u0101 kust\u012bba.\u00a0 Projekts, kur\u0101 jebkura organiz\u0101cija vai persona var uz\u0146emties saist\u012bbas ekolo\u0123ijas un sabiedr\u012bbas priek\u0161\u0101 rad\u012bt dro\u0161\u0101ku un videi draudz\u012bgu n\u0101kotnes pasauli, pielikt p\u016bles, lai uzlabotu situ\u0101ciju ar ekolo\u0123iju pasaul\u0113 un veidot ilgtsp\u0113j\u012bgu vidi. Manifests \"Za\u013cais restarts\" M\u0113s dz\u012bvojam laik\u0101, kad vairs nepietiek dom\u0101t tikai\u2026","rel":"","context":"Similar post","block_context":{"text":"Similar post","link":""},"img":{"alt_text":"","src":"https:\/\/i0.wp.com\/alternativa.lv\/wp-content\/uploads\/2021\/01\/Green-tree-logo-curv-orange-LEAVES-2sm-300px.png?resize=350%2C200&ssl=1","width":350,"height":200},"classes":[]},{"id":1404,"url":"https:\/\/alternativa.lv\/en\/our-social-projects\/","url_meta":{"origin":2470,"position":2},"title":"CREATIVE CENTER","author":"tesstemona","date":"18\/09\/2019","format":false,"excerpt":"{:lv} Rado\u0161ais centrs \u201cAlternat\u012bv\u0101 realit\u0101te\u201d, kas tika dibin\u0101ts R\u012bg\u0101 2017. gad\u0101, ir k\u013cuvis par unik\u0101lu vietu jaunie\u0161u att\u012bst\u012bbai un pa\u0161izpausmei, \u012bpa\u0161i tiem, kuri saskaras ar gr\u016bt\u012bb\u0101m integr\u0113ties sabiedr\u012bb\u0101. Centra galven\u0101 misija ir iesaist\u012bt un atbalst\u012bt jaunie\u0161us, neatkar\u012bgi no vi\u0146u sp\u0113j\u0101m un iesp\u0113j\u0101m, \u012bpa\u0161u uzman\u012bbu v\u0113r\u0161ot jaunie\u0161iem ar ierobe\u017eot\u0101m iesp\u0113j\u0101m, k\u0101\u2026","rel":"","context":"Similar post","block_context":{"text":"Similar post","link":""},"img":{"alt_text":"","src":"https:\/\/i0.wp.com\/alternativa.lv\/wp-content\/uploads\/2024\/09\/7dd8c57a-bde9-4523-b0fe-cfc8ef7f7d4e.jpeg?resize=350%2C200&ssl=1","width":350,"height":200,"srcset":"https:\/\/i0.wp.com\/alternativa.lv\/wp-content\/uploads\/2024\/09\/7dd8c57a-bde9-4523-b0fe-cfc8ef7f7d4e.jpeg?resize=350%2C200&ssl=1 1x, https:\/\/i0.wp.com\/alternativa.lv\/wp-content\/uploads\/2024\/09\/7dd8c57a-bde9-4523-b0fe-cfc8ef7f7d4e.jpeg?resize=525%2C300&ssl=1 1.5x, https:\/\/i0.wp.com\/alternativa.lv\/wp-content\/uploads\/2024\/09\/7dd8c57a-bde9-4523-b0fe-cfc8ef7f7d4e.jpeg?resize=700%2C400&ssl=1 2x"},"classes":[]},{"id":4,"url":"https:\/\/alternativa.lv\/en\/home\/","url_meta":{"origin":2470,"position":3},"title":"About us","author":"tesstemona","date":"15\/01\/2018","format":false,"excerpt":"{:lv} M\u016bsu motto: \"Izzini pasauli - iepaz\u012bsti sevi\" M\u0113s ticam, ka vienm\u0113r ir j\u0101s\u0101k ar sevi.Tikai tad, kad cilv\u0113ks ir gar\u012bgi un daudzpus\u012bgi att\u012bst\u012bs, ir harmonij\u0101 ar sevi, izzina savas stipr\u0101s un vaj\u0101s puses, apzin\u0101s savu atbild\u012bbu par savu r\u012bc\u012bbu visas plan\u0113tas priek\u0161\u0101 - tad vi\u0146\u0161 sp\u0113j aptvert pasauli sev\u2026","rel":"","context":"Similar post","block_context":{"text":"Similar post","link":""},"img":{"alt_text":"","src":"https:\/\/i0.wp.com\/alternativa.lv\/wp-content\/uploads\/2019\/09\/69568198_2621290151224134_7472202166766141440_n.jpg?resize=350%2C200","width":350,"height":200,"srcset":"https:\/\/i0.wp.com\/alternativa.lv\/wp-content\/uploads\/2019\/09\/69568198_2621290151224134_7472202166766141440_n.jpg?resize=350%2C200 1x, https:\/\/i0.wp.com\/alternativa.lv\/wp-content\/uploads\/2019\/09\/69568198_2621290151224134_7472202166766141440_n.jpg?resize=525%2C300 1.5x, https:\/\/i0.wp.com\/alternativa.lv\/wp-content\/uploads\/2019\/09\/69568198_2621290151224134_7472202166766141440_n.jpg?resize=700%2C400 2x"},"classes":[]},{"id":696,"url":"https:\/\/alternativa.lv\/en\/erasmus-projects\/what-is-youth-exchange-and-erasmus-programme\/","url_meta":{"origin":2470,"position":4},"title":"Erasmus+ \u2013 A Life-Changing Opportunity!","author":"tesstemona","date":"25\/11\/2018","format":false,"excerpt":"{:lv} Vai v\u0113lies ce\u013cot, iepaz\u012bt jaunus draugus, att\u012bst\u012bt savas prasmes un ieg\u016bt neaizmirstamu pieredzi? Erasmus+ ir programma tie\u0161i Tev! \u2728 \ud83d\udd25 Kas ir Erasmus+ un ko tas pied\u0101v\u0101? Erasmus+ ir Eiropas Savien\u012bbas programma, kas atbalsta izgl\u012bt\u012bbu, apm\u0101c\u012bbas, jaunatni un sportu. T\u0101 past\u0101v jau 35 gadus un ir pal\u012bdz\u0113jusi vair\u0101k nek\u0101\u2026","rel":"","context":"Similar post","block_context":{"text":"Similar post","link":""},"img":{"alt_text":"","src":"https:\/\/i0.wp.com\/alternativa.lv\/wp-content\/uploads\/2025\/02\/1759726B-17D8-41D8-A074-4A9475915336.jpeg?fit=625%2C336&ssl=1&resize=350%2C200","width":350,"height":200,"srcset":"https:\/\/i0.wp.com\/alternativa.lv\/wp-content\/uploads\/2025\/02\/1759726B-17D8-41D8-A074-4A9475915336.jpeg?fit=625%2C336&ssl=1&resize=350%2C200 1x, https:\/\/i0.wp.com\/alternativa.lv\/wp-content\/uploads\/2025\/02\/1759726B-17D8-41D8-A074-4A9475915336.jpeg?fit=625%2C336&ssl=1&resize=525%2C300 1.5x"},"classes":[]},{"id":3195,"url":"https:\/\/alternativa.lv\/en\/our-social-projects\/diskusiju-cikls-demokratijai-ikviens-ir-svarigs\/","url_meta":{"origin":2470,"position":5},"title":"DISKUSIJU CIKLS &#8220;DEMOKR\u0100TIJAI IKVIENS IR SVAR\u012aGS!&#8221;","author":"tesstemona","date":"25\/04\/2020","format":false,"excerpt":"Kult\u016bras biedr\u012bba \"Alternat\u012bv\u0101 Realit\u0101te\" \u012bsteno integr\u0101cijas projektu \"Diskusiju cikls \"Demokr\u0101tijai ikviens ir svar\u012bgs!\". \u0160obr\u012bd Latvij\u0101 ir iev\u0113rojami zems jaunatnes l\u012bdzdal\u012bbas l\u012bmenis sabiedr\u012bbas att\u012bst\u012bb\u0101 un l\u0113mumu pie\u0146em\u0161an\u0101, \u012bpa\u0161i starp jaunie\u0161iem NEET situ\u0101cij\u0101 un jaunie\u0161iem no soci\u0101l\u0101s atstumt\u012bbas riska grup\u0101m (b\u0113rnu nami, kr\u012bzes centri, maznodro\u0161in\u0101t\u0101s \u0123imenes, minorit\u0101\u0161u p\u0101rst\u0101vji). \u0160ie jaunie\u0161i bie\u017ei netic\u2026","rel":"","context":"Similar post","block_context":{"text":"Similar post","link":""},"img":{"alt_text":"","src":"https:\/\/i0.wp.com\/alternativa.lv\/wp-content\/uploads\/2020\/10\/DIS-obratnaja-storona-karti-curv-WEB-1.jpg?resize=350%2C200&ssl=1","width":350,"height":200,"srcset":"https:\/\/i0.wp.com\/alternativa.lv\/wp-content\/uploads\/2020\/10\/DIS-obratnaja-storona-karti-curv-WEB-1.jpg?resize=350%2C200&ssl=1 1x, https:\/\/i0.wp.com\/alternativa.lv\/wp-content\/uploads\/2020\/10\/DIS-obratnaja-storona-karti-curv-WEB-1.jpg?resize=525%2C300&ssl=1 1.5x, https:\/\/i0.wp.com\/alternativa.lv\/wp-content\/uploads\/2020\/10\/DIS-obratnaja-storona-karti-curv-WEB-1.jpg?resize=700%2C400&ssl=1 2x, https:\/\/i0.wp.com\/alternativa.lv\/wp-content\/uploads\/2020\/10\/DIS-obratnaja-storona-karti-curv-WEB-1.jpg?resize=1050%2C600&ssl=1 3x, https:\/\/i0.wp.com\/alternativa.lv\/wp-content\/uploads\/2020\/10\/DIS-obratnaja-storona-karti-curv-WEB-1.jpg?resize=1400%2C800&ssl=1 4x"},"classes":[]}],"amp_enabled":true,"_links":{"self":[{"href":"https:\/\/alternativa.lv\/en\/wp-json\/wp\/v2\/pages\/2470","targetHints":{"allow":["GET"]}}],"collection":[{"href":"https:\/\/alternativa.lv\/en\/wp-json\/wp\/v2\/pages"}],"about":[{"href":"https:\/\/alternativa.lv\/en\/wp-json\/wp\/v2\/types\/page"}],"author":[{"embeddable":true,"href":"https:\/\/alternativa.lv\/en\/wp-json\/wp\/v2\/users\/133522584"}],"replies":[{"embeddable":true,"href":"https:\/\/alternativa.lv\/en\/wp-json\/wp\/v2\/comments?post=2470"}],"version-history":[{"count":34,"href":"https:\/\/alternativa.lv\/en\/wp-json\/wp\/v2\/pages\/2470\/revisions"}],"predecessor-version":[{"id":12936,"href":"https:\/\/alternativa.lv\/en\/wp-json\/wp\/v2\/pages\/2470\/revisions\/12936"}],"wp:featuredmedia":[{"embeddable":true,"href":"https:\/\/alternativa.lv\/en\/wp-json\/wp\/v2\/media\/12590"}],"wp:attachment":[{"href":"https:\/\/alternativa.lv\/en\/wp-json\/wp\/v2\/media?parent=2470"}],"wp:term":[{"taxonomy":"folder","embeddable":true,"href":"https:\/\/alternativa.lv\/en\/wp-json\/wp\/v2\/folder?post=2470"}],"curies":[{"name":"wp","href":"https:\/\/api.w.org\/{rel}","templated":true}]}}