{"id":3195,"date":"2020-04-25T11:37:52","date_gmt":"2020-04-25T09:37:52","guid":{"rendered":"https:\/\/alternativa.lv\/?page_id=3195"},"modified":"2020-10-08T11:58:11","modified_gmt":"2020-10-08T09:58:11","slug":"diskusiju-cikls-demokratijai-ikviens-ir-svarigs","status":"publish","type":"page","link":"https:\/\/alternativa.lv\/en\/our-social-projects\/diskusiju-cikls-demokratijai-ikviens-ir-svarigs\/","title":{"rendered":"DISKUSIJU CIKLS &#8220;DEMOKR\u0100TIJAI IKVIENS IR SVAR\u012aGS!&#8221;"},"content":{"rendered":"\n<figure class=\"wp-block-image size-large\"><img data-recalc-dims=\"1\" loading=\"lazy\" decoding=\"async\" width=\"800\" height=\"267\" data-attachment-id=\"3196\" data-permalink=\"https:\/\/alternativa.lv\/en\/our-social-projects\/diskusiju-cikls-demokratijai-ikviens-ir-svarigs\/dis-obratnaja-storona-karti-curv-web-1\/\" data-orig-file=\"https:\/\/i0.wp.com\/alternativa.lv\/wp-content\/uploads\/2020\/10\/DIS-obratnaja-storona-karti-curv-WEB-1.jpg?fit=1773%2C592&amp;ssl=1\" data-orig-size=\"1773,592\" data-comments-opened=\"0\" data-image-meta=\"{&quot;aperture&quot;:&quot;0&quot;,&quot;credit&quot;:&quot;User&quot;,&quot;camera&quot;:&quot;&quot;,&quot;caption&quot;:&quot;&quot;,&quot;created_timestamp&quot;:&quot;1590452978&quot;,&quot;copyright&quot;:&quot;&quot;,&quot;focal_length&quot;:&quot;0&quot;,&quot;iso&quot;:&quot;0&quot;,&quot;shutter_speed&quot;:&quot;0&quot;,&quot;title&quot;:&quot;&quot;,&quot;orientation&quot;:&quot;0&quot;}\" data-image-title=\"DIS-obratnaja-storona-karti-curv-WEB-1\" data-image-description=\"\" data-image-caption=\"\" data-large-file=\"https:\/\/i0.wp.com\/alternativa.lv\/wp-content\/uploads\/2020\/10\/DIS-obratnaja-storona-karti-curv-WEB-1.jpg?fit=800%2C267&amp;ssl=1\" src=\"https:\/\/i0.wp.com\/alternativa.lv\/wp-content\/uploads\/2020\/10\/DIS-obratnaja-storona-karti-curv-WEB-1.jpg?resize=800%2C267&#038;ssl=1\" alt=\"\" class=\"wp-image-3196\" srcset=\"https:\/\/i0.wp.com\/alternativa.lv\/wp-content\/uploads\/2020\/10\/DIS-obratnaja-storona-karti-curv-WEB-1.jpg?resize=1024%2C342&amp;ssl=1 1024w, https:\/\/i0.wp.com\/alternativa.lv\/wp-content\/uploads\/2020\/10\/DIS-obratnaja-storona-karti-curv-WEB-1.jpg?resize=300%2C100&amp;ssl=1 300w, https:\/\/i0.wp.com\/alternativa.lv\/wp-content\/uploads\/2020\/10\/DIS-obratnaja-storona-karti-curv-WEB-1.jpg?resize=768%2C256&amp;ssl=1 768w, https:\/\/i0.wp.com\/alternativa.lv\/wp-content\/uploads\/2020\/10\/DIS-obratnaja-storona-karti-curv-WEB-1.jpg?resize=1536%2C513&amp;ssl=1 1536w, https:\/\/i0.wp.com\/alternativa.lv\/wp-content\/uploads\/2020\/10\/DIS-obratnaja-storona-karti-curv-WEB-1.jpg?resize=1200%2C401&amp;ssl=1 1200w, https:\/\/i0.wp.com\/alternativa.lv\/wp-content\/uploads\/2020\/10\/DIS-obratnaja-storona-karti-curv-WEB-1.jpg?resize=420%2C140&amp;ssl=1 420w, https:\/\/i0.wp.com\/alternativa.lv\/wp-content\/uploads\/2020\/10\/DIS-obratnaja-storona-karti-curv-WEB-1.jpg?w=1773&amp;ssl=1 1773w, https:\/\/i0.wp.com\/alternativa.lv\/wp-content\/uploads\/2020\/10\/DIS-obratnaja-storona-karti-curv-WEB-1.jpg?w=1600&amp;ssl=1 1600w\" sizes=\"auto, (max-width: 800px) 100vw, 800px\" \/><\/figure>\n\n\n\n<p>Kult\u016bras biedr\u012bba &#8220;Alternat\u012bv\u0101 Realit\u0101te&#8221; \u012bsteno integr\u0101cijas projektu &#8220;Diskusiju cikls &#8220;Demokr\u0101tijai ikviens ir svar\u012bgs!&#8221;. <\/p>\n\n\n\n<figure class=\"wp-block-table\"><table><tbody><tr><td>\u0160obr\u012bd Latvij\u0101 ir iev\u0113rojami zems jaunatnes l\u012bdzdal\u012bbas l\u012bmenis sabiedr\u012bbas att\u012bst\u012bb\u0101 un l\u0113mumu pie\u0146em\u0161an\u0101, \u012bpa\u0161i starp jaunie\u0161iem NEET situ\u0101cij\u0101 un jaunie\u0161iem no soci\u0101l\u0101s atstumt\u012bbas riska grup\u0101m (b\u0113rnu nami, kr\u012bzes centri, maznodro\u0161in\u0101t\u0101s \u0123imenes, minorit\u0101\u0161u p\u0101rst\u0101vji). \u0160ie jaunie\u0161i bie\u017ei netic saviem sp\u0113kiem, netic iesp\u0113jai main\u012bt sabiedr\u012bbu uz lab\u0101ku pusi. Zems soci\u0101l\u0101s aktivit\u0101tes l\u012bmenis jaunie\u0161u vid\u016b agr\u016btina ar\u012b\u0161o jaunie\u0161u iesaisti brivpr\u0101t\u012bg\u0101 darb\u0101 sabiedr\u012bbai svar\u012bgu jaut\u0101jumu un probl\u0113mu risin\u0101\u0161anas lab\u0101. <br><br>M\u016bsu projekt\u0101 irietv\u0113rtas neform\u0101l\u0101s izgl\u012btojo\u0161as un informat\u012bv\u0101s aktivit\u0101t\u0113s:lekcijas un diskusijas ar R\u012bgas 9.-12.kla\u0161u skolniekiem un R\u012bgas b\u0113rnu namu audz\u0113k\u0146iem, kuras ir v\u0113rstas uz jaunie\u0161u soci\u0101l\u0101s atbild\u012bbas veicin\u0101\u0161anu jaunie\u0161u iesaisti demokr\u0101tisk\u0101s sabied\u012bbas att\u012bst\u012bbas procesosjaunie\u0161u iepaz\u012bstin\u0101\u0161anu ar demokr\u0101tisk\u0101s sabiedr\u012bbas principiem, ar kuru pal\u012bdz\u012bbu katrs sabiedr\u012bbas dal\u012bbniekssp\u0113j izteikt savas idejas, atrast domubiedrus un s\u0101kt main\u012bt pasauli uz labo pusi. <br><br>Neform\u0101lo diskusiju gait\u0101 jaunie\u0161i sp\u0113les form\u0101 iem\u0101c\u012bsies saprast un pielietot pamata meh\u0101nismus, kas pal\u012bdz\u0113s vi\u0146iem iesaist\u012bties sabiedr\u012bbas soci\u0101laj\u0101 dz\u012bv\u0113, t\u0101dus k\u0101: <br>soci\u0101l\u0101 aktivit\u0101te <br>br\u012bvpr\u0101t\u012bgs darbs <br>v\u0113l\u0113\u0161anu ties\u012bbas <br>v\u0101rda br\u012bv\u012bba<br>pilsoniska atbild\u012bba <br>\u0145emot v\u0113r\u0101, ka projekta aktivit\u0101tes tiks organiz\u0113tas kop\u0101 ar m\u016bsu biedr\u012bbas biedriem un br\u012bvpr\u0101t\u012bgajiem, gan \u0161\u012bm m\u0113r\u0137a grup\u0101m, gan jaunie\u0161iem no soci\u0101l\u0101s atstumt\u012bbas riska grup\u0101m g\u016bt\u0101s zin\u0101\u0161anas pal\u012bdz\u0113s dzi\u013c\u0101k izprast sabiedribas l\u012bdzdal\u012bbas svar\u012bgumu l\u0113mumu pie\u0146em\u0161an\u0101 demokr\u0101tiskaj\u0101 sabiedr\u012bb\u0101.<\/td><\/tr><\/tbody><\/table><\/figure>\n\n\n\n<p>Projekta datumi: 01.02.2020 &#8211; 30.09.2020.<\/p>\n\n\n\n<p>Projekta Nr. <strong>2020.LV\/NVOF\/MIC\/042\/29<\/strong><\/p>\n\n\n\n<p>Projekts ietver sev\u012b 7 neform\u0101l\u0101s informat\u012bv\u0101s aktivit\u0101tes un soci\u0101lo akciju-performanci: lekcijas un diskusijas, diskusijas-sp\u0113les ar R\u012bgas skolu 9.-12.kla\u0161u skolniekiem, un R\u012bgas b\u0113rnu namu audz\u0113k\u0146iem., \u012bpa\u0161i jaunie\u0161iem NEET situ\u0101cij\u0101 un jaunie\u0161iem no soci\u0101l\u0101s atstumt\u012bbas riska grup\u0101m (b\u0113rnu nami, kr\u012bzes centri, maznodro\u0161in\u0101t\u0101s \u0123imenes, minorit\u0101\u0161u p\u0101rst\u0101vji).<\/p>\n\n\n\n<p>Aktivit\u0101\u0161u ietvaros jaunie\u0161i ieg\u016bs padzi\u013cin\u0101tas zin\u0101\u0161anas par<\/p>\n\n\n\n<ul class=\"wp-block-list\"><li>demokr\u0101tisk\u0101s sabiedr\u012bbas principiem, ar kuru pal\u012bdz\u012bbu katrs sabiedr\u012bbas dal\u012bbniekssp\u0113j izteikt savas idejas, atrast domubiedrus un s\u0101kt main\u012bt pasauli uz labo pusi<\/li><li>br\u012bvpr\u0101t\u012bgo darbu<\/li><li>pilsonisku atbild\u012bbu<\/li><li>br\u012bvpr\u0101t\u012bgo darbu meh\u0101nismiem, ar kuru pal\u012bdz\u012bbu \u201emazs cilv\u0113ks\u201d sp\u0113j aizst\u0101v\u0113t savas intereses un s\u0101kt main\u012bt pasauli uz lab\u0101ko pusi<\/li><\/ul>\n\n\n\n<p>Aktivit\u0101tes tiks organiz\u0113tas da\u017e\u0101d\u0101s R\u012bgas skol\u0101s, R\u012bgas b\u0113rnu namos, k\u0101 ar\u012b b\u0113rnu vasaras nometn\u0113s sadarb\u012bb\u0101 ar b\u0113rnu nometn\u0113m \u201eAkt\u012bvists\u201d un \u201eAlbatross\u201d un sabiedrisko organiz\u0101ciju \u201eBio\u0113tika\u201d. <\/p>\n\n\n\n<p>Aktivit\u0101\u0161u rezult\u0101t\u0101 visakt\u012bv\u0101kie jaunie\u0161i ieg\u016bs iesp\u0113ju pielietot ieg\u016bt\u0101s teor\u0113tisk\u0101s zin\u0101\u0161anas praks\u0113, kop\u0101 ar biedr\u012bbas biedriem un br\u012bvpr\u0101t\u012bgiem sar\u012bkojot soci\u0101lo akciju \u2013 performanci \u201eMaini pasauli \u2013 dom\u0101 pla\u0161\u0101k\u201d. <\/p>\n\n\n\n<p>Akcija tiks \u012bstenota R\u012bg\u0101, 2020.august\u0101 publisk\u0101 pas\u0101kuma \u201eMaija gr\u0101fa sv\u0113tki\u201d ietvaros, kas \u013caus piesaist\u012bt pla\u0161u apmekl\u0113tajuauditoriju un piev\u0113rst uzman\u012bbu projekta m\u0113r\u0137iem.<\/p>\n\n\n\n<p><\/p>\n\n\n\n<p>Pas\u0101kumu finansi\u0101li atbalsta Sabiedr\u012bbas integr\u0101cijas fonds no Kult\u016bras ministrijas pie\u0161\u0137irtajiem Latvijas valsts bud\u017eeta l\u012bdzek\u013ciem. <\/p>\n\n\n\n<p>Projekts &#8220;Diskusiju cikls &#8220;Demokr\u0101tijai ikviens ir svar\u012bgs!&#8221; ir sagatavots ar Sabiedr\u012bbas integr\u0101cijas fonda finansi\u0101lu atbalstu no Latvijas valsts bud\u017eeta l\u012bdzek\u013ciem. Par &#8220;Diskusiju cikla &#8220;Demokr\u0101tijai ikviens ir svar\u012bgs!&#8221; saturu atbild Kult\u016bras biedr\u012bba &#8220;Alternat\u012bv\u0101 Realit\u0101te&#8221;.<\/p>\n\n\n\n<p>#NVOfonds2020<\/p>\n\n\n\n<figure class=\"wp-block-image size-large\"><img data-recalc-dims=\"1\" loading=\"lazy\" decoding=\"async\" width=\"800\" height=\"451\" data-attachment-id=\"3127\" data-permalink=\"https:\/\/alternativa.lv\/en\/laikmetigie-bruninieki-sociala-akcija-performance-maini-pasauli-doma-plasak\/screenshot-2020-09-29-at-13-56-23-2\/\" data-orig-file=\"https:\/\/i0.wp.com\/alternativa.lv\/wp-content\/uploads\/2020\/09\/Screenshot-2020-09-29-at-13.56.23-2.png?fit=1778%2C1002&amp;ssl=1\" data-orig-size=\"1778,1002\" data-comments-opened=\"0\" data-image-meta=\"{&quot;aperture&quot;:&quot;0&quot;,&quot;credit&quot;:&quot;&quot;,&quot;camera&quot;:&quot;&quot;,&quot;caption&quot;:&quot;&quot;,&quot;created_timestamp&quot;:&quot;0&quot;,&quot;copyright&quot;:&quot;&quot;,&quot;focal_length&quot;:&quot;0&quot;,&quot;iso&quot;:&quot;0&quot;,&quot;shutter_speed&quot;:&quot;0&quot;,&quot;title&quot;:&quot;&quot;,&quot;orientation&quot;:&quot;0&quot;}\" data-image-title=\"Screenshot-2020-09-29-at-13.56.23-2\" data-image-description=\"\" data-image-caption=\"\" data-large-file=\"https:\/\/i0.wp.com\/alternativa.lv\/wp-content\/uploads\/2020\/09\/Screenshot-2020-09-29-at-13.56.23-2.png?fit=800%2C451&amp;ssl=1\" src=\"https:\/\/i0.wp.com\/alternativa.lv\/wp-content\/uploads\/2020\/09\/Screenshot-2020-09-29-at-13.56.23-2.png?resize=800%2C451&#038;ssl=1\" alt=\"\" class=\"wp-image-3127\" srcset=\"https:\/\/i0.wp.com\/alternativa.lv\/wp-content\/uploads\/2020\/09\/Screenshot-2020-09-29-at-13.56.23-2.png?resize=1024%2C577&amp;ssl=1 1024w, https:\/\/i0.wp.com\/alternativa.lv\/wp-content\/uploads\/2020\/09\/Screenshot-2020-09-29-at-13.56.23-2.png?resize=300%2C169&amp;ssl=1 300w, https:\/\/i0.wp.com\/alternativa.lv\/wp-content\/uploads\/2020\/09\/Screenshot-2020-09-29-at-13.56.23-2.png?resize=768%2C433&amp;ssl=1 768w, https:\/\/i0.wp.com\/alternativa.lv\/wp-content\/uploads\/2020\/09\/Screenshot-2020-09-29-at-13.56.23-2.png?resize=1536%2C866&amp;ssl=1 1536w, https:\/\/i0.wp.com\/alternativa.lv\/wp-content\/uploads\/2020\/09\/Screenshot-2020-09-29-at-13.56.23-2.png?resize=1200%2C676&amp;ssl=1 1200w, https:\/\/i0.wp.com\/alternativa.lv\/wp-content\/uploads\/2020\/09\/Screenshot-2020-09-29-at-13.56.23-2.png?w=1778&amp;ssl=1 1778w, https:\/\/i0.wp.com\/alternativa.lv\/wp-content\/uploads\/2020\/09\/Screenshot-2020-09-29-at-13.56.23-2.png?w=1600&amp;ssl=1 1600w\" sizes=\"auto, (max-width: 800px) 100vw, 800px\" \/><\/figure>\n","protected":false},"excerpt":{"rendered":"<p>Kult\u016bras biedr\u012bba &#8220;Alternat\u012bv\u0101 Realit\u0101te&#8221; \u012bsteno integr\u0101cijas projektu &#8220;Diskusiju cikls &#8220;Demokr\u0101tijai ikviens ir svar\u012bgs!&#8221;. \u0160obr\u012bd Latvij\u0101 ir iev\u0113rojami zems jaunatnes l\u012bdzdal\u012bbas l\u012bmenis sabiedr\u012bbas att\u012bst\u012bb\u0101 un l\u0113mumu pie\u0146em\u0161an\u0101, \u012bpa\u0161i starp jaunie\u0161iem NEET situ\u0101cij\u0101 un jaunie\u0161iem no soci\u0101l\u0101s atstumt\u012bbas riska grup\u0101m (b\u0113rnu nami, kr\u012bzes centri, maznodro\u0161in\u0101t\u0101s \u0123imenes, minorit\u0101\u0161u p\u0101rst\u0101vji). \u0160ie jaunie\u0161i bie\u017ei netic&gt;&gt;&gt;<\/p>\n","protected":false},"author":133522584,"featured_media":0,"parent":1404,"menu_order":0,"comment_status":"closed","ping_status":"closed","template":"","meta":{"_eb_attr":"","footnotes":""},"folder":[635157418],"class_list":["post-3195","page","type-page","status-publish","hentry"],"translation":{"provider":"WPGlobus","version":"3.0.2","language":"en","enabled_languages":["lv","en","ru"],"languages":{"lv":{"title":true,"content":true,"excerpt":false},"en":{"title":false,"content":false,"excerpt":false},"ru":{"title":false,"content":false,"excerpt":false}}},"jetpack_sharing_enabled":true,"jetpack_shortlink":"https:\/\/wp.me\/P9yPz0-Px","jetpack_likes_enabled":true,"jetpack-related-posts":[{"id":4,"url":"https:\/\/alternativa.lv\/en\/home\/","url_meta":{"origin":3195,"position":0},"title":"About us","author":"tesstemona","date":"15\/01\/2018","format":false,"excerpt":"{:lv} M\u016bsu motto: \"Izzini pasauli - iepaz\u012bsti sevi\" M\u0113s ticam, ka vienm\u0113r ir j\u0101s\u0101k ar sevi.Tikai tad, kad cilv\u0113ks ir gar\u012bgi un daudzpus\u012bgi att\u012bst\u012bs, ir harmonij\u0101 ar sevi, izzina savas stipr\u0101s un vaj\u0101s puses, apzin\u0101s savu atbild\u012bbu par savu r\u012bc\u012bbu visas plan\u0113tas priek\u0161\u0101 - tad vi\u0146\u0161 sp\u0113j aptvert pasauli sev\u2026","rel":"","context":"Similar post","block_context":{"text":"Similar post","link":""},"img":{"alt_text":"","src":"https:\/\/i0.wp.com\/alternativa.lv\/wp-content\/uploads\/2019\/09\/69568198_2621290151224134_7472202166766141440_n.jpg?resize=350%2C200","width":350,"height":200,"srcset":"https:\/\/i0.wp.com\/alternativa.lv\/wp-content\/uploads\/2019\/09\/69568198_2621290151224134_7472202166766141440_n.jpg?resize=350%2C200 1x, https:\/\/i0.wp.com\/alternativa.lv\/wp-content\/uploads\/2019\/09\/69568198_2621290151224134_7472202166766141440_n.jpg?resize=525%2C300 1.5x, https:\/\/i0.wp.com\/alternativa.lv\/wp-content\/uploads\/2019\/09\/69568198_2621290151224134_7472202166766141440_n.jpg?resize=700%2C400 2x"},"classes":[]},{"id":1404,"url":"https:\/\/alternativa.lv\/en\/our-social-projects\/","url_meta":{"origin":3195,"position":1},"title":"CREATIVE CENTER","author":"tesstemona","date":"18\/09\/2019","format":false,"excerpt":"{:lv} Rado\u0161ais centrs \u201cAlternat\u012bv\u0101 realit\u0101te\u201d, kas tika dibin\u0101ts R\u012bg\u0101 2017. gad\u0101, ir k\u013cuvis par unik\u0101lu vietu jaunie\u0161u att\u012bst\u012bbai un pa\u0161izpausmei, \u012bpa\u0161i tiem, kuri saskaras ar gr\u016bt\u012bb\u0101m integr\u0113ties sabiedr\u012bb\u0101. Centra galven\u0101 misija ir iesaist\u012bt un atbalst\u012bt jaunie\u0161us, neatkar\u012bgi no vi\u0146u sp\u0113j\u0101m un iesp\u0113j\u0101m, \u012bpa\u0161u uzman\u012bbu v\u0113r\u0161ot jaunie\u0161iem ar ierobe\u017eot\u0101m iesp\u0113j\u0101m, k\u0101\u2026","rel":"","context":"Similar post","block_context":{"text":"Similar post","link":""},"img":{"alt_text":"","src":"https:\/\/i0.wp.com\/alternativa.lv\/wp-content\/uploads\/2024\/09\/7dd8c57a-bde9-4523-b0fe-cfc8ef7f7d4e.jpeg?resize=350%2C200&ssl=1","width":350,"height":200,"srcset":"https:\/\/i0.wp.com\/alternativa.lv\/wp-content\/uploads\/2024\/09\/7dd8c57a-bde9-4523-b0fe-cfc8ef7f7d4e.jpeg?resize=350%2C200&ssl=1 1x, https:\/\/i0.wp.com\/alternativa.lv\/wp-content\/uploads\/2024\/09\/7dd8c57a-bde9-4523-b0fe-cfc8ef7f7d4e.jpeg?resize=525%2C300&ssl=1 1.5x, https:\/\/i0.wp.com\/alternativa.lv\/wp-content\/uploads\/2024\/09\/7dd8c57a-bde9-4523-b0fe-cfc8ef7f7d4e.jpeg?resize=700%2C400&ssl=1 2x"},"classes":[]},{"id":9009,"url":"https:\/\/alternativa.lv\/en\/dzive-bez-vardarbibas-diskusiju-klubs\/","url_meta":{"origin":3195,"position":2},"title":"&#8220;Dz\u012bve bez vardarb\u012bbas&#8221; Diskusiju klubs","author":"tesstemona","date":"20\/01\/2022","format":false,"excerpt":"{:lv} 2022.gada garum\u0101 m\u0113s pl\u0101nojam piev\u0113rsties vardarb\u012bbas t\u0113mai, un jo \u012bpa\u0161i vardarb\u012bbai gimen\u0113. C\u0113loni, sekas, sabiedr\u012bbas attieksme, iesp\u0113jas mazin\u0101t \u0161o posto\u0161o par\u0101d\u012bbu. Cik aktu\u0101la ir \u0161\u012b t\u0113ma, ko sabiedr\u012bba zina par to, cik posto\u0161as var b\u016bt vardarb\u012bbas sekas - fiziskas, psiholo\u0123iskas, soci\u0101las, emocion\u0101las. Ko m\u0113s pa\u0161i varam dar\u012bt, lai izprastu\u2026","rel":"","context":"Similar post","block_context":{"text":"Similar post","link":""},"img":{"alt_text":"","src":"https:\/\/i0.wp.com\/alternativa.lv\/wp-content\/uploads\/2023\/03\/makets11.png?fit=960%2C541&ssl=1&resize=350%2C200","width":350,"height":200,"srcset":"https:\/\/i0.wp.com\/alternativa.lv\/wp-content\/uploads\/2023\/03\/makets11.png?fit=960%2C541&ssl=1&resize=350%2C200 1x, https:\/\/i0.wp.com\/alternativa.lv\/wp-content\/uploads\/2023\/03\/makets11.png?fit=960%2C541&ssl=1&resize=525%2C300 1.5x, https:\/\/i0.wp.com\/alternativa.lv\/wp-content\/uploads\/2023\/03\/makets11.png?fit=960%2C541&ssl=1&resize=700%2C400 2x"},"classes":[]},{"id":5262,"url":"https:\/\/alternativa.lv\/en\/our-social-projects\/integrejosa-spele-jauniesiem-izzini-pasauli-iepazisti-sevi\/","url_meta":{"origin":3195,"position":3},"title":"Integr\u0113jo\u0161\u0101 sp\u0113le jaunie\u0161iem &#8220;izzini pasauli &#8211; iepaz\u012bsti sevi&#8221;","author":"tesstemona","date":"01\/07\/2021","format":false,"excerpt":"Pateicoties jaunai Valsts jaunatnes programmai esam uzs\u0101ku\u0161i jaunu projektu, kura m\u0113r\u0137is ir pal\u012bdz\u0113t jaunie\u0161iem p\u0101rvar\u0113t Covid-19 pand\u0113mijas rad\u012bt\u0101s sekas. \u201cCovid-19 pand\u0113mija ir b\u016btiski ietekm\u0113jusi visas jaunie\u0161u dz\u012bves jomas \u2013 izgl\u012bt\u012bbu, nodarbin\u0101t\u012bbu un br\u012bv\u0101 laika pavad\u012b\u0161anu, k\u0101 ar\u012b iespaidojusi vi\u0146u ment\u0101lo labsaj\u016btu. Vecumposm\u0101, kad veiksm\u012bgai p\u0101rejai uz pilnv\u0113rt\u012bgu pieaugu\u0161\u0101 dz\u012bvi b\u016btiska\u2026","rel":"","context":"Similar post","block_context":{"text":"Similar post","link":""},"img":{"alt_text":"","src":"https:\/\/i0.wp.com\/alternativa.lv\/wp-content\/uploads\/2021\/08\/226379436_4162411713835390_4312893978696383908_n.jpg?fit=1200%2C795&ssl=1&resize=350%2C200","width":350,"height":200,"srcset":"https:\/\/i0.wp.com\/alternativa.lv\/wp-content\/uploads\/2021\/08\/226379436_4162411713835390_4312893978696383908_n.jpg?fit=1200%2C795&ssl=1&resize=350%2C200 1x, https:\/\/i0.wp.com\/alternativa.lv\/wp-content\/uploads\/2021\/08\/226379436_4162411713835390_4312893978696383908_n.jpg?fit=1200%2C795&ssl=1&resize=525%2C300 1.5x, https:\/\/i0.wp.com\/alternativa.lv\/wp-content\/uploads\/2021\/08\/226379436_4162411713835390_4312893978696383908_n.jpg?fit=1200%2C795&ssl=1&resize=700%2C400 2x, https:\/\/i0.wp.com\/alternativa.lv\/wp-content\/uploads\/2021\/08\/226379436_4162411713835390_4312893978696383908_n.jpg?fit=1200%2C795&ssl=1&resize=1050%2C600 3x"},"classes":[]},{"id":1079,"url":"https:\/\/alternativa.lv\/en\/esc-projects\/","url_meta":{"origin":3195,"position":4},"title":"European Solidarity Corpse projects","author":"tesstemona","date":"22\/05\/2019","format":false,"excerpt":"{:lv} Eiropas Solidarit\u0101tes korpuss ir Eiropas Komisijas prezidenta \u017dana Kloda Junkera 2016. gada 14. septembr\u012b\u00a0izsludin\u0101t\u0101 iniciat\u012bva, kas dod iesp\u0113ju 18 gadus l\u012bdz 30 gadus veciem jaunie\u0161iem piedal\u012bties da\u017e\u0101d\u0101s aktivit\u0101t\u0113s un izr\u0101d\u012bt savu solidarit\u0101ti.\u00a0 Eiropas Solidarit\u0101tes korpusa misija: Eiropas Solidarit\u0101tes korpusa misija ir dot jaunie\u0161iem iesp\u0113ju veidot iek\u013caujo\u0161\u0101ku sabiedr\u012bbu, sniedzot pal\u012bdz\u012bbu\u2026","rel":"","context":"Similar post","block_context":{"text":"Similar post","link":""},"img":{"alt_text":"","src":"https:\/\/i0.wp.com\/alternativa.lv\/wp-content\/uploads\/2020\/05\/p-033124-54h_1.jpg?fit=1200%2C364&ssl=1&resize=350%2C200","width":350,"height":200,"srcset":"https:\/\/i0.wp.com\/alternativa.lv\/wp-content\/uploads\/2020\/05\/p-033124-54h_1.jpg?fit=1200%2C364&ssl=1&resize=350%2C200 1x, https:\/\/i0.wp.com\/alternativa.lv\/wp-content\/uploads\/2020\/05\/p-033124-54h_1.jpg?fit=1200%2C364&ssl=1&resize=525%2C300 1.5x, https:\/\/i0.wp.com\/alternativa.lv\/wp-content\/uploads\/2020\/05\/p-033124-54h_1.jpg?fit=1200%2C364&ssl=1&resize=700%2C400 2x, https:\/\/i0.wp.com\/alternativa.lv\/wp-content\/uploads\/2020\/05\/p-033124-54h_1.jpg?fit=1200%2C364&ssl=1&resize=1050%2C600 3x"},"classes":[]},{"id":7932,"url":"https:\/\/alternativa.lv\/en\/occaterra-land-of-opportunities\/","url_meta":{"origin":3195,"position":5},"title":"Youth exchange &#8220;OCCATERRA: LAND OF OPPORTUNITIES&#8221;","author":"tesstemona","date":"28\/05\/2022","format":false,"excerpt":"{:lv} Jaunie\u0161u apmai\u0146a Izveido savu pasauli ar saviem likumiem! Erasmus+ jaunie\u0161u apmai\u0146a 13-17 g. July 18-27, 2022Koknese LATVIA AICIN\u0100M TEVI UZ OKKATERRAS PASAULI: fant\u0101zijas zem\u0113, kur vienkopus past\u0101v elfi, cilv\u0113ki, orki, punduri un citplan\u0113tie\u0161i. K\u0101 nodro\u0161in\u0101t, lai tik da\u017e\u0101das rases var\u0113tu dz\u012bvot un att\u012bst\u012bties kop\u0101? K\u0101 k\u013c\u016bt par salas valdnieku\u2026","rel":"","context":"Similar post","block_context":{"text":"Similar post","link":""},"img":{"alt_text":"","src":"https:\/\/i0.wp.com\/alternativa.lv\/wp-content\/uploads\/2022\/05\/OCCATERRA-2021-INFO-PACK-1447958875-1666534912751.png?fit=1200%2C675&ssl=1&resize=350%2C200","width":350,"height":200,"srcset":"https:\/\/i0.wp.com\/alternativa.lv\/wp-content\/uploads\/2022\/05\/OCCATERRA-2021-INFO-PACK-1447958875-1666534912751.png?fit=1200%2C675&ssl=1&resize=350%2C200 1x, https:\/\/i0.wp.com\/alternativa.lv\/wp-content\/uploads\/2022\/05\/OCCATERRA-2021-INFO-PACK-1447958875-1666534912751.png?fit=1200%2C675&ssl=1&resize=525%2C300 1.5x, https:\/\/i0.wp.com\/alternativa.lv\/wp-content\/uploads\/2022\/05\/OCCATERRA-2021-INFO-PACK-1447958875-1666534912751.png?fit=1200%2C675&ssl=1&resize=700%2C400 2x, https:\/\/i0.wp.com\/alternativa.lv\/wp-content\/uploads\/2022\/05\/OCCATERRA-2021-INFO-PACK-1447958875-1666534912751.png?fit=1200%2C675&ssl=1&resize=1050%2C600 3x"},"classes":[]}],"amp_enabled":true,"_links":{"self":[{"href":"https:\/\/alternativa.lv\/en\/wp-json\/wp\/v2\/pages\/3195","targetHints":{"allow":["GET"]}}],"collection":[{"href":"https:\/\/alternativa.lv\/en\/wp-json\/wp\/v2\/pages"}],"about":[{"href":"https:\/\/alternativa.lv\/en\/wp-json\/wp\/v2\/types\/page"}],"author":[{"embeddable":true,"href":"https:\/\/alternativa.lv\/en\/wp-json\/wp\/v2\/users\/133522584"}],"replies":[{"embeddable":true,"href":"https:\/\/alternativa.lv\/en\/wp-json\/wp\/v2\/comments?post=3195"}],"version-history":[{"count":2,"href":"https:\/\/alternativa.lv\/en\/wp-json\/wp\/v2\/pages\/3195\/revisions"}],"predecessor-version":[{"id":3200,"href":"https:\/\/alternativa.lv\/en\/wp-json\/wp\/v2\/pages\/3195\/revisions\/3200"}],"up":[{"embeddable":true,"href":"https:\/\/alternativa.lv\/en\/wp-json\/wp\/v2\/pages\/1404"}],"wp:attachment":[{"href":"https:\/\/alternativa.lv\/en\/wp-json\/wp\/v2\/media?parent=3195"}],"wp:term":[{"taxonomy":"folder","embeddable":true,"href":"https:\/\/alternativa.lv\/en\/wp-json\/wp\/v2\/folder?post=3195"}],"curies":[{"name":"wp","href":"https:\/\/api.w.org\/{rel}","templated":true}]}}