{"id":3820,"date":"2021-02-09T19:52:55","date_gmt":"2021-02-09T17:52:55","guid":{"rendered":"https:\/\/alternativa.lv\/?page_id=3820"},"modified":"2021-02-16T19:33:51","modified_gmt":"2021-02-16T17:33:51","slug":"macibu-paligi","status":"publish","type":"page","link":"https:\/\/alternativa.lv\/en\/macibu-paligi\/","title":{"rendered":"M\u0100C\u012aBU PAL\u012aGI"},"content":{"rendered":"\n<p class=\"has-text-align-left\">M\u016bsu talant\u012bgie jaunie m\u0101c\u012bbu pal\u012bgi ir gatavi pal\u012bdz\u0113t 1.-7. kla\u0161u skolniekiem ar skolas programmas apg\u016b\u0161anu un majas uzdevumu pild\u012b\u0161anu da\u017e\u0101dos m\u0101c\u012bbu priek\u0161metos. <\/p>\n\n\n\n<p>Un, protams, daudz jautr\u0101k un interesant\u0101k b\u0113rniem apg\u016bt matem\u0101tiku kop\u0101 ar Hogvarta skolas absolventu &#8211; ma\u0123ijas bakalauru, v\u0113sturi &#8211; kop\u0101 ar m\u016bku, dabas zinibas kop\u0101 ar feju! M\u016bsu pasakainie varo\u0146i neform\u0101l\u0101 gaisotn\u0113 un draudz\u012bg\u0101 atmosf\u0113r\u0101 palidz\u0113s b\u0113rniem apg\u016bt skolas programmu ar ZOOM nodarb\u012bb\u0101m!<\/p>\n\n\n\n<div style=\"height:24px\" aria-hidden=\"true\" class=\"wp-block-spacer\"><\/div>\n\n\n\n<div class=\"wp-block-media-text alignwide is-stacked-on-mobile\"><figure class=\"wp-block-media-text__media\"><img data-recalc-dims=\"1\" loading=\"lazy\" decoding=\"async\" width=\"720\" height=\"480\" data-attachment-id=\"3822\" data-permalink=\"https:\/\/alternativa.lv\/en\/macibu-paligi\/%d0%bc%d0%b0%d1%82%d0%b5%d0%bc%d0%b0%d1%82%d0%b8%d0%ba%d0%b0-small\/\" data-orig-file=\"https:\/\/i0.wp.com\/alternativa.lv\/wp-content\/uploads\/2021\/02\/%D0%9C%D0%B0%D1%82%D0%B5%D0%BC%D0%B0%D1%82%D0%B8%D0%BA%D0%B0-Small.jpg?fit=720%2C480&amp;ssl=1\" data-orig-size=\"720,480\" data-comments-opened=\"0\" data-image-meta=\"{&quot;aperture&quot;:&quot;0&quot;,&quot;credit&quot;:&quot;&quot;,&quot;camera&quot;:&quot;&quot;,&quot;caption&quot;:&quot;&quot;,&quot;created_timestamp&quot;:&quot;0&quot;,&quot;copyright&quot;:&quot;&quot;,&quot;focal_length&quot;:&quot;0&quot;,&quot;iso&quot;:&quot;0&quot;,&quot;shutter_speed&quot;:&quot;0&quot;,&quot;title&quot;:&quot;&quot;,&quot;orientation&quot;:&quot;0&quot;}\" data-image-title=\"\u041c\u0430\u0442\u0435\u043c\u0430\u0442\u0438\u043a\u0430-Small\" data-image-description=\"\" data-image-caption=\"\" data-large-file=\"https:\/\/i0.wp.com\/alternativa.lv\/wp-content\/uploads\/2021\/02\/%D0%9C%D0%B0%D1%82%D0%B5%D0%BC%D0%B0%D1%82%D0%B8%D0%BA%D0%B0-Small.jpg?fit=720%2C480&amp;ssl=1\" src=\"https:\/\/i0.wp.com\/alternativa.lv\/wp-content\/uploads\/2021\/02\/%D0%9C%D0%B0%D1%82%D0%B5%D0%BC%D0%B0%D1%82%D0%B8%D0%BA%D0%B0-Small.jpg?resize=720%2C480&#038;ssl=1\" alt=\"\" class=\"wp-image-3822 size-full\" srcset=\"https:\/\/i0.wp.com\/alternativa.lv\/wp-content\/uploads\/2021\/02\/%D0%9C%D0%B0%D1%82%D0%B5%D0%BC%D0%B0%D1%82%D0%B8%D0%BA%D0%B0-Small.jpg?w=720&amp;ssl=1 720w, https:\/\/i0.wp.com\/alternativa.lv\/wp-content\/uploads\/2021\/02\/%D0%9C%D0%B0%D1%82%D0%B5%D0%BC%D0%B0%D1%82%D0%B8%D0%BA%D0%B0-Small.jpg?resize=300%2C200&amp;ssl=1 300w\" sizes=\"auto, (max-width: 720px) 100vw, 720px\" \/><\/figure><div class=\"wp-block-media-text__content\">\n<h2 class=\"has-text-align-left wp-block-heading\">Daniels<\/h2>\n\n\n\n<p class=\"has-text-align-left\" style=\"font-size:16px\"><em>Matem\u0101tika un \u0137\u012bmija<\/em><\/p>\n\n\n\n<p class=\"has-text-align-left\" style=\"font-size:16px\">Daniels is vair\u0101ku Latvijas Olimpi\u0101du uzvar\u0113t\u0101js t\u0101d\u0101s zin\u012bb\u0101s, k\u0101 matem\u0101tika, algeba un \u0137\u012bmija. Ciparu un simbolu burvest\u012bba &#8211; ir vi\u0146a stihija.<\/p>\n\n\n\n<p class=\"has-text-align-left\" style=\"font-size:16px\"><\/p>\n<\/div><\/div>\n\n\n\n<div class=\"wp-block-media-text alignwide has-media-on-the-right is-stacked-on-mobile\"><figure class=\"wp-block-media-text__media\"><img data-recalc-dims=\"1\" loading=\"lazy\" decoding=\"async\" width=\"720\" height=\"480\" data-attachment-id=\"3824\" data-permalink=\"https:\/\/alternativa.lv\/en\/macibu-paligi\/%d0%bf%d1%80%d0%b8%d1%80%d0%be%d0%b4%d0%be%d0%b2%d0%b5%d0%b4%d0%b5%d0%bd%d0%b8%d0%b5-small\/\" data-orig-file=\"https:\/\/i0.wp.com\/alternativa.lv\/wp-content\/uploads\/2021\/02\/%D0%9F%D1%80%D0%B8%D1%80%D0%BE%D0%B4%D0%BE%D0%B2%D0%B5%D0%B4%D0%B5%D0%BD%D0%B8%D0%B5-Small.jpg?fit=720%2C480&amp;ssl=1\" data-orig-size=\"720,480\" data-comments-opened=\"0\" data-image-meta=\"{&quot;aperture&quot;:&quot;0&quot;,&quot;credit&quot;:&quot;&quot;,&quot;camera&quot;:&quot;&quot;,&quot;caption&quot;:&quot;&quot;,&quot;created_timestamp&quot;:&quot;0&quot;,&quot;copyright&quot;:&quot;&quot;,&quot;focal_length&quot;:&quot;0&quot;,&quot;iso&quot;:&quot;0&quot;,&quot;shutter_speed&quot;:&quot;0&quot;,&quot;title&quot;:&quot;&quot;,&quot;orientation&quot;:&quot;0&quot;}\" data-image-title=\"\u041f\u0440\u0438\u0440\u043e\u0434\u043e\u0432\u0435\u0434\u0435\u043d\u0438\u0435-Small\" data-image-description=\"\" data-image-caption=\"\" data-large-file=\"https:\/\/i0.wp.com\/alternativa.lv\/wp-content\/uploads\/2021\/02\/%D0%9F%D1%80%D0%B8%D1%80%D0%BE%D0%B4%D0%BE%D0%B2%D0%B5%D0%B4%D0%B5%D0%BD%D0%B8%D0%B5-Small.jpg?fit=720%2C480&amp;ssl=1\" src=\"https:\/\/i0.wp.com\/alternativa.lv\/wp-content\/uploads\/2021\/02\/%D0%9F%D1%80%D0%B8%D1%80%D0%BE%D0%B4%D0%BE%D0%B2%D0%B5%D0%B4%D0%B5%D0%BD%D0%B8%D0%B5-Small.jpg?resize=720%2C480&#038;ssl=1\" alt=\"\" class=\"wp-image-3824 size-full\" srcset=\"https:\/\/i0.wp.com\/alternativa.lv\/wp-content\/uploads\/2021\/02\/%D0%9F%D1%80%D0%B8%D1%80%D0%BE%D0%B4%D0%BE%D0%B2%D0%B5%D0%B4%D0%B5%D0%BD%D0%B8%D0%B5-Small.jpg?w=720&amp;ssl=1 720w, https:\/\/i0.wp.com\/alternativa.lv\/wp-content\/uploads\/2021\/02\/%D0%9F%D1%80%D0%B8%D1%80%D0%BE%D0%B4%D0%BE%D0%B2%D0%B5%D0%B4%D0%B5%D0%BD%D0%B8%D0%B5-Small.jpg?resize=300%2C200&amp;ssl=1 300w\" sizes=\"auto, (max-width: 720px) 100vw, 720px\" \/><\/figure><div class=\"wp-block-media-text__content\">\n<h2 class=\"has-text-align-left wp-block-heading\">Jelizaveta<\/h2>\n\n\n\n<p class=\"has-text-align-left\" style=\"font-size:16px\"><em>Dabas zin\u012bbas<\/em><\/p>\n\n\n\n<p class=\"has-text-align-left\" style=\"font-size:16px\">Feja, kas izcili parzin dabas par\u0101d\u012bbas, to sp\u0113ku un harmoniju. Un ir gatava pal\u012bdz\u0113t b\u0113rniem apg\u016bt \u0161os dabas br\u012bnumus. <\/p>\n\n\n\n<p class=\"has-text-align-left\" style=\"font-size:16px\">Pieteikties m\u0101c\u012bbu stundai<\/p>\n<\/div><\/div>\n\n\n\n<div class=\"wp-block-media-text alignwide is-stacked-on-mobile\"><figure class=\"wp-block-media-text__media\"><img data-recalc-dims=\"1\" loading=\"lazy\" decoding=\"async\" width=\"480\" height=\"720\" data-attachment-id=\"3825\" data-permalink=\"https:\/\/alternativa.lv\/en\/macibu-paligi\/%d0%b8%d1%81%d1%82%d0%be%d1%80%d0%b8%d1%8f-small\/\" data-orig-file=\"https:\/\/i0.wp.com\/alternativa.lv\/wp-content\/uploads\/2021\/02\/%D0%98%D1%81%D1%82%D0%BE%D1%80%D0%B8%D1%8F-Small.jpg?fit=480%2C720&amp;ssl=1\" data-orig-size=\"480,720\" data-comments-opened=\"0\" data-image-meta=\"{&quot;aperture&quot;:&quot;0&quot;,&quot;credit&quot;:&quot;&quot;,&quot;camera&quot;:&quot;&quot;,&quot;caption&quot;:&quot;&quot;,&quot;created_timestamp&quot;:&quot;0&quot;,&quot;copyright&quot;:&quot;&quot;,&quot;focal_length&quot;:&quot;0&quot;,&quot;iso&quot;:&quot;0&quot;,&quot;shutter_speed&quot;:&quot;0&quot;,&quot;title&quot;:&quot;&quot;,&quot;orientation&quot;:&quot;0&quot;}\" data-image-title=\"\u0418\u0441\u0442\u043e\u0440\u0438\u044f-Small\" data-image-description=\"\" data-image-caption=\"\" data-large-file=\"https:\/\/i0.wp.com\/alternativa.lv\/wp-content\/uploads\/2021\/02\/%D0%98%D1%81%D1%82%D0%BE%D1%80%D0%B8%D1%8F-Small.jpg?fit=480%2C720&amp;ssl=1\" src=\"https:\/\/i0.wp.com\/alternativa.lv\/wp-content\/uploads\/2021\/02\/%D0%98%D1%81%D1%82%D0%BE%D1%80%D0%B8%D1%8F-Small.jpg?resize=480%2C720&#038;ssl=1\" alt=\"\" class=\"wp-image-3825 size-full\" srcset=\"https:\/\/i0.wp.com\/alternativa.lv\/wp-content\/uploads\/2021\/02\/%D0%98%D1%81%D1%82%D0%BE%D1%80%D0%B8%D1%8F-Small.jpg?w=480&amp;ssl=1 480w, https:\/\/i0.wp.com\/alternativa.lv\/wp-content\/uploads\/2021\/02\/%D0%98%D1%81%D1%82%D0%BE%D1%80%D0%B8%D1%8F-Small.jpg?resize=200%2C300&amp;ssl=1 200w\" sizes=\"auto, (max-width: 480px) 100vw, 480px\" \/><\/figure><div class=\"wp-block-media-text__content\">\n<h2 class=\"has-text-align-left wp-block-heading\">Jegors<\/h2>\n\n\n\n<p class=\"has-text-align-left\" style=\"font-size:16px\"><em>V\u0113sture<\/em><\/p>\n\n\n\n<p class=\"has-text-align-left\" style=\"font-size:16px\">V\u0113sture vienm\u0113r bija visizgl\u012btotako cilveku rok\u0101s. Un viduslaikos tie bija m\u016bki, kuri prata las\u012bt, rakst\u012bt un analiz\u0113t notieko\u0161o pasaul\u0113. M\u016bsu m\u016bks zin \u013coti daudz interesantus v\u0113sturiskus faktus un var pal\u012bdz\u0113t b\u0113rniem atkl\u0101t v\u0113stures nosl\u0113pumus. <\/p>\n\n\n\n<p class=\"has-text-align-left\" style=\"font-size:16px\">Pieteikties m\u0101c\u012bbu stundai<\/p>\n<\/div><\/div>\n\n\n\n<div style=\"height:24px\" aria-hidden=\"true\" class=\"wp-block-spacer\"><\/div>\n\n\n\n<div class=\"wp-block-media-text alignwide has-media-on-the-right is-stacked-on-mobile\"><figure class=\"wp-block-media-text__media\"><img data-recalc-dims=\"1\" loading=\"lazy\" decoding=\"async\" width=\"720\" height=\"480\" data-attachment-id=\"3826\" data-permalink=\"https:\/\/alternativa.lv\/en\/macibu-paligi\/%d0%b0%d0%bd%d0%b3%d0%bb%d0%b8%d0%b9%d1%81%d0%ba%d0%b8%d0%b9-small\/\" data-orig-file=\"https:\/\/i0.wp.com\/alternativa.lv\/wp-content\/uploads\/2021\/02\/%D0%90%D0%BD%D0%B3%D0%BB%D0%B8%D0%B9%D1%81%D0%BA%D0%B8%D0%B9-Small.jpg?fit=720%2C480&amp;ssl=1\" data-orig-size=\"720,480\" data-comments-opened=\"0\" data-image-meta=\"{&quot;aperture&quot;:&quot;0&quot;,&quot;credit&quot;:&quot;&quot;,&quot;camera&quot;:&quot;&quot;,&quot;caption&quot;:&quot;&quot;,&quot;created_timestamp&quot;:&quot;0&quot;,&quot;copyright&quot;:&quot;&quot;,&quot;focal_length&quot;:&quot;0&quot;,&quot;iso&quot;:&quot;0&quot;,&quot;shutter_speed&quot;:&quot;0&quot;,&quot;title&quot;:&quot;&quot;,&quot;orientation&quot;:&quot;0&quot;}\" data-image-title=\"\u0410\u043d\u0433\u043b\u0438\u0439\u0441\u043a\u0438\u0439-Small\" data-image-description=\"\" data-image-caption=\"\" data-large-file=\"https:\/\/i0.wp.com\/alternativa.lv\/wp-content\/uploads\/2021\/02\/%D0%90%D0%BD%D0%B3%D0%BB%D0%B8%D0%B9%D1%81%D0%BA%D0%B8%D0%B9-Small.jpg?fit=720%2C480&amp;ssl=1\" src=\"https:\/\/i0.wp.com\/alternativa.lv\/wp-content\/uploads\/2021\/02\/%D0%90%D0%BD%D0%B3%D0%BB%D0%B8%D0%B9%D1%81%D0%BA%D0%B8%D0%B9-Small.jpg?resize=720%2C480&#038;ssl=1\" alt=\"\" class=\"wp-image-3826 size-full\" srcset=\"https:\/\/i0.wp.com\/alternativa.lv\/wp-content\/uploads\/2021\/02\/%D0%90%D0%BD%D0%B3%D0%BB%D0%B8%D0%B9%D1%81%D0%BA%D0%B8%D0%B9-Small.jpg?w=720&amp;ssl=1 720w, https:\/\/i0.wp.com\/alternativa.lv\/wp-content\/uploads\/2021\/02\/%D0%90%D0%BD%D0%B3%D0%BB%D0%B8%D0%B9%D1%81%D0%BA%D0%B8%D0%B9-Small.jpg?resize=300%2C200&amp;ssl=1 300w\" sizes=\"auto, (max-width: 720px) 100vw, 720px\" \/><\/figure><div class=\"wp-block-media-text__content\">\n<h2 class=\"wp-block-heading\"><strong>Kristi\u0101ns<\/strong><\/h2>\n\n\n\n<p><em>Ang\u013cu valoda<\/em><\/p>\n\n\n\n<p>Valodas &#8211; ir k\u0101 atsl\u0113gas. jo vairak valodas tu zini, jo vairak durvis vari atv\u0113rt. Un istais d\u017eentelmenis Kristi\u0101ns sp\u0113s palidz\u0113t tev atv\u0113rt durvis uz ang\u013cu valodas pasauli.<\/p>\n<\/div><\/div>\n\n\n\n<hr class=\"wp-block-separator\"\/>\n\n\n\n<div style=\"height:24px\" aria-hidden=\"true\" class=\"wp-block-spacer\"><\/div>\n\n\n\n<h2 class=\"has-text-align-center wp-block-heading\">Want to work with us?<\/h2>\n\n\n\n<div class=\"wp-block-buttons is-content-justification-center is-layout-flex wp-block-buttons-is-layout-flex\">\n<div class=\"wp-block-button aligncenter\"><a class=\"wp-block-button__link\" href=\"#\" style=\"border-radius:4px\">Get in Touch!<\/a><\/div>\n<\/div>\n\n\n\n<div style=\"height:24px\" aria-hidden=\"true\" class=\"wp-block-spacer\"><\/div>\n\n\n\n<hr class=\"wp-block-separator\"\/>\n","protected":false},"excerpt":{"rendered":"<p>M\u016bsu talant\u012bgie jaunie m\u0101c\u012bbu pal\u012bgi ir gatavi pal\u012bdz\u0113t 1.-7. kla\u0161u skolniekiem ar skolas programmas apg\u016b\u0161anu un majas uzdevumu pild\u012b\u0161anu da\u017e\u0101dos m\u0101c\u012bbu priek\u0161metos. Un, protams, daudz jautr\u0101k un interesant\u0101k b\u0113rniem apg\u016bt matem\u0101tiku kop\u0101 ar Hogvarta skolas absolventu &#8211; ma\u0123ijas bakalauru, v\u0113sturi &#8211; kop\u0101 ar m\u016bku, dabas zinibas kop\u0101 ar feju! M\u016bsu&gt;&gt;&gt;<\/p>\n","protected":false},"author":133522584,"featured_media":0,"parent":0,"menu_order":0,"comment_status":"closed","ping_status":"closed","template":"","meta":{"_eb_attr":"","footnotes":""},"folder":[635157419],"class_list":["post-3820","page","type-page","status-publish","hentry"],"translation":{"provider":"WPGlobus","version":"3.0.2","language":"en","enabled_languages":["lv","en","ru"],"languages":{"lv":{"title":true,"content":true,"excerpt":false},"en":{"title":false,"content":false,"excerpt":false},"ru":{"title":true,"content":true,"excerpt":false}}},"jetpack_sharing_enabled":true,"jetpack_shortlink":"https:\/\/wp.me\/P9yPz0-ZC","jetpack_likes_enabled":true,"jetpack-related-posts":[{"id":5262,"url":"https:\/\/alternativa.lv\/en\/our-social-projects\/integrejosa-spele-jauniesiem-izzini-pasauli-iepazisti-sevi\/","url_meta":{"origin":3820,"position":0},"title":"Integr\u0113jo\u0161\u0101 sp\u0113le jaunie\u0161iem &#8220;izzini pasauli &#8211; iepaz\u012bsti sevi&#8221;","author":"tesstemona","date":"01\/07\/2021","format":false,"excerpt":"Pateicoties jaunai Valsts jaunatnes programmai esam uzs\u0101ku\u0161i jaunu projektu, kura m\u0113r\u0137is ir pal\u012bdz\u0113t jaunie\u0161iem p\u0101rvar\u0113t Covid-19 pand\u0113mijas rad\u012bt\u0101s sekas. \u201cCovid-19 pand\u0113mija ir b\u016btiski ietekm\u0113jusi visas jaunie\u0161u dz\u012bves jomas \u2013 izgl\u012bt\u012bbu, nodarbin\u0101t\u012bbu un br\u012bv\u0101 laika pavad\u012b\u0161anu, k\u0101 ar\u012b iespaidojusi vi\u0146u ment\u0101lo labsaj\u016btu. Vecumposm\u0101, kad veiksm\u012bgai p\u0101rejai uz pilnv\u0113rt\u012bgu pieaugu\u0161\u0101 dz\u012bvi b\u016btiska\u2026","rel":"","context":"Similar post","block_context":{"text":"Similar post","link":""},"img":{"alt_text":"","src":"https:\/\/i0.wp.com\/alternativa.lv\/wp-content\/uploads\/2021\/08\/226379436_4162411713835390_4312893978696383908_n.jpg?fit=1200%2C795&ssl=1&resize=350%2C200","width":350,"height":200,"srcset":"https:\/\/i0.wp.com\/alternativa.lv\/wp-content\/uploads\/2021\/08\/226379436_4162411713835390_4312893978696383908_n.jpg?fit=1200%2C795&ssl=1&resize=350%2C200 1x, https:\/\/i0.wp.com\/alternativa.lv\/wp-content\/uploads\/2021\/08\/226379436_4162411713835390_4312893978696383908_n.jpg?fit=1200%2C795&ssl=1&resize=525%2C300 1.5x, https:\/\/i0.wp.com\/alternativa.lv\/wp-content\/uploads\/2021\/08\/226379436_4162411713835390_4312893978696383908_n.jpg?fit=1200%2C795&ssl=1&resize=700%2C400 2x, https:\/\/i0.wp.com\/alternativa.lv\/wp-content\/uploads\/2021\/08\/226379436_4162411713835390_4312893978696383908_n.jpg?fit=1200%2C795&ssl=1&resize=1050%2C600 3x"},"classes":[]},{"id":3195,"url":"https:\/\/alternativa.lv\/en\/our-social-projects\/diskusiju-cikls-demokratijai-ikviens-ir-svarigs\/","url_meta":{"origin":3820,"position":1},"title":"DISKUSIJU CIKLS &#8220;DEMOKR\u0100TIJAI IKVIENS IR SVAR\u012aGS!&#8221;","author":"tesstemona","date":"25\/04\/2020","format":false,"excerpt":"Kult\u016bras biedr\u012bba \"Alternat\u012bv\u0101 Realit\u0101te\" \u012bsteno integr\u0101cijas projektu \"Diskusiju cikls \"Demokr\u0101tijai ikviens ir svar\u012bgs!\". \u0160obr\u012bd Latvij\u0101 ir iev\u0113rojami zems jaunatnes l\u012bdzdal\u012bbas l\u012bmenis sabiedr\u012bbas att\u012bst\u012bb\u0101 un l\u0113mumu pie\u0146em\u0161an\u0101, \u012bpa\u0161i starp jaunie\u0161iem NEET situ\u0101cij\u0101 un jaunie\u0161iem no soci\u0101l\u0101s atstumt\u012bbas riska grup\u0101m (b\u0113rnu nami, kr\u012bzes centri, maznodro\u0161in\u0101t\u0101s \u0123imenes, minorit\u0101\u0161u p\u0101rst\u0101vji). \u0160ie jaunie\u0161i bie\u017ei netic\u2026","rel":"","context":"Similar post","block_context":{"text":"Similar post","link":""},"img":{"alt_text":"","src":"https:\/\/i0.wp.com\/alternativa.lv\/wp-content\/uploads\/2020\/10\/DIS-obratnaja-storona-karti-curv-WEB-1.jpg?resize=350%2C200&ssl=1","width":350,"height":200,"srcset":"https:\/\/i0.wp.com\/alternativa.lv\/wp-content\/uploads\/2020\/10\/DIS-obratnaja-storona-karti-curv-WEB-1.jpg?resize=350%2C200&ssl=1 1x, https:\/\/i0.wp.com\/alternativa.lv\/wp-content\/uploads\/2020\/10\/DIS-obratnaja-storona-karti-curv-WEB-1.jpg?resize=525%2C300&ssl=1 1.5x, https:\/\/i0.wp.com\/alternativa.lv\/wp-content\/uploads\/2020\/10\/DIS-obratnaja-storona-karti-curv-WEB-1.jpg?resize=700%2C400&ssl=1 2x, https:\/\/i0.wp.com\/alternativa.lv\/wp-content\/uploads\/2020\/10\/DIS-obratnaja-storona-karti-curv-WEB-1.jpg?resize=1050%2C600&ssl=1 3x, https:\/\/i0.wp.com\/alternativa.lv\/wp-content\/uploads\/2020\/10\/DIS-obratnaja-storona-karti-curv-WEB-1.jpg?resize=1400%2C800&ssl=1 4x"},"classes":[]},{"id":3214,"url":"https:\/\/alternativa.lv\/en\/esc-projects\/brivpratiga-darba-projekts-mandarinu-zeme-2019\/","url_meta":{"origin":3820,"position":2},"title":"MANDARINE LAND 2020: GROUP VOLUNTEERING PROJECT","author":"tesstemona","date":"14\/10\/2020","format":false,"excerpt":"{:lv} Lieliska iesp\u0113ja jaunie\u0161iem no 18 l\u012bdz 30 gadiem iesaist\u012bties Ziemassv\u0113tku pas\u0101kumu organiz\u0113\u0161an\u0101 ar m\u0113r\u0137i integr\u0113t b\u0113rnus no soci\u0101li mazaizsarg\u0101t\u0101m grup\u0101m, b\u0113rnu namiem un maznodro\u0161in\u0101t\u0101m \u0123imen\u0113m. KAD? KUR? KAM?Kas: \u012bstermi\u0146a br\u012bvpr\u0101t\u012bg\u0101 darba projekts \"Mandarinu Zeme 2020\"Projekts Nr. 2020-2-LV02-ESC11-003167Kad: 15.11.2020.-05.01.2021.Kur: R\u012bga, LatvijaKam: jaunie\u0161i no 18 l\u012bdz 30 gadiem, 7 br\u012bvpr\u0101t\u012bgie no\u2026","rel":"","context":"Similar post","block_context":{"text":"Similar post","link":""},"img":{"alt_text":"","src":"https:\/\/i0.wp.com\/alternativa.lv\/wp-content\/uploads\/2020\/10\/mz-2020-hed-eng-scaled.jpg?fit=1200%2C325&ssl=1&resize=350%2C200","width":350,"height":200,"srcset":"https:\/\/i0.wp.com\/alternativa.lv\/wp-content\/uploads\/2020\/10\/mz-2020-hed-eng-scaled.jpg?fit=1200%2C325&ssl=1&resize=350%2C200 1x, https:\/\/i0.wp.com\/alternativa.lv\/wp-content\/uploads\/2020\/10\/mz-2020-hed-eng-scaled.jpg?fit=1200%2C325&ssl=1&resize=525%2C300 1.5x, https:\/\/i0.wp.com\/alternativa.lv\/wp-content\/uploads\/2020\/10\/mz-2020-hed-eng-scaled.jpg?fit=1200%2C325&ssl=1&resize=700%2C400 2x, https:\/\/i0.wp.com\/alternativa.lv\/wp-content\/uploads\/2020\/10\/mz-2020-hed-eng-scaled.jpg?fit=1200%2C325&ssl=1&resize=1050%2C600 3x"},"classes":[]},{"id":5221,"url":"https:\/\/alternativa.lv\/en\/esc-projects\/darba-pieredze-jauniesiem\/","url_meta":{"origin":3820,"position":3},"title":"JOB PROJECT FOR YOUNGSTERS","author":"tesstemona","date":"10\/06\/2021","format":false,"excerpt":"{:lv} Laika posm\u0101 no 01.06.2020. l\u012bdz 31.05.2021. kult\u016bras biedr\u012bba \"Alternat\u012bv\u0101 Realit\u0101te\" \u012bstenoja projektu \"Mandar\u012bnu Zeme: atbalsts un iek\u013cau\u0161ana\". \u0160is bija darba projekts Eiropas Solidarit\u00e1tes Korpusa programmas ietvaros, kas sniedza darba pieredzes g\u016b\u0161anas iesp\u0113jas janie\u0161iem ar ierobe\u017eot\u0101m iesp\u0113j\u0101m. \u010cetras jaukas jaunietes gada laik\u0101 bija guvu\u0161as pieredzi darba organiz\u0113\u0161anas jom\u0101, pien\u0101kumu un\u2026","rel":"","context":"Similar post","block_context":{"text":"Similar post","link":""},"img":{"alt_text":"","src":"https:\/\/i0.wp.com\/alternativa.lv\/wp-content\/uploads\/2021\/08\/105332707_266256387775034_966557257938245592_n.jpg?resize=350%2C200","width":350,"height":200,"srcset":"https:\/\/i0.wp.com\/alternativa.lv\/wp-content\/uploads\/2021\/08\/105332707_266256387775034_966557257938245592_n.jpg?resize=350%2C200 1x, https:\/\/i0.wp.com\/alternativa.lv\/wp-content\/uploads\/2021\/08\/105332707_266256387775034_966557257938245592_n.jpg?resize=525%2C300 1.5x"},"classes":[]},{"id":2470,"url":"https:\/\/alternativa.lv\/en\/projekti\/","url_meta":{"origin":3820,"position":4},"title":"Our Projects \u2013 Inspiring, Developing, and Creating Change","author":"tesstemona","date":"12\/05\/2020","format":false,"excerpt":"{:lv} M\u016bsu Projekti \u2013 Iedvesmojam, att\u012bst\u0101m, rad\u0101m p\u0101rmai\u0146as Kult\u016bras biedr\u012bba \"Alternat\u012bv\u0101 Realit\u0101te\" ir platforma, kas veicina rado\u0161as iniciat\u012bvas, izgl\u012bt\u012bbu un starptautisku sadarb\u012bbu, izmantojot da\u017e\u0101du fondu un grantu atbalstu. M\u016bsu projekti apvieno kult\u016bras mantojuma saglab\u0101\u0161anu, jaunie\u0161u iesaisti, neform\u0101lo izgl\u012bt\u012bbu, k\u0101 ar\u012b soci\u0101lo un vides ilgtsp\u0113ju. M\u0113s akt\u012bvi sadarbojamies ar Erasmus+, Eiropas\u2026","rel":"","context":"Similar post","block_context":{"text":"Similar post","link":""},"img":{"alt_text":"","src":"https:\/\/i0.wp.com\/alternativa.lv\/wp-content\/uploads\/2024\/11\/areal-bckgr-5.png?fit=1200%2C675&ssl=1&resize=350%2C200","width":350,"height":200,"srcset":"https:\/\/i0.wp.com\/alternativa.lv\/wp-content\/uploads\/2024\/11\/areal-bckgr-5.png?fit=1200%2C675&ssl=1&resize=350%2C200 1x, https:\/\/i0.wp.com\/alternativa.lv\/wp-content\/uploads\/2024\/11\/areal-bckgr-5.png?fit=1200%2C675&ssl=1&resize=525%2C300 1.5x, https:\/\/i0.wp.com\/alternativa.lv\/wp-content\/uploads\/2024\/11\/areal-bckgr-5.png?fit=1200%2C675&ssl=1&resize=700%2C400 2x, https:\/\/i0.wp.com\/alternativa.lv\/wp-content\/uploads\/2024\/11\/areal-bckgr-5.png?fit=1200%2C675&ssl=1&resize=1050%2C600 3x"},"classes":[]},{"id":4599,"url":"https:\/\/alternativa.lv\/en\/musu-standarti-un-kredo\/","url_meta":{"origin":3820,"position":5},"title":"OUR CREDO AND STANDARDS","author":"tesstemona","date":"15\/04\/2021","format":false,"excerpt":"{:lv} M\u0113s esam neliela talant\u012bgu profesion\u0101\u013cu un jaunie\u0161u ar pla\u0161u pieredzes un iema\u0146u kl\u0101stu. M\u0113s m\u012blam to ko dar\u0101m, un sav\u0101 darb\u0101 esam nospraudu\u0161i gan m\u0113r\u0137us, gan savas darba kvalit\u0101tes standartus un principus. M\u016bsu standarti Erasmus + un ESK (Eiropas Solidarit\u0101tes korpuss) projektiem: No dal\u012bbniekiem par dal\u012bbu m\u016bsu koordin\u0113tajos projektos\u2026","rel":"","context":"Similar post","block_context":{"text":"Similar post","link":""},"img":{"alt_text":"","src":"","width":0,"height":0},"classes":[]}],"amp_enabled":true,"_links":{"self":[{"href":"https:\/\/alternativa.lv\/en\/wp-json\/wp\/v2\/pages\/3820","targetHints":{"allow":["GET"]}}],"collection":[{"href":"https:\/\/alternativa.lv\/en\/wp-json\/wp\/v2\/pages"}],"about":[{"href":"https:\/\/alternativa.lv\/en\/wp-json\/wp\/v2\/types\/page"}],"author":[{"embeddable":true,"href":"https:\/\/alternativa.lv\/en\/wp-json\/wp\/v2\/users\/133522584"}],"replies":[{"embeddable":true,"href":"https:\/\/alternativa.lv\/en\/wp-json\/wp\/v2\/comments?post=3820"}],"version-history":[{"count":93,"href":"https:\/\/alternativa.lv\/en\/wp-json\/wp\/v2\/pages\/3820\/revisions"}],"predecessor-version":[{"id":4027,"href":"https:\/\/alternativa.lv\/en\/wp-json\/wp\/v2\/pages\/3820\/revisions\/4027"}],"wp:attachment":[{"href":"https:\/\/alternativa.lv\/en\/wp-json\/wp\/v2\/media?parent=3820"}],"wp:term":[{"taxonomy":"folder","embeddable":true,"href":"https:\/\/alternativa.lv\/en\/wp-json\/wp\/v2\/folder?post=3820"}],"curies":[{"name":"wp","href":"https:\/\/api.w.org\/{rel}","templated":true}]}}