{"id":4273,"date":"2018-03-16T12:58:00","date_gmt":"2018-03-16T10:58:00","guid":{"rendered":"https:\/\/alternativa.lv\/?page_id=4273"},"modified":"2023-08-15T18:54:08","modified_gmt":"2023-08-15T16:54:08","slug":"privatuma-politika","status":"publish","type":"page","link":"https:\/\/alternativa.lv\/en\/home\/privatuma-politika\/","title":{"rendered":"PRIVACY POLICY"},"content":{"rendered":"\n<p><strong>Cultural Association &#8220;Alternative Reality&#8221;, website address: <a href=\"https:\/\/alternativa.lv\">https:\/\/alternativa.lv<\/a>.<\/strong><\/p>\n\n\n\n<p>As an organizer of projects and events, the cultural association &#8220;Alternative Reality&#8221; respects the privacy of project and event participants.&nbsp; The privacy policy is intended to protect the personal data of project and event participants and to ensure the right to privacy.&nbsp; It explains for what purposes, how and what participant data is obtained, how it is used and processed.<\/p>\n\n\n\n<p><strong>The data controller is:<\/strong><\/p>\n\n\n\n<p>The manager is the Cultural Association &#8220;Alternative Reality&#8221;, address: Daugavmalas Street 34-27, Saulkalne, Salaspils county, LV-2117.<\/p>\n\n\n\n<p><strong>Personal data of the project and event participant<\/strong><\/p>\n\n\n\n<p>By applying for a project or event, the participant agrees to the processing of his \/ her personal data for the purposes of organizing the project \/ event and to this Privacy Policy.&nbsp; In order to objectively ensure the results of project activities, it may be necessary to indicate the participant&#8217;s name, surname, gender, date of birth and other data in accordance with the registration forms that are published for each specific project \/ event.&nbsp; Other data &#8211; telephone number, e-mail, place of residence, to be submitted in a free-choice manner, unless required by the specified project application form.&nbsp; If the participant is provided with insurance within the project, it is necessary to indicate the personal identification code to identify the relevant person.<\/p>\n\n\n\n<p><strong>Lists of participants, project results<\/strong><\/p>\n\n\n\n<p>The publicly visible list of participants and the results show the name and surname of the participant.&nbsp; If the participant does not want to be shown in the public lists, he \/ she must inform the project organizer by e-mail alternativarealitate@gmail.com.&nbsp; In this case, the participant will be listed as &#8220;Anonymous&#8221; in the publicly visible lists.<\/p>\n\n\n\n<p><strong>Photo and video<\/strong><\/p>\n\n\n\n<p>By applying for participation in a project or event, including some of their activities, project and event participants agree to use the photos and videos taken during the project \/ event for the needs of the project organizer, including, but not limited to, publishing on the website <a href=\"http:\/\/www.alternativa.lv\" rel=\"nofollow\">http:\/\/www.alternativa.lv<\/a>, Latvian media and social portals.<\/p>\n\n\n\n<p><strong>Participant rights<\/strong><\/p>\n\n\n\n<p>At any time, the project \/ event participant has the right to request information, make corrections or request the deletion of his \/ her personal data.&nbsp; All requests for personal data must be sent by e-mail alternativarealitate@gmail.com<\/p>\n\n\n\n<p><strong>Participant database for receiving news<\/strong><\/p>\n\n\n\n<p>If a participant provides his \/ her e-mail when applying for a project, it is included in the participant database in order to inform the participant about news or changes in project \/ event information, as well as other developments.&nbsp; The organizer of the event can inform the participants about the offers of the cooperation partners.&nbsp; From receiving the news at any time, the participant has the opportunity to unsubscribe via a link in a letter or by sending their wishes by e-mail alternativarealitate@gmail.com<\/p>\n\n\n\n<p><strong>Data of other persons that may be processed<\/strong><\/p>\n\n\n\n<p>A person agrees to the processing of his \/ her data also in such cases if he \/ she is a follower of the Cultural Association \u201cAlternative Reality\u201d, <a href=\"http:\/\/www.alternativa.lv\" rel=\"nofollow\">http:\/\/www.alternativa.lv<\/a>, <a href=\"http:\/\/www.mandarinuzeme.lv\" rel=\"nofollow\">http:\/\/www.mandarinuzeme.lv<\/a>, <a href=\"http:\/\/www.maijagrafs.lv\" rel=\"nofollow\">http:\/\/www.maijagrafs.lv<\/a> or activities related to these projects on social portals, if he \/ she participates in surveys&nbsp; or in tenders if a complaint or claim is submitted and in similar cases.<\/p>\n\n\n\n<p><strong>Third parties<\/strong><\/p>\n\n\n\n<p>Cultural associations \u201cAlternative Reality\u201d do not sell, rent or transfer the personal information of the participants to third parties, unless this information is necessary for the preparation of reports on projects co-financed by the European Commission or other Structural Funds and related accounting documents.<\/p>\n\n\n\n<p><strong>Data storage<\/strong><\/p>\n\n\n\n<p>Personal data is stored for 7 years.&nbsp; The website <a href=\"http:\/\/www.alternativa.lv\" rel=\"nofollow\">http:\/\/www.alternativa.lv<\/a> reflects the results of projects that have been publicly available for 7 years.<\/p>\n\n\n\n<p>For users who register on our site (if any), we also store the personal information they provide in their user profile.&nbsp; All users can see, edit, or delete their personal information at any time (except that they can&#8217;t change their username).&nbsp; Site administrators can also view and edit this information.<\/p>\n\n\n\n<p><strong>Comments<\/strong><\/p>\n\n\n\n<p>When visitors leave comments on a site, we collect the information displayed on the comments form, as well as the visitor&#8217;s IP address and a set of browser user agents to help detect spam.<\/p>\n\n\n\n<p>An anonymized string created from your email address (also called a hash) can be provided by the Gravatar Service to see if you are using it.&nbsp; The Gravatar service privacy policy is available here: <a href=\"https:\/\/automattic.com\/privacy\/.&#038;nbsp\" rel=\"nofollow\">https:\/\/automattic.com\/privacy\/.&#038;nbsp<\/a>; Once a comment is approved, your profile picture will be visible to the public in the context of your comment.<\/p>\n\n\n\n<p>If you leave a comment, the comment and its metadata are saved indefinitely.&nbsp; This is because we can automatically recognize and approve any additional comments instead of keeping them in the moderation queue.<\/p>\n\n\n\n<p>Visitor comments can be verified using an automated spam detection service.<\/p>\n\n\n\n<p><strong>Media<\/strong><\/p>\n\n\n\n<p>If you upload images to a site, you should not upload images with embedded location data (EXIF GPS).&nbsp; Site visitors can download and retrieve any location data from site images.<\/p>\n\n\n\n<p><strong>Cookies<\/strong><\/p>\n\n\n\n<p>if you leave a comment on our site, you can choose to keep your name, email address and site in cookies.&nbsp; These are for your convenience so that you don&#8217;t have to fill in your information again when you leave another comment.&nbsp; These cookies will last for one year.<\/p>\n\n\n\n<p>If you visit our login page, we will set a temporary cookie to determine if your browser accepts cookies.&nbsp; This cookie does not contain any personal data and is discarded when you close your browser.<\/p>\n\n\n\n<p>When you log in, we also set a number of cookies to store your login information and on-screen display options.&nbsp; Login cookies last for two days, and on-screen option cookies for a year.&nbsp; If you select &#8220;Remember me&#8221;, your login will remain for two weeks.&nbsp; If you log out of your account, your login cookies will be removed.<\/p>\n\n\n\n<p>If you edit or publish the article, an additional cookie will be stored in your browser.&nbsp; This cookie does not contain any personal data and simply contains the post ID of the article you just edited.&nbsp; It expires in one day.<\/p>\n\n\n\n<p><strong>Embedded content from other sites<\/strong><\/p>\n\n\n\n<p>Articles on this site may include embedded content (such as videos, images, articles, etc.).&nbsp; Embedded content from other sites works exactly as if the visitor had visited another site.<\/p>\n\n\n\n<p>These sites may collect data about you, use cookies, embed additional third-party tracking, and monitor your interactions with this embedded content, including tracking your interactions with the embedded content if you have an account and are logged in to the site.<\/p>\n\n\n\n<p><strong>Password change<\/strong><\/p>\n\n\n\n<p>If you request a password reset, your IP address will be included in the password reset email.<\/p>\n","protected":false},"excerpt":{"rendered":"<p>Cultural Association &#8220;Alternative Reality&#8221;, website address: <a href=\"https:\/\/alternativa.lv\">https:\/\/alternativa.lv<\/a>. As an organizer of projects and events, the cultural association &#8220;Alternative Reality&#8221; respects the privacy of project and event participants.&nbsp; The privacy policy is intended to protect the personal data of project and event participants and to ensure the right to privacy.&nbsp; It&gt;&gt;&gt;<\/p>\n","protected":false},"author":133522584,"featured_media":0,"parent":4,"menu_order":5,"comment_status":"closed","ping_status":"closed","template":"","meta":{"_eb_attr":"","jetpack_post_was_ever_published":false,"footnotes":""},"folder":[635157419],"class_list":["post-4273","page","type-page","status-publish","hentry"],"translation":{"provider":"WPGlobus","version":"3.0.2","language":"en","enabled_languages":["lv","en","ru"],"languages":{"lv":{"title":true,"content":true,"excerpt":false},"en":{"title":true,"content":true,"excerpt":false},"ru":{"title":true,"content":true,"excerpt":false}}},"jetpack_sharing_enabled":true,"jetpack_shortlink":"https:\/\/wp.me\/P9yPz0-16V","jetpack_likes_enabled":true,"jetpack-related-posts":[{"id":3195,"url":"https:\/\/alternativa.lv\/en\/our-social-projects\/diskusiju-cikls-demokratijai-ikviens-ir-svarigs\/","url_meta":{"origin":4273,"position":0},"title":"DISKUSIJU CIKLS &#8220;DEMOKR\u0100TIJAI IKVIENS IR SVAR\u012aGS!&#8221;","author":"tesstemona","date":"25\/04\/2020","format":false,"excerpt":"Kult\u016bras biedr\u012bba \"Alternat\u012bv\u0101 Realit\u0101te\" \u012bsteno integr\u0101cijas projektu \"Diskusiju cikls \"Demokr\u0101tijai ikviens ir svar\u012bgs!\". \u0160obr\u012bd Latvij\u0101 ir iev\u0113rojami zems jaunatnes l\u012bdzdal\u012bbas l\u012bmenis sabiedr\u012bbas att\u012bst\u012bb\u0101 un l\u0113mumu pie\u0146em\u0161an\u0101, \u012bpa\u0161i starp jaunie\u0161iem NEET situ\u0101cij\u0101 un jaunie\u0161iem no soci\u0101l\u0101s atstumt\u012bbas riska grup\u0101m (b\u0113rnu nami, kr\u012bzes centri, maznodro\u0161in\u0101t\u0101s \u0123imenes, minorit\u0101\u0161u p\u0101rst\u0101vji). \u0160ie jaunie\u0161i bie\u017ei netic\u2026","rel":"","context":"Similar post","block_context":{"text":"Similar post","link":""},"img":{"alt_text":"","src":"https:\/\/i0.wp.com\/alternativa.lv\/wp-content\/uploads\/2020\/10\/DIS-obratnaja-storona-karti-curv-WEB-1.jpg?resize=350%2C200&ssl=1","width":350,"height":200,"srcset":"https:\/\/i0.wp.com\/alternativa.lv\/wp-content\/uploads\/2020\/10\/DIS-obratnaja-storona-karti-curv-WEB-1.jpg?resize=350%2C200&ssl=1 1x, https:\/\/i0.wp.com\/alternativa.lv\/wp-content\/uploads\/2020\/10\/DIS-obratnaja-storona-karti-curv-WEB-1.jpg?resize=525%2C300&ssl=1 1.5x, https:\/\/i0.wp.com\/alternativa.lv\/wp-content\/uploads\/2020\/10\/DIS-obratnaja-storona-karti-curv-WEB-1.jpg?resize=700%2C400&ssl=1 2x, https:\/\/i0.wp.com\/alternativa.lv\/wp-content\/uploads\/2020\/10\/DIS-obratnaja-storona-karti-curv-WEB-1.jpg?resize=1050%2C600&ssl=1 3x, https:\/\/i0.wp.com\/alternativa.lv\/wp-content\/uploads\/2020\/10\/DIS-obratnaja-storona-karti-curv-WEB-1.jpg?resize=1400%2C800&ssl=1 4x"},"classes":[]},{"id":3214,"url":"https:\/\/alternativa.lv\/en\/esc-projects\/brivpratiga-darba-projekts-mandarinu-zeme-2019\/","url_meta":{"origin":4273,"position":1},"title":"MANDARINE LAND 2020: GROUP VOLUNTEERING PROJECT","author":"tesstemona","date":"14\/10\/2020","format":false,"excerpt":"{:lv} Lieliska iesp\u0113ja jaunie\u0161iem no 18 l\u012bdz 30 gadiem iesaist\u012bties Ziemassv\u0113tku pas\u0101kumu organiz\u0113\u0161an\u0101 ar m\u0113r\u0137i integr\u0113t b\u0113rnus no soci\u0101li mazaizsarg\u0101t\u0101m grup\u0101m, b\u0113rnu namiem un maznodro\u0161in\u0101t\u0101m \u0123imen\u0113m. KAD? KUR? KAM?Kas: \u012bstermi\u0146a br\u012bvpr\u0101t\u012bg\u0101 darba projekts \"Mandarinu Zeme 2020\"Projekts Nr. 2020-2-LV02-ESC11-003167Kad: 15.11.2020.-05.01.2021.Kur: R\u012bga, LatvijaKam: jaunie\u0161i no 18 l\u012bdz 30 gadiem, 7 br\u012bvpr\u0101t\u012bgie no\u2026","rel":"","context":"Similar post","block_context":{"text":"Similar post","link":""},"img":{"alt_text":"","src":"https:\/\/i0.wp.com\/alternativa.lv\/wp-content\/uploads\/2020\/10\/mz-2020-hed-eng-scaled.jpg?fit=1200%2C325&ssl=1&resize=350%2C200","width":350,"height":200,"srcset":"https:\/\/i0.wp.com\/alternativa.lv\/wp-content\/uploads\/2020\/10\/mz-2020-hed-eng-scaled.jpg?fit=1200%2C325&ssl=1&resize=350%2C200 1x, https:\/\/i0.wp.com\/alternativa.lv\/wp-content\/uploads\/2020\/10\/mz-2020-hed-eng-scaled.jpg?fit=1200%2C325&ssl=1&resize=525%2C300 1.5x, https:\/\/i0.wp.com\/alternativa.lv\/wp-content\/uploads\/2020\/10\/mz-2020-hed-eng-scaled.jpg?fit=1200%2C325&ssl=1&resize=700%2C400 2x, https:\/\/i0.wp.com\/alternativa.lv\/wp-content\/uploads\/2020\/10\/mz-2020-hed-eng-scaled.jpg?fit=1200%2C325&ssl=1&resize=1050%2C600 3x"},"classes":[]},{"id":4,"url":"https:\/\/alternativa.lv\/en\/home\/","url_meta":{"origin":4273,"position":2},"title":"About us","author":"tesstemona","date":"15\/01\/2018","format":false,"excerpt":"{:lv} M\u016bsu motto: \"Izzini pasauli - iepaz\u012bsti sevi\" M\u0113s ticam, ka vienm\u0113r ir j\u0101s\u0101k ar sevi.Tikai tad, kad cilv\u0113ks ir gar\u012bgi un daudzpus\u012bgi att\u012bst\u012bs, ir harmonij\u0101 ar sevi, izzina savas stipr\u0101s un vaj\u0101s puses, apzin\u0101s savu atbild\u012bbu par savu r\u012bc\u012bbu visas plan\u0113tas priek\u0161\u0101 - tad vi\u0146\u0161 sp\u0113j aptvert pasauli sev\u2026","rel":"","context":"Similar post","block_context":{"text":"Similar post","link":""},"img":{"alt_text":"","src":"https:\/\/i0.wp.com\/alternativa.lv\/wp-content\/uploads\/2019\/09\/69568198_2621290151224134_7472202166766141440_n.jpg?resize=350%2C200","width":350,"height":200,"srcset":"https:\/\/i0.wp.com\/alternativa.lv\/wp-content\/uploads\/2019\/09\/69568198_2621290151224134_7472202166766141440_n.jpg?resize=350%2C200 1x, https:\/\/i0.wp.com\/alternativa.lv\/wp-content\/uploads\/2019\/09\/69568198_2621290151224134_7472202166766141440_n.jpg?resize=525%2C300 1.5x, https:\/\/i0.wp.com\/alternativa.lv\/wp-content\/uploads\/2019\/09\/69568198_2621290151224134_7472202166766141440_n.jpg?resize=700%2C400 2x"},"classes":[]},{"id":1992,"url":"https:\/\/alternativa.lv\/en\/home\/biedribas-statuti\/","url_meta":{"origin":4273,"position":3},"title":"Articles of Society","author":"tesstemona","date":"07\/01\/2020","format":false,"excerpt":"{:lv} Kult\u016bras Biedr\u012bbas \u201eAlternat\u012bv\u0101 Realit\u0101te\u201d stat\u016bti 1.noda\u013ca. Biedr\u012bbas nosaukums. Biedr\u012bbas nosaukums ir Kult\u016bras Biedr\u012bba \u201eAlternat\u012bv\u0101 Realit\u0101te\u201d (turpm\u0101k tekst\u0101 -Biedr\u012bba). Nosaukuma tulkojums ang\u013cu valod\u0101 ir Culture Association \u201eAlternative Reality\u201d. 2.noda\u013ca. Biedr\u012bbas juridiskais statuss. 2.2. Biedr\u012bba ir juridiska persona ar savu nosaukumu un nor\u0113\u0137inu kontu bank\u0101. 2.3. Biedr\u012bba darbojas saska\u0146\u0101 ar LR\u2026","rel":"","context":"Similar post","block_context":{"text":"Similar post","link":""},"img":{"alt_text":"","src":"","width":0,"height":0},"classes":[]},{"id":3740,"url":"https:\/\/alternativa.lv\/en\/brivpratigajiem\/volunteering-apply\/","url_meta":{"origin":4273,"position":4},"title":"REGISTRATION TO VOLUNTEERING ESC PROJECTS","author":"tesstemona","date":"01\/02\/2021","format":false,"excerpt":"{:lv} Registration to the Volunteering projects implementing by NGO \"Kulturas biedriba \"Alternativa Realitate\" After registration we will contact you as soon as possible to organize a personal interview by phone or by internet. {:}{:en} Registration to Volunteering projects co-financed by Europe Solidarity Corps coordinated by NGO \"Kulturas biedriba \"Alternativa Realitate\"\u2026","rel":"","context":"Similar post","block_context":{"text":"Similar post","link":""},"img":{"alt_text":"","src":"https:\/\/i0.wp.com\/alternativa.lv\/wp-content\/uploads\/2022\/10\/volunteer_orig.png?fit=1047%2C474&ssl=1&resize=350%2C200","width":350,"height":200,"srcset":"https:\/\/i0.wp.com\/alternativa.lv\/wp-content\/uploads\/2022\/10\/volunteer_orig.png?fit=1047%2C474&ssl=1&resize=350%2C200 1x, https:\/\/i0.wp.com\/alternativa.lv\/wp-content\/uploads\/2022\/10\/volunteer_orig.png?fit=1047%2C474&ssl=1&resize=525%2C300 1.5x, https:\/\/i0.wp.com\/alternativa.lv\/wp-content\/uploads\/2022\/10\/volunteer_orig.png?fit=1047%2C474&ssl=1&resize=700%2C400 2x"},"classes":[]},{"id":2,"url":"https:\/\/alternativa.lv\/en\/contact\/","url_meta":{"origin":4273,"position":5},"title":"Contacts","author":"tesstemona","date":"15\/01\/2018","format":false,"excerpt":"{:lv} Kult\u016bras biedr\u012bba Alternat\u012bv\u0101 Realit\u0101teRe\u0123. Nr. 40008214937juridisk\u0101\/pasta adrese: Daugavmalas iel\u0101 34-27, Saulkalne, Salaspils nov., LV-2117, Latvija Rado\u0161ais jaunatnes centrs \"Alternat\u012bv\u0101 Realit\u0101te\": L\u0101\u010dpl\u0113\u0161a iel\u0101 54a, R\u012bga, LV-1001, Latvija Atrodamies pagalm\u0101 - ieeja caur v\u0101rtiem L\u0101\u010dpl\u0113\u0161a iel\u0101 52\/54 v\u0101rti\u0146u kods 7727# *\u0112ka 54a atrodas pagalma dzi\u013cum\u0101, no vartiem n\u0101ciet taisni l\u012bdz galam,\u2026","rel":"","context":"Similar post","block_context":{"text":"Similar post","link":""},"img":{"alt_text":"","src":"https:\/\/i0.wp.com\/alternativa.lv\/wp-content\/uploads\/2022\/05\/INTVATION-ALTERNATIVE-REALITY-2.jpg?resize=350%2C200&ssl=1","width":350,"height":200,"srcset":"https:\/\/i0.wp.com\/alternativa.lv\/wp-content\/uploads\/2022\/05\/INTVATION-ALTERNATIVE-REALITY-2.jpg?resize=350%2C200&ssl=1 1x, https:\/\/i0.wp.com\/alternativa.lv\/wp-content\/uploads\/2022\/05\/INTVATION-ALTERNATIVE-REALITY-2.jpg?resize=525%2C300&ssl=1 1.5x, https:\/\/i0.wp.com\/alternativa.lv\/wp-content\/uploads\/2022\/05\/INTVATION-ALTERNATIVE-REALITY-2.jpg?resize=700%2C400&ssl=1 2x"},"classes":[]}],"amp_enabled":true,"_links":{"self":[{"href":"https:\/\/alternativa.lv\/en\/wp-json\/wp\/v2\/pages\/4273","targetHints":{"allow":["GET"]}}],"collection":[{"href":"https:\/\/alternativa.lv\/en\/wp-json\/wp\/v2\/pages"}],"about":[{"href":"https:\/\/alternativa.lv\/en\/wp-json\/wp\/v2\/types\/page"}],"author":[{"embeddable":true,"href":"https:\/\/alternativa.lv\/en\/wp-json\/wp\/v2\/users\/133522584"}],"replies":[{"embeddable":true,"href":"https:\/\/alternativa.lv\/en\/wp-json\/wp\/v2\/comments?post=4273"}],"version-history":[{"count":12,"href":"https:\/\/alternativa.lv\/en\/wp-json\/wp\/v2\/pages\/4273\/revisions"}],"predecessor-version":[{"id":10231,"href":"https:\/\/alternativa.lv\/en\/wp-json\/wp\/v2\/pages\/4273\/revisions\/10231"}],"up":[{"embeddable":true,"href":"https:\/\/alternativa.lv\/en\/wp-json\/wp\/v2\/pages\/4"}],"wp:attachment":[{"href":"https:\/\/alternativa.lv\/en\/wp-json\/wp\/v2\/media?parent=4273"}],"wp:term":[{"taxonomy":"folder","embeddable":true,"href":"https:\/\/alternativa.lv\/en\/wp-json\/wp\/v2\/folder?post=4273"}],"curies":[{"name":"wp","href":"https:\/\/api.w.org\/{rel}","templated":true}]}}