{"id":4342,"date":"2021-03-20T20:29:33","date_gmt":"2021-03-20T18:29:33","guid":{"rendered":"https:\/\/alternativa.lv\/?page_id=4342"},"modified":"2026-03-11T11:59:13","modified_gmt":"2026-03-11T09:59:13","slug":"manifests-zalais-restarts","status":"publish","type":"page","link":"https:\/\/alternativa.lv\/en\/home\/manifests-zalais-restarts\/","title":{"rendered":"Manifesto &#8220;GREEN RESET&#8221;"},"content":{"rendered":"\n<p><strong>Green Reset Movement Project<\/strong><\/p>\n\n\n\n<p><strong>This is the movement for joining.&nbsp; A project where any organization or person may undertake an obligation to ecology and society to create a safer and environmentally friendly world of the future, make their efforts to improve the environment in the world.<\/strong><\/p>\n\n\n\n<p class=\"has-text-align-center\"><strong>Manifesto &#8220;Green Reset&#8221;<\/strong><\/p>\n\n\n\n<p>There is a time when it is no longer possible in the world to think only about your benefit.&nbsp; The new era of stakeholders must come to the world of consumption. Challenges of climate change, the threat of dismantling natural resources, environmental pollution can no longer be a matter of individual people.&nbsp; Movement for the preservation of resources and the green world should be a common matter for all mankind.<\/p>\n\n\n\n<p>We must all participate in this movement or loss will be irreversible.<\/p>\n\n\n\n<p>No matter what area you are acting, in volunteering, projects, business.&nbsp; We invite you to join and take our manifesto &#8220;Green reset&#8221;.<\/p>\n\n\n\n<p>It doesn&#8217;t matter what you do and what projects are implementing. By joining a &#8220;Green reset&#8221;, you are taking as a norm: a refusal of non-ecological solutions, upcycling, a choice in favor of alternative energy sources, environmental protection.<\/p>\n\n\n\n<p>We welcome all who joined the movement of participation for the green world.&nbsp; And in all our projects, we undertake to adhere to the rules of solidarity and increased responsibility regarding the environmental problems of society.<\/p>\n\n\n\n<div class=\"wp-block-image\"><figure class=\"alignleft size-large is-resized\"><img data-recalc-dims=\"1\" loading=\"lazy\" decoding=\"async\" data-attachment-id=\"3696\" data-permalink=\"https:\/\/alternativa.lv\/en\/erasmus-projects\/quest-the-best-ye\/green-checkmark\/\" data-orig-file=\"https:\/\/i0.wp.com\/alternativa.lv\/wp-content\/uploads\/2021\/02\/green-checkmark.jpg?fit=225%2C225&amp;ssl=1\" data-orig-size=\"225,225\" data-comments-opened=\"0\" data-image-meta=\"{&quot;aperture&quot;:&quot;0&quot;,&quot;credit&quot;:&quot;&quot;,&quot;camera&quot;:&quot;&quot;,&quot;caption&quot;:&quot;&quot;,&quot;created_timestamp&quot;:&quot;0&quot;,&quot;copyright&quot;:&quot;&quot;,&quot;focal_length&quot;:&quot;0&quot;,&quot;iso&quot;:&quot;0&quot;,&quot;shutter_speed&quot;:&quot;0&quot;,&quot;title&quot;:&quot;&quot;,&quot;orientation&quot;:&quot;0&quot;}\" data-image-title=\"green-checkmark\" data-image-description=\"\" data-image-caption=\"\" data-medium-file=\"https:\/\/i0.wp.com\/alternativa.lv\/wp-content\/uploads\/2021\/02\/green-checkmark.jpg?fit=225%2C225&amp;ssl=1\" data-large-file=\"https:\/\/i0.wp.com\/alternativa.lv\/wp-content\/uploads\/2021\/02\/green-checkmark.jpg?fit=225%2C225&amp;ssl=1\" src=\"https:\/\/i0.wp.com\/alternativa.lv\/wp-content\/uploads\/2021\/02\/green-checkmark.jpg?resize=42%2C42&#038;ssl=1\" alt=\"\" class=\"wp-image-3696\" width=\"42\" height=\"42\" srcset=\"https:\/\/i0.wp.com\/alternativa.lv\/wp-content\/uploads\/2021\/02\/green-checkmark.jpg?w=225&amp;ssl=1 225w, https:\/\/i0.wp.com\/alternativa.lv\/wp-content\/uploads\/2021\/02\/green-checkmark.jpg?resize=150%2C150&amp;ssl=1 150w, https:\/\/i0.wp.com\/alternativa.lv\/wp-content\/uploads\/2021\/02\/green-checkmark.jpg?resize=200%2C200&amp;ssl=1 200w, https:\/\/i0.wp.com\/alternativa.lv\/wp-content\/uploads\/2021\/02\/green-checkmark.jpg?resize=90%2C90&amp;ssl=1 90w, https:\/\/i0.wp.com\/alternativa.lv\/wp-content\/uploads\/2021\/02\/green-checkmark.jpg?resize=75%2C75&amp;ssl=1 75w, https:\/\/i0.wp.com\/alternativa.lv\/wp-content\/uploads\/2021\/02\/green-checkmark.jpg?resize=50%2C50&amp;ssl=1 50w\" sizes=\"auto, (max-width: 42px) 100vw, 42px\" \/><\/figure><\/div>\n\n\n\n<p>1 We accept the challenge of climate change.&nbsp; And we are trying to use in our projects ecological travel options, where possible, and also to reduce other actions that can lead to climate change.&nbsp; We go to the maximum use in our projects alternative energy types.&nbsp; We draw the attention of partners that the refusal to use gas and oil resources should became for norm in the process of rebooting for all in the future.<\/p>\n\n\n\n<div class=\"wp-block-image\"><figure class=\"alignleft size-large is-resized\"><img data-recalc-dims=\"1\" loading=\"lazy\" decoding=\"async\" data-attachment-id=\"3696\" data-permalink=\"https:\/\/alternativa.lv\/en\/erasmus-projects\/quest-the-best-ye\/green-checkmark\/\" data-orig-file=\"https:\/\/i0.wp.com\/alternativa.lv\/wp-content\/uploads\/2021\/02\/green-checkmark.jpg?fit=225%2C225&amp;ssl=1\" data-orig-size=\"225,225\" data-comments-opened=\"0\" data-image-meta=\"{&quot;aperture&quot;:&quot;0&quot;,&quot;credit&quot;:&quot;&quot;,&quot;camera&quot;:&quot;&quot;,&quot;caption&quot;:&quot;&quot;,&quot;created_timestamp&quot;:&quot;0&quot;,&quot;copyright&quot;:&quot;&quot;,&quot;focal_length&quot;:&quot;0&quot;,&quot;iso&quot;:&quot;0&quot;,&quot;shutter_speed&quot;:&quot;0&quot;,&quot;title&quot;:&quot;&quot;,&quot;orientation&quot;:&quot;0&quot;}\" data-image-title=\"green-checkmark\" data-image-description=\"\" data-image-caption=\"\" data-medium-file=\"https:\/\/i0.wp.com\/alternativa.lv\/wp-content\/uploads\/2021\/02\/green-checkmark.jpg?fit=225%2C225&amp;ssl=1\" data-large-file=\"https:\/\/i0.wp.com\/alternativa.lv\/wp-content\/uploads\/2021\/02\/green-checkmark.jpg?fit=225%2C225&amp;ssl=1\" src=\"https:\/\/i0.wp.com\/alternativa.lv\/wp-content\/uploads\/2021\/02\/green-checkmark.jpg?resize=38%2C38&#038;ssl=1\" alt=\"\" class=\"wp-image-3696\" width=\"38\" height=\"38\" srcset=\"https:\/\/i0.wp.com\/alternativa.lv\/wp-content\/uploads\/2021\/02\/green-checkmark.jpg?w=225&amp;ssl=1 225w, https:\/\/i0.wp.com\/alternativa.lv\/wp-content\/uploads\/2021\/02\/green-checkmark.jpg?resize=150%2C150&amp;ssl=1 150w, https:\/\/i0.wp.com\/alternativa.lv\/wp-content\/uploads\/2021\/02\/green-checkmark.jpg?resize=200%2C200&amp;ssl=1 200w, https:\/\/i0.wp.com\/alternativa.lv\/wp-content\/uploads\/2021\/02\/green-checkmark.jpg?resize=90%2C90&amp;ssl=1 90w, https:\/\/i0.wp.com\/alternativa.lv\/wp-content\/uploads\/2021\/02\/green-checkmark.jpg?resize=75%2C75&amp;ssl=1 75w, https:\/\/i0.wp.com\/alternativa.lv\/wp-content\/uploads\/2021\/02\/green-checkmark.jpg?resize=50%2C50&amp;ssl=1 50w\" sizes=\"auto, (max-width: 38px) 100vw, 38px\" \/><\/figure><\/div>\n\n\n\n<p>2. We accept the challenge of environmental clogging.&nbsp; Every year one person throws about 300 kilograms of solid household waste.&nbsp; 10 million tons of plastic waste annually enters the world ocean.&nbsp; By 2050, the weight of plastic in the ocean will be greater than the weight of all ocean fish &#8211; more than 2 billion tons.&nbsp; And we assume the refusal to use plastic and conscious reduction of garbage waste in our projects.&nbsp; And also give preference to use long-term materials and reusing them.<\/p>\n\n\n\n<div class=\"wp-block-image\"><figure class=\"alignleft size-large is-resized\"><img data-recalc-dims=\"1\" loading=\"lazy\" decoding=\"async\" data-attachment-id=\"3696\" data-permalink=\"https:\/\/alternativa.lv\/en\/erasmus-projects\/quest-the-best-ye\/green-checkmark\/\" data-orig-file=\"https:\/\/i0.wp.com\/alternativa.lv\/wp-content\/uploads\/2021\/02\/green-checkmark.jpg?fit=225%2C225&amp;ssl=1\" data-orig-size=\"225,225\" data-comments-opened=\"0\" data-image-meta=\"{&quot;aperture&quot;:&quot;0&quot;,&quot;credit&quot;:&quot;&quot;,&quot;camera&quot;:&quot;&quot;,&quot;caption&quot;:&quot;&quot;,&quot;created_timestamp&quot;:&quot;0&quot;,&quot;copyright&quot;:&quot;&quot;,&quot;focal_length&quot;:&quot;0&quot;,&quot;iso&quot;:&quot;0&quot;,&quot;shutter_speed&quot;:&quot;0&quot;,&quot;title&quot;:&quot;&quot;,&quot;orientation&quot;:&quot;0&quot;}\" data-image-title=\"green-checkmark\" data-image-description=\"\" data-image-caption=\"\" data-medium-file=\"https:\/\/i0.wp.com\/alternativa.lv\/wp-content\/uploads\/2021\/02\/green-checkmark.jpg?fit=225%2C225&amp;ssl=1\" data-large-file=\"https:\/\/i0.wp.com\/alternativa.lv\/wp-content\/uploads\/2021\/02\/green-checkmark.jpg?fit=225%2C225&amp;ssl=1\" src=\"https:\/\/i0.wp.com\/alternativa.lv\/wp-content\/uploads\/2021\/02\/green-checkmark.jpg?resize=41%2C41&#038;ssl=1\" alt=\"\" class=\"wp-image-3696\" width=\"41\" height=\"41\" srcset=\"https:\/\/i0.wp.com\/alternativa.lv\/wp-content\/uploads\/2021\/02\/green-checkmark.jpg?w=225&amp;ssl=1 225w, https:\/\/i0.wp.com\/alternativa.lv\/wp-content\/uploads\/2021\/02\/green-checkmark.jpg?resize=150%2C150&amp;ssl=1 150w, https:\/\/i0.wp.com\/alternativa.lv\/wp-content\/uploads\/2021\/02\/green-checkmark.jpg?resize=200%2C200&amp;ssl=1 200w, https:\/\/i0.wp.com\/alternativa.lv\/wp-content\/uploads\/2021\/02\/green-checkmark.jpg?resize=90%2C90&amp;ssl=1 90w, https:\/\/i0.wp.com\/alternativa.lv\/wp-content\/uploads\/2021\/02\/green-checkmark.jpg?resize=75%2C75&amp;ssl=1 75w, https:\/\/i0.wp.com\/alternativa.lv\/wp-content\/uploads\/2021\/02\/green-checkmark.jpg?resize=50%2C50&amp;ssl=1 50w\" sizes=\"auto, (max-width: 41px) 100vw, 41px\" \/><\/figure><\/div>\n\n\n\n<p>3. We refuse to participate in the murder of trees.&nbsp; Take a challenge of cutting paper and cardboard consumption, in those places where we still need to use paper or cardboard &#8211; we can consciously use only recycled materials.<\/p>\n\n\n\n<div class=\"wp-block-image\"><figure class=\"alignleft size-large is-resized\"><img data-recalc-dims=\"1\" loading=\"lazy\" decoding=\"async\" data-attachment-id=\"3696\" data-permalink=\"https:\/\/alternativa.lv\/en\/erasmus-projects\/quest-the-best-ye\/green-checkmark\/\" data-orig-file=\"https:\/\/i0.wp.com\/alternativa.lv\/wp-content\/uploads\/2021\/02\/green-checkmark.jpg?fit=225%2C225&amp;ssl=1\" data-orig-size=\"225,225\" data-comments-opened=\"0\" data-image-meta=\"{&quot;aperture&quot;:&quot;0&quot;,&quot;credit&quot;:&quot;&quot;,&quot;camera&quot;:&quot;&quot;,&quot;caption&quot;:&quot;&quot;,&quot;created_timestamp&quot;:&quot;0&quot;,&quot;copyright&quot;:&quot;&quot;,&quot;focal_length&quot;:&quot;0&quot;,&quot;iso&quot;:&quot;0&quot;,&quot;shutter_speed&quot;:&quot;0&quot;,&quot;title&quot;:&quot;&quot;,&quot;orientation&quot;:&quot;0&quot;}\" data-image-title=\"green-checkmark\" data-image-description=\"\" data-image-caption=\"\" data-medium-file=\"https:\/\/i0.wp.com\/alternativa.lv\/wp-content\/uploads\/2021\/02\/green-checkmark.jpg?fit=225%2C225&amp;ssl=1\" data-large-file=\"https:\/\/i0.wp.com\/alternativa.lv\/wp-content\/uploads\/2021\/02\/green-checkmark.jpg?fit=225%2C225&amp;ssl=1\" src=\"https:\/\/i0.wp.com\/alternativa.lv\/wp-content\/uploads\/2021\/02\/green-checkmark.jpg?resize=41%2C41&#038;ssl=1\" alt=\"\" class=\"wp-image-3696\" width=\"41\" height=\"41\" srcset=\"https:\/\/i0.wp.com\/alternativa.lv\/wp-content\/uploads\/2021\/02\/green-checkmark.jpg?w=225&amp;ssl=1 225w, https:\/\/i0.wp.com\/alternativa.lv\/wp-content\/uploads\/2021\/02\/green-checkmark.jpg?resize=150%2C150&amp;ssl=1 150w, https:\/\/i0.wp.com\/alternativa.lv\/wp-content\/uploads\/2021\/02\/green-checkmark.jpg?resize=200%2C200&amp;ssl=1 200w, https:\/\/i0.wp.com\/alternativa.lv\/wp-content\/uploads\/2021\/02\/green-checkmark.jpg?resize=90%2C90&amp;ssl=1 90w, https:\/\/i0.wp.com\/alternativa.lv\/wp-content\/uploads\/2021\/02\/green-checkmark.jpg?resize=75%2C75&amp;ssl=1 75w, https:\/\/i0.wp.com\/alternativa.lv\/wp-content\/uploads\/2021\/02\/green-checkmark.jpg?resize=50%2C50&amp;ssl=1 50w\" sizes=\"auto, (max-width: 41px) 100vw, 41px\" \/><\/figure><\/div>\n\n\n\n<p>4. We accept a challenge of overproduction.&nbsp; And every time when it is possible, we make a choice in your projects in favor of upcycling and sharing.<\/p>\n\n\n\n<div class=\"wp-block-image\"><figure class=\"alignleft size-large is-resized\"><img data-recalc-dims=\"1\" loading=\"lazy\" decoding=\"async\" data-attachment-id=\"3696\" data-permalink=\"https:\/\/alternativa.lv\/en\/erasmus-projects\/quest-the-best-ye\/green-checkmark\/\" data-orig-file=\"https:\/\/i0.wp.com\/alternativa.lv\/wp-content\/uploads\/2021\/02\/green-checkmark.jpg?fit=225%2C225&amp;ssl=1\" data-orig-size=\"225,225\" data-comments-opened=\"0\" data-image-meta=\"{&quot;aperture&quot;:&quot;0&quot;,&quot;credit&quot;:&quot;&quot;,&quot;camera&quot;:&quot;&quot;,&quot;caption&quot;:&quot;&quot;,&quot;created_timestamp&quot;:&quot;0&quot;,&quot;copyright&quot;:&quot;&quot;,&quot;focal_length&quot;:&quot;0&quot;,&quot;iso&quot;:&quot;0&quot;,&quot;shutter_speed&quot;:&quot;0&quot;,&quot;title&quot;:&quot;&quot;,&quot;orientation&quot;:&quot;0&quot;}\" data-image-title=\"green-checkmark\" data-image-description=\"\" data-image-caption=\"\" data-medium-file=\"https:\/\/i0.wp.com\/alternativa.lv\/wp-content\/uploads\/2021\/02\/green-checkmark.jpg?fit=225%2C225&amp;ssl=1\" data-large-file=\"https:\/\/i0.wp.com\/alternativa.lv\/wp-content\/uploads\/2021\/02\/green-checkmark.jpg?fit=225%2C225&amp;ssl=1\" src=\"https:\/\/i0.wp.com\/alternativa.lv\/wp-content\/uploads\/2021\/02\/green-checkmark.jpg?resize=43%2C43&#038;ssl=1\" alt=\"\" class=\"wp-image-3696\" width=\"43\" height=\"43\" srcset=\"https:\/\/i0.wp.com\/alternativa.lv\/wp-content\/uploads\/2021\/02\/green-checkmark.jpg?w=225&amp;ssl=1 225w, https:\/\/i0.wp.com\/alternativa.lv\/wp-content\/uploads\/2021\/02\/green-checkmark.jpg?resize=150%2C150&amp;ssl=1 150w, https:\/\/i0.wp.com\/alternativa.lv\/wp-content\/uploads\/2021\/02\/green-checkmark.jpg?resize=200%2C200&amp;ssl=1 200w, https:\/\/i0.wp.com\/alternativa.lv\/wp-content\/uploads\/2021\/02\/green-checkmark.jpg?resize=90%2C90&amp;ssl=1 90w, https:\/\/i0.wp.com\/alternativa.lv\/wp-content\/uploads\/2021\/02\/green-checkmark.jpg?resize=75%2C75&amp;ssl=1 75w, https:\/\/i0.wp.com\/alternativa.lv\/wp-content\/uploads\/2021\/02\/green-checkmark.jpg?resize=50%2C50&amp;ssl=1 50w\" sizes=\"auto, (max-width: 43px) 100vw, 43px\" \/><\/figure><\/div>\n\n\n\n<p>5 We challenge the manipulations of archaic society, thinking only about personal gain.&nbsp; And we show all the opportunity that the world can be different.&nbsp; The world, where our future, our ecosystem will be safe and that it depends on each of us.<\/p>\n\n\n\n<p>If we start with ourselves, many will join us and a drops will became to a stream.<\/p>\n\n\n\n<p>We invite you to join the &#8220;Green Reset&#8221; project. If you care climate problems and the preservation of the long-term sustainable friendly environment, the preservation of the green world for descendants &#8211; Join us now!<\/p>\n\n\n\n<div class=\"wp-block-image\"><figure class=\"alignleft size-large is-resized\"><img data-recalc-dims=\"1\" loading=\"lazy\" decoding=\"async\" data-attachment-id=\"3679\" data-permalink=\"https:\/\/alternativa.lv\/en\/green-tree-logo-curv-orange-leaves-2sm-300px\/\" data-orig-file=\"https:\/\/i0.wp.com\/alternativa.lv\/wp-content\/uploads\/2021\/01\/Green-tree-logo-curv-orange-LEAVES-2sm-300px-e1629410184956.png?fit=300%2C178&amp;ssl=1\" data-orig-size=\"300,178\" data-comments-opened=\"0\" data-image-meta=\"{&quot;aperture&quot;:&quot;0&quot;,&quot;credit&quot;:&quot;&quot;,&quot;camera&quot;:&quot;&quot;,&quot;caption&quot;:&quot;&quot;,&quot;created_timestamp&quot;:&quot;0&quot;,&quot;copyright&quot;:&quot;&quot;,&quot;focal_length&quot;:&quot;0&quot;,&quot;iso&quot;:&quot;0&quot;,&quot;shutter_speed&quot;:&quot;0&quot;,&quot;title&quot;:&quot;&quot;,&quot;orientation&quot;:&quot;0&quot;}\" data-image-title=\"Green-tree-logo-curv-orange-LEAVES-2sm 300px\" data-image-description=\"\" data-image-caption=\"\" data-medium-file=\"https:\/\/i0.wp.com\/alternativa.lv\/wp-content\/uploads\/2021\/01\/Green-tree-logo-curv-orange-LEAVES-2sm-300px-e1629410184956.png?fit=300%2C178&amp;ssl=1\" data-large-file=\"https:\/\/i0.wp.com\/alternativa.lv\/wp-content\/uploads\/2021\/01\/Green-tree-logo-curv-orange-LEAVES-2sm-300px-e1629410184956.png?fit=300%2C178&amp;ssl=1\" src=\"https:\/\/i0.wp.com\/alternativa.lv\/wp-content\/uploads\/2021\/01\/Green-tree-logo-curv-orange-LEAVES-2sm-300px.png?resize=231%2C137&#038;ssl=1\" alt=\"\" class=\"wp-image-3679\" width=\"231\" height=\"137\"\/><figcaption>Manifesto of Culture Association Alternate Reality, 17.03.2021.<\/figcaption><\/figure><\/div>\n\n\n\n<p><\/p>\n","protected":false},"excerpt":{"rendered":"<p>Green Reset Movement Project This is the movement for joining.&nbsp; A project where any organization or person may undertake an obligation to ecology and society to create a safer and environmentally friendly world of the future, make their efforts to improve the environment in the world. Manifesto &#8220;Green Reset&#8221; There&gt;&gt;&gt;<\/p>\n","protected":false},"author":133522584,"featured_media":0,"parent":4,"menu_order":1,"comment_status":"closed","ping_status":"closed","template":"","meta":{"_eb_attr":"","jetpack_post_was_ever_published":false,"footnotes":""},"folder":[635157419],"class_list":["post-4342","page","type-page","status-publish","hentry"],"translation":{"provider":"WPGlobus","version":"3.0.2","language":"en","enabled_languages":["lv","en","ru"],"languages":{"lv":{"title":true,"content":true,"excerpt":false},"en":{"title":true,"content":true,"excerpt":false},"ru":{"title":true,"content":true,"excerpt":false}}},"jetpack_sharing_enabled":true,"jetpack_shortlink":"https:\/\/wp.me\/P9yPz0-182","jetpack_likes_enabled":true,"jetpack-related-posts":[{"id":4599,"url":"https:\/\/alternativa.lv\/en\/musu-standarti-un-kredo\/","url_meta":{"origin":4342,"position":0},"title":"OUR CREDO AND STANDARDS","author":"tesstemona","date":"15\/04\/2021","format":false,"excerpt":"{:lv} M\u0113s esam neliela talant\u012bgu profesion\u0101\u013cu un jaunie\u0161u ar pla\u0161u pieredzes un iema\u0146u kl\u0101stu. M\u0113s m\u012blam to ko dar\u0101m, un sav\u0101 darb\u0101 esam nospraudu\u0161i gan m\u0113r\u0137us, gan savas darba kvalit\u0101tes standartus un principus. M\u016bsu standarti Erasmus + un ESK (Eiropas Solidarit\u0101tes korpuss) projektiem: No dal\u012bbniekiem par dal\u012bbu m\u016bsu koordin\u0113tajos projektos\u2026","rel":"","context":"Similar post","block_context":{"text":"Similar post","link":""},"img":{"alt_text":"","src":"","width":0,"height":0},"classes":[]},{"id":4370,"url":"https:\/\/alternativa.lv\/en\/manifests-maksla-pret-ksenofobiju\/","url_meta":{"origin":4342,"position":1},"title":"MANIFESTO &#8220;NET ART AGAINST XENOPHOBIA&#8221;","author":"tesstemona","date":"08\/09\/2019","format":false,"excerpt":"{:lv} \"Kad viens m\u0113rka\u0137is akmens viet\u0101 iemeta otram m\u0113rka\u0137im ar v\u0101rdu, tie\u0161i tur un tad s\u0101k\u0101s civiliz\u0101cija.\"\"Akme\u0146i nebija s\u0113klas, no kur\u0101m diedza civiliz\u0101cija, bet v\u0101rdi gan.\" Manifests \"M\u0101ksla pret ksenofobiju\" Tum\u0161a istaba bied\u0113 m\u016bs, dzi\u013cu oke\u0101ns bied\u0113 m\u016bs, m\u0113s baid\u0101mies no tum\u0161\u0101m viet\u0101m, baidamies no vis\u0101m nezin\u0101maj\u0101m un neizprast\u0101m liet\u0101m\u2026","rel":"","context":"Similar post","block_context":{"text":"Similar post","link":""},"img":{"alt_text":"","src":"https:\/\/i0.wp.com\/alternativa.lv\/wp-content\/uploads\/2021\/01\/Green-tree-logo-curv-orange-LEAVES-2sm-300px.png?resize=350%2C200&ssl=1","width":350,"height":200},"classes":[]},{"id":13828,"url":"https:\/\/alternativa.lv\/en\/projekti\/solidaritates-projekti\/narnija-brivibas-karali\/","url_meta":{"origin":4342,"position":2},"title":"N\u0101rnija: Br\u012bv\u012bbas kara\u013ci","author":"tesstemona","date":"07\/02\/2025","format":false,"excerpt":"Tevi k\u0101dreiz ir apsm\u0113ju\u0161i? Juties viens? Tu neesi viens. M\u0113s \u2013 jaunie\u0161i no \u201cNarnija: Br\u012bv\u012bbas Kara\u013ci\u201d \u2013 esam to piedz\u012bvoju\u0161i. Tie\u0161i t\u0101p\u0113c m\u0113s rad\u012bj\u0101m vietu, kur neviens nav j\u0101izliekas par citu, kur katrs var b\u016bt Varonis. \ud83d\udee1\ufe0f \u0160\u012b nav vienk\u0101r\u0161i sp\u0113le. T\u0101 ir vieta, kur tu vari: \u2714\ufe0f izveidot savu\u2026","rel":"","context":"Similar post","block_context":{"text":"Similar post","link":""},"img":{"alt_text":"","src":"https:\/\/i0.wp.com\/alternativa.lv\/wp-content\/uploads\/2025\/03\/%D0%A0%D0%B5%D1%81%D1%83%D1%80%D1%81-23logo3.png?fit=1200%2C709&ssl=1&resize=350%2C200","width":350,"height":200,"srcset":"https:\/\/i0.wp.com\/alternativa.lv\/wp-content\/uploads\/2025\/03\/%D0%A0%D0%B5%D1%81%D1%83%D1%80%D1%81-23logo3.png?fit=1200%2C709&ssl=1&resize=350%2C200 1x, https:\/\/i0.wp.com\/alternativa.lv\/wp-content\/uploads\/2025\/03\/%D0%A0%D0%B5%D1%81%D1%83%D1%80%D1%81-23logo3.png?fit=1200%2C709&ssl=1&resize=525%2C300 1.5x, https:\/\/i0.wp.com\/alternativa.lv\/wp-content\/uploads\/2025\/03\/%D0%A0%D0%B5%D1%81%D1%83%D1%80%D1%81-23logo3.png?fit=1200%2C709&ssl=1&resize=700%2C400 2x, https:\/\/i0.wp.com\/alternativa.lv\/wp-content\/uploads\/2025\/03\/%D0%A0%D0%B5%D1%81%D1%83%D1%80%D1%81-23logo3.png?fit=1200%2C709&ssl=1&resize=1050%2C600 3x"},"classes":[]},{"id":1087,"url":"https:\/\/alternativa.lv\/en\/esc-projects\/xenophobia-discussion-club\/","url_meta":{"origin":4342,"position":3},"title":"SOLIDARITY PROJECT &#8220;xeNOphobia&#8221; Discussion club","author":"tesstemona","date":"22\/05\/2019","format":false,"excerpt":"{:lv} Kult\u016bras biedr\u012bba \"Alternat\u012bv\u0101 Realit\u0101te\" realiz\u0113 Solidarit\u0101tes projektu Diskusiju klubs \"xeNOphobia\" ksenofobijas un diskrimin\u0101cijas probl\u0113mu mazin\u0101\u0161anai un viet\u0113jo iedz\u012bvot\u0101ju iepaz\u012bstin\u0101\u0161anai ar \u0161\u012bm probl\u0113m\u0101m Latvij\u0101 un Eirop\u0101. Projekta periods: 01.05.2019. - 31.10.2019. Projekta numurs: 2019-1-LV02-ESC31-002476 Projekta m\u0113r\u0137is: Ar izgl\u012btojo\u0161iem un informat\u012bviem pas\u0101kumiem veicin\u0101t sabiedr\u012bb\u0101 valdo\u0161o stereotipu par neieciet\u012bbai un diskrimin\u0101cijai pak\u013cautaj\u0101m\u2026","rel":"","context":"Similar post","block_context":{"text":"Similar post","link":""},"img":{"alt_text":"","src":"https:\/\/i0.wp.com\/alternativa.lv\/wp-content\/uploads\/2019\/05\/FB-header.png?fit=1200%2C632&ssl=1&resize=350%2C200","width":350,"height":200,"srcset":"https:\/\/i0.wp.com\/alternativa.lv\/wp-content\/uploads\/2019\/05\/FB-header.png?fit=1200%2C632&ssl=1&resize=350%2C200 1x, https:\/\/i0.wp.com\/alternativa.lv\/wp-content\/uploads\/2019\/05\/FB-header.png?fit=1200%2C632&ssl=1&resize=525%2C300 1.5x, https:\/\/i0.wp.com\/alternativa.lv\/wp-content\/uploads\/2019\/05\/FB-header.png?fit=1200%2C632&ssl=1&resize=700%2C400 2x, https:\/\/i0.wp.com\/alternativa.lv\/wp-content\/uploads\/2019\/05\/FB-header.png?fit=1200%2C632&ssl=1&resize=1050%2C600 3x"},"classes":[]},{"id":5262,"url":"https:\/\/alternativa.lv\/en\/our-social-projects\/integrejosa-spele-jauniesiem-izzini-pasauli-iepazisti-sevi\/","url_meta":{"origin":4342,"position":4},"title":"Integr\u0113jo\u0161\u0101 sp\u0113le jaunie\u0161iem &#8220;izzini pasauli &#8211; iepaz\u012bsti sevi&#8221;","author":"tesstemona","date":"01\/07\/2021","format":false,"excerpt":"Pateicoties jaunai Valsts jaunatnes programmai esam uzs\u0101ku\u0161i jaunu projektu, kura m\u0113r\u0137is ir pal\u012bdz\u0113t jaunie\u0161iem p\u0101rvar\u0113t Covid-19 pand\u0113mijas rad\u012bt\u0101s sekas. \u201cCovid-19 pand\u0113mija ir b\u016btiski ietekm\u0113jusi visas jaunie\u0161u dz\u012bves jomas \u2013 izgl\u012bt\u012bbu, nodarbin\u0101t\u012bbu un br\u012bv\u0101 laika pavad\u012b\u0161anu, k\u0101 ar\u012b iespaidojusi vi\u0146u ment\u0101lo labsaj\u016btu. Vecumposm\u0101, kad veiksm\u012bgai p\u0101rejai uz pilnv\u0113rt\u012bgu pieaugu\u0161\u0101 dz\u012bvi b\u016btiska\u2026","rel":"","context":"Similar post","block_context":{"text":"Similar post","link":""},"img":{"alt_text":"","src":"https:\/\/i0.wp.com\/alternativa.lv\/wp-content\/uploads\/2021\/08\/226379436_4162411713835390_4312893978696383908_n.jpg?fit=1200%2C795&ssl=1&resize=350%2C200","width":350,"height":200,"srcset":"https:\/\/i0.wp.com\/alternativa.lv\/wp-content\/uploads\/2021\/08\/226379436_4162411713835390_4312893978696383908_n.jpg?fit=1200%2C795&ssl=1&resize=350%2C200 1x, https:\/\/i0.wp.com\/alternativa.lv\/wp-content\/uploads\/2021\/08\/226379436_4162411713835390_4312893978696383908_n.jpg?fit=1200%2C795&ssl=1&resize=525%2C300 1.5x, https:\/\/i0.wp.com\/alternativa.lv\/wp-content\/uploads\/2021\/08\/226379436_4162411713835390_4312893978696383908_n.jpg?fit=1200%2C795&ssl=1&resize=700%2C400 2x, https:\/\/i0.wp.com\/alternativa.lv\/wp-content\/uploads\/2021\/08\/226379436_4162411713835390_4312893978696383908_n.jpg?fit=1200%2C795&ssl=1&resize=1050%2C600 3x"},"classes":[]},{"id":5221,"url":"https:\/\/alternativa.lv\/en\/esc-projects\/darba-pieredze-jauniesiem\/","url_meta":{"origin":4342,"position":5},"title":"JOB PROJECT FOR YOUNGSTERS","author":"tesstemona","date":"10\/06\/2021","format":false,"excerpt":"{:lv} Laika posm\u0101 no 01.06.2020. l\u012bdz 31.05.2021. kult\u016bras biedr\u012bba \"Alternat\u012bv\u0101 Realit\u0101te\" \u012bstenoja projektu \"Mandar\u012bnu Zeme: atbalsts un iek\u013cau\u0161ana\". \u0160is bija darba projekts Eiropas Solidarit\u00e1tes Korpusa programmas ietvaros, kas sniedza darba pieredzes g\u016b\u0161anas iesp\u0113jas janie\u0161iem ar ierobe\u017eot\u0101m iesp\u0113j\u0101m. \u010cetras jaukas jaunietes gada laik\u0101 bija guvu\u0161as pieredzi darba organiz\u0113\u0161anas jom\u0101, pien\u0101kumu un\u2026","rel":"","context":"Similar post","block_context":{"text":"Similar post","link":""},"img":{"alt_text":"","src":"https:\/\/i0.wp.com\/alternativa.lv\/wp-content\/uploads\/2021\/08\/105332707_266256387775034_966557257938245592_n.jpg?resize=350%2C200","width":350,"height":200,"srcset":"https:\/\/i0.wp.com\/alternativa.lv\/wp-content\/uploads\/2021\/08\/105332707_266256387775034_966557257938245592_n.jpg?resize=350%2C200 1x, https:\/\/i0.wp.com\/alternativa.lv\/wp-content\/uploads\/2021\/08\/105332707_266256387775034_966557257938245592_n.jpg?resize=525%2C300 1.5x"},"classes":[]}],"amp_enabled":true,"_links":{"self":[{"href":"https:\/\/alternativa.lv\/en\/wp-json\/wp\/v2\/pages\/4342","targetHints":{"allow":["GET"]}}],"collection":[{"href":"https:\/\/alternativa.lv\/en\/wp-json\/wp\/v2\/pages"}],"about":[{"href":"https:\/\/alternativa.lv\/en\/wp-json\/wp\/v2\/types\/page"}],"author":[{"embeddable":true,"href":"https:\/\/alternativa.lv\/en\/wp-json\/wp\/v2\/users\/133522584"}],"replies":[{"embeddable":true,"href":"https:\/\/alternativa.lv\/en\/wp-json\/wp\/v2\/comments?post=4342"}],"version-history":[{"count":26,"href":"https:\/\/alternativa.lv\/en\/wp-json\/wp\/v2\/pages\/4342\/revisions"}],"predecessor-version":[{"id":14347,"href":"https:\/\/alternativa.lv\/en\/wp-json\/wp\/v2\/pages\/4342\/revisions\/14347"}],"up":[{"embeddable":true,"href":"https:\/\/alternativa.lv\/en\/wp-json\/wp\/v2\/pages\/4"}],"wp:attachment":[{"href":"https:\/\/alternativa.lv\/en\/wp-json\/wp\/v2\/media?parent=4342"}],"wp:term":[{"taxonomy":"folder","embeddable":true,"href":"https:\/\/alternativa.lv\/en\/wp-json\/wp\/v2\/folder?post=4342"}],"curies":[{"name":"wp","href":"https:\/\/api.w.org\/{rel}","templated":true}]}}