{"id":4370,"date":"2019-09-08T21:15:00","date_gmt":"2019-09-08T19:15:00","guid":{"rendered":"https:\/\/alternativa.lv\/?page_id=4370"},"modified":"2021-03-20T21:47:15","modified_gmt":"2021-03-20T19:47:15","slug":"manifests-maksla-pret-ksenofobiju","status":"publish","type":"page","link":"https:\/\/alternativa.lv\/en\/manifests-maksla-pret-ksenofobiju\/","title":{"rendered":"MANIFESTO &#8220;NET ART AGAINST XENOPHOBIA&#8221;"},"content":{"rendered":"\n<p>\u201cWhen one ape threw a word at the other ape instead of a rock, there and then the civilization began.\u201d<\/p>\n\n\n\n<p>\u201cRocks were not the seeds from which civilization sprouted, but words were.\u201d<\/p>\n\n\n\n<p class=\"has-text-align-center\"><strong>Manifesto &#8220;NET ART AGAINST XENOPHOBIA&#8221;<\/strong><\/p>\n\n\n\n<p>A dark room scares us, a deep ocean scares us, we are afraid of the dark vastness of space, afraid of all the unknown and unexperienced things in life. But all our fears are not rooted from what we know is harmful, but from our lack of knowledge. The lack of knowledge keeps us in a box living and thinking how others dictate us to. It is a great loss that led us to tone of the biggest problems of our society, that loss led us to xenophobia. Xenophobia by nature can only grow in dark deep empty places where peoples\u2019 hearts and minds have not been filled with tolerance.<\/p>\n\n\n\n<p>We want to use art as a beacon of illumination to battle the darkness in the room because darkness can only be routed by light. And what light can shine brighter than the one of art? Our lighthouse is <a href=\"http:\/\/WWW.TOLERART.COM\">www.tolerart.com<\/a> and we call all the stranded ships to join us in finding a dock. You are not alone and together we are able to withstand the harshest of storms. It is sadly still the case nowadays that many countries do not have the freedom of speech. Artist who are trying to speak up are prosecuted, harassed or even killed for the messages they are trying to convey. Our platform will provide a safe space for them to express themselves safely and freely and to draw attention of the general public to the matter. On our art space the artist from all over the world will be able to express the various manifestations of xenophobia in their countries. We believe that this platform is needed because it would represent a virtual frontier for the fight against xenophobia.<\/p>\n\n\n\n<div class=\"wp-block-image\"><figure class=\"alignleft size-large is-resized\"><img data-recalc-dims=\"1\" loading=\"lazy\" decoding=\"async\" data-attachment-id=\"3679\" data-permalink=\"https:\/\/alternativa.lv\/en\/green-tree-logo-curv-orange-leaves-2sm-300px\/\" data-orig-file=\"https:\/\/i0.wp.com\/alternativa.lv\/wp-content\/uploads\/2021\/01\/Green-tree-logo-curv-orange-LEAVES-2sm-300px-e1629410184956.png?fit=300%2C178&amp;ssl=1\" data-orig-size=\"300,178\" data-comments-opened=\"0\" data-image-meta=\"{&quot;aperture&quot;:&quot;0&quot;,&quot;credit&quot;:&quot;&quot;,&quot;camera&quot;:&quot;&quot;,&quot;caption&quot;:&quot;&quot;,&quot;created_timestamp&quot;:&quot;0&quot;,&quot;copyright&quot;:&quot;&quot;,&quot;focal_length&quot;:&quot;0&quot;,&quot;iso&quot;:&quot;0&quot;,&quot;shutter_speed&quot;:&quot;0&quot;,&quot;title&quot;:&quot;&quot;,&quot;orientation&quot;:&quot;0&quot;}\" data-image-title=\"Green-tree-logo-curv-orange-LEAVES-2sm 300px\" data-image-description=\"\" data-image-caption=\"\" data-large-file=\"https:\/\/i0.wp.com\/alternativa.lv\/wp-content\/uploads\/2021\/01\/Green-tree-logo-curv-orange-LEAVES-2sm-300px-e1629410184956.png?fit=300%2C178&amp;ssl=1\" src=\"https:\/\/i0.wp.com\/alternativa.lv\/wp-content\/uploads\/2021\/01\/Green-tree-logo-curv-orange-LEAVES-2sm-300px.png?resize=265%2C157&#038;ssl=1\" alt=\"\" class=\"wp-image-3679\" width=\"265\" height=\"157\"\/><figcaption>Manifesto of Culture Association &#8220;Alternate reality&#8221; and participants of the Erasmus+ project &#8220;Net Art for tolerance&#8221;, 08.09.2019.<\/figcaption><\/figure><\/div>\n","protected":false},"excerpt":{"rendered":"<p>\u201cWhen one ape threw a word at the other ape instead of a rock, there and then the civilization began.\u201d \u201cRocks were not the seeds from which civilization sprouted, but words were.\u201d Manifesto &#8220;NET ART AGAINST XENOPHOBIA&#8221; A dark room scares us, a deep ocean scares us, we are afraid&gt;&gt;&gt;<\/p>\n","protected":false},"author":133522584,"featured_media":0,"parent":0,"menu_order":0,"comment_status":"closed","ping_status":"closed","template":"","meta":{"_eb_attr":"","footnotes":""},"folder":[635157419],"class_list":["post-4370","page","type-page","status-publish","hentry"],"translation":{"provider":"WPGlobus","version":"3.0.2","language":"en","enabled_languages":["lv","en","ru"],"languages":{"lv":{"title":true,"content":true,"excerpt":false},"en":{"title":true,"content":true,"excerpt":false},"ru":{"title":true,"content":true,"excerpt":false}}},"jetpack_sharing_enabled":true,"jetpack_shortlink":"https:\/\/wp.me\/P9yPz0-18u","jetpack_likes_enabled":true,"jetpack-related-posts":[{"id":4599,"url":"https:\/\/alternativa.lv\/en\/musu-standarti-un-kredo\/","url_meta":{"origin":4370,"position":0},"title":"OUR CREDO AND STANDARDS","author":"tesstemona","date":"15\/04\/2021","format":false,"excerpt":"{:lv} M\u0113s esam neliela talant\u012bgu profesion\u0101\u013cu un jaunie\u0161u ar pla\u0161u pieredzes un iema\u0146u kl\u0101stu. M\u0113s m\u012blam to ko dar\u0101m, un sav\u0101 darb\u0101 esam nospraudu\u0161i gan m\u0113r\u0137us, gan savas darba kvalit\u0101tes standartus un principus. M\u016bsu standarti Erasmus + un ESK (Eiropas Solidarit\u0101tes korpuss) projektiem: No dal\u012bbniekiem par dal\u012bbu m\u016bsu koordin\u0113tajos projektos\u2026","rel":"","context":"Similar post","block_context":{"text":"Similar post","link":""},"img":{"alt_text":"","src":"","width":0,"height":0},"classes":[]},{"id":5262,"url":"https:\/\/alternativa.lv\/en\/our-social-projects\/integrejosa-spele-jauniesiem-izzini-pasauli-iepazisti-sevi\/","url_meta":{"origin":4370,"position":1},"title":"Integr\u0113jo\u0161\u0101 sp\u0113le jaunie\u0161iem &#8220;izzini pasauli &#8211; iepaz\u012bsti sevi&#8221;","author":"tesstemona","date":"01\/07\/2021","format":false,"excerpt":"Pateicoties jaunai Valsts jaunatnes programmai esam uzs\u0101ku\u0161i jaunu projektu, kura m\u0113r\u0137is ir pal\u012bdz\u0113t jaunie\u0161iem p\u0101rvar\u0113t Covid-19 pand\u0113mijas rad\u012bt\u0101s sekas. \u201cCovid-19 pand\u0113mija ir b\u016btiski ietekm\u0113jusi visas jaunie\u0161u dz\u012bves jomas \u2013 izgl\u012bt\u012bbu, nodarbin\u0101t\u012bbu un br\u012bv\u0101 laika pavad\u012b\u0161anu, k\u0101 ar\u012b iespaidojusi vi\u0146u ment\u0101lo labsaj\u016btu. Vecumposm\u0101, kad veiksm\u012bgai p\u0101rejai uz pilnv\u0113rt\u012bgu pieaugu\u0161\u0101 dz\u012bvi b\u016btiska\u2026","rel":"","context":"Similar post","block_context":{"text":"Similar post","link":""},"img":{"alt_text":"","src":"https:\/\/i0.wp.com\/alternativa.lv\/wp-content\/uploads\/2021\/08\/226379436_4162411713835390_4312893978696383908_n.jpg?fit=1200%2C795&ssl=1&resize=350%2C200","width":350,"height":200,"srcset":"https:\/\/i0.wp.com\/alternativa.lv\/wp-content\/uploads\/2021\/08\/226379436_4162411713835390_4312893978696383908_n.jpg?fit=1200%2C795&ssl=1&resize=350%2C200 1x, https:\/\/i0.wp.com\/alternativa.lv\/wp-content\/uploads\/2021\/08\/226379436_4162411713835390_4312893978696383908_n.jpg?fit=1200%2C795&ssl=1&resize=525%2C300 1.5x, https:\/\/i0.wp.com\/alternativa.lv\/wp-content\/uploads\/2021\/08\/226379436_4162411713835390_4312893978696383908_n.jpg?fit=1200%2C795&ssl=1&resize=700%2C400 2x, https:\/\/i0.wp.com\/alternativa.lv\/wp-content\/uploads\/2021\/08\/226379436_4162411713835390_4312893978696383908_n.jpg?fit=1200%2C795&ssl=1&resize=1050%2C600 3x"},"classes":[]},{"id":4342,"url":"https:\/\/alternativa.lv\/en\/home\/manifests-zalais-restarts\/","url_meta":{"origin":4370,"position":2},"title":"Manifesto &#8220;GREEN RESET&#8221;","author":"tesstemona","date":"20\/03\/2021","format":false,"excerpt":"{:lv} Projekts \"Za\u013cais restarts\" ir apvienojo\u0161\u0101 kust\u012bba.\u00a0 Projekts, kur\u0101 jebkura organiz\u0101cija vai persona var uz\u0146emties saist\u012bbas ekolo\u0123ijas un sabiedr\u012bbas priek\u0161\u0101 rad\u012bt dro\u0161\u0101ku un videi draudz\u012bgu n\u0101kotnes pasauli, pielikt p\u016bles, lai uzlabotu situ\u0101ciju ar ekolo\u0123iju pasaul\u0113 un veidot ilgtsp\u0113j\u012bgu vidi. Manifests \"Za\u013cais restarts\" M\u0113s dz\u012bvojam laik\u0101, kad vairs nepietiek dom\u0101t tikai\u2026","rel":"","context":"Similar post","block_context":{"text":"Similar post","link":""},"img":{"alt_text":"","src":"https:\/\/i0.wp.com\/alternativa.lv\/wp-content\/uploads\/2021\/01\/Green-tree-logo-curv-orange-LEAVES-2sm-300px.png?resize=350%2C200&ssl=1","width":350,"height":200},"classes":[]},{"id":3528,"url":"https:\/\/alternativa.lv\/en\/xenophobia-2-0\/","url_meta":{"origin":4370,"position":3},"title":"CREATIVE FIGHT AGAINST XENOPHOBIA","author":"natalijasavina","date":"15\/11\/2020","format":false,"excerpt":"{:lv} Solidarit\u0101tes projekts \"xeNOphobia 2.0\" Nr. 2019-3-LV02-ESC31-002785 Periods: 01.01.2020. - 30.11.2020. 2019.g. Solidarit\u0101tes projekta \"Diskusiju klubs \"xeNOphobia\" turpin\u0101jums https:\/\/vimeo.com\/522728244 Ksenofobija ir jau sen zin\u0101ma par\u0101d\u012bba sabiedr\u012bb\u0101. No grie\u0137u valodas v\u0101rds \u201cksenofobija\u201d tiek tulkots k\u0101 \u201cbailes no nepaz\u012bstam\u0101\u201d, bet m\u016bsdien\u0101s t\u0101 ir neieciet\u012bba pret sve\u0161a. T\u0101s ir neieciet\u012bba no cilv\u0113kiem, kas\u2026","rel":"","context":"Similar post","block_context":{"text":"Similar post","link":""},"img":{"alt_text":"","src":"https:\/\/i0.wp.com\/alternativa.lv\/wp-content\/uploads\/2021\/01\/cd8c45f1-3ecf-4d95-943b-d14702771e35.jpg?fit=1200%2C659&ssl=1&resize=350%2C200","width":350,"height":200,"srcset":"https:\/\/i0.wp.com\/alternativa.lv\/wp-content\/uploads\/2021\/01\/cd8c45f1-3ecf-4d95-943b-d14702771e35.jpg?fit=1200%2C659&ssl=1&resize=350%2C200 1x, https:\/\/i0.wp.com\/alternativa.lv\/wp-content\/uploads\/2021\/01\/cd8c45f1-3ecf-4d95-943b-d14702771e35.jpg?fit=1200%2C659&ssl=1&resize=525%2C300 1.5x, https:\/\/i0.wp.com\/alternativa.lv\/wp-content\/uploads\/2021\/01\/cd8c45f1-3ecf-4d95-943b-d14702771e35.jpg?fit=1200%2C659&ssl=1&resize=700%2C400 2x, https:\/\/i0.wp.com\/alternativa.lv\/wp-content\/uploads\/2021\/01\/cd8c45f1-3ecf-4d95-943b-d14702771e35.jpg?fit=1200%2C659&ssl=1&resize=1050%2C600 3x"},"classes":[]},{"id":4,"url":"https:\/\/alternativa.lv\/en\/home\/","url_meta":{"origin":4370,"position":4},"title":"About us","author":"tesstemona","date":"15\/01\/2018","format":false,"excerpt":"{:lv} M\u016bsu motto: \"Izzini pasauli - iepaz\u012bsti sevi\" M\u0113s ticam, ka vienm\u0113r ir j\u0101s\u0101k ar sevi.Tikai tad, kad cilv\u0113ks ir gar\u012bgi un daudzpus\u012bgi att\u012bst\u012bs, ir harmonij\u0101 ar sevi, izzina savas stipr\u0101s un vaj\u0101s puses, apzin\u0101s savu atbild\u012bbu par savu r\u012bc\u012bbu visas plan\u0113tas priek\u0161\u0101 - tad vi\u0146\u0161 sp\u0113j aptvert pasauli sev\u2026","rel":"","context":"Similar post","block_context":{"text":"Similar post","link":""},"img":{"alt_text":"","src":"https:\/\/i0.wp.com\/alternativa.lv\/wp-content\/uploads\/2019\/09\/69568198_2621290151224134_7472202166766141440_n.jpg?resize=350%2C200","width":350,"height":200,"srcset":"https:\/\/i0.wp.com\/alternativa.lv\/wp-content\/uploads\/2019\/09\/69568198_2621290151224134_7472202166766141440_n.jpg?resize=350%2C200 1x, https:\/\/i0.wp.com\/alternativa.lv\/wp-content\/uploads\/2019\/09\/69568198_2621290151224134_7472202166766141440_n.jpg?resize=525%2C300 1.5x, https:\/\/i0.wp.com\/alternativa.lv\/wp-content\/uploads\/2019\/09\/69568198_2621290151224134_7472202166766141440_n.jpg?resize=700%2C400 2x"},"classes":[]},{"id":1404,"url":"https:\/\/alternativa.lv\/en\/our-social-projects\/","url_meta":{"origin":4370,"position":5},"title":"CREATIVE CENTER","author":"tesstemona","date":"18\/09\/2019","format":false,"excerpt":"{:lv} Rado\u0161ais centrs \u201cAlternat\u012bv\u0101 realit\u0101te\u201d, kas tika dibin\u0101ts R\u012bg\u0101 2017. gad\u0101, ir k\u013cuvis par unik\u0101lu vietu jaunie\u0161u att\u012bst\u012bbai un pa\u0161izpausmei, \u012bpa\u0161i tiem, kuri saskaras ar gr\u016bt\u012bb\u0101m integr\u0113ties sabiedr\u012bb\u0101. Centra galven\u0101 misija ir iesaist\u012bt un atbalst\u012bt jaunie\u0161us, neatkar\u012bgi no vi\u0146u sp\u0113j\u0101m un iesp\u0113j\u0101m, \u012bpa\u0161u uzman\u012bbu v\u0113r\u0161ot jaunie\u0161iem ar ierobe\u017eot\u0101m iesp\u0113j\u0101m, k\u0101\u2026","rel":"","context":"Similar post","block_context":{"text":"Similar post","link":""},"img":{"alt_text":"","src":"https:\/\/i0.wp.com\/alternativa.lv\/wp-content\/uploads\/2024\/09\/7dd8c57a-bde9-4523-b0fe-cfc8ef7f7d4e.jpeg?resize=350%2C200&ssl=1","width":350,"height":200,"srcset":"https:\/\/i0.wp.com\/alternativa.lv\/wp-content\/uploads\/2024\/09\/7dd8c57a-bde9-4523-b0fe-cfc8ef7f7d4e.jpeg?resize=350%2C200&ssl=1 1x, https:\/\/i0.wp.com\/alternativa.lv\/wp-content\/uploads\/2024\/09\/7dd8c57a-bde9-4523-b0fe-cfc8ef7f7d4e.jpeg?resize=525%2C300&ssl=1 1.5x, https:\/\/i0.wp.com\/alternativa.lv\/wp-content\/uploads\/2024\/09\/7dd8c57a-bde9-4523-b0fe-cfc8ef7f7d4e.jpeg?resize=700%2C400&ssl=1 2x"},"classes":[]}],"_links":{"self":[{"href":"https:\/\/alternativa.lv\/en\/wp-json\/wp\/v2\/pages\/4370","targetHints":{"allow":["GET"]}}],"collection":[{"href":"https:\/\/alternativa.lv\/en\/wp-json\/wp\/v2\/pages"}],"about":[{"href":"https:\/\/alternativa.lv\/en\/wp-json\/wp\/v2\/types\/page"}],"author":[{"embeddable":true,"href":"https:\/\/alternativa.lv\/en\/wp-json\/wp\/v2\/users\/133522584"}],"replies":[{"embeddable":true,"href":"https:\/\/alternativa.lv\/en\/wp-json\/wp\/v2\/comments?post=4370"}],"version-history":[{"count":5,"href":"https:\/\/alternativa.lv\/en\/wp-json\/wp\/v2\/pages\/4370\/revisions"}],"predecessor-version":[{"id":4378,"href":"https:\/\/alternativa.lv\/en\/wp-json\/wp\/v2\/pages\/4370\/revisions\/4378"}],"wp:attachment":[{"href":"https:\/\/alternativa.lv\/en\/wp-json\/wp\/v2\/media?parent=4370"}],"wp:term":[{"taxonomy":"folder","embeddable":true,"href":"https:\/\/alternativa.lv\/en\/wp-json\/wp\/v2\/folder?post=4370"}],"curies":[{"name":"wp","href":"https:\/\/api.w.org\/{rel}","templated":true}]}}