{"id":4599,"date":"2021-04-15T19:45:33","date_gmt":"2021-04-15T17:45:33","guid":{"rendered":"https:\/\/alternativa.lv\/?page_id=4599"},"modified":"2021-06-08T13:10:55","modified_gmt":"2021-06-08T11:10:55","slug":"musu-standarti-un-kredo","status":"publish","type":"page","link":"https:\/\/alternativa.lv\/en\/musu-standarti-un-kredo\/","title":{"rendered":"OUR CREDO AND STANDARDS"},"content":{"rendered":"\n<p>We are a small range of talented professionals and young people with a wide range of experiences and skills. We love what we do, and in this work we have set both the goals and the quality standards and principles of our work.<\/p>\n\n\n\n<p><strong>Our standards for Erasmus+ and ESK (European Solidarity Corps) projects:<\/strong><\/p>\n\n\n\n<ul class=\"wp-block-list\" id=\"block-90d66d05-a60a-4ed8-86ee-f7873631d9fc\"><li>No any participation fee can be collected from participants for any our coordinated project<\/li><li>accomodation for participants during period of activity &#8211; 100% covered by Erasmus+ or ESK programmes of European Union<\/li><li>Food during period of activity &#8211; 100% covered by Erasmus+ or ESK programmes of European Union<\/li><li>Programme related expenses &#8211; 100% covered by Erasmus+ or ESK programmes of European union<\/li><li>Travel expenses &#8211; reimbursed after the project up to 100% according to travel limit depending on participant&#8217;s distance from venue of the project<\/li><li>Equal participation for all, including young people with fewer opportunities and\/or special needs, regardless of gender, different culture or social background, religion, nationality or other differences.<\/li><li>individual mentoring and additional support provided if needed<\/li><li>inclusive activities<\/li><li>respect to all<\/li><li>learning to out of comfort zone for new challenges &#8211; to reach new skills, competences and life goals!<\/li><\/ul>\n\n\n\n<figure class=\"wp-block-embed is-type-wp-embed is-provider-alternativa-realitate wp-block-embed-alternativa-realitate\"><div class=\"wp-block-embed__wrapper\">\n<a href=\"https:\/\/alternativa.lv\/en\/home\/manifests-zalais-restarts\/\">https:\/\/alternativa.lv\/en\/home\/manifests-zalais-restarts\/<\/a>\n<\/div><\/figure>\n\n\n\n<figure class=\"wp-block-embed is-type-wp-embed is-provider-alternativa-realitate wp-block-embed-alternativa-realitate\"><div class=\"wp-block-embed__wrapper\">\n<a href=\"https:\/\/alternativa.lv\/en\/manifests-maksla-pret-ksenofobiju\/\">https:\/\/alternativa.lv\/en\/manifests-maksla-pret-ksenofobiju\/<\/a>\n<\/div><\/figure>\n\n\n\n<figure class=\"wp-block-embed is-type-wp-embed is-provider-alternativa-realitate wp-block-embed-alternativa-realitate\"><div class=\"wp-block-embed__wrapper\">\n<a href=\"https:\/\/alternativa.lv\/en\/erasmus-jaunatnes-kvalitates-standarti\/\">https:\/\/alternativa.lv\/en\/erasmus-jaunatnes-kvalitates-standarti\/<\/a>\n<\/div><\/figure>\n","protected":false},"excerpt":{"rendered":"<p>We are a small range of talented professionals and young people with a wide range of experiences and skills. We love what we do, and in this work we have set both the goals and the quality standards and principles of our work. Our standards for Erasmus+ and ESK (European&gt;&gt;&gt;<\/p>\n","protected":false},"author":133522584,"featured_media":0,"parent":0,"menu_order":0,"comment_status":"closed","ping_status":"closed","template":"","meta":{"_eb_attr":"","footnotes":""},"folder":[635157419],"class_list":["post-4599","page","type-page","status-publish","hentry"],"translation":{"provider":"WPGlobus","version":"3.0.2","language":"en","enabled_languages":["lv","en","ru"],"languages":{"lv":{"title":true,"content":true,"excerpt":false},"en":{"title":true,"content":true,"excerpt":false},"ru":{"title":true,"content":true,"excerpt":false}}},"jetpack_sharing_enabled":true,"jetpack_shortlink":"https:\/\/wp.me\/P9yPz0-1cb","jetpack_likes_enabled":true,"jetpack-related-posts":[{"id":11652,"url":"https:\/\/alternativa.lv\/en\/resursi\/","url_meta":{"origin":4599,"position":0},"title":"Resourses","author":"tesstemona","date":"30\/06\/2024","format":false,"excerpt":"{:lv} Latvijas Nacion\u0101l\u0101 A\u0123ent\u016bra #ErasmusPlus #ESC #Eurodesk #JSPA Jaunatnes Starptautisko programmu a\u0123ent\u016bras ofici\u0101l\u0101 m\u0101jaslapa. A\u0123ent\u016bras administr\u0113 visus Erasmus+, ESK un Eurodesk projektus Latvij\u0101. Projektu konkursi, resursi, aktu\u0101lie jaunumi u.c. Skat\u012bt \u2192 Erasmus+ projektu dokumentu paraugi #ErasmusPlus #dokumenti #JSPA ErasmusPlus projektu dokument\u0101cijas paraugi JSPA m\u0101jaslap\u0101 Skat\u012bt \u2192 EURODESK LATVIJA #Eurodesk #EurodeskLatvia\u2026","rel":"","context":"Similar post","block_context":{"text":"Similar post","link":""},"img":{"alt_text":"","src":"https:\/\/i0.wp.com\/alternativa.lv\/wp-content\/uploads\/2025\/09\/Toolkit-Empower-Youth-workers-OFST-1.png?resize=350%2C200&ssl=1","width":350,"height":200,"srcset":"https:\/\/i0.wp.com\/alternativa.lv\/wp-content\/uploads\/2025\/09\/Toolkit-Empower-Youth-workers-OFST-1.png?resize=350%2C200&ssl=1 1x, https:\/\/i0.wp.com\/alternativa.lv\/wp-content\/uploads\/2025\/09\/Toolkit-Empower-Youth-workers-OFST-1.png?resize=525%2C300&ssl=1 1.5x, https:\/\/i0.wp.com\/alternativa.lv\/wp-content\/uploads\/2025\/09\/Toolkit-Empower-Youth-workers-OFST-1.png?resize=700%2C400&ssl=1 2x, https:\/\/i0.wp.com\/alternativa.lv\/wp-content\/uploads\/2025\/09\/Toolkit-Empower-Youth-workers-OFST-1.png?resize=1050%2C600&ssl=1 3x"},"classes":[]},{"id":7932,"url":"https:\/\/alternativa.lv\/en\/occaterra-land-of-opportunities\/","url_meta":{"origin":4599,"position":1},"title":"Youth exchange &#8220;OCCATERRA: LAND OF OPPORTUNITIES&#8221;","author":"tesstemona","date":"28\/05\/2022","format":false,"excerpt":"{:lv} Jaunie\u0161u apmai\u0146a Izveido savu pasauli ar saviem likumiem! Erasmus+ jaunie\u0161u apmai\u0146a 13-17 g. July 18-27, 2022Koknese LATVIA AICIN\u0100M TEVI UZ OKKATERRAS PASAULI: fant\u0101zijas zem\u0113, kur vienkopus past\u0101v elfi, cilv\u0113ki, orki, punduri un citplan\u0113tie\u0161i. K\u0101 nodro\u0161in\u0101t, lai tik da\u017e\u0101das rases var\u0113tu dz\u012bvot un att\u012bst\u012bties kop\u0101? K\u0101 k\u013c\u016bt par salas valdnieku\u2026","rel":"","context":"Similar post","block_context":{"text":"Similar post","link":""},"img":{"alt_text":"","src":"https:\/\/i0.wp.com\/alternativa.lv\/wp-content\/uploads\/2022\/05\/OCCATERRA-2021-INFO-PACK-1447958875-1666534912751.png?fit=1200%2C675&ssl=1&resize=350%2C200","width":350,"height":200,"srcset":"https:\/\/i0.wp.com\/alternativa.lv\/wp-content\/uploads\/2022\/05\/OCCATERRA-2021-INFO-PACK-1447958875-1666534912751.png?fit=1200%2C675&ssl=1&resize=350%2C200 1x, https:\/\/i0.wp.com\/alternativa.lv\/wp-content\/uploads\/2022\/05\/OCCATERRA-2021-INFO-PACK-1447958875-1666534912751.png?fit=1200%2C675&ssl=1&resize=525%2C300 1.5x, https:\/\/i0.wp.com\/alternativa.lv\/wp-content\/uploads\/2022\/05\/OCCATERRA-2021-INFO-PACK-1447958875-1666534912751.png?fit=1200%2C675&ssl=1&resize=700%2C400 2x, https:\/\/i0.wp.com\/alternativa.lv\/wp-content\/uploads\/2022\/05\/OCCATERRA-2021-INFO-PACK-1447958875-1666534912751.png?fit=1200%2C675&ssl=1&resize=1050%2C600 3x"},"classes":[]},{"id":696,"url":"https:\/\/alternativa.lv\/en\/erasmus-projects\/what-is-youth-exchange-and-erasmus-programme\/","url_meta":{"origin":4599,"position":2},"title":"Erasmus+ \u2013 A Life-Changing Opportunity!","author":"tesstemona","date":"25\/11\/2018","format":false,"excerpt":"{:lv} Vai v\u0113lies ce\u013cot, iepaz\u012bt jaunus draugus, att\u012bst\u012bt savas prasmes un ieg\u016bt neaizmirstamu pieredzi? Erasmus+ ir programma tie\u0161i Tev! \u2728 \ud83d\udd25 Kas ir Erasmus+ un ko tas pied\u0101v\u0101? Erasmus+ ir Eiropas Savien\u012bbas programma, kas atbalsta izgl\u012bt\u012bbu, apm\u0101c\u012bbas, jaunatni un sportu. T\u0101 past\u0101v jau 35 gadus un ir pal\u012bdz\u0113jusi vair\u0101k nek\u0101\u2026","rel":"","context":"Similar post","block_context":{"text":"Similar post","link":""},"img":{"alt_text":"","src":"https:\/\/i0.wp.com\/alternativa.lv\/wp-content\/uploads\/2025\/02\/1759726B-17D8-41D8-A074-4A9475915336.jpeg?fit=625%2C336&ssl=1&resize=350%2C200","width":350,"height":200,"srcset":"https:\/\/i0.wp.com\/alternativa.lv\/wp-content\/uploads\/2025\/02\/1759726B-17D8-41D8-A074-4A9475915336.jpeg?fit=625%2C336&ssl=1&resize=350%2C200 1x, https:\/\/i0.wp.com\/alternativa.lv\/wp-content\/uploads\/2025\/02\/1759726B-17D8-41D8-A074-4A9475915336.jpeg?fit=625%2C336&ssl=1&resize=525%2C300 1.5x"},"classes":[]},{"id":1079,"url":"https:\/\/alternativa.lv\/en\/esc-projects\/","url_meta":{"origin":4599,"position":3},"title":"European Solidarity Corpse projects","author":"tesstemona","date":"22\/05\/2019","format":false,"excerpt":"{:lv} Eiropas Solidarit\u0101tes korpuss ir Eiropas Komisijas prezidenta \u017dana Kloda Junkera 2016. gada 14. septembr\u012b\u00a0izsludin\u0101t\u0101 iniciat\u012bva, kas dod iesp\u0113ju 18 gadus l\u012bdz 30 gadus veciem jaunie\u0161iem piedal\u012bties da\u017e\u0101d\u0101s aktivit\u0101t\u0113s un izr\u0101d\u012bt savu solidarit\u0101ti.\u00a0 Eiropas Solidarit\u0101tes korpusa misija: Eiropas Solidarit\u0101tes korpusa misija ir dot jaunie\u0161iem iesp\u0113ju veidot iek\u013caujo\u0161\u0101ku sabiedr\u012bbu, sniedzot pal\u012bdz\u012bbu\u2026","rel":"","context":"Similar post","block_context":{"text":"Similar post","link":""},"img":{"alt_text":"","src":"https:\/\/i0.wp.com\/alternativa.lv\/wp-content\/uploads\/2020\/05\/p-033124-54h_1.jpg?fit=1200%2C364&ssl=1&resize=350%2C200","width":350,"height":200,"srcset":"https:\/\/i0.wp.com\/alternativa.lv\/wp-content\/uploads\/2020\/05\/p-033124-54h_1.jpg?fit=1200%2C364&ssl=1&resize=350%2C200 1x, https:\/\/i0.wp.com\/alternativa.lv\/wp-content\/uploads\/2020\/05\/p-033124-54h_1.jpg?fit=1200%2C364&ssl=1&resize=525%2C300 1.5x, https:\/\/i0.wp.com\/alternativa.lv\/wp-content\/uploads\/2020\/05\/p-033124-54h_1.jpg?fit=1200%2C364&ssl=1&resize=700%2C400 2x, https:\/\/i0.wp.com\/alternativa.lv\/wp-content\/uploads\/2020\/05\/p-033124-54h_1.jpg?fit=1200%2C364&ssl=1&resize=1050%2C600 3x"},"classes":[]},{"id":4,"url":"https:\/\/alternativa.lv\/en\/home\/","url_meta":{"origin":4599,"position":4},"title":"About us","author":"tesstemona","date":"15\/01\/2018","format":false,"excerpt":"{:lv} M\u016bsu motto: \"Izzini pasauli - iepaz\u012bsti sevi\" M\u0113s ticam, ka vienm\u0113r ir j\u0101s\u0101k ar sevi.Tikai tad, kad cilv\u0113ks ir gar\u012bgi un daudzpus\u012bgi att\u012bst\u012bs, ir harmonij\u0101 ar sevi, izzina savas stipr\u0101s un vaj\u0101s puses, apzin\u0101s savu atbild\u012bbu par savu r\u012bc\u012bbu visas plan\u0113tas priek\u0161\u0101 - tad vi\u0146\u0161 sp\u0113j aptvert pasauli sev\u2026","rel":"","context":"Similar post","block_context":{"text":"Similar post","link":""},"img":{"alt_text":"","src":"https:\/\/i0.wp.com\/alternativa.lv\/wp-content\/uploads\/2019\/09\/69568198_2621290151224134_7472202166766141440_n.jpg?resize=350%2C200","width":350,"height":200,"srcset":"https:\/\/i0.wp.com\/alternativa.lv\/wp-content\/uploads\/2019\/09\/69568198_2621290151224134_7472202166766141440_n.jpg?resize=350%2C200 1x, https:\/\/i0.wp.com\/alternativa.lv\/wp-content\/uploads\/2019\/09\/69568198_2621290151224134_7472202166766141440_n.jpg?resize=525%2C300 1.5x, https:\/\/i0.wp.com\/alternativa.lv\/wp-content\/uploads\/2019\/09\/69568198_2621290151224134_7472202166766141440_n.jpg?resize=700%2C400 2x"},"classes":[]},{"id":3789,"url":"https:\/\/alternativa.lv\/en\/esc-projects\/maija-grafa-svetki-2020-vienoti-dazadiba\/","url_meta":{"origin":4599,"position":5},"title":"VOLUNTEERING GROUP PROJECT &#8220;COUNT OF MAY 2021: UNITED IN DIVERSITY&#8221;","author":"tesstemona","date":"06\/02\/2021","format":false,"excerpt":"{:lv} https:\/\/videopress.com\/v\/XoA6x2q4?resizeToParent=true&cover=true&preloadContent=metadata Kas? Kur? Kad? Kam? Kas: brivpr\u0101tig\u0101 darba grupas projekts \u201cMaija Gr\u0101fa sv\u0113tki 2021: vienoti da\u017e\u0101d\u012bb\u0101\u201d Projekta Nr.2020-3-LV02-ESC11-003466 Kad: No 21.05.2021 l\u012bdz 11.07.2021. (52 dienas) Kur: R\u012bga, Latvija\u00a0 Kam: Kop\u0101 17 dal\u012bbnieki vecum\u0101 no 18 l\u012bdz 30 gadiem, t.s.k. 5 jaunie\u0161i no ES valst\u012bm vai Ukrainas, 11 jaunie\u0161i no\u2026","rel":"","context":"Similar post","block_context":{"text":"Similar post","link":""},"img":{"alt_text":"","src":"https:\/\/i0.wp.com\/alternativa.lv\/wp-content\/uploads\/2020\/06\/60475405_2280519382001561_1494637185805058048_o.jpg?fit=1200%2C800&ssl=1&resize=350%2C200","width":350,"height":200,"srcset":"https:\/\/i0.wp.com\/alternativa.lv\/wp-content\/uploads\/2020\/06\/60475405_2280519382001561_1494637185805058048_o.jpg?fit=1200%2C800&ssl=1&resize=350%2C200 1x, https:\/\/i0.wp.com\/alternativa.lv\/wp-content\/uploads\/2020\/06\/60475405_2280519382001561_1494637185805058048_o.jpg?fit=1200%2C800&ssl=1&resize=525%2C300 1.5x, https:\/\/i0.wp.com\/alternativa.lv\/wp-content\/uploads\/2020\/06\/60475405_2280519382001561_1494637185805058048_o.jpg?fit=1200%2C800&ssl=1&resize=700%2C400 2x, https:\/\/i0.wp.com\/alternativa.lv\/wp-content\/uploads\/2020\/06\/60475405_2280519382001561_1494637185805058048_o.jpg?fit=1200%2C800&ssl=1&resize=1050%2C600 3x"},"classes":[]}],"amp_enabled":true,"_links":{"self":[{"href":"https:\/\/alternativa.lv\/en\/wp-json\/wp\/v2\/pages\/4599","targetHints":{"allow":["GET"]}}],"collection":[{"href":"https:\/\/alternativa.lv\/en\/wp-json\/wp\/v2\/pages"}],"about":[{"href":"https:\/\/alternativa.lv\/en\/wp-json\/wp\/v2\/types\/page"}],"author":[{"embeddable":true,"href":"https:\/\/alternativa.lv\/en\/wp-json\/wp\/v2\/users\/133522584"}],"replies":[{"embeddable":true,"href":"https:\/\/alternativa.lv\/en\/wp-json\/wp\/v2\/comments?post=4599"}],"version-history":[{"count":20,"href":"https:\/\/alternativa.lv\/en\/wp-json\/wp\/v2\/pages\/4599\/revisions"}],"predecessor-version":[{"id":4979,"href":"https:\/\/alternativa.lv\/en\/wp-json\/wp\/v2\/pages\/4599\/revisions\/4979"}],"wp:attachment":[{"href":"https:\/\/alternativa.lv\/en\/wp-json\/wp\/v2\/media?parent=4599"}],"wp:term":[{"taxonomy":"folder","embeddable":true,"href":"https:\/\/alternativa.lv\/en\/wp-json\/wp\/v2\/folder?post=4599"}],"curies":[{"name":"wp","href":"https:\/\/api.w.org\/{rel}","templated":true}]}}