{"id":6590,"date":"2022-01-10T17:16:00","date_gmt":"2022-01-10T15:16:00","guid":{"rendered":"https:\/\/alternativa.lv\/?page_id=6590"},"modified":"2023-08-12T11:41:09","modified_gmt":"2023-08-12T09:41:09","slug":"tu-neesi-viena-stop-vardarbibai-gimene","status":"publish","type":"page","link":"https:\/\/alternativa.lv\/en\/projekti\/tu-neesi-viena-stop-vardarbibai-gimene\/","title":{"rendered":"YOU ARE NOT ALONE"},"content":{"rendered":"\n<p>Together with partners from Cyprus and Ukraine, we have launched a new project &#8211; the Youth Participation Project &#8220;You are not alone&#8221;.<\/p>\n\n\n\n<p>The aim of the project is to promote social issues such as domestic violence and women&#8217;s rights.<\/p>\n\n\n\n<p>Violence loves silence, which is the reason why we rarely hear the horrific stories of what often happens behind the doors of apartments, right where people need to feel safe. Where there is psychological, emotional, and often physical violence, the victim is often convinced that he or she is &#8220;guilty&#8221; and does not report to the police or even tell relatives or friends.<\/p>\n\n\n\n<p>Victims of violence are often so depressed emotionally and psychologically that they lose both their strength and their belief that they can be out of danger.<\/p>\n\n\n\n<p>Such situations exist in virtually every European country. During the COVID-19 pandemic, the situation of domestic violence against women has been exacerbated by the long-term isolation of people and the common psychological strain. And often the slogan &#8220;Stay safe &#8211; stay home&#8221; is not true at all for women who do not have a safe place at home.<\/p>\n\n\n\n<p>According to statistics, almost 80% of victims of domestic homicide are women, and 75% of them are victims of their husbands or family partners.<\/p>\n\n\n\n<p>Young people from <strong>Latvia, Cyprus and Ukraine<\/strong> have come together to study the causes and consequences of this problem, and to try to find solutions to help victims of violence and to take preventive measures to prevent violence. prosperity among family partners.<\/p>\n\n\n\n<figure class=\"wp-block-image alignleft size-full is-resized\"><img data-recalc-dims=\"1\" loading=\"lazy\" decoding=\"async\" data-attachment-id=\"6615\" data-permalink=\"https:\/\/alternativa.lv\/en\/projekti\/tu-neesi-viena-stop-vardarbibai-gimene\/shutterstock_599012861-1\/\" data-orig-file=\"https:\/\/i0.wp.com\/alternativa.lv\/wp-content\/uploads\/2022\/04\/shutterstock_599012861-1.jpg?fit=720%2C484&amp;ssl=1\" data-orig-size=\"720,484\" data-comments-opened=\"0\" data-image-meta=\"{&quot;aperture&quot;:&quot;0&quot;,&quot;credit&quot;:&quot;&quot;,&quot;camera&quot;:&quot;&quot;,&quot;caption&quot;:&quot;&quot;,&quot;created_timestamp&quot;:&quot;0&quot;,&quot;copyright&quot;:&quot;&quot;,&quot;focal_length&quot;:&quot;0&quot;,&quot;iso&quot;:&quot;0&quot;,&quot;shutter_speed&quot;:&quot;0&quot;,&quot;title&quot;:&quot;&quot;,&quot;orientation&quot;:&quot;0&quot;}\" data-image-title=\"shutterstock_599012861-1\" data-image-description=\"\" data-image-caption=\"\" data-medium-file=\"https:\/\/i0.wp.com\/alternativa.lv\/wp-content\/uploads\/2022\/04\/shutterstock_599012861-1.jpg?fit=300%2C202&amp;ssl=1\" data-large-file=\"https:\/\/i0.wp.com\/alternativa.lv\/wp-content\/uploads\/2022\/04\/shutterstock_599012861-1.jpg?fit=720%2C484&amp;ssl=1\" src=\"https:\/\/i0.wp.com\/alternativa.lv\/wp-content\/uploads\/2022\/04\/shutterstock_599012861-1.jpg?resize=499%2C335&#038;ssl=1\" alt=\"\" class=\"wp-image-6615\" style=\"width:499px;height:335px\" width=\"499\" height=\"335\" srcset=\"https:\/\/i0.wp.com\/alternativa.lv\/wp-content\/uploads\/2022\/04\/shutterstock_599012861-1.jpg?w=720&amp;ssl=1 720w, https:\/\/i0.wp.com\/alternativa.lv\/wp-content\/uploads\/2022\/04\/shutterstock_599012861-1.jpg?resize=300%2C202&amp;ssl=1 300w\" sizes=\"auto, (max-width: 499px) 100vw, 499px\" \/><\/figure>\n\n\n\n<p>The project organizes regular events, invites experts &#8211; psychologists, police and crisis center staff, decision-makers, who both share their experiences and discuss possible methods and ways of helping with young people.<\/p>\n\n\n\n<p>To find out what the problem is, project teams search, collect and analyze information on domestic violence in their countries and share their results with young people from other partner countries.<\/p>\n\n\n\n<p><\/p>\n\n\n\n<p>If you are:<\/p>\n\n\n\n<ul class=\"wp-block-list\">\n<li>A young person between the ages of 15 and 30 who cares about women&#8217;s rights and peaceful family relationships<\/li>\n\n\n\n<li>A young person with fewer opportunities, economic or social barriers, a refugee or a member of a national minority, a rural resident<\/li>\n\n\n\n<li>Victim of Violence<\/li>\n\n\n\n<li>A young woman or woman who wants to know more about ways to understand the nature of violence and to prevent or avoid domestic violence<\/li>\n<\/ul>\n\n\n\n<h2 class=\"wp-block-heading\"><strong><a href=\"https:\/\/alternativa.lv\/en\/brivpratigajiem\/erasmus-apply\/\" data-type=\"URL\" data-id=\"https:\/\/alternativa.lv\/en\/brivpratigajiem\/erasmus-apply\/\">JOIN A PROJECT<\/a><\/strong> &#8211; as a project team or as an event participant<\/h2>\n\n\n\n<p>AND FIND OUT MORE ABOUT HOW YOU CAN HELP!<\/p>\n\n\n\n<h6 class=\"wp-block-heading\">Co-financed by the European Union. Views and opinions expressed are however those of the author(s) only and do not necessarily reflect those of the European Union, European Commission or National Agency (Agency for International Programs for Youth) neither the European Union nor the granting authority can be held responsible for them<\/h6>\n\n\n\n<figure class=\"wp-block-image aligncenter size-large\"><img data-recalc-dims=\"1\" loading=\"lazy\" decoding=\"async\" width=\"800\" height=\"278\" data-attachment-id=\"7947\" data-permalink=\"https:\/\/alternativa.lv\/en\/portfolio\/youth-exchange-occaterra-land-of-opportunities\/1-new-eng-eu-jspa-ar\/\" data-orig-file=\"https:\/\/i0.wp.com\/alternativa.lv\/wp-content\/uploads\/2022\/10\/1-NEW-ENG-EU-JSPA-AR.png?fit=1200%2C417&amp;ssl=1\" data-orig-size=\"1200,417\" data-comments-opened=\"0\" data-image-meta=\"{&quot;aperture&quot;:&quot;0&quot;,&quot;credit&quot;:&quot;&quot;,&quot;camera&quot;:&quot;&quot;,&quot;caption&quot;:&quot;&quot;,&quot;created_timestamp&quot;:&quot;0&quot;,&quot;copyright&quot;:&quot;&quot;,&quot;focal_length&quot;:&quot;0&quot;,&quot;iso&quot;:&quot;0&quot;,&quot;shutter_speed&quot;:&quot;0&quot;,&quot;title&quot;:&quot;&quot;,&quot;orientation&quot;:&quot;0&quot;}\" data-image-title=\"1-NEW-ENG-EU-JSPA-AR\" data-image-description=\"\" data-image-caption=\"\" data-medium-file=\"https:\/\/i0.wp.com\/alternativa.lv\/wp-content\/uploads\/2022\/10\/1-NEW-ENG-EU-JSPA-AR.png?fit=300%2C104&amp;ssl=1\" data-large-file=\"https:\/\/i0.wp.com\/alternativa.lv\/wp-content\/uploads\/2022\/10\/1-NEW-ENG-EU-JSPA-AR.png?fit=800%2C278&amp;ssl=1\" src=\"https:\/\/i0.wp.com\/alternativa.lv\/wp-content\/uploads\/2022\/10\/1-NEW-ENG-EU-JSPA-AR.png?resize=800%2C278&#038;ssl=1\" alt=\"\" class=\"wp-image-7947\" srcset=\"https:\/\/i0.wp.com\/alternativa.lv\/wp-content\/uploads\/2022\/10\/1-NEW-ENG-EU-JSPA-AR.png?resize=1024%2C356&amp;ssl=1 1024w, https:\/\/i0.wp.com\/alternativa.lv\/wp-content\/uploads\/2022\/10\/1-NEW-ENG-EU-JSPA-AR.png?resize=300%2C104&amp;ssl=1 300w, https:\/\/i0.wp.com\/alternativa.lv\/wp-content\/uploads\/2022\/10\/1-NEW-ENG-EU-JSPA-AR.png?resize=768%2C267&amp;ssl=1 768w, https:\/\/i0.wp.com\/alternativa.lv\/wp-content\/uploads\/2022\/10\/1-NEW-ENG-EU-JSPA-AR.png?w=1200&amp;ssl=1 1200w\" sizes=\"auto, (max-width: 800px) 100vw, 800px\" \/><\/figure>\n","protected":false},"excerpt":{"rendered":"<p>Together with partners from Cyprus and Ukraine, we have launched a new project &#8211; the Youth Participation Project &#8220;You are not alone&#8221;. The aim of the project is to promote social issues such as domestic violence and women&#8217;s rights. Violence loves silence, which is the reason why we rarely hear&gt;&gt;&gt;<\/p>\n","protected":false},"author":133522584,"featured_media":6599,"parent":2470,"menu_order":0,"comment_status":"closed","ping_status":"closed","template":"","meta":{"_eb_attr":"","jetpack_post_was_ever_published":false,"footnotes":""},"folder":[635157416],"class_list":["post-6590","page","type-page","status-publish","has-post-thumbnail","hentry"],"translation":{"provider":"WPGlobus","version":"3.0.2","language":"en","enabled_languages":["lv","en","ru"],"languages":{"lv":{"title":true,"content":true,"excerpt":false},"en":{"title":true,"content":true,"excerpt":false},"ru":{"title":true,"content":true,"excerpt":false}}},"jetpack_sharing_enabled":true,"jetpack_shortlink":"https:\/\/wp.me\/P9yPz0-1Ii","jetpack_likes_enabled":true,"jetpack-related-posts":[{"id":9009,"url":"https:\/\/alternativa.lv\/en\/dzive-bez-vardarbibas-diskusiju-klubs\/","url_meta":{"origin":6590,"position":0},"title":"&#8220;Dz\u012bve bez vardarb\u012bbas&#8221; Diskusiju klubs","author":"tesstemona","date":"20\/01\/2022","format":false,"excerpt":"{:lv} 2022.gada garum\u0101 m\u0113s pl\u0101nojam piev\u0113rsties vardarb\u012bbas t\u0113mai, un jo \u012bpa\u0161i vardarb\u012bbai gimen\u0113. C\u0113loni, sekas, sabiedr\u012bbas attieksme, iesp\u0113jas mazin\u0101t \u0161o posto\u0161o par\u0101d\u012bbu. Cik aktu\u0101la ir \u0161\u012b t\u0113ma, ko sabiedr\u012bba zina par to, cik posto\u0161as var b\u016bt vardarb\u012bbas sekas - fiziskas, psiholo\u0123iskas, soci\u0101las, emocion\u0101las. Ko m\u0113s pa\u0161i varam dar\u012bt, lai izprastu\u2026","rel":"","context":"Similar post","block_context":{"text":"Similar post","link":""},"img":{"alt_text":"","src":"https:\/\/i0.wp.com\/alternativa.lv\/wp-content\/uploads\/2023\/03\/makets11.png?fit=960%2C541&ssl=1&resize=350%2C200","width":350,"height":200,"srcset":"https:\/\/i0.wp.com\/alternativa.lv\/wp-content\/uploads\/2023\/03\/makets11.png?fit=960%2C541&ssl=1&resize=350%2C200 1x, https:\/\/i0.wp.com\/alternativa.lv\/wp-content\/uploads\/2023\/03\/makets11.png?fit=960%2C541&ssl=1&resize=525%2C300 1.5x, https:\/\/i0.wp.com\/alternativa.lv\/wp-content\/uploads\/2023\/03\/makets11.png?fit=960%2C541&ssl=1&resize=700%2C400 2x"},"classes":[]},{"id":8497,"url":"https:\/\/alternativa.lv\/en\/stop-violence\/","url_meta":{"origin":6590,"position":1},"title":"STOP VIOLENCE","author":"tesstemona","date":"06\/02\/2023","format":false,"excerpt":"{:lv} 116123\u00a0- Diennakts bezmaksas kr\u012b\u017eu t\u0101lrunis. Jebkur\u0101 diennakts laik\u0101 pieejamas telefonkonsult\u0101cijas, kas pal\u012bdz emocion\u0101li p\u0101rvar\u0113t izveidoju\u0161os situ\u0101ciju. Kr\u012bzes t\u0101lrun\u012b var v\u0113rsties, lai sa\u0146emtu t\u016bl\u012bt\u0113ju speci\u0101lista konsult\u0101ciju par da\u017e\u0101diem jaut\u0101jumiem (piem\u0113ram, cilv\u0113kiem depresij\u0101, cilv\u0113kiem ar pa\u0161n\u0101vniecisk\u0101m tieksm\u0113m, cilv\u0113kiem, kas izj\u016bt vientul\u012bbu, tuvinieka zaud\u0113jumu s\u0101pes, ir atkar\u012bgi no alkohola, narkotiskaj\u0101m viel\u0101m un\u2026","rel":"","context":"Similar post","block_context":{"text":"Similar post","link":""},"img":{"alt_text":"","src":"https:\/\/i0.wp.com\/alternativa.lv\/wp-content\/uploads\/2023\/02\/violence-.jpg?fit=1200%2C675&ssl=1&resize=350%2C200","width":350,"height":200,"srcset":"https:\/\/i0.wp.com\/alternativa.lv\/wp-content\/uploads\/2023\/02\/violence-.jpg?fit=1200%2C675&ssl=1&resize=350%2C200 1x, https:\/\/i0.wp.com\/alternativa.lv\/wp-content\/uploads\/2023\/02\/violence-.jpg?fit=1200%2C675&ssl=1&resize=525%2C300 1.5x, https:\/\/i0.wp.com\/alternativa.lv\/wp-content\/uploads\/2023\/02\/violence-.jpg?fit=1200%2C675&ssl=1&resize=700%2C400 2x, https:\/\/i0.wp.com\/alternativa.lv\/wp-content\/uploads\/2023\/02\/violence-.jpg?fit=1200%2C675&ssl=1&resize=1050%2C600 3x"},"classes":[]},{"id":13828,"url":"https:\/\/alternativa.lv\/en\/projekti\/solidaritates-projekti\/narnija-brivibas-karali\/","url_meta":{"origin":6590,"position":2},"title":"N\u0101rnija: Br\u012bv\u012bbas kara\u013ci","author":"tesstemona","date":"07\/02\/2025","format":false,"excerpt":"Tevi k\u0101dreiz ir apsm\u0113ju\u0161i? Juties viens? Tu neesi viens. M\u0113s \u2013 jaunie\u0161i no \u201cNarnija: Br\u012bv\u012bbas Kara\u013ci\u201d \u2013 esam to piedz\u012bvoju\u0161i. Tie\u0161i t\u0101p\u0113c m\u0113s rad\u012bj\u0101m vietu, kur neviens nav j\u0101izliekas par citu, kur katrs var b\u016bt Varonis. \ud83d\udee1\ufe0f \u0160\u012b nav vienk\u0101r\u0161i sp\u0113le. T\u0101 ir vieta, kur tu vari: \u2714\ufe0f izveidot savu\u2026","rel":"","context":"Similar post","block_context":{"text":"Similar post","link":""},"img":{"alt_text":"","src":"https:\/\/i0.wp.com\/alternativa.lv\/wp-content\/uploads\/2025\/03\/%D0%A0%D0%B5%D1%81%D1%83%D1%80%D1%81-23logo3.png?fit=1200%2C709&ssl=1&resize=350%2C200","width":350,"height":200,"srcset":"https:\/\/i0.wp.com\/alternativa.lv\/wp-content\/uploads\/2025\/03\/%D0%A0%D0%B5%D1%81%D1%83%D1%80%D1%81-23logo3.png?fit=1200%2C709&ssl=1&resize=350%2C200 1x, https:\/\/i0.wp.com\/alternativa.lv\/wp-content\/uploads\/2025\/03\/%D0%A0%D0%B5%D1%81%D1%83%D1%80%D1%81-23logo3.png?fit=1200%2C709&ssl=1&resize=525%2C300 1.5x, https:\/\/i0.wp.com\/alternativa.lv\/wp-content\/uploads\/2025\/03\/%D0%A0%D0%B5%D1%81%D1%83%D1%80%D1%81-23logo3.png?fit=1200%2C709&ssl=1&resize=700%2C400 2x, https:\/\/i0.wp.com\/alternativa.lv\/wp-content\/uploads\/2025\/03\/%D0%A0%D0%B5%D1%81%D1%83%D1%80%D1%81-23logo3.png?fit=1200%2C709&ssl=1&resize=1050%2C600 3x"},"classes":[]},{"id":3195,"url":"https:\/\/alternativa.lv\/en\/our-social-projects\/diskusiju-cikls-demokratijai-ikviens-ir-svarigs\/","url_meta":{"origin":6590,"position":3},"title":"DISKUSIJU CIKLS &#8220;DEMOKR\u0100TIJAI IKVIENS IR SVAR\u012aGS!&#8221;","author":"tesstemona","date":"25\/04\/2020","format":false,"excerpt":"Kult\u016bras biedr\u012bba \"Alternat\u012bv\u0101 Realit\u0101te\" \u012bsteno integr\u0101cijas projektu \"Diskusiju cikls \"Demokr\u0101tijai ikviens ir svar\u012bgs!\". \u0160obr\u012bd Latvij\u0101 ir iev\u0113rojami zems jaunatnes l\u012bdzdal\u012bbas l\u012bmenis sabiedr\u012bbas att\u012bst\u012bb\u0101 un l\u0113mumu pie\u0146em\u0161an\u0101, \u012bpa\u0161i starp jaunie\u0161iem NEET situ\u0101cij\u0101 un jaunie\u0161iem no soci\u0101l\u0101s atstumt\u012bbas riska grup\u0101m (b\u0113rnu nami, kr\u012bzes centri, maznodro\u0161in\u0101t\u0101s \u0123imenes, minorit\u0101\u0161u p\u0101rst\u0101vji). \u0160ie jaunie\u0161i bie\u017ei netic\u2026","rel":"","context":"Similar post","block_context":{"text":"Similar post","link":""},"img":{"alt_text":"","src":"https:\/\/i0.wp.com\/alternativa.lv\/wp-content\/uploads\/2020\/10\/DIS-obratnaja-storona-karti-curv-WEB-1.jpg?resize=350%2C200&ssl=1","width":350,"height":200,"srcset":"https:\/\/i0.wp.com\/alternativa.lv\/wp-content\/uploads\/2020\/10\/DIS-obratnaja-storona-karti-curv-WEB-1.jpg?resize=350%2C200&ssl=1 1x, https:\/\/i0.wp.com\/alternativa.lv\/wp-content\/uploads\/2020\/10\/DIS-obratnaja-storona-karti-curv-WEB-1.jpg?resize=525%2C300&ssl=1 1.5x, https:\/\/i0.wp.com\/alternativa.lv\/wp-content\/uploads\/2020\/10\/DIS-obratnaja-storona-karti-curv-WEB-1.jpg?resize=700%2C400&ssl=1 2x, https:\/\/i0.wp.com\/alternativa.lv\/wp-content\/uploads\/2020\/10\/DIS-obratnaja-storona-karti-curv-WEB-1.jpg?resize=1050%2C600&ssl=1 3x, https:\/\/i0.wp.com\/alternativa.lv\/wp-content\/uploads\/2020\/10\/DIS-obratnaja-storona-karti-curv-WEB-1.jpg?resize=1400%2C800&ssl=1 4x"},"classes":[]},{"id":5262,"url":"https:\/\/alternativa.lv\/en\/our-social-projects\/integrejosa-spele-jauniesiem-izzini-pasauli-iepazisti-sevi\/","url_meta":{"origin":6590,"position":4},"title":"Integr\u0113jo\u0161\u0101 sp\u0113le jaunie\u0161iem &#8220;izzini pasauli &#8211; iepaz\u012bsti sevi&#8221;","author":"tesstemona","date":"01\/07\/2021","format":false,"excerpt":"Pateicoties jaunai Valsts jaunatnes programmai esam uzs\u0101ku\u0161i jaunu projektu, kura m\u0113r\u0137is ir pal\u012bdz\u0113t jaunie\u0161iem p\u0101rvar\u0113t Covid-19 pand\u0113mijas rad\u012bt\u0101s sekas. \u201cCovid-19 pand\u0113mija ir b\u016btiski ietekm\u0113jusi visas jaunie\u0161u dz\u012bves jomas \u2013 izgl\u012bt\u012bbu, nodarbin\u0101t\u012bbu un br\u012bv\u0101 laika pavad\u012b\u0161anu, k\u0101 ar\u012b iespaidojusi vi\u0146u ment\u0101lo labsaj\u016btu. Vecumposm\u0101, kad veiksm\u012bgai p\u0101rejai uz pilnv\u0113rt\u012bgu pieaugu\u0161\u0101 dz\u012bvi b\u016btiska\u2026","rel":"","context":"Similar post","block_context":{"text":"Similar post","link":""},"img":{"alt_text":"","src":"https:\/\/i0.wp.com\/alternativa.lv\/wp-content\/uploads\/2021\/08\/226379436_4162411713835390_4312893978696383908_n.jpg?fit=1200%2C795&ssl=1&resize=350%2C200","width":350,"height":200,"srcset":"https:\/\/i0.wp.com\/alternativa.lv\/wp-content\/uploads\/2021\/08\/226379436_4162411713835390_4312893978696383908_n.jpg?fit=1200%2C795&ssl=1&resize=350%2C200 1x, https:\/\/i0.wp.com\/alternativa.lv\/wp-content\/uploads\/2021\/08\/226379436_4162411713835390_4312893978696383908_n.jpg?fit=1200%2C795&ssl=1&resize=525%2C300 1.5x, https:\/\/i0.wp.com\/alternativa.lv\/wp-content\/uploads\/2021\/08\/226379436_4162411713835390_4312893978696383908_n.jpg?fit=1200%2C795&ssl=1&resize=700%2C400 2x, https:\/\/i0.wp.com\/alternativa.lv\/wp-content\/uploads\/2021\/08\/226379436_4162411713835390_4312893978696383908_n.jpg?fit=1200%2C795&ssl=1&resize=1050%2C600 3x"},"classes":[]},{"id":5221,"url":"https:\/\/alternativa.lv\/en\/esc-projects\/darba-pieredze-jauniesiem\/","url_meta":{"origin":6590,"position":5},"title":"JOB PROJECT FOR YOUNGSTERS","author":"tesstemona","date":"10\/06\/2021","format":false,"excerpt":"{:lv} Laika posm\u0101 no 01.06.2020. l\u012bdz 31.05.2021. kult\u016bras biedr\u012bba \"Alternat\u012bv\u0101 Realit\u0101te\" \u012bstenoja projektu \"Mandar\u012bnu Zeme: atbalsts un iek\u013cau\u0161ana\". \u0160is bija darba projekts Eiropas Solidarit\u00e1tes Korpusa programmas ietvaros, kas sniedza darba pieredzes g\u016b\u0161anas iesp\u0113jas janie\u0161iem ar ierobe\u017eot\u0101m iesp\u0113j\u0101m. \u010cetras jaukas jaunietes gada laik\u0101 bija guvu\u0161as pieredzi darba organiz\u0113\u0161anas jom\u0101, pien\u0101kumu un\u2026","rel":"","context":"Similar post","block_context":{"text":"Similar post","link":""},"img":{"alt_text":"","src":"https:\/\/i0.wp.com\/alternativa.lv\/wp-content\/uploads\/2021\/08\/105332707_266256387775034_966557257938245592_n.jpg?resize=350%2C200","width":350,"height":200,"srcset":"https:\/\/i0.wp.com\/alternativa.lv\/wp-content\/uploads\/2021\/08\/105332707_266256387775034_966557257938245592_n.jpg?resize=350%2C200 1x, https:\/\/i0.wp.com\/alternativa.lv\/wp-content\/uploads\/2021\/08\/105332707_266256387775034_966557257938245592_n.jpg?resize=525%2C300 1.5x"},"classes":[]}],"amp_enabled":true,"_links":{"self":[{"href":"https:\/\/alternativa.lv\/en\/wp-json\/wp\/v2\/pages\/6590","targetHints":{"allow":["GET"]}}],"collection":[{"href":"https:\/\/alternativa.lv\/en\/wp-json\/wp\/v2\/pages"}],"about":[{"href":"https:\/\/alternativa.lv\/en\/wp-json\/wp\/v2\/types\/page"}],"author":[{"embeddable":true,"href":"https:\/\/alternativa.lv\/en\/wp-json\/wp\/v2\/users\/133522584"}],"replies":[{"embeddable":true,"href":"https:\/\/alternativa.lv\/en\/wp-json\/wp\/v2\/comments?post=6590"}],"version-history":[{"count":22,"href":"https:\/\/alternativa.lv\/en\/wp-json\/wp\/v2\/pages\/6590\/revisions"}],"predecessor-version":[{"id":11492,"href":"https:\/\/alternativa.lv\/en\/wp-json\/wp\/v2\/pages\/6590\/revisions\/11492"}],"up":[{"embeddable":true,"href":"https:\/\/alternativa.lv\/en\/wp-json\/wp\/v2\/pages\/2470"}],"wp:featuredmedia":[{"embeddable":true,"href":"https:\/\/alternativa.lv\/en\/wp-json\/wp\/v2\/media\/6599"}],"wp:attachment":[{"href":"https:\/\/alternativa.lv\/en\/wp-json\/wp\/v2\/media?parent=6590"}],"wp:term":[{"taxonomy":"folder","embeddable":true,"href":"https:\/\/alternativa.lv\/en\/wp-json\/wp\/v2\/folder?post=6590"}],"curies":[{"name":"wp","href":"https:\/\/api.w.org\/{rel}","templated":true}]}}