{"id":7787,"date":"2021-09-20T20:27:00","date_gmt":"2021-09-20T18:27:00","guid":{"rendered":"https:\/\/alternativa.lv\/?page_id=7787"},"modified":"2022-09-20T20:45:45","modified_gmt":"2022-09-20T18:45:45","slug":"digitala-jaunatnes-balss-radio-a-reality","status":"publish","type":"page","link":"https:\/\/alternativa.lv\/en\/esc-projects\/digitala-jaunatnes-balss-radio-a-reality\/","title":{"rendered":"Digital Youth Voice: Radio A-Reality"},"content":{"rendered":"\n<div class=\"wp-block-group alignfull has-background-color has-text-color has-background is-layout-constrained wp-container-core-group-is-layout-6ebfa08f wp-block-group-is-layout-constrained\" style=\"background-color:#32434d;padding-top:100px;padding-right:100px;padding-bottom:100px;padding-left:100px\">\n<div class=\"wp-block-columns alignwide is-layout-flex wp-container-core-columns-is-layout-28f84493 wp-block-columns-is-layout-flex\">\n<div class=\"wp-block-column is-layout-flow wp-block-column-is-layout-flow\" style=\"flex-basis:33.33%\">\n<h2 class=\"has-text-color wp-block-heading\" style=\"color:#eac8b0;font-size:28px;line-height:1.4;margin-top:0px\">Digital youth radio: a new way to get heard<\/h2>\n\n\n\n<p>Solidarity pro<\/p>\n<\/div>\n\n\n\n<div class=\"wp-block-column is-layout-flow wp-block-column-is-layout-flow\" style=\"flex-basis:66.66%\">\n<figure class=\"wp-block-image size-large\"><img data-recalc-dims=\"1\" loading=\"lazy\" decoding=\"async\" width=\"800\" height=\"450\" data-attachment-id=\"7645\" data-permalink=\"https:\/\/alternativa.lv\/en\/podkasts-cirka-pedagogija-darbam-ar-jaunatni-2\/ar-radio-logo-white-backgrjpg-2\/\" data-orig-file=\"https:\/\/i0.wp.com\/alternativa.lv\/wp-content\/uploads\/2022\/09\/AR-radio-logo-white-backgrJPG.jpg?fit=1200%2C675&amp;ssl=1\" data-orig-size=\"1200,675\" data-comments-opened=\"0\" data-image-meta=\"{&quot;aperture&quot;:&quot;0&quot;,&quot;credit&quot;:&quot;&quot;,&quot;camera&quot;:&quot;&quot;,&quot;caption&quot;:&quot;&quot;,&quot;created_timestamp&quot;:&quot;0&quot;,&quot;copyright&quot;:&quot;&quot;,&quot;focal_length&quot;:&quot;0&quot;,&quot;iso&quot;:&quot;0&quot;,&quot;shutter_speed&quot;:&quot;0&quot;,&quot;title&quot;:&quot;&quot;,&quot;orientation&quot;:&quot;0&quot;}\" data-image-title=\"AR-radio-logo-white-backgrJPG\" data-image-description=\"\" data-image-caption=\"\" data-large-file=\"https:\/\/i0.wp.com\/alternativa.lv\/wp-content\/uploads\/2022\/09\/AR-radio-logo-white-backgrJPG.jpg?fit=800%2C450&amp;ssl=1\" src=\"https:\/\/i0.wp.com\/alternativa.lv\/wp-content\/uploads\/2022\/09\/AR-radio-logo-white-backgrJPG.jpg?resize=800%2C450&#038;ssl=1\" alt=\"\" class=\"wp-image-7645\" srcset=\"https:\/\/i0.wp.com\/alternativa.lv\/wp-content\/uploads\/2022\/09\/AR-radio-logo-white-backgrJPG.jpg?resize=1024%2C576&amp;ssl=1 1024w, https:\/\/i0.wp.com\/alternativa.lv\/wp-content\/uploads\/2022\/09\/AR-radio-logo-white-backgrJPG.jpg?resize=300%2C169&amp;ssl=1 300w, https:\/\/i0.wp.com\/alternativa.lv\/wp-content\/uploads\/2022\/09\/AR-radio-logo-white-backgrJPG.jpg?resize=768%2C432&amp;ssl=1 768w, https:\/\/i0.wp.com\/alternativa.lv\/wp-content\/uploads\/2022\/09\/AR-radio-logo-white-backgrJPG.jpg?w=1200&amp;ssl=1 1200w\" sizes=\"auto, (max-width: 800px) 100vw, 800px\" \/><\/figure>\n<\/div>\n<\/div>\n\n\n\n<div class=\"wp-block-columns alignwide is-layout-flex wp-container-core-columns-is-layout-28f84493 wp-block-columns-is-layout-flex\">\n<div class=\"wp-block-column is-layout-flow wp-block-column-is-layout-flow\" style=\"flex-basis:33.33%\">\n<p class=\"has-text-color has-small-font-size\" style=\"color:#eac8b0\"><strong>European Solidarity Corps<\/strong><\/p>\n\n\n\n<p class=\"has-text-color has-small-font-size\" style=\"color:#eac8b0\">01.09.2021. &#8211; 31.08.2022.<br><\/p>\n<\/div>\n\n\n\n<div class=\"wp-block-column has-white-color has-text-color is-layout-flow wp-block-column-is-layout-flow\" style=\"flex-basis:66.66%\">\n<p><strong>Digit\u0101l\u0101 jaunatnes balss: k\u013c\u016bsti sadzird\u0113ts!&nbsp;&nbsp;&nbsp;<\/strong><\/p>\n\n\n\n<p class=\"has-white-color has-text-color\"><\/p>\n\n\n\n<p>As we know, due to the pandemic, people were isolated, forced to spend a lot of time alone, work and study remotely.&nbsp; Even now they are largely deprived of the opportunity to meet with friends, many of them feel rejected and depressed \u2013 people lose motivation and faith in their own strengths.&nbsp; Needless to say, the reality of our disappointing situation is a profitable occasion, easily processed information material in the hands of the media.&nbsp; All available television channels and radio waves are teeming with the theme of death, the theme of isolation, the theme of restrictions.&nbsp; As the main consumers of the information flow, they saturate the youth with the theme of the futility of any initiatives and ambitions.&nbsp; At the same time, we understand that young people should find opportunities to share their thoughts and opinions, find positive examples and like-minded people, and explore new opportunities to shape their lives.&nbsp; In this regard, the problem of the lack of positive, really useful information channels has become a subject of discussion for our volunteers.&nbsp; As a result of understanding our situation, we came to the conclusion that digital radio is one of the most relevant and modern forms of youth communication, which is developing throughout Europe and helps to reach out to young people in order to draw their attention to important and disturbing issues of society, especially in&nbsp; pandemic time.<\/p>\n\n\n\n<p>&nbsp;&nbsp;&nbsp;&nbsp; Even before the submission of the project, we began to work hard on relevant and useful media content, as well as on the search for all kinds of options for its distribution.&nbsp; With the help of digital radio and a self-made studio, we managed to record educational programs, podcasts, interviews, thus uniting young people from different cultures, nationalities, social groups.&nbsp; Among other things, we recorded a number of topics and formats that were experimental for radio, in search of a way for an informal digital form of communication.<\/p>\n\n\n\n<p>&nbsp;&nbsp;&nbsp;&nbsp; Also, our team was involved in the creation of an LED performance within the framework of the Mandaria Land project, namely, the development of a plot and the creation of an audio fairy tale for performance.&nbsp; In this regard, masters of theatrical art were invited to conduct seminars on the rhetoric of artistic speech, work with voice and intonations in audio performances.&nbsp; Thus, we managed to expand and develop the qualifications of our speakers.&nbsp; We have also interviewed many different members of society, creating thematic programs, listening to different opinions and thus contributing to the strengthening of social solidarity.<\/p>\n\n\n\n<p>&nbsp;&nbsp;&nbsp; We are really proud that our volunteers managed to provide, organize a channel of support, a positive example, which even at the moment helps people, especially young people, not to lose motivation, maintain communication with peers from different cultural and social backgrounds, and also strengthen communication internationally.&nbsp; Level.<\/p>\n\n\n\n<p>&nbsp;&nbsp; We believe that with the help of digital radio, by creating educational programs, podcasts, interviews, it is possible to unite young people from different cultures, nationalities, social groups, and in the future unite young people not only in Latvia, but also to join the European digital radio network.<\/p>\n\n\n\n<h6 class=\"has-white-color has-text-color wp-block-heading\"><\/h6>\n\n\n\n<h6 class=\"has-white-color has-text-color wp-block-heading\"><strong>Co-financed by the European Union. This publication reflects only the views and opinion of the author, and not necessarily the opinion of the European Union, the European Commission or the National Agency (Youth International Programs Agency), which are not responsible for any use of the information contained therein<\/strong><\/h6>\n\n\n\n<p class=\"has-text-color\" style=\"color:#ffffff\"><\/p>\n<\/div>\n<\/div>\n<\/div>\n\n\n\n<figure class=\"wp-block-image aligncenter size-full\"><img data-recalc-dims=\"1\" loading=\"lazy\" decoding=\"async\" width=\"536\" height=\"204\" data-attachment-id=\"7365\" data-permalink=\"https:\/\/alternativa.lv\/en\/maija-grafa-svetki-2022-vienoti-dazadiba\/image-3-3\/\" data-orig-file=\"https:\/\/i0.wp.com\/alternativa.lv\/wp-content\/uploads\/2022\/07\/image-3.png?fit=536%2C204&amp;ssl=1\" data-orig-size=\"536,204\" data-comments-opened=\"0\" data-image-meta=\"{&quot;aperture&quot;:&quot;0&quot;,&quot;credit&quot;:&quot;&quot;,&quot;camera&quot;:&quot;&quot;,&quot;caption&quot;:&quot;&quot;,&quot;created_timestamp&quot;:&quot;0&quot;,&quot;copyright&quot;:&quot;&quot;,&quot;focal_length&quot;:&quot;0&quot;,&quot;iso&quot;:&quot;0&quot;,&quot;shutter_speed&quot;:&quot;0&quot;,&quot;title&quot;:&quot;&quot;,&quot;orientation&quot;:&quot;0&quot;}\" data-image-title=\"image-3\" data-image-description=\"\" data-image-caption=\"\" data-large-file=\"https:\/\/i0.wp.com\/alternativa.lv\/wp-content\/uploads\/2022\/07\/image-3.png?fit=536%2C204&amp;ssl=1\" src=\"https:\/\/i0.wp.com\/alternativa.lv\/wp-content\/uploads\/2022\/07\/image-3.png?resize=536%2C204&#038;ssl=1\" alt=\"\" class=\"wp-image-7365\" srcset=\"https:\/\/i0.wp.com\/alternativa.lv\/wp-content\/uploads\/2022\/07\/image-3.png?w=536&amp;ssl=1 536w, https:\/\/i0.wp.com\/alternativa.lv\/wp-content\/uploads\/2022\/07\/image-3.png?resize=300%2C114&amp;ssl=1 300w\" sizes=\"auto, (max-width: 536px) 100vw, 536px\" \/><\/figure>\n","protected":false},"excerpt":{"rendered":"<p>Digital youth radio: a new way to get heard Solidarity pro European Solidarity Corps 01.09.2021. &#8211; 31.08.2022. Digit\u0101l\u0101 jaunatnes balss: k\u013c\u016bsti sadzird\u0113ts!&nbsp;&nbsp;&nbsp; As we know, due to the pandemic, people were isolated, forced to spend a lot of time alone, work and study remotely.&nbsp; Even now they are largely deprived&gt;&gt;&gt;<\/p>\n","protected":false},"author":133522584,"featured_media":7645,"parent":1079,"menu_order":4,"comment_status":"closed","ping_status":"closed","template":"","meta":{"_eb_attr":"","footnotes":""},"folder":[635157418],"class_list":["post-7787","page","type-page","status-publish","has-post-thumbnail","hentry"],"translation":{"provider":"WPGlobus","version":"3.0.2","language":"en","enabled_languages":["lv","en","ru"],"languages":{"lv":{"title":true,"content":true,"excerpt":false},"en":{"title":true,"content":true,"excerpt":false},"ru":{"title":true,"content":true,"excerpt":false}}},"jetpack_sharing_enabled":true,"jetpack_shortlink":"https:\/\/wp.me\/P9yPz0-21B","jetpack_likes_enabled":true,"jetpack-related-posts":[{"id":2,"url":"https:\/\/alternativa.lv\/en\/contact\/","url_meta":{"origin":7787,"position":0},"title":"Contacts","author":"tesstemona","date":"15\/01\/2018","format":false,"excerpt":"{:lv} Kult\u016bras biedr\u012bba Alternat\u012bv\u0101 Realit\u0101teRe\u0123. Nr. 40008214937juridisk\u0101\/pasta adrese: Daugavmalas iel\u0101 34-27, Saulkalne, Salaspils nov., LV-2117, Latvija Rado\u0161ais jaunatnes centrs \"Alternat\u012bv\u0101 Realit\u0101te\": L\u0101\u010dpl\u0113\u0161a iel\u0101 54a, R\u012bga, LV-1001, Latvija Atrodamies pagalm\u0101 - ieeja caur v\u0101rtiem L\u0101\u010dpl\u0113\u0161a iel\u0101 52\/54 v\u0101rti\u0146u kods 7727# *\u0112ka 54a atrodas pagalma dzi\u013cum\u0101, no vartiem n\u0101ciet taisni l\u012bdz galam,\u2026","rel":"","context":"Similar post","block_context":{"text":"Similar post","link":""},"img":{"alt_text":"","src":"https:\/\/i0.wp.com\/alternativa.lv\/wp-content\/uploads\/2022\/05\/INTVATION-ALTERNATIVE-REALITY-2.jpg?resize=350%2C200&ssl=1","width":350,"height":200,"srcset":"https:\/\/i0.wp.com\/alternativa.lv\/wp-content\/uploads\/2022\/05\/INTVATION-ALTERNATIVE-REALITY-2.jpg?resize=350%2C200&ssl=1 1x, https:\/\/i0.wp.com\/alternativa.lv\/wp-content\/uploads\/2022\/05\/INTVATION-ALTERNATIVE-REALITY-2.jpg?resize=525%2C300&ssl=1 1.5x, https:\/\/i0.wp.com\/alternativa.lv\/wp-content\/uploads\/2022\/05\/INTVATION-ALTERNATIVE-REALITY-2.jpg?resize=700%2C400&ssl=1 2x"},"classes":[]},{"id":11652,"url":"https:\/\/alternativa.lv\/en\/resursi\/","url_meta":{"origin":7787,"position":1},"title":"Resourses","author":"tesstemona","date":"30\/06\/2024","format":false,"excerpt":"{:lv} Latvijas Nacion\u0101l\u0101 A\u0123ent\u016bra #ErasmusPlus #ESC #Eurodesk #JSPA Jaunatnes Starptautisko programmu a\u0123ent\u016bras ofici\u0101l\u0101 m\u0101jaslapa. A\u0123ent\u016bras administr\u0113 visus Erasmus+, ESK un Eurodesk projektus Latvij\u0101. Projektu konkursi, resursi, aktu\u0101lie jaunumi u.c. Skat\u012bt \u2192 Erasmus+ projektu dokumentu paraugi #ErasmusPlus #dokumenti #JSPA ErasmusPlus projektu dokument\u0101cijas paraugi JSPA m\u0101jaslap\u0101 Skat\u012bt \u2192 EURODESK LATVIJA #Eurodesk #EurodeskLatvia\u2026","rel":"","context":"Similar post","block_context":{"text":"Similar post","link":""},"img":{"alt_text":"","src":"https:\/\/i0.wp.com\/alternativa.lv\/wp-content\/uploads\/2025\/09\/Toolkit-Empower-Youth-workers-OFST-1.png?resize=350%2C200&ssl=1","width":350,"height":200,"srcset":"https:\/\/i0.wp.com\/alternativa.lv\/wp-content\/uploads\/2025\/09\/Toolkit-Empower-Youth-workers-OFST-1.png?resize=350%2C200&ssl=1 1x, https:\/\/i0.wp.com\/alternativa.lv\/wp-content\/uploads\/2025\/09\/Toolkit-Empower-Youth-workers-OFST-1.png?resize=525%2C300&ssl=1 1.5x, https:\/\/i0.wp.com\/alternativa.lv\/wp-content\/uploads\/2025\/09\/Toolkit-Empower-Youth-workers-OFST-1.png?resize=700%2C400&ssl=1 2x, https:\/\/i0.wp.com\/alternativa.lv\/wp-content\/uploads\/2025\/09\/Toolkit-Empower-Youth-workers-OFST-1.png?resize=1050%2C600&ssl=1 3x"},"classes":[]},{"id":4599,"url":"https:\/\/alternativa.lv\/en\/musu-standarti-un-kredo\/","url_meta":{"origin":7787,"position":2},"title":"OUR CREDO AND STANDARDS","author":"tesstemona","date":"15\/04\/2021","format":false,"excerpt":"{:lv} M\u0113s esam neliela talant\u012bgu profesion\u0101\u013cu un jaunie\u0161u ar pla\u0161u pieredzes un iema\u0146u kl\u0101stu. M\u0113s m\u012blam to ko dar\u0101m, un sav\u0101 darb\u0101 esam nospraudu\u0161i gan m\u0113r\u0137us, gan savas darba kvalit\u0101tes standartus un principus. M\u016bsu standarti Erasmus + un ESK (Eiropas Solidarit\u0101tes korpuss) projektiem: No dal\u012bbniekiem par dal\u012bbu m\u016bsu koordin\u0113tajos projektos\u2026","rel":"","context":"Similar post","block_context":{"text":"Similar post","link":""},"img":{"alt_text":"","src":"","width":0,"height":0},"classes":[]},{"id":2470,"url":"https:\/\/alternativa.lv\/en\/projekti\/","url_meta":{"origin":7787,"position":3},"title":"Our Projects \u2013 Inspiring, Developing, and Creating Change","author":"tesstemona","date":"12\/05\/2020","format":false,"excerpt":"{:lv} M\u016bsu Projekti \u2013 Iedvesmojam, att\u012bst\u0101m, rad\u0101m p\u0101rmai\u0146as Kult\u016bras biedr\u012bba \"Alternat\u012bv\u0101 Realit\u0101te\" ir platforma, kas veicina rado\u0161as iniciat\u012bvas, izgl\u012bt\u012bbu un starptautisku sadarb\u012bbu, izmantojot da\u017e\u0101du fondu un grantu atbalstu. M\u016bsu projekti apvieno kult\u016bras mantojuma saglab\u0101\u0161anu, jaunie\u0161u iesaisti, neform\u0101lo izgl\u012bt\u012bbu, k\u0101 ar\u012b soci\u0101lo un vides ilgtsp\u0113ju. M\u0113s akt\u012bvi sadarbojamies ar Erasmus+, Eiropas\u2026","rel":"","context":"Similar post","block_context":{"text":"Similar post","link":""},"img":{"alt_text":"","src":"https:\/\/i0.wp.com\/alternativa.lv\/wp-content\/uploads\/2024\/11\/areal-bckgr-5.png?fit=1200%2C675&ssl=1&resize=350%2C200","width":350,"height":200,"srcset":"https:\/\/i0.wp.com\/alternativa.lv\/wp-content\/uploads\/2024\/11\/areal-bckgr-5.png?fit=1200%2C675&ssl=1&resize=350%2C200 1x, https:\/\/i0.wp.com\/alternativa.lv\/wp-content\/uploads\/2024\/11\/areal-bckgr-5.png?fit=1200%2C675&ssl=1&resize=525%2C300 1.5x, https:\/\/i0.wp.com\/alternativa.lv\/wp-content\/uploads\/2024\/11\/areal-bckgr-5.png?fit=1200%2C675&ssl=1&resize=700%2C400 2x, https:\/\/i0.wp.com\/alternativa.lv\/wp-content\/uploads\/2024\/11\/areal-bckgr-5.png?fit=1200%2C675&ssl=1&resize=1050%2C600 3x"},"classes":[]},{"id":696,"url":"https:\/\/alternativa.lv\/en\/erasmus-projects\/what-is-youth-exchange-and-erasmus-programme\/","url_meta":{"origin":7787,"position":4},"title":"Erasmus+ \u2013 A Life-Changing Opportunity!","author":"tesstemona","date":"25\/11\/2018","format":false,"excerpt":"{:lv} Vai v\u0113lies ce\u013cot, iepaz\u012bt jaunus draugus, att\u012bst\u012bt savas prasmes un ieg\u016bt neaizmirstamu pieredzi? Erasmus+ ir programma tie\u0161i Tev! \u2728 \ud83d\udd25 Kas ir Erasmus+ un ko tas pied\u0101v\u0101? Erasmus+ ir Eiropas Savien\u012bbas programma, kas atbalsta izgl\u012bt\u012bbu, apm\u0101c\u012bbas, jaunatni un sportu. T\u0101 past\u0101v jau 35 gadus un ir pal\u012bdz\u0113jusi vair\u0101k nek\u0101\u2026","rel":"","context":"Similar post","block_context":{"text":"Similar post","link":""},"img":{"alt_text":"","src":"https:\/\/i0.wp.com\/alternativa.lv\/wp-content\/uploads\/2025\/02\/1759726B-17D8-41D8-A074-4A9475915336.jpeg?fit=625%2C336&ssl=1&resize=350%2C200","width":350,"height":200,"srcset":"https:\/\/i0.wp.com\/alternativa.lv\/wp-content\/uploads\/2025\/02\/1759726B-17D8-41D8-A074-4A9475915336.jpeg?fit=625%2C336&ssl=1&resize=350%2C200 1x, https:\/\/i0.wp.com\/alternativa.lv\/wp-content\/uploads\/2025\/02\/1759726B-17D8-41D8-A074-4A9475915336.jpeg?fit=625%2C336&ssl=1&resize=525%2C300 1.5x"},"classes":[]},{"id":5262,"url":"https:\/\/alternativa.lv\/en\/our-social-projects\/integrejosa-spele-jauniesiem-izzini-pasauli-iepazisti-sevi\/","url_meta":{"origin":7787,"position":5},"title":"Integr\u0113jo\u0161\u0101 sp\u0113le jaunie\u0161iem &#8220;izzini pasauli &#8211; iepaz\u012bsti sevi&#8221;","author":"tesstemona","date":"01\/07\/2021","format":false,"excerpt":"Pateicoties jaunai Valsts jaunatnes programmai esam uzs\u0101ku\u0161i jaunu projektu, kura m\u0113r\u0137is ir pal\u012bdz\u0113t jaunie\u0161iem p\u0101rvar\u0113t Covid-19 pand\u0113mijas rad\u012bt\u0101s sekas. \u201cCovid-19 pand\u0113mija ir b\u016btiski ietekm\u0113jusi visas jaunie\u0161u dz\u012bves jomas \u2013 izgl\u012bt\u012bbu, nodarbin\u0101t\u012bbu un br\u012bv\u0101 laika pavad\u012b\u0161anu, k\u0101 ar\u012b iespaidojusi vi\u0146u ment\u0101lo labsaj\u016btu. Vecumposm\u0101, kad veiksm\u012bgai p\u0101rejai uz pilnv\u0113rt\u012bgu pieaugu\u0161\u0101 dz\u012bvi b\u016btiska\u2026","rel":"","context":"Similar post","block_context":{"text":"Similar post","link":""},"img":{"alt_text":"","src":"https:\/\/i0.wp.com\/alternativa.lv\/wp-content\/uploads\/2021\/08\/226379436_4162411713835390_4312893978696383908_n.jpg?fit=1200%2C795&ssl=1&resize=350%2C200","width":350,"height":200,"srcset":"https:\/\/i0.wp.com\/alternativa.lv\/wp-content\/uploads\/2021\/08\/226379436_4162411713835390_4312893978696383908_n.jpg?fit=1200%2C795&ssl=1&resize=350%2C200 1x, https:\/\/i0.wp.com\/alternativa.lv\/wp-content\/uploads\/2021\/08\/226379436_4162411713835390_4312893978696383908_n.jpg?fit=1200%2C795&ssl=1&resize=525%2C300 1.5x, https:\/\/i0.wp.com\/alternativa.lv\/wp-content\/uploads\/2021\/08\/226379436_4162411713835390_4312893978696383908_n.jpg?fit=1200%2C795&ssl=1&resize=700%2C400 2x, https:\/\/i0.wp.com\/alternativa.lv\/wp-content\/uploads\/2021\/08\/226379436_4162411713835390_4312893978696383908_n.jpg?fit=1200%2C795&ssl=1&resize=1050%2C600 3x"},"classes":[]}],"amp_enabled":true,"_links":{"self":[{"href":"https:\/\/alternativa.lv\/en\/wp-json\/wp\/v2\/pages\/7787","targetHints":{"allow":["GET"]}}],"collection":[{"href":"https:\/\/alternativa.lv\/en\/wp-json\/wp\/v2\/pages"}],"about":[{"href":"https:\/\/alternativa.lv\/en\/wp-json\/wp\/v2\/types\/page"}],"author":[{"embeddable":true,"href":"https:\/\/alternativa.lv\/en\/wp-json\/wp\/v2\/users\/133522584"}],"replies":[{"embeddable":true,"href":"https:\/\/alternativa.lv\/en\/wp-json\/wp\/v2\/comments?post=7787"}],"version-history":[{"count":8,"href":"https:\/\/alternativa.lv\/en\/wp-json\/wp\/v2\/pages\/7787\/revisions"}],"predecessor-version":[{"id":7797,"href":"https:\/\/alternativa.lv\/en\/wp-json\/wp\/v2\/pages\/7787\/revisions\/7797"}],"up":[{"embeddable":true,"href":"https:\/\/alternativa.lv\/en\/wp-json\/wp\/v2\/pages\/1079"}],"wp:featuredmedia":[{"embeddable":true,"href":"https:\/\/alternativa.lv\/en\/wp-json\/wp\/v2\/media\/7645"}],"wp:attachment":[{"href":"https:\/\/alternativa.lv\/en\/wp-json\/wp\/v2\/media?parent=7787"}],"wp:term":[{"taxonomy":"folder","embeddable":true,"href":"https:\/\/alternativa.lv\/en\/wp-json\/wp\/v2\/folder?post=7787"}],"curies":[{"name":"wp","href":"https:\/\/api.w.org\/{rel}","templated":true}]}}