{"id":7932,"date":"2022-05-28T10:55:00","date_gmt":"2022-05-28T08:55:00","guid":{"rendered":"https:\/\/alternativa.lv\/?page_id=7932"},"modified":"2023-08-07T11:22:49","modified_gmt":"2023-08-07T09:22:49","slug":"occaterra-land-of-opportunities","status":"publish","type":"page","link":"https:\/\/alternativa.lv\/en\/occaterra-land-of-opportunities\/","title":{"rendered":"Youth exchange &#8220;OCCATERRA: LAND OF OPPORTUNITIES&#8221;"},"content":{"rendered":"\n<p><br>We invite active and open-minded youngsters to the OCCATERRA: Land of opportunities<br>ERASMUS+ is a window to a big world, which helps you to discover new opportunities to grow up and meet new friends over the world!<\/p>\n\n\n\n<p>WE INVITE YOU TO THE WORLD OF OCCATERRA: a fantasy iseland where elves, humans, orcs, dwarfs and aliens exist together.<br>How to ensure that such different races can live and develop together? How to become the ruler of the island and what should be considered? How to pass laws that will be good for everyone?<br>Become an elf or an orc, make you own law, become the leader of an island or raise your people to protest against unjust neighbors &#8211; the fight will be hot!<br>In the end you will find new friends and new knowledge about the world in which every voice matters and everyone&#8217;s opinion is valuable!<br><\/p>\n\n\n\n<p><br>WHAT: Youth exchange<br>WHERE: LATVIA, Koknese<br>WHEN: 18-27.07.2022.<br>FOR WHOM: young people 13-17 y.o. from Latvia, Estonia, Cyprus, and Poland and group leaders 18+ with no age limit;  total 34 person, including young people with fewer opportunities and disabilities.<\/p>\n\n\n\n<p><\/p>\n\n\n\n<p>The aim of the project: to provide psychological support to young people to improve their mental health, to promote the active involvement of young people in democratic life, the understanding of European values \u200b\u200band EU operating principles, as well as to promote the inclusion of young people with limited opportunities, with special emphasis on young refugees from Ukraine.<\/p>\n\n\n\n<p><\/p>\n\n\n\n<ul class=\"wp-block-list\">\n<li>100 % ACCOMODATION, FOOD, PROGRAMME ARE COVERED BY CO-FINANCING OF ERASMUS+ PROGRAM OF EUROPEAN UNION<br><\/li>\n\n\n\n<li>100% TRAVEL EXPENCES ARE OBJECT FOR REIMBURSEMENT AFTER A FULL PARTICIPATION IN THE PROJECT AND DISSEMINATION ACTIVITIES BY<br>PRESENTING ORGINAL TRAVELLING DOCUMENTS<br><\/li>\n\n\n\n<li>NO ANY PARTICIPATION FEE<\/li>\n<\/ul>\n\n\n\n<p><\/p>\n\n\n\n<p>PLEASE READ INFO-PACK AND APPLY TILL JULY 3, 2022:<\/p>\n\n\n\n<div class=\"wp-block-buttons is-layout-flex wp-block-buttons-is-layout-flex\">\n<div class=\"wp-block-button\"><a class=\"wp-block-button__link wp-element-button\" href=\"https:\/\/www.canva.com\/design\/DAE_YDeSzvQ\/qzPEWC2QcXTO4eyxlNQrjA\/view?utm_content=DAE_YDeSzvQ&amp;utm_campaign=designshare&amp;utm_medium=link2&amp;utm_source=sharebutton#1\" target=\"_blank\" rel=\"noreferrer noopener\">READ INFO-PACK <\/a><\/div>\n<\/div>\n\n\n\n<h6 class=\"wp-block-heading\"><br>Co-funded by the European Union. Views and opinions expressed are however those of the author(s) only and do not necessarily reflect those of the European Union,European Commission or National Agency (Agency for International Programs for Youth) neither the European Union nor the granting authority can be held responsiblefor them<\/h6>\n\n\n\n<figure class=\"wp-block-image aligncenter size-large is-resized\"><img data-recalc-dims=\"1\" loading=\"lazy\" decoding=\"async\" data-attachment-id=\"7947\" data-permalink=\"https:\/\/alternativa.lv\/en\/portfolio\/youth-exchange-occaterra-land-of-opportunities\/1-new-eng-eu-jspa-ar\/\" data-orig-file=\"https:\/\/i0.wp.com\/alternativa.lv\/wp-content\/uploads\/2022\/10\/1-NEW-ENG-EU-JSPA-AR.png?fit=1200%2C417&amp;ssl=1\" data-orig-size=\"1200,417\" data-comments-opened=\"0\" data-image-meta=\"{&quot;aperture&quot;:&quot;0&quot;,&quot;credit&quot;:&quot;&quot;,&quot;camera&quot;:&quot;&quot;,&quot;caption&quot;:&quot;&quot;,&quot;created_timestamp&quot;:&quot;0&quot;,&quot;copyright&quot;:&quot;&quot;,&quot;focal_length&quot;:&quot;0&quot;,&quot;iso&quot;:&quot;0&quot;,&quot;shutter_speed&quot;:&quot;0&quot;,&quot;title&quot;:&quot;&quot;,&quot;orientation&quot;:&quot;0&quot;}\" data-image-title=\"1-NEW-ENG-EU-JSPA-AR\" data-image-description=\"\" data-image-caption=\"\" data-medium-file=\"https:\/\/i0.wp.com\/alternativa.lv\/wp-content\/uploads\/2022\/10\/1-NEW-ENG-EU-JSPA-AR.png?fit=300%2C104&amp;ssl=1\" data-large-file=\"https:\/\/i0.wp.com\/alternativa.lv\/wp-content\/uploads\/2022\/10\/1-NEW-ENG-EU-JSPA-AR.png?fit=800%2C278&amp;ssl=1\" src=\"https:\/\/i0.wp.com\/alternativa.lv\/wp-content\/uploads\/2022\/10\/1-NEW-ENG-EU-JSPA-AR.png?resize=339%2C117&#038;ssl=1\" alt=\"\" class=\"wp-image-7947\" width=\"339\" height=\"117\" srcset=\"https:\/\/i0.wp.com\/alternativa.lv\/wp-content\/uploads\/2022\/10\/1-NEW-ENG-EU-JSPA-AR.png?resize=1024%2C356&amp;ssl=1 1024w, https:\/\/i0.wp.com\/alternativa.lv\/wp-content\/uploads\/2022\/10\/1-NEW-ENG-EU-JSPA-AR.png?resize=300%2C104&amp;ssl=1 300w, https:\/\/i0.wp.com\/alternativa.lv\/wp-content\/uploads\/2022\/10\/1-NEW-ENG-EU-JSPA-AR.png?resize=768%2C267&amp;ssl=1 768w, https:\/\/i0.wp.com\/alternativa.lv\/wp-content\/uploads\/2022\/10\/1-NEW-ENG-EU-JSPA-AR.png?w=1200&amp;ssl=1 1200w\" sizes=\"auto, (max-width: 339px) 100vw, 339px\" \/><\/figure>\n","protected":false},"excerpt":{"rendered":"<p>We invite active and open-minded youngsters to the OCCATERRA: Land of opportunitiesERASMUS+ is a window to a big world, which helps you to discover new opportunities to grow up and meet new friends over the world! WE INVITE YOU TO THE WORLD OF OCCATERRA: a fantasy iseland where elves, humans,&gt;&gt;&gt;<\/p>\n","protected":false},"author":133522584,"featured_media":6802,"parent":0,"menu_order":0,"comment_status":"closed","ping_status":"closed","template":"","meta":{"_eb_attr":"","jetpack_post_was_ever_published":false,"footnotes":""},"folder":[635157416],"class_list":["post-7932","page","type-page","status-publish","has-post-thumbnail","hentry"],"translation":{"provider":"WPGlobus","version":"3.0.2","language":"en","enabled_languages":["lv","en","ru"],"languages":{"lv":{"title":true,"content":true,"excerpt":false},"en":{"title":true,"content":true,"excerpt":false},"ru":{"title":false,"content":false,"excerpt":false}}},"jetpack_sharing_enabled":true,"jetpack_shortlink":"https:\/\/wp.me\/P9yPz0-23W","jetpack_likes_enabled":true,"jetpack-related-posts":[{"id":985,"url":"https:\/\/alternativa.lv\/en\/erasmus-projects\/i-love-eu-youth-exchange\/","url_meta":{"origin":7932,"position":0},"title":"I love EU, youth exchange","author":"tesstemona","date":"11\/03\/2019","format":false,"excerpt":"{:en} Latvian group of young people together with participants from 11 European countries as participated in Erasmus+ Youth Exchange \"I love EU\" - I like tO Vote in my first Election to the EU parliament\" The project main goal is increasing young people\u2019s knowledge about the European institutions and encouraging\u2026","rel":"","context":"Similar post","block_context":{"text":"Similar post","link":""},"img":{"alt_text":"","src":"https:\/\/i0.wp.com\/alternativa.lv\/wp-content\/uploads\/2019\/07\/3FFFD915-9494-4071-A2DD-BBC16B1386AE.jpeg?resize=350%2C200","width":350,"height":200,"srcset":"https:\/\/i0.wp.com\/alternativa.lv\/wp-content\/uploads\/2019\/07\/3FFFD915-9494-4071-A2DD-BBC16B1386AE.jpeg?resize=350%2C200 1x, https:\/\/i0.wp.com\/alternativa.lv\/wp-content\/uploads\/2019\/07\/3FFFD915-9494-4071-A2DD-BBC16B1386AE.jpeg?resize=525%2C300 1.5x, https:\/\/i0.wp.com\/alternativa.lv\/wp-content\/uploads\/2019\/07\/3FFFD915-9494-4071-A2DD-BBC16B1386AE.jpeg?resize=700%2C400 2x, https:\/\/i0.wp.com\/alternativa.lv\/wp-content\/uploads\/2019\/07\/3FFFD915-9494-4071-A2DD-BBC16B1386AE.jpeg?resize=1050%2C600 3x"},"classes":[]},{"id":3195,"url":"https:\/\/alternativa.lv\/en\/our-social-projects\/diskusiju-cikls-demokratijai-ikviens-ir-svarigs\/","url_meta":{"origin":7932,"position":1},"title":"DISKUSIJU CIKLS &#8220;DEMOKR\u0100TIJAI IKVIENS IR SVAR\u012aGS!&#8221;","author":"tesstemona","date":"25\/04\/2020","format":false,"excerpt":"Kult\u016bras biedr\u012bba \"Alternat\u012bv\u0101 Realit\u0101te\" \u012bsteno integr\u0101cijas projektu \"Diskusiju cikls \"Demokr\u0101tijai ikviens ir svar\u012bgs!\". \u0160obr\u012bd Latvij\u0101 ir iev\u0113rojami zems jaunatnes l\u012bdzdal\u012bbas l\u012bmenis sabiedr\u012bbas att\u012bst\u012bb\u0101 un l\u0113mumu pie\u0146em\u0161an\u0101, \u012bpa\u0161i starp jaunie\u0161iem NEET situ\u0101cij\u0101 un jaunie\u0161iem no soci\u0101l\u0101s atstumt\u012bbas riska grup\u0101m (b\u0113rnu nami, kr\u012bzes centri, maznodro\u0161in\u0101t\u0101s \u0123imenes, minorit\u0101\u0161u p\u0101rst\u0101vji). \u0160ie jaunie\u0161i bie\u017ei netic\u2026","rel":"","context":"Similar post","block_context":{"text":"Similar post","link":""},"img":{"alt_text":"","src":"https:\/\/i0.wp.com\/alternativa.lv\/wp-content\/uploads\/2020\/10\/DIS-obratnaja-storona-karti-curv-WEB-1.jpg?resize=350%2C200&ssl=1","width":350,"height":200,"srcset":"https:\/\/i0.wp.com\/alternativa.lv\/wp-content\/uploads\/2020\/10\/DIS-obratnaja-storona-karti-curv-WEB-1.jpg?resize=350%2C200&ssl=1 1x, https:\/\/i0.wp.com\/alternativa.lv\/wp-content\/uploads\/2020\/10\/DIS-obratnaja-storona-karti-curv-WEB-1.jpg?resize=525%2C300&ssl=1 1.5x, https:\/\/i0.wp.com\/alternativa.lv\/wp-content\/uploads\/2020\/10\/DIS-obratnaja-storona-karti-curv-WEB-1.jpg?resize=700%2C400&ssl=1 2x, https:\/\/i0.wp.com\/alternativa.lv\/wp-content\/uploads\/2020\/10\/DIS-obratnaja-storona-karti-curv-WEB-1.jpg?resize=1050%2C600&ssl=1 3x, https:\/\/i0.wp.com\/alternativa.lv\/wp-content\/uploads\/2020\/10\/DIS-obratnaja-storona-karti-curv-WEB-1.jpg?resize=1400%2C800&ssl=1 4x"},"classes":[]},{"id":5262,"url":"https:\/\/alternativa.lv\/en\/our-social-projects\/integrejosa-spele-jauniesiem-izzini-pasauli-iepazisti-sevi\/","url_meta":{"origin":7932,"position":2},"title":"Integr\u0113jo\u0161\u0101 sp\u0113le jaunie\u0161iem &#8220;izzini pasauli &#8211; iepaz\u012bsti sevi&#8221;","author":"tesstemona","date":"01\/07\/2021","format":false,"excerpt":"Pateicoties jaunai Valsts jaunatnes programmai esam uzs\u0101ku\u0161i jaunu projektu, kura m\u0113r\u0137is ir pal\u012bdz\u0113t jaunie\u0161iem p\u0101rvar\u0113t Covid-19 pand\u0113mijas rad\u012bt\u0101s sekas. \u201cCovid-19 pand\u0113mija ir b\u016btiski ietekm\u0113jusi visas jaunie\u0161u dz\u012bves jomas \u2013 izgl\u012bt\u012bbu, nodarbin\u0101t\u012bbu un br\u012bv\u0101 laika pavad\u012b\u0161anu, k\u0101 ar\u012b iespaidojusi vi\u0146u ment\u0101lo labsaj\u016btu. Vecumposm\u0101, kad veiksm\u012bgai p\u0101rejai uz pilnv\u0113rt\u012bgu pieaugu\u0161\u0101 dz\u012bvi b\u016btiska\u2026","rel":"","context":"Similar post","block_context":{"text":"Similar post","link":""},"img":{"alt_text":"","src":"https:\/\/i0.wp.com\/alternativa.lv\/wp-content\/uploads\/2021\/08\/226379436_4162411713835390_4312893978696383908_n.jpg?fit=1200%2C795&ssl=1&resize=350%2C200","width":350,"height":200,"srcset":"https:\/\/i0.wp.com\/alternativa.lv\/wp-content\/uploads\/2021\/08\/226379436_4162411713835390_4312893978696383908_n.jpg?fit=1200%2C795&ssl=1&resize=350%2C200 1x, https:\/\/i0.wp.com\/alternativa.lv\/wp-content\/uploads\/2021\/08\/226379436_4162411713835390_4312893978696383908_n.jpg?fit=1200%2C795&ssl=1&resize=525%2C300 1.5x, https:\/\/i0.wp.com\/alternativa.lv\/wp-content\/uploads\/2021\/08\/226379436_4162411713835390_4312893978696383908_n.jpg?fit=1200%2C795&ssl=1&resize=700%2C400 2x, https:\/\/i0.wp.com\/alternativa.lv\/wp-content\/uploads\/2021\/08\/226379436_4162411713835390_4312893978696383908_n.jpg?fit=1200%2C795&ssl=1&resize=1050%2C600 3x"},"classes":[]},{"id":4,"url":"https:\/\/alternativa.lv\/en\/home\/","url_meta":{"origin":7932,"position":3},"title":"About us","author":"tesstemona","date":"15\/01\/2018","format":false,"excerpt":"{:lv} M\u016bsu motto: \"Izzini pasauli - iepaz\u012bsti sevi\" M\u0113s ticam, ka vienm\u0113r ir j\u0101s\u0101k ar sevi.Tikai tad, kad cilv\u0113ks ir gar\u012bgi un daudzpus\u012bgi att\u012bst\u012bs, ir harmonij\u0101 ar sevi, izzina savas stipr\u0101s un vaj\u0101s puses, apzin\u0101s savu atbild\u012bbu par savu r\u012bc\u012bbu visas plan\u0113tas priek\u0161\u0101 - tad vi\u0146\u0161 sp\u0113j aptvert pasauli sev\u2026","rel":"","context":"Similar post","block_context":{"text":"Similar post","link":""},"img":{"alt_text":"","src":"https:\/\/i0.wp.com\/alternativa.lv\/wp-content\/uploads\/2019\/09\/69568198_2621290151224134_7472202166766141440_n.jpg?resize=350%2C200","width":350,"height":200,"srcset":"https:\/\/i0.wp.com\/alternativa.lv\/wp-content\/uploads\/2019\/09\/69568198_2621290151224134_7472202166766141440_n.jpg?resize=350%2C200 1x, https:\/\/i0.wp.com\/alternativa.lv\/wp-content\/uploads\/2019\/09\/69568198_2621290151224134_7472202166766141440_n.jpg?resize=525%2C300 1.5x, https:\/\/i0.wp.com\/alternativa.lv\/wp-content\/uploads\/2019\/09\/69568198_2621290151224134_7472202166766141440_n.jpg?resize=700%2C400 2x"},"classes":[]},{"id":696,"url":"https:\/\/alternativa.lv\/en\/erasmus-projects\/what-is-youth-exchange-and-erasmus-programme\/","url_meta":{"origin":7932,"position":4},"title":"Erasmus+ \u2013 A Life-Changing Opportunity!","author":"tesstemona","date":"25\/11\/2018","format":false,"excerpt":"{:lv} Vai v\u0113lies ce\u013cot, iepaz\u012bt jaunus draugus, att\u012bst\u012bt savas prasmes un ieg\u016bt neaizmirstamu pieredzi? Erasmus+ ir programma tie\u0161i Tev! \u2728 \ud83d\udd25 Kas ir Erasmus+ un ko tas pied\u0101v\u0101? Erasmus+ ir Eiropas Savien\u012bbas programma, kas atbalsta izgl\u012bt\u012bbu, apm\u0101c\u012bbas, jaunatni un sportu. T\u0101 past\u0101v jau 35 gadus un ir pal\u012bdz\u0113jusi vair\u0101k nek\u0101\u2026","rel":"","context":"Similar post","block_context":{"text":"Similar post","link":""},"img":{"alt_text":"","src":"https:\/\/i0.wp.com\/alternativa.lv\/wp-content\/uploads\/2025\/02\/1759726B-17D8-41D8-A074-4A9475915336.jpeg?fit=625%2C336&ssl=1&resize=350%2C200","width":350,"height":200,"srcset":"https:\/\/i0.wp.com\/alternativa.lv\/wp-content\/uploads\/2025\/02\/1759726B-17D8-41D8-A074-4A9475915336.jpeg?fit=625%2C336&ssl=1&resize=350%2C200 1x, https:\/\/i0.wp.com\/alternativa.lv\/wp-content\/uploads\/2025\/02\/1759726B-17D8-41D8-A074-4A9475915336.jpeg?fit=625%2C336&ssl=1&resize=525%2C300 1.5x"},"classes":[]},{"id":1404,"url":"https:\/\/alternativa.lv\/en\/our-social-projects\/","url_meta":{"origin":7932,"position":5},"title":"CREATIVE CENTER","author":"tesstemona","date":"18\/09\/2019","format":false,"excerpt":"{:lv} Rado\u0161ais centrs \u201cAlternat\u012bv\u0101 realit\u0101te\u201d, kas tika dibin\u0101ts R\u012bg\u0101 2017. gad\u0101, ir k\u013cuvis par unik\u0101lu vietu jaunie\u0161u att\u012bst\u012bbai un pa\u0161izpausmei, \u012bpa\u0161i tiem, kuri saskaras ar gr\u016bt\u012bb\u0101m integr\u0113ties sabiedr\u012bb\u0101. Centra galven\u0101 misija ir iesaist\u012bt un atbalst\u012bt jaunie\u0161us, neatkar\u012bgi no vi\u0146u sp\u0113j\u0101m un iesp\u0113j\u0101m, \u012bpa\u0161u uzman\u012bbu v\u0113r\u0161ot jaunie\u0161iem ar ierobe\u017eot\u0101m iesp\u0113j\u0101m, k\u0101\u2026","rel":"","context":"Similar post","block_context":{"text":"Similar post","link":""},"img":{"alt_text":"","src":"https:\/\/i0.wp.com\/alternativa.lv\/wp-content\/uploads\/2024\/09\/7dd8c57a-bde9-4523-b0fe-cfc8ef7f7d4e.jpeg?resize=350%2C200&ssl=1","width":350,"height":200,"srcset":"https:\/\/i0.wp.com\/alternativa.lv\/wp-content\/uploads\/2024\/09\/7dd8c57a-bde9-4523-b0fe-cfc8ef7f7d4e.jpeg?resize=350%2C200&ssl=1 1x, https:\/\/i0.wp.com\/alternativa.lv\/wp-content\/uploads\/2024\/09\/7dd8c57a-bde9-4523-b0fe-cfc8ef7f7d4e.jpeg?resize=525%2C300&ssl=1 1.5x, https:\/\/i0.wp.com\/alternativa.lv\/wp-content\/uploads\/2024\/09\/7dd8c57a-bde9-4523-b0fe-cfc8ef7f7d4e.jpeg?resize=700%2C400&ssl=1 2x"},"classes":[]}],"amp_enabled":true,"_links":{"self":[{"href":"https:\/\/alternativa.lv\/en\/wp-json\/wp\/v2\/pages\/7932","targetHints":{"allow":["GET"]}}],"collection":[{"href":"https:\/\/alternativa.lv\/en\/wp-json\/wp\/v2\/pages"}],"about":[{"href":"https:\/\/alternativa.lv\/en\/wp-json\/wp\/v2\/types\/page"}],"author":[{"embeddable":true,"href":"https:\/\/alternativa.lv\/en\/wp-json\/wp\/v2\/users\/133522584"}],"replies":[{"embeddable":true,"href":"https:\/\/alternativa.lv\/en\/wp-json\/wp\/v2\/comments?post=7932"}],"version-history":[{"count":14,"href":"https:\/\/alternativa.lv\/en\/wp-json\/wp\/v2\/pages\/7932\/revisions"}],"predecessor-version":[{"id":9880,"href":"https:\/\/alternativa.lv\/en\/wp-json\/wp\/v2\/pages\/7932\/revisions\/9880"}],"wp:featuredmedia":[{"embeddable":true,"href":"https:\/\/alternativa.lv\/en\/wp-json\/wp\/v2\/media\/6802"}],"wp:attachment":[{"href":"https:\/\/alternativa.lv\/en\/wp-json\/wp\/v2\/media?parent=7932"}],"wp:term":[{"taxonomy":"folder","embeddable":true,"href":"https:\/\/alternativa.lv\/en\/wp-json\/wp\/v2\/folder?post=7932"}],"curies":[{"name":"wp","href":"https:\/\/api.w.org\/{rel}","templated":true}]}}