{"id":9009,"date":"2022-01-20T09:30:57","date_gmt":"2022-01-20T07:30:57","guid":{"rendered":"https:\/\/alternativa.lv\/?page_id=9009"},"modified":"2023-03-26T20:11:57","modified_gmt":"2023-03-26T18:11:57","slug":"dzive-bez-vardarbibas-diskusiju-klubs","status":"publish","type":"page","link":"https:\/\/alternativa.lv\/en\/dzive-bez-vardarbibas-diskusiju-klubs\/","title":{"rendered":"&#8220;Dz\u012bve bez vardarb\u012bbas&#8221; Diskusiju klubs"},"content":{"rendered":"\n<p>2022.gada garum\u0101 m\u0113s pl\u0101nojam piev\u0113rsties vardarb\u012bbas t\u0113mai, un jo \u012bpa\u0161i vardarb\u012bbai gimen\u0113.<\/p>\n\n\n\n<p>C\u0113loni, sekas, sabiedr\u012bbas attieksme, iesp\u0113jas mazin\u0101t \u0161o posto\u0161o par\u0101d\u012bbu. Cik aktu\u0101la ir \u0161\u012b t\u0113ma, ko sabiedr\u012bba zina par to, cik posto\u0161as var b\u016bt vardarb\u012bbas sekas &#8211; fiziskas, psiholo\u0123iskas, soci\u0101las, emocion\u0101las. Ko m\u0113s pa\u0161i varam dar\u012bt, lai izprastu un mazin\u0101tu \u0161o probl\u0113mu m\u016bsu sabiedr\u012bb\u0101? <\/p>\n\n\n\n<p>&#8220;Alternat\u012bv\u0101s Realit\u0101tes&#8221; jaunie\u0161i pl\u0101no r\u012bkot diskusiju ciklu, kur aicina piedalities ar savam dom\u0101m un pieredzi gan ekspertus, gan vardarb\u012bbas upurus, gan pla\u0161u sabiedr\u012bbu<\/p>\n\n\n\n<p>Ir iepl\u0101nots diskusiju cikls 2022.gada gait\u0101, katru m\u0113nesi organiz\u0113jot vienu pas\u0101kumu. <\/p>\n\n\n\n<p>Nosakot konkr\u0113tus pas\u0101kuma datumu, pak\u0101peniski tiks pievienoti linki katrai Diskusijas t\u0113mai. <\/p>\n\n\n\n<p>Noklik\u0161\u0137inot uz saiknes, J\u016bs tiksiet p\u0101rvirz\u012bti uz pas\u0101kuma aprakstu Facebook un uzzin\u0101siet detaliz\u0113tu pas\u0101kuma inform\u0101ciju, ka ar\u012b var\u0113siet pieteikt savu dal\u012bbu.<\/p>\n\n\n\n<p>Gaid\u012bsim J\u016bs diskusij\u0101s!<\/p>\n\n\n\n<p><\/p>\n\n\n\n<figure class=\"wp-block-table is-style-stripes\"><table><thead><tr><th>Diskusiju t\u0113mas<\/th><th>Pl\u0101nots pas\u0101kums<\/th><\/tr><\/thead><tbody><tr><td><a href=\"https:\/\/fb.me\/e\/2Zvf1Txjo\" data-type=\"URL\" data-id=\"https:\/\/fb.me\/e\/2Zvf1Txjo\" target=\"_blank\" rel=\"noreferrer noopener\">Diskusija: Cilv\u0113kties\u012bbas: Dzimuml\u012bdzties\u012bba k\u0101 viena no Eiropas pamatv\u0113rt\u012bb\u0101m<\/a><\/td><td>Febru\u0101ris 2022<\/td><\/tr><tr><td><a href=\"https:\/\/fb.me\/e\/2jKWJheNj\" data-type=\"URL\" data-id=\"https:\/\/fb.me\/e\/2jKWJheNj\" target=\"_blank\" rel=\"noreferrer noopener\">Diskusiju cikls: &#8220;Vardarb\u012bba \u0123imen\u0113 &#8211; veidi, c\u0113lo\u0146i, sekas, pastiprino\u0161ie faktori. Varas un kontroles rats&#8221;<br>1.Fiziska vardarb\u012bba<\/a><\/td><td>Marts 2022<\/td><\/tr><tr><td><a href=\"https:\/\/alternativa.lv\/podkasti-vardarbiba-gimene\/\" data-type=\"URL\" data-id=\"https:\/\/alternativa.lv\/podkasti-vardarbiba-gimene\/\" target=\"_blank\" rel=\"noreferrer noopener\">Diskusija: Vardarb\u012bba \u0123imen\u0113 &#8211; veidi, c\u0113lo\u0146i, sekas: turpin\u0101jums<br>2.Psiholo\u0123iska un emocion\u0101l\u0101 vardarb\u012bba<\/a><\/td><td>Apr\u012blis 2022<\/td><\/tr><tr><td><a href=\"https:\/\/fb.me\/e\/1IDWqIuBy\" data-type=\"URL\" data-id=\"https:\/\/fb.me\/e\/1IDWqIuBy\">Diskusija: Vardarb\u012bba \u0123imen\u0113 &#8211; veidi, c\u0113lo\u0146i, sekas: turpin\u0101jums<br>3.Seksu\u0101l\u0101 vardarb\u012bba<\/a><\/td><td>Maijs 2022<\/td><\/tr><tr><td><a href=\"https:\/\/fb.me\/e\/ewycVfmVA\" data-type=\"URL\" data-id=\"https:\/\/fb.me\/e\/ewycVfmVA\">Diskusija: Vardarb\u012bba \u0123imen\u0113 &#8211; veidi, c\u0113lo\u0146i, sekas: turpin\u0101jums<br>4.Ekonomisk\u0101 vardarb\u012bba<\/a><\/td><td>J\u016bnijs 2022<\/td><\/tr><tr><td><a href=\"https:\/\/fb.me\/e\/3EKRvSEXI\" data-type=\"URL\" data-id=\"https:\/\/fb.me\/e\/3EKRvSEXI\" target=\"_blank\" rel=\"noreferrer noopener\">Diskusija: Abjuzs, neglekts, gazlaitings, narcisiski psihes trauc\u0113jumi un to atpaz\u012b\u0161ana<\/a><\/td><td>J\u016blijs 2022<\/td><\/tr><tr><td><a href=\"https:\/\/fb.me\/e\/dbAV7XU6n\" data-type=\"URL\" data-id=\"https:\/\/fb.me\/e\/dbAV7XU6n\" target=\"_blank\" rel=\"noreferrer noopener\">&#8220;Kapec vin\u0161 ta dara?&#8221; Landija Bankrofta gr\u0101matas apsprie\u0161anas vakars. Miti un fakti par vardarbibu.<\/a><\/td><td>Augusts 2022<\/td><\/tr><tr><td><a href=\"https:\/\/www.facebook.com\/events\/601408941381933\/?ref=newsfeed\" target=\"_blank\" rel=\"noreferrer noopener\">Diskusija ar kr\u012bzes centru darbiniekiem &#8220;Pirmie so\u013ci uz br\u012bv\u012bbu&#8221;, vardarb\u012bbas gimen\u0113 mazin\u0101\u0161anas meto\u017eu<br>apsprie\u0161ana<\/a><\/td><td>Septembris 2022<\/td><\/tr><tr><td><a href=\"https:\/\/fb.me\/e\/dEGAi8cLe\" data-type=\"URL\" data-id=\"https:\/\/fb.me\/e\/dEGAi8cLe\" target=\"_blank\" rel=\"noreferrer noopener\">Diskusija: Eiropas Padomes Konvencija par vardarb\u012bbas pret sieviet\u0113m un vardarb\u012bbas \u0123imen\u0113 nov\u0113r\u0161anu un<br>apkaro\u0161anu (Stambulas konvencija). Latvija: par vai pret?<\/a><\/td><td>Oktobris 2022<\/td><\/tr><tr><td><a href=\"https:\/\/fb.me\/e\/2ozFVp0v3\" data-type=\"URL\" data-id=\"https:\/\/fb.me\/e\/2ozFVp0v3\" target=\"_blank\" rel=\"noreferrer noopener\">Diskusija: Vardarb\u012bbas apkaro\u0161anas metodes Latvij\u0101 un pasaul\u0113.<br>Anal\u012bze, prezent\u0101cijas, ideju v\u0113tra, priek\u0161likumi turpm\u0101kiem pas\u0101kumiem<\/a><\/td><td>Novembris 2022<\/td><\/tr><\/tbody><\/table><\/figure>\n\n\n\n<p>Sekojiet jaunumiem!<\/p>\n\n\n\n<figure class=\"wp-block-image size-full is-resized\"><img data-recalc-dims=\"1\" loading=\"lazy\" decoding=\"async\" data-attachment-id=\"9076\" data-permalink=\"https:\/\/alternativa.lv\/en\/stop-violence\/qr-code\/\" data-orig-file=\"https:\/\/i0.wp.com\/alternativa.lv\/wp-content\/uploads\/2023\/03\/QR-code.png?fit=300%2C300&amp;ssl=1\" data-orig-size=\"300,300\" data-comments-opened=\"0\" data-image-meta=\"{&quot;aperture&quot;:&quot;0&quot;,&quot;credit&quot;:&quot;&quot;,&quot;camera&quot;:&quot;&quot;,&quot;caption&quot;:&quot;&quot;,&quot;created_timestamp&quot;:&quot;0&quot;,&quot;copyright&quot;:&quot;&quot;,&quot;focal_length&quot;:&quot;0&quot;,&quot;iso&quot;:&quot;0&quot;,&quot;shutter_speed&quot;:&quot;0&quot;,&quot;title&quot;:&quot;&quot;,&quot;orientation&quot;:&quot;0&quot;}\" data-image-title=\"QR code\" data-image-description=\"\" data-image-caption=\"\" data-large-file=\"https:\/\/i0.wp.com\/alternativa.lv\/wp-content\/uploads\/2023\/03\/QR-code.png?fit=300%2C300&amp;ssl=1\" src=\"https:\/\/i0.wp.com\/alternativa.lv\/wp-content\/uploads\/2023\/03\/QR-code.png?resize=180%2C180&#038;ssl=1\" alt=\"\" class=\"wp-image-9076\" width=\"180\" height=\"180\" srcset=\"https:\/\/i0.wp.com\/alternativa.lv\/wp-content\/uploads\/2023\/03\/QR-code.png?w=300&amp;ssl=1 300w, https:\/\/i0.wp.com\/alternativa.lv\/wp-content\/uploads\/2023\/03\/QR-code.png?resize=150%2C150&amp;ssl=1 150w, https:\/\/i0.wp.com\/alternativa.lv\/wp-content\/uploads\/2023\/03\/QR-code.png?resize=200%2C200&amp;ssl=1 200w, https:\/\/i0.wp.com\/alternativa.lv\/wp-content\/uploads\/2023\/03\/QR-code.png?resize=50%2C50&amp;ssl=1 50w\" sizes=\"auto, (max-width: 180px) 100vw, 180px\" \/><\/figure>\n\n\n\n<h6 class=\"wp-block-heading\">L\u012bdzfinans\u0113 Eiropas Savien\u012bba. \u0160\u012b&nbsp; publik\u0101cija atspogu\u013co vien\u012bgi autora uzskatus un viedokli, un ne oblig\u0101ti Eiropas Savien\u012bbas, Eiropas Komisijas vai Nacion\u0101l\u0101s a\u0123ent\u016bras (Jaunatnes starptautisko programmu a\u0123ent\u016bras) viedokli, kuras nav atbild\u012bgas par taj\u0101 ietvert\u0101s inform\u0101cijas jebk\u0101du izmanto\u0161anu<\/h6>\n\n\n\n<figure class=\"wp-block-image aligncenter size-large is-resized\"><img data-recalc-dims=\"1\" loading=\"lazy\" decoding=\"async\" data-attachment-id=\"7949\" data-permalink=\"https:\/\/alternativa.lv\/en\/projekti\/tu-neesi-viena-stop-vardarbibai-gimene\/1-new-lv-eu-jspa-ar\/\" data-orig-file=\"https:\/\/i0.wp.com\/alternativa.lv\/wp-content\/uploads\/2022\/10\/1-NEW-LV-EU-JSPA-AR.png?fit=1200%2C417&amp;ssl=1\" data-orig-size=\"1200,417\" data-comments-opened=\"0\" data-image-meta=\"{&quot;aperture&quot;:&quot;0&quot;,&quot;credit&quot;:&quot;&quot;,&quot;camera&quot;:&quot;&quot;,&quot;caption&quot;:&quot;&quot;,&quot;created_timestamp&quot;:&quot;0&quot;,&quot;copyright&quot;:&quot;&quot;,&quot;focal_length&quot;:&quot;0&quot;,&quot;iso&quot;:&quot;0&quot;,&quot;shutter_speed&quot;:&quot;0&quot;,&quot;title&quot;:&quot;&quot;,&quot;orientation&quot;:&quot;0&quot;}\" data-image-title=\"1 NEW LV &amp;#8211; EU JSPA AR\" data-image-description=\"\" data-image-caption=\"\" data-large-file=\"https:\/\/i0.wp.com\/alternativa.lv\/wp-content\/uploads\/2022\/10\/1-NEW-LV-EU-JSPA-AR.png?fit=800%2C278&amp;ssl=1\" src=\"https:\/\/i0.wp.com\/alternativa.lv\/wp-content\/uploads\/2022\/10\/1-NEW-LV-EU-JSPA-AR.png?resize=486%2C169&#038;ssl=1\" alt=\"\" class=\"wp-image-7949\" width=\"486\" height=\"169\" srcset=\"https:\/\/i0.wp.com\/alternativa.lv\/wp-content\/uploads\/2022\/10\/1-NEW-LV-EU-JSPA-AR.png?resize=1024%2C356&amp;ssl=1 1024w, https:\/\/i0.wp.com\/alternativa.lv\/wp-content\/uploads\/2022\/10\/1-NEW-LV-EU-JSPA-AR.png?resize=300%2C104&amp;ssl=1 300w, https:\/\/i0.wp.com\/alternativa.lv\/wp-content\/uploads\/2022\/10\/1-NEW-LV-EU-JSPA-AR.png?resize=768%2C267&amp;ssl=1 768w, https:\/\/i0.wp.com\/alternativa.lv\/wp-content\/uploads\/2022\/10\/1-NEW-LV-EU-JSPA-AR.png?w=1200&amp;ssl=1 1200w\" sizes=\"auto, (max-width: 486px) 100vw, 486px\" \/><\/figure>\n","protected":false},"excerpt":{"rendered":"<p>2022.gada garum\u0101 m\u0113s pl\u0101nojam piev\u0113rsties vardarb\u012bbas t\u0113mai, un jo \u012bpa\u0161i vardarb\u012bbai gimen\u0113. C\u0113loni, sekas, sabiedr\u012bbas attieksme, iesp\u0113jas mazin\u0101t \u0161o posto\u0161o par\u0101d\u012bbu. Cik aktu\u0101la ir \u0161\u012b t\u0113ma, ko sabiedr\u012bba zina par to, cik posto\u0161as var b\u016bt vardarb\u012bbas sekas &#8211; fiziskas, psiholo\u0123iskas, soci\u0101las, emocion\u0101las. Ko m\u0113s pa\u0161i varam dar\u012bt, lai izprastu un&gt;&gt;&gt;<\/p>\n","protected":false},"author":133522584,"featured_media":9021,"parent":0,"menu_order":0,"comment_status":"closed","ping_status":"closed","template":"","meta":{"_eb_attr":"","footnotes":""},"folder":[635157418],"class_list":["post-9009","page","type-page","status-publish","has-post-thumbnail","hentry"],"translation":{"provider":"WPGlobus","version":"3.0.2","language":"en","enabled_languages":["lv","en","ru"],"languages":{"lv":{"title":true,"content":true,"excerpt":false},"en":{"title":false,"content":false,"excerpt":false},"ru":{"title":true,"content":true,"excerpt":false}}},"jetpack_sharing_enabled":true,"jetpack_shortlink":"https:\/\/wp.me\/P9yPz0-2lj","jetpack_likes_enabled":true,"jetpack-related-posts":[{"id":6590,"url":"https:\/\/alternativa.lv\/en\/projekti\/tu-neesi-viena-stop-vardarbibai-gimene\/","url_meta":{"origin":9009,"position":0},"title":"YOU ARE NOT ALONE","author":"tesstemona","date":"10\/01\/2022","format":false,"excerpt":"{:lv} Kop\u0101 ar partneriem no Kipras un Ukrainas sam uzs\u0101ku\u0161i jaunu projektu - jaunatnes lidzdal\u012bbas projektu \"Tu neesi viena\". Projekta m\u0113r\u0137is ir veicin\u0101t t\u0101da soci\u0101li aktuala jaut\u0101juma risin\u0101\u0161anu, k\u0101 vardarb\u012bba \u0123imen\u0113 un sievie\u0161u ties\u012bbas. Vardarb\u012bba m\u012bl klusumu, un t\u0101d\u0113\u013c m\u0113s reti dzirdam to \u0161ausmino\u0161us st\u0101stus, kas nereti notiek aiz dz\u012bvok\u013cu\u2026","rel":"","context":"Similar post","block_context":{"text":"Similar post","link":""},"img":{"alt_text":"","src":"https:\/\/i0.wp.com\/alternativa.lv\/wp-content\/uploads\/2022\/04\/istockphoto-167261812-612x612-1-1738226989-1666534792549.jpg?fit=612%2C344&ssl=1&resize=350%2C200","width":350,"height":200,"srcset":"https:\/\/i0.wp.com\/alternativa.lv\/wp-content\/uploads\/2022\/04\/istockphoto-167261812-612x612-1-1738226989-1666534792549.jpg?fit=612%2C344&ssl=1&resize=350%2C200 1x, https:\/\/i0.wp.com\/alternativa.lv\/wp-content\/uploads\/2022\/04\/istockphoto-167261812-612x612-1-1738226989-1666534792549.jpg?fit=612%2C344&ssl=1&resize=525%2C300 1.5x"},"classes":[]},{"id":3195,"url":"https:\/\/alternativa.lv\/en\/our-social-projects\/diskusiju-cikls-demokratijai-ikviens-ir-svarigs\/","url_meta":{"origin":9009,"position":1},"title":"DISKUSIJU CIKLS &#8220;DEMOKR\u0100TIJAI IKVIENS IR SVAR\u012aGS!&#8221;","author":"tesstemona","date":"25\/04\/2020","format":false,"excerpt":"Kult\u016bras biedr\u012bba \"Alternat\u012bv\u0101 Realit\u0101te\" \u012bsteno integr\u0101cijas projektu \"Diskusiju cikls \"Demokr\u0101tijai ikviens ir svar\u012bgs!\". \u0160obr\u012bd Latvij\u0101 ir iev\u0113rojami zems jaunatnes l\u012bdzdal\u012bbas l\u012bmenis sabiedr\u012bbas att\u012bst\u012bb\u0101 un l\u0113mumu pie\u0146em\u0161an\u0101, \u012bpa\u0161i starp jaunie\u0161iem NEET situ\u0101cij\u0101 un jaunie\u0161iem no soci\u0101l\u0101s atstumt\u012bbas riska grup\u0101m (b\u0113rnu nami, kr\u012bzes centri, maznodro\u0161in\u0101t\u0101s \u0123imenes, minorit\u0101\u0161u p\u0101rst\u0101vji). \u0160ie jaunie\u0161i bie\u017ei netic\u2026","rel":"","context":"Similar post","block_context":{"text":"Similar post","link":""},"img":{"alt_text":"","src":"https:\/\/i0.wp.com\/alternativa.lv\/wp-content\/uploads\/2020\/10\/DIS-obratnaja-storona-karti-curv-WEB-1.jpg?resize=350%2C200&ssl=1","width":350,"height":200,"srcset":"https:\/\/i0.wp.com\/alternativa.lv\/wp-content\/uploads\/2020\/10\/DIS-obratnaja-storona-karti-curv-WEB-1.jpg?resize=350%2C200&ssl=1 1x, https:\/\/i0.wp.com\/alternativa.lv\/wp-content\/uploads\/2020\/10\/DIS-obratnaja-storona-karti-curv-WEB-1.jpg?resize=525%2C300&ssl=1 1.5x, https:\/\/i0.wp.com\/alternativa.lv\/wp-content\/uploads\/2020\/10\/DIS-obratnaja-storona-karti-curv-WEB-1.jpg?resize=700%2C400&ssl=1 2x, https:\/\/i0.wp.com\/alternativa.lv\/wp-content\/uploads\/2020\/10\/DIS-obratnaja-storona-karti-curv-WEB-1.jpg?resize=1050%2C600&ssl=1 3x, https:\/\/i0.wp.com\/alternativa.lv\/wp-content\/uploads\/2020\/10\/DIS-obratnaja-storona-karti-curv-WEB-1.jpg?resize=1400%2C800&ssl=1 4x"},"classes":[]},{"id":1404,"url":"https:\/\/alternativa.lv\/en\/our-social-projects\/","url_meta":{"origin":9009,"position":2},"title":"CREATIVE CENTER","author":"tesstemona","date":"18\/09\/2019","format":false,"excerpt":"{:lv} Rado\u0161ais centrs \u201cAlternat\u012bv\u0101 realit\u0101te\u201d, kas tika dibin\u0101ts R\u012bg\u0101 2017. gad\u0101, ir k\u013cuvis par unik\u0101lu vietu jaunie\u0161u att\u012bst\u012bbai un pa\u0161izpausmei, \u012bpa\u0161i tiem, kuri saskaras ar gr\u016bt\u012bb\u0101m integr\u0113ties sabiedr\u012bb\u0101. Centra galven\u0101 misija ir iesaist\u012bt un atbalst\u012bt jaunie\u0161us, neatkar\u012bgi no vi\u0146u sp\u0113j\u0101m un iesp\u0113j\u0101m, \u012bpa\u0161u uzman\u012bbu v\u0113r\u0161ot jaunie\u0161iem ar ierobe\u017eot\u0101m iesp\u0113j\u0101m, k\u0101\u2026","rel":"","context":"Similar post","block_context":{"text":"Similar post","link":""},"img":{"alt_text":"","src":"https:\/\/i0.wp.com\/alternativa.lv\/wp-content\/uploads\/2024\/09\/7dd8c57a-bde9-4523-b0fe-cfc8ef7f7d4e.jpeg?resize=350%2C200&ssl=1","width":350,"height":200,"srcset":"https:\/\/i0.wp.com\/alternativa.lv\/wp-content\/uploads\/2024\/09\/7dd8c57a-bde9-4523-b0fe-cfc8ef7f7d4e.jpeg?resize=350%2C200&ssl=1 1x, https:\/\/i0.wp.com\/alternativa.lv\/wp-content\/uploads\/2024\/09\/7dd8c57a-bde9-4523-b0fe-cfc8ef7f7d4e.jpeg?resize=525%2C300&ssl=1 1.5x, https:\/\/i0.wp.com\/alternativa.lv\/wp-content\/uploads\/2024\/09\/7dd8c57a-bde9-4523-b0fe-cfc8ef7f7d4e.jpeg?resize=700%2C400&ssl=1 2x"},"classes":[]},{"id":8497,"url":"https:\/\/alternativa.lv\/en\/stop-violence\/","url_meta":{"origin":9009,"position":3},"title":"STOP VIOLENCE","author":"tesstemona","date":"06\/02\/2023","format":false,"excerpt":"{:lv} 116123\u00a0- Diennakts bezmaksas kr\u012b\u017eu t\u0101lrunis. Jebkur\u0101 diennakts laik\u0101 pieejamas telefonkonsult\u0101cijas, kas pal\u012bdz emocion\u0101li p\u0101rvar\u0113t izveidoju\u0161os situ\u0101ciju. Kr\u012bzes t\u0101lrun\u012b var v\u0113rsties, lai sa\u0146emtu t\u016bl\u012bt\u0113ju speci\u0101lista konsult\u0101ciju par da\u017e\u0101diem jaut\u0101jumiem (piem\u0113ram, cilv\u0113kiem depresij\u0101, cilv\u0113kiem ar pa\u0161n\u0101vniecisk\u0101m tieksm\u0113m, cilv\u0113kiem, kas izj\u016bt vientul\u012bbu, tuvinieka zaud\u0113jumu s\u0101pes, ir atkar\u012bgi no alkohola, narkotiskaj\u0101m viel\u0101m un\u2026","rel":"","context":"Similar post","block_context":{"text":"Similar post","link":""},"img":{"alt_text":"","src":"https:\/\/i0.wp.com\/alternativa.lv\/wp-content\/uploads\/2023\/02\/violence-.jpg?fit=1200%2C675&ssl=1&resize=350%2C200","width":350,"height":200,"srcset":"https:\/\/i0.wp.com\/alternativa.lv\/wp-content\/uploads\/2023\/02\/violence-.jpg?fit=1200%2C675&ssl=1&resize=350%2C200 1x, https:\/\/i0.wp.com\/alternativa.lv\/wp-content\/uploads\/2023\/02\/violence-.jpg?fit=1200%2C675&ssl=1&resize=525%2C300 1.5x, https:\/\/i0.wp.com\/alternativa.lv\/wp-content\/uploads\/2023\/02\/violence-.jpg?fit=1200%2C675&ssl=1&resize=700%2C400 2x, https:\/\/i0.wp.com\/alternativa.lv\/wp-content\/uploads\/2023\/02\/violence-.jpg?fit=1200%2C675&ssl=1&resize=1050%2C600 3x"},"classes":[]},{"id":4,"url":"https:\/\/alternativa.lv\/en\/home\/","url_meta":{"origin":9009,"position":4},"title":"About us","author":"tesstemona","date":"15\/01\/2018","format":false,"excerpt":"{:lv} M\u016bsu motto: \"Izzini pasauli - iepaz\u012bsti sevi\" M\u0113s ticam, ka vienm\u0113r ir j\u0101s\u0101k ar sevi.Tikai tad, kad cilv\u0113ks ir gar\u012bgi un daudzpus\u012bgi att\u012bst\u012bs, ir harmonij\u0101 ar sevi, izzina savas stipr\u0101s un vaj\u0101s puses, apzin\u0101s savu atbild\u012bbu par savu r\u012bc\u012bbu visas plan\u0113tas priek\u0161\u0101 - tad vi\u0146\u0161 sp\u0113j aptvert pasauli sev\u2026","rel":"","context":"Similar post","block_context":{"text":"Similar post","link":""},"img":{"alt_text":"","src":"https:\/\/i0.wp.com\/alternativa.lv\/wp-content\/uploads\/2019\/09\/69568198_2621290151224134_7472202166766141440_n.jpg?resize=350%2C200","width":350,"height":200,"srcset":"https:\/\/i0.wp.com\/alternativa.lv\/wp-content\/uploads\/2019\/09\/69568198_2621290151224134_7472202166766141440_n.jpg?resize=350%2C200 1x, https:\/\/i0.wp.com\/alternativa.lv\/wp-content\/uploads\/2019\/09\/69568198_2621290151224134_7472202166766141440_n.jpg?resize=525%2C300 1.5x, https:\/\/i0.wp.com\/alternativa.lv\/wp-content\/uploads\/2019\/09\/69568198_2621290151224134_7472202166766141440_n.jpg?resize=700%2C400 2x"},"classes":[]},{"id":3528,"url":"https:\/\/alternativa.lv\/en\/xenophobia-2-0\/","url_meta":{"origin":9009,"position":5},"title":"CREATIVE FIGHT AGAINST XENOPHOBIA","author":"natalijasavina","date":"15\/11\/2020","format":false,"excerpt":"{:lv} Solidarit\u0101tes projekts \"xeNOphobia 2.0\" Nr. 2019-3-LV02-ESC31-002785 Periods: 01.01.2020. - 30.11.2020. 2019.g. Solidarit\u0101tes projekta \"Diskusiju klubs \"xeNOphobia\" turpin\u0101jums https:\/\/vimeo.com\/522728244 Ksenofobija ir jau sen zin\u0101ma par\u0101d\u012bba sabiedr\u012bb\u0101. No grie\u0137u valodas v\u0101rds \u201cksenofobija\u201d tiek tulkots k\u0101 \u201cbailes no nepaz\u012bstam\u0101\u201d, bet m\u016bsdien\u0101s t\u0101 ir neieciet\u012bba pret sve\u0161a. T\u0101s ir neieciet\u012bba no cilv\u0113kiem, kas\u2026","rel":"","context":"Similar post","block_context":{"text":"Similar post","link":""},"img":{"alt_text":"","src":"https:\/\/i0.wp.com\/alternativa.lv\/wp-content\/uploads\/2021\/01\/cd8c45f1-3ecf-4d95-943b-d14702771e35.jpg?fit=1200%2C659&ssl=1&resize=350%2C200","width":350,"height":200,"srcset":"https:\/\/i0.wp.com\/alternativa.lv\/wp-content\/uploads\/2021\/01\/cd8c45f1-3ecf-4d95-943b-d14702771e35.jpg?fit=1200%2C659&ssl=1&resize=350%2C200 1x, https:\/\/i0.wp.com\/alternativa.lv\/wp-content\/uploads\/2021\/01\/cd8c45f1-3ecf-4d95-943b-d14702771e35.jpg?fit=1200%2C659&ssl=1&resize=525%2C300 1.5x, https:\/\/i0.wp.com\/alternativa.lv\/wp-content\/uploads\/2021\/01\/cd8c45f1-3ecf-4d95-943b-d14702771e35.jpg?fit=1200%2C659&ssl=1&resize=700%2C400 2x, https:\/\/i0.wp.com\/alternativa.lv\/wp-content\/uploads\/2021\/01\/cd8c45f1-3ecf-4d95-943b-d14702771e35.jpg?fit=1200%2C659&ssl=1&resize=1050%2C600 3x"},"classes":[]}],"amp_enabled":true,"_links":{"self":[{"href":"https:\/\/alternativa.lv\/en\/wp-json\/wp\/v2\/pages\/9009","targetHints":{"allow":["GET"]}}],"collection":[{"href":"https:\/\/alternativa.lv\/en\/wp-json\/wp\/v2\/pages"}],"about":[{"href":"https:\/\/alternativa.lv\/en\/wp-json\/wp\/v2\/types\/page"}],"author":[{"embeddable":true,"href":"https:\/\/alternativa.lv\/en\/wp-json\/wp\/v2\/users\/133522584"}],"replies":[{"embeddable":true,"href":"https:\/\/alternativa.lv\/en\/wp-json\/wp\/v2\/comments?post=9009"}],"version-history":[{"count":19,"href":"https:\/\/alternativa.lv\/en\/wp-json\/wp\/v2\/pages\/9009\/revisions"}],"predecessor-version":[{"id":10938,"href":"https:\/\/alternativa.lv\/en\/wp-json\/wp\/v2\/pages\/9009\/revisions\/10938"}],"wp:featuredmedia":[{"embeddable":true,"href":"https:\/\/alternativa.lv\/en\/wp-json\/wp\/v2\/media\/9021"}],"wp:attachment":[{"href":"https:\/\/alternativa.lv\/en\/wp-json\/wp\/v2\/media?parent=9009"}],"wp:term":[{"taxonomy":"folder","embeddable":true,"href":"https:\/\/alternativa.lv\/en\/wp-json\/wp\/v2\/folder?post=9009"}],"curies":[{"name":"wp","href":"https:\/\/api.w.org\/{rel}","templated":true}]}}