{"id":1087,"date":"2019-05-22T09:40:34","date_gmt":"2019-05-22T07:40:34","guid":{"rendered":"https:\/\/alternativa.lv\/?page_id=1087"},"modified":"2020-10-14T18:47:40","modified_gmt":"2020-10-14T16:47:40","slug":"xenophobia-discussion-club","status":"publish","type":"page","link":"https:\/\/alternativa.lv\/ru\/esc-projects\/xenophobia-discussion-club\/","title":{"rendered":"\u041f\u0420\u041e\u0415\u041a\u0422 \u0421\u041e\u041b\u0418\u0414\u0410\u0420\u041d\u041e\u0421\u0422\u0418: \u0414\u0438\u0441\u043a\u0443\u0441\u0441\u0438\u043e\u043d\u043d\u044b\u0439 \u043a\u043b\u0443\u0431 &#171;xeNOphobia&#187;"},"content":{"rendered":"\n<p>\u0414\u0438\u0441\u043a\u0443\u0441\u0441\u0438\u043e\u043d\u043d\u044b\u0439 \u043a\u043b\u0443\u0431 \u043f\u043e \u0432\u043e\u043f\u0440\u043e\u0441\u0430\u043c \u043a\u0441\u0435\u043d\u043e\u0444\u043e\u0431\u0438\u0438 \u0438 \u0434\u0438\u0441\u043a\u0440\u0438\u043c\u0438\u043d\u0430\u0446\u0438\u0438.<br>\n \u0426\u0435\u043b\u044c \u043f\u0440\u043e\u0435\u043a\u0442\u0430:<\/p>\n\n\n\n<ul class=\"wp-block-list\"><li>\u0421\u043e\u0434\u0435\u0439\u0441\u0442\u0432\u043e\u0432\u0430\u0442\u044c \u0438\u0441\u043a\u043e\u0440\u0435\u043d\u0435\u043d\u0438\u044e \u0441\u0442\u0435\u0440\u0435\u043e\u0442\u0438\u043f\u043e\u0432 \u043d\u0435\u0442\u0435\u0440\u043f\u0438\u043c\u043e\u0441\u0442\u0438 \u0438 \u0434\u0438\u0441\u043a\u0440\u0438\u043c\u0438\u043d\u0430\u0446\u0438\u0438 \u0432 \u043e\u0431\u0449\u0435\u0441\u0442\u0432\u0435 \u043f\u0443\u0442\u0435\u043c \u043f\u0440\u043e\u0441\u0432\u0435\u0449\u0435\u043d\u0438\u044f \u0438 \u0438\u043d\u0444\u043e\u0440\u043c\u0438\u0440\u043e\u0432\u0430\u043d\u0438\u044f \u043e\u0431\u0449\u0435\u0441\u0442\u0432\u0435\u043d\u043d\u043e\u0441\u0442\u0438, \u043f\u0440\u043e\u043f\u0430\u0433\u0430\u043d\u0434\u044b \u0435\u0432\u0440\u043e\u043f\u0435\u0439\u0441\u043a\u0438\u0445 \u0446\u0435\u043d\u043d\u043e\u0441\u0442\u0435\u0439, \u0441\u043e\u043a\u0440\u0430\u0449\u0435\u043d\u0438\u044f \u043a\u0441\u0435\u043d\u043e\u0444\u043e\u0431\u0438\u0438 \u0438 \u0434\u0438\u0441\u043a\u0440\u0438\u043c\u0438\u043d\u0430\u0446\u0438\u0438.<br> \u042d\u0442\u043e\u0442 \u043f\u0440\u043e\u0435\u043a\u0442 \u043f\u043e\u043c\u043e\u0436\u0435\u0442 \u0443\u0441\u0442\u0430\u043d\u043e\u0432\u0438\u0442\u044c \u0440\u0430\u0437\u0443\u043c\u043d\u044b\u0439 \u0434\u0438\u0430\u043b\u043e\u0433 \u043c\u0435\u0436\u0434\u0443 \u0441\u0442\u043e\u0440\u043e\u043d\u043d\u0438\u043a\u0430\u043c\u0438 \u043a\u0441\u0435\u043d\u043e\u0444\u043e\u0431\u0438\u0438 \u0438 \u0442\u0435\u043c\u0438, \u043a\u0442\u043e \u043f\u044b\u0442\u0430\u0435\u0442\u0441\u044f \u0441\u043f\u0440\u0430\u0432\u0438\u0442\u044c\u0441\u044f \u0441 \u044d\u0442\u0438\u043c \u044f\u0432\u043b\u0435\u043d\u0438\u0435\u043c.  \u041e\u043d \u043e\u0431\u044a\u0435\u0434\u0438\u043d\u0438\u0442 \u0440\u044f\u0434 \u043c\u043d\u0435\u043d\u0438\u0439, \u0435\u0441\u043b\u0438 \u0432\u0437\u0433\u043b\u044f\u043d\u0443\u0442\u044c \u043d\u0430 \u044d\u0442\u043e \u0441 \u0435\u0432\u0440\u043e\u043f\u0435\u0439\u0441\u043a\u043e\u0439 \u0442\u043e\u0447\u043a\u0438 \u0437\u0440\u0435\u043d\u0438\u044f \u0438 \u043f\u043e\u043a\u0430\u0437\u0430\u0442\u044c, \u043f\u043e\u0447\u0435\u043c\u0443 \u043a\u0441\u0435\u043d\u043e\u0444\u043e\u0431\u0438\u044f \u0431\u043e\u043b\u0435\u0435 \u043d\u0435 \u043f\u0440\u0438\u0435\u043c\u043b\u0435\u043c\u0430 \u0432 21-\u043c \u0432\u0435\u043a\u0435.<br>\u0411\u0443\u0434\u0443\u0449\u0435\u0435 \u043f\u0440\u043e\u0435\u043a\u0442\u0430 &#8212; \u0433\u0440\u0443\u043f\u043f\u0430 \u0434\u043e\u0431\u0440\u043e\u0432\u043e\u043b\u044c\u0446\u0435\u0432, \u043a\u043e\u0442\u043e\u0440\u044b\u0435 \u043f\u0440\u043e\u0434\u043e\u043b\u0436\u0430\u0442 \u0440\u0430\u0431\u043e\u0442\u0443 \u043f\u043e \u0431\u043e\u0440\u044c\u0431\u0435 \u0441 \u043a\u0441\u0435\u043d\u043e\u0444\u043e\u0431\u0438\u0435\u0439.<br>\u041f\u0440\u043e\u0435\u043a\u0442 \u0434\u0438\u0441\u043a\u0443\u0441\u0441\u0438\u043e\u043d\u043d\u043e\u0433\u043e \u043a\u043b\u0443\u0431\u0430 \u043f\u043e\u043b\u0443\u0447\u0438\u0442 \u0440\u0430\u0437\u0432\u0438\u0442\u0438\u0435 \u0441\u0440\u0430\u0437\u0443 \u0432 \u043d\u0435\u0441\u043a\u043e\u043b\u044c\u043a\u0438\u0445 \u043e\u0431\u043b\u0430\u0441\u0442\u044f\u0445:<\/li><\/ul>\n\n\n\n<ol class=\"wp-block-list\"><li>\u0421\u0430\u043c\u043e\u0440\u0430\u0437\u0432\u0438\u0442\u0438\u0435 \u0438 \u043c\u043e\u0442\u0438\u0432\u0430\u0446\u0438\u044f \u0443\u0447\u0430\u0441\u0442\u043d\u0438\u043a\u043e\u0432 \u0441\u0442\u0430\u0442\u044c \u0441\u043e\u0446\u0438\u0430\u043b\u044c\u043d\u043e-\u0430\u043a\u0442\u0438\u0432\u043d\u044b\u043c\u0438 \u0438 \u043e\u0442\u0432\u0435\u0442\u0441\u0442\u0432\u0435\u043d\u043d\u044b\u043c\u0438 \u0433\u0440\u0430\u0436\u0434\u0430\u043d\u0430\u043c\u0438.  \u041f\u043e\u0442\u043e\u043c\u0443 \u0447\u0442\u043e, \u043a\u043e\u0433\u0434\u0430 \u043c\u044b \u0433\u043e\u0432\u043e\u0440\u0438\u043c \u043e \u0441\u043e\u0446\u0438\u0430\u043b\u044c\u043d\u044b\u0445 \u043f\u0440\u043e\u0431\u043b\u0435\u043c\u0430\u0445, \u043c\u044b \u043d\u0435 \u043f\u0440\u043e\u0441\u0442\u043e \u0433\u043e\u0432\u043e\u0440\u0438\u043c \u043e \u043d\u0438\u0445, \u043d\u043e \u0438 \u0438\u0449\u0435\u043c \u0440\u0435\u0448\u0435\u043d\u0438\u0435.<br>2 \u0423\u0447\u0435\u0431\u043d\u043e\u0435 \u043f\u043e\u0441\u043e\u0431\u0438\u0435.  \u0414\u0438\u0441\u043a\u0443\u0441\u0441\u0438\u0438 \u043f\u0440\u0438\u0432\u043b\u0435\u043a\u0443\u0442 \u0432\u043d\u0438\u043c\u0430\u043d\u0438\u0435 \u043e\u0431\u0449\u0435\u0441\u0442\u0432\u0435\u043d\u043d\u043e\u0441\u0442\u0438 (\u043f\u043e\u0441\u0440\u0435\u0434\u0441\u0442\u0432\u043e\u043c \u043f\u0443\u0431\u043b\u0438\u043a\u0430\u0446\u0438\u0439 \u0438 \u0434\u0438\u0441\u043a\u0443\u0441\u0441\u0438\u0439 \u043e \u043a\u043b\u0443\u0431\u043d\u044b\u0445 \u0434\u0435\u0439\u0441\u0442\u0432\u0438\u044f\u0445) \u043a \u043f\u0440\u043e\u0431\u043b\u0435\u043c\u0435 \u043a\u0441\u0435\u043d\u043e\u0444\u043e\u0431\u0438\u0438, \u043a\u043e\u0442\u043e\u0440\u0430\u044f \u043f\u043e\u0437\u0432\u043e\u043b\u0438\u0442 \u043d\u0435\u0441\u043a\u043e\u043b\u044c\u043a\u0438\u043c \u043b\u044e\u0434\u044f\u043c \u0434\u0443\u043c\u0430\u0442\u044c \u043e \u0442\u043e\u043b\u0435\u0440\u0430\u043d\u0442\u043d\u043e\u0439 \u0444\u043e\u0440\u043c\u0435 \u043c\u044b\u0448\u043b\u0435\u043d\u0438\u044f.<br> 3 \u0418\u0437\u043c\u0435\u043d\u0435\u043d\u0438\u0435 \u043e\u0431\u0449\u0435\u0441\u0442\u0432\u0435\u043d\u043d\u043e\u0433\u043e \u043c\u043d\u0435\u043d\u0438\u044f.  \u041c\u043d\u043e\u0433\u043e\u0447\u0438\u0441\u043b\u0435\u043d\u043d\u044b\u0435 \u043a\u0441\u0435\u043d\u043e\u0444\u043e\u0431\u0441\u043a\u0438\u0435 \u0438\u0434\u0435\u0438 \u0432 \u043d\u0430\u0448\u0435\u043c \u043e\u0431\u0449\u0435\u0441\u0442\u0432\u0435 \u043c\u043e\u0433\u0443\u0442 \u0431\u044b\u0442\u044c \u043f\u0440\u0435\u043e\u0434\u043e\u043b\u0435\u043d\u044b \u0442\u043e\u043b\u044c\u043a\u043e \u0432 \u0442\u043e\u043c \u0441\u043b\u0443\u0447\u0430\u0435, \u0435\u0441\u043b\u0438 \u043e\u0431\u0449\u0435\u0441\u0442\u0432\u043e \u0438\u0437\u043c\u0435\u043d\u0438\u0442 \u0441\u0432\u043e\u0438 \u0432\u0437\u0433\u043b\u044f\u0434\u044b \u043d\u0430 \u043d\u0438\u0445.  \u0414\u0438\u0441\u043a\u0443\u0441\u0441\u0438\u043e\u043d\u043d\u044b\u0439 \u043a\u043b\u0443\u0431, \u0431\u043b\u0430\u0433\u043e\u0434\u0430\u0440\u044f \u043e\u0431\u0441\u0443\u0436\u0434\u0435\u043d\u0438\u044e, \u043e\u0431\u0441\u0443\u0436\u0434\u0435\u043d\u0438\u044e \u0438 \u043f\u043e\u0438\u0441\u043a\u0443 \u0440\u0435\u0448\u0435\u043d\u0438\u044f, \u0441\u043c\u043e\u0436\u0435\u0442 \u043d\u0430\u0447\u0430\u0442\u044c \u0438\u0437\u043c\u0435\u043d\u044f\u0442\u044c \u043c\u043d\u0435\u043d\u0438\u0435 \u0441\u0432\u043e\u0435\u0439 \u0446\u0435\u043b\u0435\u0432\u043e\u0439 \u0430\u0443\u0434\u0438\u0442\u043e\u0440\u0438\u0438 \u0438 \u0438\u0437\u043c\u0435\u043d\u0438\u0442 \u043e\u0431\u0449\u0435\u0441\u0442\u0432\u0435\u043d\u043d\u043e\u0435 \u043c\u043d\u0435\u043d\u0438\u0435 \u0432 \u0446\u0435\u043b\u043e\u043c.<br>4 \u0414\u0438\u0441\u043a\u0443\u0441\u0441\u0438\u043e\u043d\u043d\u044b\u0439 \u043a\u043b\u0443\u0431 \u0441\u0442\u0430\u043d\u0435\u0442 \u043d\u0435 \u0442\u043e\u043b\u044c\u043a\u043e \u043c\u0435\u0441\u0442\u043e\u043c \u0434\u043b\u044f \u0440\u0430\u0437\u0433\u043e\u0432\u043e\u0440\u043e\u0432 \u0438 \u0438\u043d\u0442\u0435\u0440\u043d\u0435\u0442-\u0440\u0435\u0441\u0443\u0440\u0441\u043e\u0432.  \u041c\u044b \u043f\u043b\u0430\u043d\u0438\u0440\u0443\u0435\u043c \u043e\u0431\u0441\u0443\u0436\u0434\u0435\u043d\u0438\u0435, \u0442\u0430\u043a \u043a\u0430\u043a \u0432 \u0440\u0435\u0437\u0443\u043b\u044c\u0442\u0430\u0442\u0435 \u0437\u0430\u0441\u0435\u0434\u0430\u043d\u0438\u044f \u043a\u043b\u0443\u0431\u0430 \u0431\u0443\u0434\u0443\u0442 \u0442\u0430\u043a\u0436\u0435 \u0437\u0430\u043f\u0443\u0449\u0435\u043d\u044b \u0434\u0440\u0443\u0433\u0438\u0435 \u0438\u043d\u0438\u0446\u0438\u0430\u0442\u0438\u0432\u044b \u0438 \u0434\u0440\u0443\u0433\u0438\u0435 \u043f\u0440\u043e\u0435\u043a\u0442\u044b, \u043a\u043e\u0442\u043e\u0440\u044b\u0435 \u043f\u043e\u043c\u043e\u0433\u0443\u0442 \u043f\u0440\u0435\u043e\u0434\u043e\u043b\u0435\u0442\u044c \u043a\u0441\u0435\u043d\u043e\u0444\u043e\u0431\u0438\u044e \u0432 \u043d\u0430\u0448\u0435\u043c \u043e\u0431\u0449\u0435\u0441\u0442\u0432\u0435 (\u043d\u0435\u0440\u0430\u0432\u043d\u044b\u0435 \u0447\u043b\u0435\u043d\u044b \u043a\u043b\u0443\u0431\u0430 \u0441\u043c\u043e\u0433\u0443\u0442 \u0437\u0430\u043f\u0443\u0441\u043a\u0430\u0442\u044c \u0430\u043a\u0446\u0438\u0438, \u0432\u044b\u0441\u0442\u0443\u043f\u043b\u0435\u043d\u0438\u044f \u0438 \u0434\u0440\u0443\u0433\u0438\u0435 \u0441\u043e\u0446\u0438\u0430\u043b\u044c\u043d\u044b\u0435 \u043c\u0435\u0440\u043e\u043f\u0440\u0438\u044f\u0442\u0438\u044f, \u043a\u043e\u0442\u043e\u0440\u044b\u0435 \u0443\u043b\u0443\u0447\u0448\u0430\u0442 \u0441\u0438\u0442\u0443\u0430\u0446\u0438\u044e \u043d\u0430  \u043a\u0441\u0435\u043d\u043e\u0444\u043e\u0431\u0438\u0438).<\/li><\/ol>\n\n\n\n<h6 class=\"wp-block-heading\">\u041f\u0440\u043e\u0435\u043a\u0442 \u0414\u0438\u0441\u043a\u0443\u0441\u0441\u0438\u043e\u043d\u043d\u044b\u0439 \u041a\u043b\u0443\u0431 xeNOphobia \u0444\u0438\u043d\u0430\u043d\u0441\u0438\u0440\u043e\u0432\u0430\u043b\u0441\u044f \u041a\u043e\u0440\u043f\u0443\u0441\u043e\u043c \u0441\u043e\u043b\u0438\u0434\u0430\u0440\u043d\u043e\u0441\u0442\u0438 \u0415\u0432\u0440\u043e\u043f\u0435\u0439\u0441\u043a\u043e\u0439 \u043a\u043e\u043c\u0438\u0441\u0441\u0438\u0438, \u043d\u0430\u0445\u043e\u0434\u044f\u0449\u0438\u043c\u0441\u044f \u0432 \u0432\u0435\u0434\u0435\u043d\u0438\u0438 \u0410\u0433\u0435\u043d\u0442\u0441\u0442\u0432\u0430 \u043c\u0435\u0436\u0434\u0443\u043d\u0430\u0440\u043e\u0434\u043d\u044b\u0445 \u043f\u0440\u043e\u0433\u0440\u0430\u043c\u043c \u0434\u043b\u044f \u043c\u043e\u043b\u043e\u0434\u0435\u0436\u0438 \u0432 \u041b\u0430\u0442\u0432\u0438\u0438.  \u042d\u0442\u0430 \u043f\u0443\u0431\u043b\u0438\u043a\u0430\u0446\u0438\u044f \u043e\u0442\u0440\u0430\u0436\u0430\u0435\u0442 \u0432\u0437\u0433\u043b\u044f\u0434\u044b \u0442\u043e\u043b\u044c\u043a\u043e \u0430\u0432\u0442\u043e\u0440\u0430, \u0438 \u041a\u043e\u043c\u0438\u0441\u0441\u0438\u044f \u043d\u0435 \u043c\u043e\u0436\u0435\u0442 \u043d\u0435\u0441\u0442\u0438 \u043e\u0442\u0432\u0435\u0442\u0441\u0442\u0432\u0435\u043d\u043d\u043e\u0441\u0442\u044c \u0437\u0430 \u043b\u044e\u0431\u043e\u0435 \u0438\u0441\u043f\u043e\u043b\u044c\u0437\u043e\u0432\u0430\u043d\u0438\u0435 \u0438\u043d\u0444\u043e\u0440\u043c\u0430\u0446\u0438\u0438, \u0441\u043e\u0434\u0435\u0440\u0436\u0430\u0449\u0435\u0439\u0441\u044f \u0432 \u043d\u0435\u0439. <\/h6>\n","protected":false},"excerpt":{"rendered":"<p>\u0414\u0438\u0441\u043a\u0443\u0441\u0441\u0438\u043e\u043d\u043d\u044b\u0439 \u043a\u043b\u0443\u0431 \u043f\u043e \u0432\u043e\u043f\u0440\u043e\u0441\u0430\u043c \u043a\u0441\u0435\u043d\u043e\u0444\u043e\u0431\u0438\u0438 \u0438 \u0434\u0438\u0441\u043a\u0440\u0438\u043c\u0438\u043d\u0430\u0446\u0438\u0438. \u0426\u0435\u043b\u044c \u043f\u0440\u043e\u0435\u043a\u0442\u0430: \u0421\u043e\u0434\u0435\u0439\u0441\u0442\u0432\u043e\u0432\u0430\u0442\u044c \u0438\u0441\u043a\u043e\u0440\u0435\u043d\u0435\u043d\u0438\u044e \u0441\u0442\u0435\u0440\u0435\u043e\u0442\u0438\u043f\u043e\u0432 \u043d\u0435\u0442\u0435\u0440\u043f\u0438\u043c\u043e\u0441\u0442\u0438 \u0438 \u0434\u0438\u0441\u043a\u0440\u0438\u043c\u0438\u043d\u0430\u0446\u0438\u0438 \u0432 \u043e\u0431\u0449\u0435\u0441\u0442\u0432\u0435 \u043f\u0443\u0442\u0435\u043c \u043f\u0440\u043e\u0441\u0432\u0435\u0449\u0435\u043d\u0438\u044f \u0438 \u0438\u043d\u0444\u043e\u0440\u043c\u0438\u0440\u043e\u0432\u0430\u043d\u0438\u044f \u043e\u0431\u0449\u0435\u0441\u0442\u0432\u0435\u043d\u043d\u043e\u0441\u0442\u0438, \u043f\u0440\u043e\u043f\u0430\u0433\u0430\u043d\u0434\u044b \u0435\u0432\u0440\u043e\u043f\u0435\u0439\u0441\u043a\u0438\u0445 \u0446\u0435\u043d\u043d\u043e\u0441\u0442\u0435\u0439, \u0441\u043e\u043a\u0440\u0430\u0449\u0435\u043d\u0438\u044f \u043a\u0441\u0435\u043d\u043e\u0444\u043e\u0431\u0438\u0438 \u0438 \u0434\u0438\u0441\u043a\u0440\u0438\u043c\u0438\u043d\u0430\u0446\u0438\u0438. \u042d\u0442\u043e\u0442 \u043f\u0440\u043e\u0435\u043a\u0442 \u043f\u043e\u043c\u043e\u0436\u0435\u0442 \u0443\u0441\u0442\u0430\u043d\u043e\u0432\u0438\u0442\u044c \u0440\u0430\u0437\u0443\u043c\u043d\u044b\u0439 \u0434\u0438\u0430\u043b\u043e\u0433 \u043c\u0435\u0436\u0434\u0443 \u0441\u0442\u043e\u0440\u043e\u043d\u043d\u0438\u043a\u0430\u043c\u0438 \u043a\u0441\u0435\u043d\u043e\u0444\u043e\u0431\u0438\u0438 \u0438 \u0442\u0435\u043c\u0438, \u043a\u0442\u043e \u043f\u044b\u0442\u0430\u0435\u0442\u0441\u044f \u0441\u043f\u0440\u0430\u0432\u0438\u0442\u044c\u0441\u044f \u0441 \u044d\u0442\u0438\u043c \u044f\u0432\u043b\u0435\u043d\u0438\u0435\u043c. \u041e\u043d \u043e\u0431\u044a\u0435\u0434\u0438\u043d\u0438\u0442 \u0440\u044f\u0434 \u043c\u043d\u0435\u043d\u0438\u0439,&gt;&gt;&gt;<\/p>\n","protected":false},"author":133522584,"featured_media":1089,"parent":1079,"menu_order":0,"comment_status":"open","ping_status":"closed","template":"","meta":{"_eb_attr":"","footnotes":""},"folder":[635157418],"class_list":["post-1087","page","type-page","status-publish","has-post-thumbnail","hentry"],"translation":{"provider":"WPGlobus","version":"3.0.2","language":"ru","enabled_languages":["lv","en","ru"],"languages":{"lv":{"title":true,"content":true,"excerpt":false},"en":{"title":true,"content":true,"excerpt":false},"ru":{"title":true,"content":true,"excerpt":false}}},"jetpack_sharing_enabled":true,"jetpack_shortlink":"https:\/\/wp.me\/P9yPz0-hx","jetpack_likes_enabled":true,"jetpack-related-posts":[{"id":3528,"url":"https:\/\/alternativa.lv\/ru\/xenophobia-2-0\/","url_meta":{"origin":1087,"position":0},"title":"\u041f\u0420\u041e\u0415\u041a\u0422 \u0421\u041e\u041b\u0418\u0414\u0410\u0420\u041d\u041e\u0421\u0422\u0418 &#171;XEnoPHOBIA 2.0&#187;","author":"natalijasavina","date":"15\/11\/2020","format":false,"excerpt":"{:lv} Solidarit\u0101tes projekts \"xeNOphobia 2.0\" Nr. 2019-3-LV02-ESC31-002785 Periods: 01.01.2020. - 30.11.2020. 2019.g. Solidarit\u0101tes projekta \"Diskusiju klubs \"xeNOphobia\" turpin\u0101jums https:\/\/vimeo.com\/522728244 Ksenofobija ir jau sen zin\u0101ma par\u0101d\u012bba sabiedr\u012bb\u0101. No grie\u0137u valodas v\u0101rds \u201cksenofobija\u201d tiek tulkots k\u0101 \u201cbailes no nepaz\u012bstam\u0101\u201d, bet m\u016bsdien\u0101s t\u0101 ir neieciet\u012bba pret sve\u0161a. T\u0101s ir neieciet\u012bba no cilv\u0113kiem, kas\u2026","rel":"","context":"\u041f\u043e\u0445\u043e\u0436\u0430\u044f \u0437\u0430\u043f\u0438\u0441\u044c","block_context":{"text":"\u041f\u043e\u0445\u043e\u0436\u0430\u044f \u0437\u0430\u043f\u0438\u0441\u044c","link":""},"img":{"alt_text":"","src":"https:\/\/i0.wp.com\/alternativa.lv\/wp-content\/uploads\/2021\/01\/cd8c45f1-3ecf-4d95-943b-d14702771e35.jpg?fit=1200%2C659&ssl=1&resize=350%2C200","width":350,"height":200,"srcset":"https:\/\/i0.wp.com\/alternativa.lv\/wp-content\/uploads\/2021\/01\/cd8c45f1-3ecf-4d95-943b-d14702771e35.jpg?fit=1200%2C659&ssl=1&resize=350%2C200 1x, https:\/\/i0.wp.com\/alternativa.lv\/wp-content\/uploads\/2021\/01\/cd8c45f1-3ecf-4d95-943b-d14702771e35.jpg?fit=1200%2C659&ssl=1&resize=525%2C300 1.5x, https:\/\/i0.wp.com\/alternativa.lv\/wp-content\/uploads\/2021\/01\/cd8c45f1-3ecf-4d95-943b-d14702771e35.jpg?fit=1200%2C659&ssl=1&resize=700%2C400 2x, https:\/\/i0.wp.com\/alternativa.lv\/wp-content\/uploads\/2021\/01\/cd8c45f1-3ecf-4d95-943b-d14702771e35.jpg?fit=1200%2C659&ssl=1&resize=1050%2C600 3x"},"classes":[]},{"id":1079,"url":"https:\/\/alternativa.lv\/ru\/esc-projects\/","url_meta":{"origin":1087,"position":1},"title":"\u041f\u0440\u043e\u0435\u043a\u0442\u044b \u0415\u0432\u0440\u043e\u043f\u0435\u0439\u0441\u043a\u043e\u0433\u043e \u041a\u043e\u0440\u043f\u0443\u0441\u0430 \u0421\u043e\u043b\u0438\u0434\u0430\u0440\u043d\u043e\u0441\u0442\u0438","author":"tesstemona","date":"22\/05\/2019","format":false,"excerpt":"{:lv} Eiropas Solidarit\u0101tes korpuss ir Eiropas Komisijas prezidenta \u017dana Kloda Junkera 2016. gada 14. septembr\u012b\u00a0izsludin\u0101t\u0101 iniciat\u012bva, kas dod iesp\u0113ju 18 gadus l\u012bdz 30 gadus veciem jaunie\u0161iem piedal\u012bties da\u017e\u0101d\u0101s aktivit\u0101t\u0113s un izr\u0101d\u012bt savu solidarit\u0101ti.\u00a0 Eiropas Solidarit\u0101tes korpusa misija: Eiropas Solidarit\u0101tes korpusa misija ir dot jaunie\u0161iem iesp\u0113ju veidot iek\u013caujo\u0161\u0101ku sabiedr\u012bbu, sniedzot pal\u012bdz\u012bbu\u2026","rel":"","context":"\u041f\u043e\u0445\u043e\u0436\u0430\u044f \u0437\u0430\u043f\u0438\u0441\u044c","block_context":{"text":"\u041f\u043e\u0445\u043e\u0436\u0430\u044f \u0437\u0430\u043f\u0438\u0441\u044c","link":""},"img":{"alt_text":"","src":"https:\/\/i0.wp.com\/alternativa.lv\/wp-content\/uploads\/2020\/05\/p-033124-54h_1.jpg?fit=1200%2C364&ssl=1&resize=350%2C200","width":350,"height":200,"srcset":"https:\/\/i0.wp.com\/alternativa.lv\/wp-content\/uploads\/2020\/05\/p-033124-54h_1.jpg?fit=1200%2C364&ssl=1&resize=350%2C200 1x, https:\/\/i0.wp.com\/alternativa.lv\/wp-content\/uploads\/2020\/05\/p-033124-54h_1.jpg?fit=1200%2C364&ssl=1&resize=525%2C300 1.5x, https:\/\/i0.wp.com\/alternativa.lv\/wp-content\/uploads\/2020\/05\/p-033124-54h_1.jpg?fit=1200%2C364&ssl=1&resize=700%2C400 2x, https:\/\/i0.wp.com\/alternativa.lv\/wp-content\/uploads\/2020\/05\/p-033124-54h_1.jpg?fit=1200%2C364&ssl=1&resize=1050%2C600 3x"},"classes":[]},{"id":3195,"url":"https:\/\/alternativa.lv\/ru\/our-social-projects\/diskusiju-cikls-demokratijai-ikviens-ir-svarigs\/","url_meta":{"origin":1087,"position":2},"title":"DISKUSIJU CIKLS &#171;DEMOKR\u0100TIJAI IKVIENS IR SVAR\u012aGS!&#187;","author":"tesstemona","date":"25\/04\/2020","format":false,"excerpt":"Kult\u016bras biedr\u012bba \"Alternat\u012bv\u0101 Realit\u0101te\" \u012bsteno integr\u0101cijas projektu \"Diskusiju cikls \"Demokr\u0101tijai ikviens ir svar\u012bgs!\". \u0160obr\u012bd Latvij\u0101 ir iev\u0113rojami zems jaunatnes l\u012bdzdal\u012bbas l\u012bmenis sabiedr\u012bbas att\u012bst\u012bb\u0101 un l\u0113mumu pie\u0146em\u0161an\u0101, \u012bpa\u0161i starp jaunie\u0161iem NEET situ\u0101cij\u0101 un jaunie\u0161iem no soci\u0101l\u0101s atstumt\u012bbas riska grup\u0101m (b\u0113rnu nami, kr\u012bzes centri, maznodro\u0161in\u0101t\u0101s \u0123imenes, minorit\u0101\u0161u p\u0101rst\u0101vji). \u0160ie jaunie\u0161i bie\u017ei netic\u2026","rel":"","context":"\u041f\u043e\u0445\u043e\u0436\u0430\u044f \u0437\u0430\u043f\u0438\u0441\u044c","block_context":{"text":"\u041f\u043e\u0445\u043e\u0436\u0430\u044f \u0437\u0430\u043f\u0438\u0441\u044c","link":""},"img":{"alt_text":"","src":"https:\/\/i0.wp.com\/alternativa.lv\/wp-content\/uploads\/2020\/10\/DIS-obratnaja-storona-karti-curv-WEB-1.jpg?resize=350%2C200&ssl=1","width":350,"height":200,"srcset":"https:\/\/i0.wp.com\/alternativa.lv\/wp-content\/uploads\/2020\/10\/DIS-obratnaja-storona-karti-curv-WEB-1.jpg?resize=350%2C200&ssl=1 1x, https:\/\/i0.wp.com\/alternativa.lv\/wp-content\/uploads\/2020\/10\/DIS-obratnaja-storona-karti-curv-WEB-1.jpg?resize=525%2C300&ssl=1 1.5x, https:\/\/i0.wp.com\/alternativa.lv\/wp-content\/uploads\/2020\/10\/DIS-obratnaja-storona-karti-curv-WEB-1.jpg?resize=700%2C400&ssl=1 2x, https:\/\/i0.wp.com\/alternativa.lv\/wp-content\/uploads\/2020\/10\/DIS-obratnaja-storona-karti-curv-WEB-1.jpg?resize=1050%2C600&ssl=1 3x, https:\/\/i0.wp.com\/alternativa.lv\/wp-content\/uploads\/2020\/10\/DIS-obratnaja-storona-karti-curv-WEB-1.jpg?resize=1400%2C800&ssl=1 4x"},"classes":[]},{"id":11652,"url":"https:\/\/alternativa.lv\/ru\/resursi\/","url_meta":{"origin":1087,"position":3},"title":"Noder\u012bgi resursi, projektu rezult\u0101ti, atbalsta materi\u0101li","author":"tesstemona","date":"30\/06\/2024","format":false,"excerpt":"{:lv} Latvijas Nacion\u0101l\u0101 A\u0123ent\u016bra #ErasmusPlus #ESC #Eurodesk #JSPA Jaunatnes Starptautisko programmu a\u0123ent\u016bras ofici\u0101l\u0101 m\u0101jaslapa. A\u0123ent\u016bras administr\u0113 visus Erasmus+, ESK un Eurodesk projektus Latvij\u0101. Projektu konkursi, resursi, aktu\u0101lie jaunumi u.c. Skat\u012bt \u2192 Erasmus+ projektu dokumentu paraugi #ErasmusPlus #dokumenti #JSPA ErasmusPlus projektu dokument\u0101cijas paraugi JSPA m\u0101jaslap\u0101 Skat\u012bt \u2192 EURODESK LATVIJA #Eurodesk #EurodeskLatvia\u2026","rel":"","context":"\u041f\u043e\u0445\u043e\u0436\u0430\u044f \u0437\u0430\u043f\u0438\u0441\u044c","block_context":{"text":"\u041f\u043e\u0445\u043e\u0436\u0430\u044f \u0437\u0430\u043f\u0438\u0441\u044c","link":""},"img":{"alt_text":"","src":"https:\/\/i0.wp.com\/alternativa.lv\/wp-content\/uploads\/2025\/09\/Toolkit-Empower-Youth-workers-OFST-1.png?resize=350%2C200&ssl=1","width":350,"height":200,"srcset":"https:\/\/i0.wp.com\/alternativa.lv\/wp-content\/uploads\/2025\/09\/Toolkit-Empower-Youth-workers-OFST-1.png?resize=350%2C200&ssl=1 1x, https:\/\/i0.wp.com\/alternativa.lv\/wp-content\/uploads\/2025\/09\/Toolkit-Empower-Youth-workers-OFST-1.png?resize=525%2C300&ssl=1 1.5x, https:\/\/i0.wp.com\/alternativa.lv\/wp-content\/uploads\/2025\/09\/Toolkit-Empower-Youth-workers-OFST-1.png?resize=700%2C400&ssl=1 2x, https:\/\/i0.wp.com\/alternativa.lv\/wp-content\/uploads\/2025\/09\/Toolkit-Empower-Youth-workers-OFST-1.png?resize=1050%2C600&ssl=1 3x"},"classes":[]},{"id":9009,"url":"https:\/\/alternativa.lv\/ru\/dzive-bez-vardarbibas-diskusiju-klubs\/","url_meta":{"origin":1087,"position":4},"title":"&#171;\u0416\u0438\u0437\u043d\u044c \u0431\u0435\u0437 \u043d\u0430\u0441\u0438\u043b\u0438\u044f&#187; \u0434\u0438\u0441\u043a\u0443\u0441\u0438\u043e\u043d\u043d\u044b\u0439 \u043a\u043b\u0443\u0431","author":"tesstemona","date":"20\/01\/2022","format":false,"excerpt":"{:lv} 2022.gada garum\u0101 m\u0113s pl\u0101nojam piev\u0113rsties vardarb\u012bbas t\u0113mai, un jo \u012bpa\u0161i vardarb\u012bbai gimen\u0113. C\u0113loni, sekas, sabiedr\u012bbas attieksme, iesp\u0113jas mazin\u0101t \u0161o posto\u0161o par\u0101d\u012bbu. Cik aktu\u0101la ir \u0161\u012b t\u0113ma, ko sabiedr\u012bba zina par to, cik posto\u0161as var b\u016bt vardarb\u012bbas sekas - fiziskas, psiholo\u0123iskas, soci\u0101las, emocion\u0101las. Ko m\u0113s pa\u0161i varam dar\u012bt, lai izprastu\u2026","rel":"","context":"\u041f\u043e\u0445\u043e\u0436\u0430\u044f \u0437\u0430\u043f\u0438\u0441\u044c","block_context":{"text":"\u041f\u043e\u0445\u043e\u0436\u0430\u044f \u0437\u0430\u043f\u0438\u0441\u044c","link":""},"img":{"alt_text":"","src":"https:\/\/i0.wp.com\/alternativa.lv\/wp-content\/uploads\/2023\/03\/makets11.png?fit=960%2C541&ssl=1&resize=350%2C200","width":350,"height":200,"srcset":"https:\/\/i0.wp.com\/alternativa.lv\/wp-content\/uploads\/2023\/03\/makets11.png?fit=960%2C541&ssl=1&resize=350%2C200 1x, https:\/\/i0.wp.com\/alternativa.lv\/wp-content\/uploads\/2023\/03\/makets11.png?fit=960%2C541&ssl=1&resize=525%2C300 1.5x, https:\/\/i0.wp.com\/alternativa.lv\/wp-content\/uploads\/2023\/03\/makets11.png?fit=960%2C541&ssl=1&resize=700%2C400 2x"},"classes":[]},{"id":4370,"url":"https:\/\/alternativa.lv\/ru\/manifests-maksla-pret-ksenofobiju\/","url_meta":{"origin":1087,"position":5},"title":"\u041c\u0430\u043d\u0438\u0444\u0435\u0441\u0442 &#171;\u0418\u0441\u043a\u0443\u0441\u0441\u0442\u0432\u043e \u043f\u0440\u043e\u0442\u0438\u0432 \u043a\u0441\u0435\u043d\u043e\u0444\u043e\u0431\u0438\u0438&#187;","author":"tesstemona","date":"08\/09\/2019","format":false,"excerpt":"{:lv} \"Kad viens m\u0113rka\u0137is akmens viet\u0101 iemeta otram m\u0113rka\u0137im ar v\u0101rdu, tie\u0161i tur un tad s\u0101k\u0101s civiliz\u0101cija.\"\"Akme\u0146i nebija s\u0113klas, no kur\u0101m diedza civiliz\u0101cija, bet v\u0101rdi gan.\" Manifests \"M\u0101ksla pret ksenofobiju\" Tum\u0161a istaba bied\u0113 m\u016bs, dzi\u013cu oke\u0101ns bied\u0113 m\u016bs, m\u0113s baid\u0101mies no tum\u0161\u0101m viet\u0101m, baidamies no vis\u0101m nezin\u0101maj\u0101m un neizprast\u0101m liet\u0101m\u2026","rel":"","context":"\u041f\u043e\u0445\u043e\u0436\u0430\u044f \u0437\u0430\u043f\u0438\u0441\u044c","block_context":{"text":"\u041f\u043e\u0445\u043e\u0436\u0430\u044f \u0437\u0430\u043f\u0438\u0441\u044c","link":""},"img":{"alt_text":"","src":"https:\/\/i0.wp.com\/alternativa.lv\/wp-content\/uploads\/2021\/01\/Green-tree-logo-curv-orange-LEAVES-2sm-300px.png?resize=350%2C200&ssl=1","width":350,"height":200},"classes":[]}],"amp_enabled":true,"_links":{"self":[{"href":"https:\/\/alternativa.lv\/ru\/wp-json\/wp\/v2\/pages\/1087","targetHints":{"allow":["GET"]}}],"collection":[{"href":"https:\/\/alternativa.lv\/ru\/wp-json\/wp\/v2\/pages"}],"about":[{"href":"https:\/\/alternativa.lv\/ru\/wp-json\/wp\/v2\/types\/page"}],"author":[{"embeddable":true,"href":"https:\/\/alternativa.lv\/ru\/wp-json\/wp\/v2\/users\/133522584"}],"replies":[{"embeddable":true,"href":"https:\/\/alternativa.lv\/ru\/wp-json\/wp\/v2\/comments?post=1087"}],"version-history":[{"count":15,"href":"https:\/\/alternativa.lv\/ru\/wp-json\/wp\/v2\/pages\/1087\/revisions"}],"predecessor-version":[{"id":3211,"href":"https:\/\/alternativa.lv\/ru\/wp-json\/wp\/v2\/pages\/1087\/revisions\/3211"}],"up":[{"embeddable":true,"href":"https:\/\/alternativa.lv\/ru\/wp-json\/wp\/v2\/pages\/1079"}],"wp:featuredmedia":[{"embeddable":true,"href":"https:\/\/alternativa.lv\/ru\/wp-json\/wp\/v2\/media\/1089"}],"wp:attachment":[{"href":"https:\/\/alternativa.lv\/ru\/wp-json\/wp\/v2\/media?parent=1087"}],"wp:term":[{"taxonomy":"folder","embeddable":true,"href":"https:\/\/alternativa.lv\/ru\/wp-json\/wp\/v2\/folder?post=1087"}],"curies":[{"name":"wp","href":"https:\/\/api.w.org\/{rel}","templated":true}]}}