{"id":3740,"date":"2021-02-01T18:14:42","date_gmt":"2021-02-01T16:14:42","guid":{"rendered":"https:\/\/alternativa.lv\/?page_id=3740"},"modified":"2023-11-01T18:59:55","modified_gmt":"2023-11-01T16:59:55","slug":"volunteering-apply","status":"publish","type":"page","link":"https:\/\/alternativa.lv\/ru\/brivpratigajiem\/volunteering-apply\/","title":{"rendered":"\u0420\u0415\u0413\u0418\u0421\u0422\u0420\u0410\u0426\u0418\u042f \u041d\u0410 \u0423\u0427\u0410\u0421\u0422\u0418\u0415 \u0412 \u0412\u041e\u041b\u041e\u041d\u0422\u0415\u0420\u0421\u041a\u0418\u0425 \u041f\u0420\u041e\u0415\u041a\u0422\u0410\u0425"},"content":{"rendered":"\n<p class=\"has-text-align-center has-medium-font-size\"><strong>Registration to the Volunteering projects implementing by NGO &#171;Kulturas biedriba &#171;Alternativa Realitate&#187;<\/strong>   <\/p>\n\n\n<div class=\"wp-block-jetpack-contact-form is-layout-flex wp-container-jetpack-contact-form-is-layout-2b4208ba wp-block-jetpack-contact-form-is-layout-flex\"><a href=\"https:\/\/alternativa.lv\/ru\/brivpratigajiem\/volunteering-apply\/\" target=\"_blank\" rel=\"noopener noreferrer\">\u041e\u0442\u043f\u0440\u0430\u0432\u0438\u0442\u044c \u0444\u043e\u0440\u043c\u0443.<\/a><\/div>\n\n\n<p>After registration we will contact you as soon as possible to organize a personal interview by phone or by internet.<\/p>\n","protected":false},"excerpt":{"rendered":"<p>Registration to the Volunteering projects implementing by NGO &#171;Kulturas biedriba &#171;Alternativa Realitate&#187; After registration we will contact you as soon as possible to organize a personal interview by phone or by internet.<\/p>\n","protected":false},"author":133522584,"featured_media":8000,"parent":907,"menu_order":0,"comment_status":"closed","ping_status":"closed","template":"","meta":{"_eb_attr":"","jetpack_post_was_ever_published":false,"footnotes":""},"folder":[635157417],"class_list":["post-3740","page","type-page","status-publish","has-post-thumbnail","hentry"],"translation":{"provider":"WPGlobus","version":"3.0.2","language":"ru","enabled_languages":["lv","en","ru"],"languages":{"lv":{"title":true,"content":true,"excerpt":false},"en":{"title":true,"content":true,"excerpt":false},"ru":{"title":true,"content":true,"excerpt":false}}},"jetpack_sharing_enabled":true,"jetpack_shortlink":"https:\/\/wp.me\/P9yPz0-Yk","jetpack_likes_enabled":true,"jetpack-related-posts":[{"id":10146,"url":"https:\/\/alternativa.lv\/ru\/projekti\/brivpratiga-darba-projekti\/","url_meta":{"origin":3740,"position":0},"title":"\u0412\u043e\u043b\u043e\u043d\u0442\u0435\u0440\u0441\u043a\u0438\u0435 \u043f\u0440\u043e\u0435\u043a\u0442\u044b","author":"tesstemona","date":"14\/08\/2023","format":false,"excerpt":"{:lv} Br\u012bvpr\u0101t\u012bg\u0101 darba projekti Eiropas Solidarit\u0101tes korpusa programma {:}{:en} Volunteering projects {:}{:ru} \u0412\u043e\u043b\u043e\u043d\u0442\u0435\u0440\u0441\u043a\u0438\u0435\\\u0434\u043e\u0431\u0440\u043e\u0432\u043e\u043b\u044c\u0447\u0435\u0441\u043a\u0438\u0435 \u043f\u0440\u043e\u0435\u043a\u0442\u044b {:}","rel":"","context":"\u041f\u043e\u0445\u043e\u0436\u0430\u044f \u0437\u0430\u043f\u0438\u0441\u044c","block_context":{"text":"\u041f\u043e\u0445\u043e\u0436\u0430\u044f \u0437\u0430\u043f\u0438\u0441\u044c","link":""},"img":{"alt_text":"","src":"https:\/\/i0.wp.com\/alternativa.lv\/wp-content\/uploads\/2023\/08\/EU-european-solidarity-corps-4x3-en.png?fit=1200%2C900&ssl=1&resize=350%2C200","width":350,"height":200,"srcset":"https:\/\/i0.wp.com\/alternativa.lv\/wp-content\/uploads\/2023\/08\/EU-european-solidarity-corps-4x3-en.png?fit=1200%2C900&ssl=1&resize=350%2C200 1x, https:\/\/i0.wp.com\/alternativa.lv\/wp-content\/uploads\/2023\/08\/EU-european-solidarity-corps-4x3-en.png?fit=1200%2C900&ssl=1&resize=525%2C300 1.5x, https:\/\/i0.wp.com\/alternativa.lv\/wp-content\/uploads\/2023\/08\/EU-european-solidarity-corps-4x3-en.png?fit=1200%2C900&ssl=1&resize=700%2C400 2x, https:\/\/i0.wp.com\/alternativa.lv\/wp-content\/uploads\/2023\/08\/EU-european-solidarity-corps-4x3-en.png?fit=1200%2C900&ssl=1&resize=1050%2C600 3x"},"classes":[]},{"id":11652,"url":"https:\/\/alternativa.lv\/ru\/resursi\/","url_meta":{"origin":3740,"position":1},"title":"Noder\u012bgi resursi, projektu rezult\u0101ti, atbalsta materi\u0101li","author":"tesstemona","date":"30\/06\/2024","format":false,"excerpt":"{:lv} Latvijas Nacion\u0101l\u0101 A\u0123ent\u016bra #ErasmusPlus #ESC #Eurodesk #JSPA Jaunatnes Starptautisko programmu a\u0123ent\u016bras ofici\u0101l\u0101 m\u0101jaslapa. A\u0123ent\u016bras administr\u0113 visus Erasmus+, ESK un Eurodesk projektus Latvij\u0101. Projektu konkursi, resursi, aktu\u0101lie jaunumi u.c. Skat\u012bt \u2192 Erasmus+ projektu dokumentu paraugi #ErasmusPlus #dokumenti #JSPA ErasmusPlus projektu dokument\u0101cijas paraugi JSPA m\u0101jaslap\u0101 Skat\u012bt \u2192 EURODESK LATVIJA #Eurodesk #EurodeskLatvia\u2026","rel":"","context":"\u041f\u043e\u0445\u043e\u0436\u0430\u044f \u0437\u0430\u043f\u0438\u0441\u044c","block_context":{"text":"\u041f\u043e\u0445\u043e\u0436\u0430\u044f \u0437\u0430\u043f\u0438\u0441\u044c","link":""},"img":{"alt_text":"","src":"https:\/\/i0.wp.com\/alternativa.lv\/wp-content\/uploads\/2025\/09\/Toolkit-Empower-Youth-workers-OFST-1.png?resize=350%2C200&ssl=1","width":350,"height":200,"srcset":"https:\/\/i0.wp.com\/alternativa.lv\/wp-content\/uploads\/2025\/09\/Toolkit-Empower-Youth-workers-OFST-1.png?resize=350%2C200&ssl=1 1x, https:\/\/i0.wp.com\/alternativa.lv\/wp-content\/uploads\/2025\/09\/Toolkit-Empower-Youth-workers-OFST-1.png?resize=525%2C300&ssl=1 1.5x, https:\/\/i0.wp.com\/alternativa.lv\/wp-content\/uploads\/2025\/09\/Toolkit-Empower-Youth-workers-OFST-1.png?resize=700%2C400&ssl=1 2x, https:\/\/i0.wp.com\/alternativa.lv\/wp-content\/uploads\/2025\/09\/Toolkit-Empower-Youth-workers-OFST-1.png?resize=1050%2C600&ssl=1 3x"},"classes":[]},{"id":1130,"url":"https:\/\/alternativa.lv\/ru\/brivpratigajiem\/erasmus-apply\/","url_meta":{"origin":3740,"position":2},"title":"\u0420\u0415\u0413\u0418\u0421\u0422\u0420\u0410\u0426\u0418\u042f \u041d\u0410 \u0423\u0427\u0410\u0421\u0422\u0418\u0415 \u0412 \u041f\u0420\u041e\u0415\u041a\u0422\u0410\u0425 ERASMUS+","author":"tesstemona","date":"30\/05\/2019","format":false,"excerpt":"{:lv} L\u016bdzu aizpildiet visus oblig\u0101tos laukus {:}{:en} By submitting this form i am applying for the participation in the project After registration we will contact you as soon as possible to organize a personal interview by phone or by internet. {:}{:ru} By submitting this form i am applying for the\u2026","rel":"","context":"\u041f\u043e\u0445\u043e\u0436\u0430\u044f \u0437\u0430\u043f\u0438\u0441\u044c","block_context":{"text":"\u041f\u043e\u0445\u043e\u0436\u0430\u044f \u0437\u0430\u043f\u0438\u0441\u044c","link":""},"img":{"alt_text":"","src":"https:\/\/i0.wp.com\/alternativa.lv\/wp-content\/uploads\/2022\/10\/youth-erasmus.jpg?fit=984%2C280&ssl=1&resize=350%2C200","width":350,"height":200,"srcset":"https:\/\/i0.wp.com\/alternativa.lv\/wp-content\/uploads\/2022\/10\/youth-erasmus.jpg?fit=984%2C280&ssl=1&resize=350%2C200 1x, https:\/\/i0.wp.com\/alternativa.lv\/wp-content\/uploads\/2022\/10\/youth-erasmus.jpg?fit=984%2C280&ssl=1&resize=525%2C300 1.5x, https:\/\/i0.wp.com\/alternativa.lv\/wp-content\/uploads\/2022\/10\/youth-erasmus.jpg?fit=984%2C280&ssl=1&resize=700%2C400 2x"},"classes":[]},{"id":907,"url":"https:\/\/alternativa.lv\/ru\/brivpratigajiem\/","url_meta":{"origin":3740,"position":3},"title":"\u0412\u043e\u043b\u043e\u043d\u0442\u0435\u0440\u0441\u0442\u0432\u043e","author":"tesstemona","date":"06\/02\/2019","format":false,"excerpt":"{:lv} K\u0101 Tu vari pal\u012bdz\u0113t? pal\u012bdz\u0113t m\u016bsu kult\u016bras projektu un soci\u0101lo projektu organiz\u0113\u0161an\u0101 (aktivit\u0101\u0161u sagatavo\u0161ana, m\u0101jas lapu administr\u0113\u0161ana, komunik\u0101cija ar klientiem un projektu dal\u012bbniekiem).veidot datordizainu un vizu\u0101lo materi\u0101lu maket\u0113\u0161anu m\u016bsu projektiem.pal\u012bdz\u0113t vad\u012bt aktivit\u0101tesDekor\u0113t rado\u0161o centru atbilsto\u0161i n\u0101kamam aktivit\u0101t\u0113mPal\u012bdz\u0113t citos darbos (telpu uzkop\u0161ana u.tml.), kas saist\u012bti ar biedr\u012bbas un rado\u0161\u0101 centra\u2026","rel":"","context":"\u041f\u043e\u0445\u043e\u0436\u0430\u044f \u0437\u0430\u043f\u0438\u0441\u044c","block_context":{"text":"\u041f\u043e\u0445\u043e\u0436\u0430\u044f \u0437\u0430\u043f\u0438\u0441\u044c","link":""},"img":{"alt_text":"","src":"","width":0,"height":0},"classes":[]},{"id":2780,"url":"https:\/\/alternativa.lv\/ru\/brivpratigais-darbs\/","url_meta":{"origin":3740,"position":4},"title":"\u0412\u041e\u041b\u041e\u041d\u0422\u0415\u0420\u0421\u0422\u0412\u041e","author":"tesstemona","date":"12\/06\/2020","format":false,"excerpt":"{:lv} BR\u012aVPR\u0100T\u012aG\u0100 DARB\u012aBA \u2013 M\u016aSDIENU BRU\u0145INIEC\u012aBA K\u0101p\u0113c br\u012bvpr\u0101t\u012bgais darbs ir m\u016bsdienu bru\u0146inieka ce\u013c\u0161? Pag\u0101tn\u0113 bru\u0146inieki aizst\u0101v\u0113ja v\u0101j\u0101kos, c\u012bn\u012bj\u0101s par taisn\u012bgumu un iev\u0113roja goda kodeksu. M\u016bsdien\u0101s vi\u0146u vietu ie\u0146em br\u012bvpr\u0101t\u012bgie \u2013 cilv\u0113ki, kuri bez atl\u012bdz\u012bbas pal\u012bdz citiem, uzlabo pasauli un iev\u0113ro t\u0101das v\u0113rt\u012bbas k\u0101 labest\u012bba, taisn\u012bgums un vienot\u012bba. Br\u012bvpr\u0101t\u012bgais darbs nav\u2026","rel":"","context":"\u041f\u043e\u0445\u043e\u0436\u0430\u044f \u0437\u0430\u043f\u0438\u0441\u044c","block_context":{"text":"\u041f\u043e\u0445\u043e\u0436\u0430\u044f \u0437\u0430\u043f\u0438\u0441\u044c","link":""},"img":{"alt_text":"","src":"https:\/\/i0.wp.com\/alternativa.lv\/wp-content\/uploads\/2025\/02\/Copy-of-%D0%92%D0%BE%D0%BB%D0%BE%D0%BD%D1%82%D1%91%D1%80%D1%81%D1%82%D0%B2%D0%BE-LV.png?fit=1200%2C600&ssl=1&resize=350%2C200","width":350,"height":200,"srcset":"https:\/\/i0.wp.com\/alternativa.lv\/wp-content\/uploads\/2025\/02\/Copy-of-%D0%92%D0%BE%D0%BB%D0%BE%D0%BD%D1%82%D1%91%D1%80%D1%81%D1%82%D0%B2%D0%BE-LV.png?fit=1200%2C600&ssl=1&resize=350%2C200 1x, https:\/\/i0.wp.com\/alternativa.lv\/wp-content\/uploads\/2025\/02\/Copy-of-%D0%92%D0%BE%D0%BB%D0%BE%D0%BD%D1%82%D1%91%D1%80%D1%81%D1%82%D0%B2%D0%BE-LV.png?fit=1200%2C600&ssl=1&resize=525%2C300 1.5x, https:\/\/i0.wp.com\/alternativa.lv\/wp-content\/uploads\/2025\/02\/Copy-of-%D0%92%D0%BE%D0%BB%D0%BE%D0%BD%D1%82%D1%91%D1%80%D1%81%D1%82%D0%B2%D0%BE-LV.png?fit=1200%2C600&ssl=1&resize=700%2C400 2x, https:\/\/i0.wp.com\/alternativa.lv\/wp-content\/uploads\/2025\/02\/Copy-of-%D0%92%D0%BE%D0%BB%D0%BE%D0%BD%D1%82%D1%91%D1%80%D1%81%D1%82%D0%B2%D0%BE-LV.png?fit=1200%2C600&ssl=1&resize=1050%2C600 3x"},"classes":[]},{"id":2,"url":"https:\/\/alternativa.lv\/ru\/contact\/","url_meta":{"origin":3740,"position":5},"title":"\u041a\u043e\u043d\u0442\u0430\u043a\u0442\u044b","author":"tesstemona","date":"15\/01\/2018","format":false,"excerpt":"{:lv} Kult\u016bras biedr\u012bba Alternat\u012bv\u0101 Realit\u0101teRe\u0123. Nr. 40008214937juridisk\u0101\/pasta adrese: Daugavmalas iel\u0101 34-27, Saulkalne, Salaspils nov., LV-2117, Latvija Rado\u0161ais jaunatnes centrs \"Alternat\u012bv\u0101 Realit\u0101te\": L\u0101\u010dpl\u0113\u0161a iel\u0101 54a, R\u012bga, LV-1001, Latvija Atrodamies pagalm\u0101 - ieeja caur v\u0101rtiem L\u0101\u010dpl\u0113\u0161a iel\u0101 52\/54 v\u0101rti\u0146u kods 7727# *\u0112ka 54a atrodas pagalma dzi\u013cum\u0101, no vartiem n\u0101ciet taisni l\u012bdz galam,\u2026","rel":"","context":"\u041f\u043e\u0445\u043e\u0436\u0430\u044f \u0437\u0430\u043f\u0438\u0441\u044c","block_context":{"text":"\u041f\u043e\u0445\u043e\u0436\u0430\u044f \u0437\u0430\u043f\u0438\u0441\u044c","link":""},"img":{"alt_text":"","src":"https:\/\/i0.wp.com\/alternativa.lv\/wp-content\/uploads\/2022\/05\/INTVATION-ALTERNATIVE-REALITY-2.jpg?resize=350%2C200&ssl=1","width":350,"height":200,"srcset":"https:\/\/i0.wp.com\/alternativa.lv\/wp-content\/uploads\/2022\/05\/INTVATION-ALTERNATIVE-REALITY-2.jpg?resize=350%2C200&ssl=1 1x, https:\/\/i0.wp.com\/alternativa.lv\/wp-content\/uploads\/2022\/05\/INTVATION-ALTERNATIVE-REALITY-2.jpg?resize=525%2C300&ssl=1 1.5x, https:\/\/i0.wp.com\/alternativa.lv\/wp-content\/uploads\/2022\/05\/INTVATION-ALTERNATIVE-REALITY-2.jpg?resize=700%2C400&ssl=1 2x"},"classes":[]}],"amp_enabled":true,"_links":{"self":[{"href":"https:\/\/alternativa.lv\/ru\/wp-json\/wp\/v2\/pages\/3740","targetHints":{"allow":["GET"]}}],"collection":[{"href":"https:\/\/alternativa.lv\/ru\/wp-json\/wp\/v2\/pages"}],"about":[{"href":"https:\/\/alternativa.lv\/ru\/wp-json\/wp\/v2\/types\/page"}],"author":[{"embeddable":true,"href":"https:\/\/alternativa.lv\/ru\/wp-json\/wp\/v2\/users\/133522584"}],"replies":[{"embeddable":true,"href":"https:\/\/alternativa.lv\/ru\/wp-json\/wp\/v2\/comments?post=3740"}],"version-history":[{"count":99,"href":"https:\/\/alternativa.lv\/ru\/wp-json\/wp\/v2\/pages\/3740\/revisions"}],"predecessor-version":[{"id":10629,"href":"https:\/\/alternativa.lv\/ru\/wp-json\/wp\/v2\/pages\/3740\/revisions\/10629"}],"up":[{"embeddable":true,"href":"https:\/\/alternativa.lv\/ru\/wp-json\/wp\/v2\/pages\/907"}],"wp:featuredmedia":[{"embeddable":true,"href":"https:\/\/alternativa.lv\/ru\/wp-json\/wp\/v2\/media\/8000"}],"wp:attachment":[{"href":"https:\/\/alternativa.lv\/ru\/wp-json\/wp\/v2\/media?parent=3740"}],"wp:term":[{"taxonomy":"folder","embeddable":true,"href":"https:\/\/alternativa.lv\/ru\/wp-json\/wp\/v2\/folder?post=3740"}],"curies":[{"name":"wp","href":"https:\/\/api.w.org\/{rel}","templated":true}]}}