{"id":4599,"date":"2021-04-15T19:45:33","date_gmt":"2021-04-15T17:45:33","guid":{"rendered":"https:\/\/alternativa.lv\/?page_id=4599"},"modified":"2021-06-08T13:10:55","modified_gmt":"2021-06-08T11:10:55","slug":"musu-standarti-un-kredo","status":"publish","type":"page","link":"https:\/\/alternativa.lv\/ru\/musu-standarti-un-kredo\/","title":{"rendered":"\u041d\u0410\u0428\u0415 \u041a\u0420\u0415\u0414\u041e \u0418 \u0421\u0422\u0410\u041d\u0414\u0410\u0420\u0422\u042b"},"content":{"rendered":"\n<p>\u041c\u044b &#8212; \u043d\u0435\u0431\u043e\u043b\u044c\u0448\u0430\u044f \u0433\u0440\u0443\u043f\u043f\u0430 \u0442\u0430\u043b\u0430\u043d\u0442\u043b\u0438\u0432\u044b\u0445 \u043f\u0440\u043e\u0444\u0435\u0441\u0441\u0438\u043e\u043d\u0430\u043b\u043e\u0432 \u0438 \u043c\u043e\u043b\u043e\u0434\u044b\u0445 \u043b\u044e\u0434\u0435\u0439 \u0441 \u0448\u0438\u0440\u043e\u043a\u0438\u043c \u0441\u043f\u0435\u043a\u0442\u0440\u043e\u043c \u043e\u043f\u044b\u0442\u0430 \u0438 \u043d\u0430\u0432\u044b\u043a\u043e\u0432. \u041c\u044b \u043b\u044e\u0431\u0438\u043c \u0442\u043e, \u0447\u0442\u043e \u043c\u044b \u0434\u0435\u043b\u0430\u0435\u043c, \u0438 \u0432 \u0441\u0432\u043e\u0435\u0439 \u0440\u0430\u0431\u043e\u0442\u0435 \u043c\u044b \u0443\u0441\u0442\u0430\u043d\u0430\u0432\u043b\u0438\u0432\u0430\u0435\u043c \u043a\u0430\u043a \u0446\u0435\u043b\u0438, \u0442\u0430\u043a \u0438 \u0441\u0442\u0430\u043d\u0434\u0430\u0440\u0442\u044b \u043a\u0430\u0447\u0435\u0441\u0442\u0432\u0430 \u0438 \u043f\u0440\u0438\u043d\u0446\u0438\u043f\u044b \u043d\u0430\u0448\u0435\u0439 \u0434\u0435\u044f\u0442\u0435\u043b\u044c\u043d\u043e\u0441\u0442\u0438.<\/p>\n\n\n\n<p><strong>\u041d\u0430\u0448\u0438 \u0441\u0442\u0430\u043d\u0434\u0430\u0440\u0442\u044b \u0434\u043b\u044f \u043f\u0440\u043e\u0435\u043a\u0442\u043e\u0432 Erasmus + \u0438 ESK (\u0415\u0432\u0440\u043e\u043f\u0435\u0439\u0441\u043a\u0438\u0439 \u043a\u043e\u0440\u043f\u0443\u0441 \u0441\u043e\u043b\u0438\u0434\u0430\u0440\u043d\u043e\u0441\u0442\u0438):<\/strong><\/p>\n\n\n\n<ul class=\"wp-block-list\" id=\"block-90d66d05-a60a-4ed8-86ee-f7873631d9fc\"><li>\u041d\u0438\u043a\u0430\u043a\u0430\u044f \u043f\u043b\u0430\u0442\u0430 \u0437\u0430 \u0443\u0447\u0430\u0441\u0442\u0438\u0435 \u043d\u0435 \u043c\u043e\u0436\u0435\u0442 \u0432\u0437\u0438\u043c\u0430\u0442\u044c\u0441\u044f \u0441 \u0443\u0447\u0430\u0441\u0442\u043d\u0438\u043a\u043e\u0432 \u043b\u044e\u0431\u043e\u0433\u043e \u043a\u043e\u043e\u0440\u0434\u0438\u043d\u0438\u0440\u0443\u0435\u043c\u043e\u0433\u043e \u043d\u0430\u043c\u0438 \u043f\u0440\u043e\u0435\u043a\u0442\u0430.<\/li><li>\u043f\u0440\u043e\u0436\u0438\u0432\u0430\u043d\u0438\u0435 \u0443\u0447\u0430\u0441\u0442\u043d\u0438\u043a\u043e\u0432 \u043d\u0430 \u043f\u0435\u0440\u0438\u043e\u0434 \u0430\u043a\u0442\u0438\u0432\u043d\u043e\u0441\u0442\u0438 \u043f\u0440\u043e\u0435\u043a\u0442\u0430 &#8212; 100% \u043f\u043e\u043a\u0440\u044b\u0432\u0430\u0435\u0442\u0441\u044f \u043f\u0440\u043e\u0433\u0440\u0430\u043c\u043c\u0430\u043c\u0438 Erasmus + \u0438\u043b\u0438 ESK \u0415\u0432\u0440\u043e\u043f\u0435\u0439\u0441\u043a\u043e\u0433\u043e \u0421\u043e\u044e\u0437\u0430.<\/li><li>\u041f\u0438\u0442\u0430\u043d\u0438\u0435 \u0432 \u043f\u0435\u0440\u0438\u043e\u0434 \u0434\u0435\u044f\u0442\u0435\u043b\u044c\u043d\u043e\u0441\u0442\u0438 &#8212; 100% \u043f\u043e\u043a\u0440\u044b\u0432\u0430\u0435\u0442\u0441\u044f \u043f\u0440\u043e\u0433\u0440\u0430\u043c\u043c\u0430\u043c\u0438 Erasmus + \u0438\u043b\u0438 ESK \u0415\u0432\u0440\u043e\u043f\u0435\u0439\u0441\u043a\u043e\u0433\u043e \u0441\u043e\u044e\u0437\u0430.<\/li><li>\u0420\u0430\u0441\u0445\u043e\u0434\u044b, \u0441\u0432\u044f\u0437\u0430\u043d\u043d\u044b\u0435 \u0441 \u043f\u0440\u043e\u0433\u0440\u0430\u043c\u043c\u043e\u0439 &#8212; 100% \u043f\u043e\u043a\u0440\u044b\u0432\u0430\u044e\u0442\u0441\u044f \u043f\u0440\u043e\u0433\u0440\u0430\u043c\u043c\u0430\u043c\u0438 Erasmus + \u0438\u043b\u0438 ESK \u0415\u0432\u0440\u043e\u043f\u0435\u0439\u0441\u043a\u043e\u0433\u043e \u0441\u043e\u044e\u0437\u0430.<\/li><li>\u041f\u0443\u0442\u0435\u0432\u044b\u0435 \u0440\u0430\u0441\u0445\u043e\u0434\u044b &#8212; \u0432\u043e\u0437\u043c\u0435\u0449\u0430\u0435\u0442\u0441\u044f \u043f\u043e\u0441\u043b\u0435 \u043f\u0440\u043e\u0435\u043a\u0442\u0430 \u0434\u043e 100% \u0432 \u0441\u043e\u043e\u0442\u0432\u0435\u0442\u0441\u0442\u0432\u0438\u0438 \u0441 \u043b\u0438\u043c\u0438\u0442\u043e\u043c \u043d\u0430 \u043f\u043e\u0435\u0437\u0434\u043a\u0443 \u0432 \u0437\u0430\u0432\u0438\u0441\u0438\u043c\u043e\u0441\u0442\u0438 \u043e\u0442 \u0440\u0430\u0441\u0441\u0442\u043e\u044f\u043d\u0438\u044f \u0443\u0447\u0430\u0441\u0442\u043d\u0438\u043a\u0430 \u043e\u0442 \u043c\u0435\u0441\u0442\u0430 \u043f\u0440\u043e\u0432\u0435\u0434\u0435\u043d\u0438\u044f \u043f\u0440\u043e\u0435\u043a\u0442\u0430.<\/li><li>\u0420\u0430\u0432\u043d\u043e\u0435 \u0443\u0447\u0430\u0441\u0442\u0438\u0435 \u0434\u043b\u044f \u0432\u0441\u0435\u0445, \u0432\u043a\u043b\u044e\u0447\u0430\u044f \u043c\u043e\u043b\u043e\u0434\u044b\u0445 \u043b\u044e\u0434\u0435\u0439 \u0441 \u043e\u0433\u0440\u0430\u043d\u0438\u0447\u0435\u043d\u043d\u044b\u043c\u0438 \u0432\u043e\u0437\u043c\u043e\u0436\u043d\u043e\u0441\u0442\u044f\u043c\u0438 \u0438 \/ \u0438\u043b\u0438 \u043e\u0441\u043e\u0431\u044b\u043c\u0438 \u043f\u043e\u0442\u0440\u0435\u0431\u043d\u043e\u0441\u0442\u044f\u043c\u0438, \u043d\u0435\u0437\u0430\u0432\u0438\u0441\u0438\u043c\u043e \u043e\u0442 \u043f\u043e\u043b\u0430, \u0440\u0430\u0437\u043d\u044b\u0445 \u043a\u0443\u043b\u044c\u0442\u0443\u0440\u043d\u044b\u0445 \u0438\u043b\u0438 \u0441\u043e\u0446\u0438\u0430\u043b\u044c\u043d\u044b\u0445 \u0433\u0440\u0443\u043f\u043f, \u0440\u0435\u043b\u0438\u0433\u0438\u0438, \u043d\u0430\u0446\u0438\u043e\u043d\u0430\u043b\u044c\u043d\u043e\u0441\u0442\u0438 \u0438\u043b\u0438 \u0434\u0440\u0443\u0433\u0438\u0445 \u043e\u0442\u043b\u0438\u0447\u0438\u0439.<\/li><li>\u0438\u043d\u0434\u0438\u0432\u0438\u0434\u0443\u0430\u043b\u044c\u043d\u044b\u0439 \u043c\u0435\u043d\u0442\u043e\u0440\u0438\u043d\u0433 \u0438 \u0434\u043e\u043f\u043e\u043b\u043d\u0438\u0442\u0435\u043b\u044c\u043d\u0430\u044f \u043f\u043e\u0434\u0434\u0435\u0440\u0436\u043a\u0430 \u043f\u0440\u0438 \u043d\u0435\u043e\u0431\u0445\u043e\u0434\u0438\u043c\u043e\u0441\u0442\u0438.<\/li><li>\u0438\u043d\u043a\u043b\u044e\u0437\u0438\u0432\u043d\u044b\u0435 \u0430\u043a\u0442\u0438\u0432\u043d\u043e\u0441\u0442\u0438<\/li><li>\u0443\u0432\u0430\u0436\u0435\u043d\u0438\u0435 \u043a\u043e \u0432\u0441\u0435\u043c<\/li><li>\u0443\u0447\u0438\u043c\u0441\u044f \u0432\u044b\u0445\u043e\u0434\u0438\u0442\u044c \u0438\u0437 \u0437\u043e\u043d\u044b \u043a\u043e\u043c\u0444\u043e\u0440\u0442\u0430 &#8212; \u0434\u043b\u044f \u043f\u0440\u0438\u043e\u0431\u0440\u0435\u0442\u0435\u043d\u0438\u044f \u043d\u043e\u0432\u044b\u0445 \u0437\u043d\u0430\u043d\u0438\u0439, \u043d\u0430\u0432\u044b\u043a\u043e\u0432 \u0438 \u0436\u0438\u0437\u043d\u0435\u043d\u043d\u044b\u0445 \u0446\u0435\u043b\u0435\u0439!<\/li><\/ul>\n\n\n\n<figure class=\"wp-block-embed is-type-wp-embed is-provider-alternativa-realitate wp-block-embed-alternativa-realitate\"><div class=\"wp-block-embed__wrapper\">\n<a href=\"https:\/\/alternativa.lv\/ru\/manifests-maksla-pret-ksenofobiju\/\">https:\/\/alternativa.lv\/ru\/manifests-maksla-pret-ksenofobiju\/<\/a>\n<\/div><\/figure>\n\n\n\n<figure class=\"wp-block-embed is-type-wp-embed is-provider-alternativa-realitate wp-block-embed-alternativa-realitate\"><div class=\"wp-block-embed__wrapper\">\n<a href=\"https:\/\/alternativa.lv\/ru\/home\/manifests-zalais-restarts\/\">https:\/\/alternativa.lv\/ru\/home\/manifests-zalais-restarts\/<\/a>\n<\/div><\/figure>\n\n\n\n<figure class=\"wp-block-embed is-type-wp-embed is-provider-alternativa-realitate wp-block-embed-alternativa-realitate\"><div class=\"wp-block-embed__wrapper\">\n<a href=\"https:\/\/alternativa.lv\/ru\/erasmus-jaunatnes-kvalitates-standarti\/\">https:\/\/alternativa.lv\/ru\/erasmus-jaunatnes-kvalitates-standarti\/<\/a>\n<\/div><\/figure>\n","protected":false},"excerpt":{"rendered":"<p>\u041c\u044b &#8212; \u043d\u0435\u0431\u043e\u043b\u044c\u0448\u0430\u044f \u0433\u0440\u0443\u043f\u043f\u0430 \u0442\u0430\u043b\u0430\u043d\u0442\u043b\u0438\u0432\u044b\u0445 \u043f\u0440\u043e\u0444\u0435\u0441\u0441\u0438\u043e\u043d\u0430\u043b\u043e\u0432 \u0438 \u043c\u043e\u043b\u043e\u0434\u044b\u0445 \u043b\u044e\u0434\u0435\u0439 \u0441 \u0448\u0438\u0440\u043e\u043a\u0438\u043c \u0441\u043f\u0435\u043a\u0442\u0440\u043e\u043c \u043e\u043f\u044b\u0442\u0430 \u0438 \u043d\u0430\u0432\u044b\u043a\u043e\u0432. \u041c\u044b \u043b\u044e\u0431\u0438\u043c \u0442\u043e, \u0447\u0442\u043e \u043c\u044b \u0434\u0435\u043b\u0430\u0435\u043c, \u0438 \u0432 \u0441\u0432\u043e\u0435\u0439 \u0440\u0430\u0431\u043e\u0442\u0435 \u043c\u044b \u0443\u0441\u0442\u0430\u043d\u0430\u0432\u043b\u0438\u0432\u0430\u0435\u043c \u043a\u0430\u043a \u0446\u0435\u043b\u0438, \u0442\u0430\u043a \u0438 \u0441\u0442\u0430\u043d\u0434\u0430\u0440\u0442\u044b \u043a\u0430\u0447\u0435\u0441\u0442\u0432\u0430 \u0438 \u043f\u0440\u0438\u043d\u0446\u0438\u043f\u044b \u043d\u0430\u0448\u0435\u0439 \u0434\u0435\u044f\u0442\u0435\u043b\u044c\u043d\u043e\u0441\u0442\u0438. \u041d\u0430\u0448\u0438 \u0441\u0442\u0430\u043d\u0434\u0430\u0440\u0442\u044b \u0434\u043b\u044f \u043f\u0440\u043e\u0435\u043a\u0442\u043e\u0432 Erasmus + \u0438 ESK (\u0415\u0432\u0440\u043e\u043f\u0435\u0439\u0441\u043a\u0438\u0439 \u043a\u043e\u0440\u043f\u0443\u0441 \u0441\u043e\u043b\u0438\u0434\u0430\u0440\u043d\u043e\u0441\u0442\u0438): \u041d\u0438\u043a\u0430\u043a\u0430\u044f \u043f\u043b\u0430\u0442\u0430&gt;&gt;&gt;<\/p>\n","protected":false},"author":133522584,"featured_media":0,"parent":0,"menu_order":0,"comment_status":"closed","ping_status":"closed","template":"","meta":{"_eb_attr":"","footnotes":""},"folder":[635157419],"class_list":["post-4599","page","type-page","status-publish","hentry"],"translation":{"provider":"WPGlobus","version":"3.0.2","language":"ru","enabled_languages":["lv","en","ru"],"languages":{"lv":{"title":true,"content":true,"excerpt":false},"en":{"title":true,"content":true,"excerpt":false},"ru":{"title":true,"content":true,"excerpt":false}}},"jetpack_sharing_enabled":true,"jetpack_shortlink":"https:\/\/wp.me\/P9yPz0-1cb","jetpack_likes_enabled":true,"jetpack-related-posts":[{"id":11652,"url":"https:\/\/alternativa.lv\/ru\/resursi\/","url_meta":{"origin":4599,"position":0},"title":"Noder\u012bgi resursi, projektu rezult\u0101ti, atbalsta materi\u0101li","author":"tesstemona","date":"30\/06\/2024","format":false,"excerpt":"{:lv} Latvijas Nacion\u0101l\u0101 A\u0123ent\u016bra #ErasmusPlus #ESC #Eurodesk #JSPA Jaunatnes Starptautisko programmu a\u0123ent\u016bras ofici\u0101l\u0101 m\u0101jaslapa. A\u0123ent\u016bras administr\u0113 visus Erasmus+, ESK un Eurodesk projektus Latvij\u0101. Projektu konkursi, resursi, aktu\u0101lie jaunumi u.c. Skat\u012bt \u2192 Erasmus+ projektu dokumentu paraugi #ErasmusPlus #dokumenti #JSPA ErasmusPlus projektu dokument\u0101cijas paraugi JSPA m\u0101jaslap\u0101 Skat\u012bt \u2192 EURODESK LATVIJA #Eurodesk #EurodeskLatvia\u2026","rel":"","context":"\u041f\u043e\u0445\u043e\u0436\u0430\u044f \u0437\u0430\u043f\u0438\u0441\u044c","block_context":{"text":"\u041f\u043e\u0445\u043e\u0436\u0430\u044f \u0437\u0430\u043f\u0438\u0441\u044c","link":""},"img":{"alt_text":"","src":"https:\/\/i0.wp.com\/alternativa.lv\/wp-content\/uploads\/2025\/09\/Toolkit-Empower-Youth-workers-OFST-1.png?resize=350%2C200&ssl=1","width":350,"height":200,"srcset":"https:\/\/i0.wp.com\/alternativa.lv\/wp-content\/uploads\/2025\/09\/Toolkit-Empower-Youth-workers-OFST-1.png?resize=350%2C200&ssl=1 1x, https:\/\/i0.wp.com\/alternativa.lv\/wp-content\/uploads\/2025\/09\/Toolkit-Empower-Youth-workers-OFST-1.png?resize=525%2C300&ssl=1 1.5x, https:\/\/i0.wp.com\/alternativa.lv\/wp-content\/uploads\/2025\/09\/Toolkit-Empower-Youth-workers-OFST-1.png?resize=700%2C400&ssl=1 2x, https:\/\/i0.wp.com\/alternativa.lv\/wp-content\/uploads\/2025\/09\/Toolkit-Empower-Youth-workers-OFST-1.png?resize=1050%2C600&ssl=1 3x"},"classes":[]},{"id":7932,"url":"https:\/\/alternativa.lv\/ru\/occaterra-land-of-opportunities\/","url_meta":{"origin":4599,"position":1},"title":"Okkaterra: iesp\u0113ju zeme","author":"tesstemona","date":"28\/05\/2022","format":false,"excerpt":"{:lv} Jaunie\u0161u apmai\u0146a Izveido savu pasauli ar saviem likumiem! Erasmus+ jaunie\u0161u apmai\u0146a 13-17 g. July 18-27, 2022Koknese LATVIA AICIN\u0100M TEVI UZ OKKATERRAS PASAULI: fant\u0101zijas zem\u0113, kur vienkopus past\u0101v elfi, cilv\u0113ki, orki, punduri un citplan\u0113tie\u0161i. K\u0101 nodro\u0161in\u0101t, lai tik da\u017e\u0101das rases var\u0113tu dz\u012bvot un att\u012bst\u012bties kop\u0101? K\u0101 k\u013c\u016bt par salas valdnieku\u2026","rel":"","context":"\u041f\u043e\u0445\u043e\u0436\u0430\u044f \u0437\u0430\u043f\u0438\u0441\u044c","block_context":{"text":"\u041f\u043e\u0445\u043e\u0436\u0430\u044f \u0437\u0430\u043f\u0438\u0441\u044c","link":""},"img":{"alt_text":"","src":"https:\/\/i0.wp.com\/alternativa.lv\/wp-content\/uploads\/2022\/05\/OCCATERRA-2021-INFO-PACK-1447958875-1666534912751.png?fit=1200%2C675&ssl=1&resize=350%2C200","width":350,"height":200,"srcset":"https:\/\/i0.wp.com\/alternativa.lv\/wp-content\/uploads\/2022\/05\/OCCATERRA-2021-INFO-PACK-1447958875-1666534912751.png?fit=1200%2C675&ssl=1&resize=350%2C200 1x, https:\/\/i0.wp.com\/alternativa.lv\/wp-content\/uploads\/2022\/05\/OCCATERRA-2021-INFO-PACK-1447958875-1666534912751.png?fit=1200%2C675&ssl=1&resize=525%2C300 1.5x, https:\/\/i0.wp.com\/alternativa.lv\/wp-content\/uploads\/2022\/05\/OCCATERRA-2021-INFO-PACK-1447958875-1666534912751.png?fit=1200%2C675&ssl=1&resize=700%2C400 2x, https:\/\/i0.wp.com\/alternativa.lv\/wp-content\/uploads\/2022\/05\/OCCATERRA-2021-INFO-PACK-1447958875-1666534912751.png?fit=1200%2C675&ssl=1&resize=1050%2C600 3x"},"classes":[]},{"id":696,"url":"https:\/\/alternativa.lv\/ru\/erasmus-projects\/what-is-youth-exchange-and-erasmus-programme\/","url_meta":{"origin":4599,"position":2},"title":"Erasmus+ \u2013 \u0432\u043e\u0437\u043c\u043e\u0436\u043d\u043e\u0441\u0442\u044c, \u043a\u043e\u0442\u043e\u0440\u0430\u044f \u0438\u0437\u043c\u0435\u043d\u0438\u0442 \u0442\u0432\u043e\u044e \u0436\u0438\u0437\u043d\u044c!","author":"tesstemona","date":"25\/11\/2018","format":false,"excerpt":"{:lv} Vai v\u0113lies ce\u013cot, iepaz\u012bt jaunus draugus, att\u012bst\u012bt savas prasmes un ieg\u016bt neaizmirstamu pieredzi? Erasmus+ ir programma tie\u0161i Tev! \u2728 \ud83d\udd25 Kas ir Erasmus+ un ko tas pied\u0101v\u0101? Erasmus+ ir Eiropas Savien\u012bbas programma, kas atbalsta izgl\u012bt\u012bbu, apm\u0101c\u012bbas, jaunatni un sportu. T\u0101 past\u0101v jau 35 gadus un ir pal\u012bdz\u0113jusi vair\u0101k nek\u0101\u2026","rel":"","context":"\u041f\u043e\u0445\u043e\u0436\u0430\u044f \u0437\u0430\u043f\u0438\u0441\u044c","block_context":{"text":"\u041f\u043e\u0445\u043e\u0436\u0430\u044f \u0437\u0430\u043f\u0438\u0441\u044c","link":""},"img":{"alt_text":"","src":"https:\/\/i0.wp.com\/alternativa.lv\/wp-content\/uploads\/2025\/02\/1759726B-17D8-41D8-A074-4A9475915336.jpeg?fit=625%2C336&ssl=1&resize=350%2C200","width":350,"height":200,"srcset":"https:\/\/i0.wp.com\/alternativa.lv\/wp-content\/uploads\/2025\/02\/1759726B-17D8-41D8-A074-4A9475915336.jpeg?fit=625%2C336&ssl=1&resize=350%2C200 1x, https:\/\/i0.wp.com\/alternativa.lv\/wp-content\/uploads\/2025\/02\/1759726B-17D8-41D8-A074-4A9475915336.jpeg?fit=625%2C336&ssl=1&resize=525%2C300 1.5x"},"classes":[]},{"id":1079,"url":"https:\/\/alternativa.lv\/ru\/esc-projects\/","url_meta":{"origin":4599,"position":3},"title":"\u041f\u0440\u043e\u0435\u043a\u0442\u044b \u0415\u0432\u0440\u043e\u043f\u0435\u0439\u0441\u043a\u043e\u0433\u043e \u041a\u043e\u0440\u043f\u0443\u0441\u0430 \u0421\u043e\u043b\u0438\u0434\u0430\u0440\u043d\u043e\u0441\u0442\u0438","author":"tesstemona","date":"22\/05\/2019","format":false,"excerpt":"{:lv} Eiropas Solidarit\u0101tes korpuss ir Eiropas Komisijas prezidenta \u017dana Kloda Junkera 2016. gada 14. septembr\u012b\u00a0izsludin\u0101t\u0101 iniciat\u012bva, kas dod iesp\u0113ju 18 gadus l\u012bdz 30 gadus veciem jaunie\u0161iem piedal\u012bties da\u017e\u0101d\u0101s aktivit\u0101t\u0113s un izr\u0101d\u012bt savu solidarit\u0101ti.\u00a0 Eiropas Solidarit\u0101tes korpusa misija: Eiropas Solidarit\u0101tes korpusa misija ir dot jaunie\u0161iem iesp\u0113ju veidot iek\u013caujo\u0161\u0101ku sabiedr\u012bbu, sniedzot pal\u012bdz\u012bbu\u2026","rel":"","context":"\u041f\u043e\u0445\u043e\u0436\u0430\u044f \u0437\u0430\u043f\u0438\u0441\u044c","block_context":{"text":"\u041f\u043e\u0445\u043e\u0436\u0430\u044f \u0437\u0430\u043f\u0438\u0441\u044c","link":""},"img":{"alt_text":"","src":"https:\/\/i0.wp.com\/alternativa.lv\/wp-content\/uploads\/2020\/05\/p-033124-54h_1.jpg?fit=1200%2C364&ssl=1&resize=350%2C200","width":350,"height":200,"srcset":"https:\/\/i0.wp.com\/alternativa.lv\/wp-content\/uploads\/2020\/05\/p-033124-54h_1.jpg?fit=1200%2C364&ssl=1&resize=350%2C200 1x, https:\/\/i0.wp.com\/alternativa.lv\/wp-content\/uploads\/2020\/05\/p-033124-54h_1.jpg?fit=1200%2C364&ssl=1&resize=525%2C300 1.5x, https:\/\/i0.wp.com\/alternativa.lv\/wp-content\/uploads\/2020\/05\/p-033124-54h_1.jpg?fit=1200%2C364&ssl=1&resize=700%2C400 2x, https:\/\/i0.wp.com\/alternativa.lv\/wp-content\/uploads\/2020\/05\/p-033124-54h_1.jpg?fit=1200%2C364&ssl=1&resize=1050%2C600 3x"},"classes":[]},{"id":4,"url":"https:\/\/alternativa.lv\/ru\/home\/","url_meta":{"origin":4599,"position":4},"title":"\u041e \u043d\u0430\u0441","author":"tesstemona","date":"15\/01\/2018","format":false,"excerpt":"{:lv} M\u016bsu motto: \"Izzini pasauli - iepaz\u012bsti sevi\" M\u0113s ticam, ka vienm\u0113r ir j\u0101s\u0101k ar sevi.Tikai tad, kad cilv\u0113ks ir gar\u012bgi un daudzpus\u012bgi att\u012bst\u012bs, ir harmonij\u0101 ar sevi, izzina savas stipr\u0101s un vaj\u0101s puses, apzin\u0101s savu atbild\u012bbu par savu r\u012bc\u012bbu visas plan\u0113tas priek\u0161\u0101 - tad vi\u0146\u0161 sp\u0113j aptvert pasauli sev\u2026","rel":"","context":"\u041f\u043e\u0445\u043e\u0436\u0430\u044f \u0437\u0430\u043f\u0438\u0441\u044c","block_context":{"text":"\u041f\u043e\u0445\u043e\u0436\u0430\u044f \u0437\u0430\u043f\u0438\u0441\u044c","link":""},"img":{"alt_text":"","src":"https:\/\/i0.wp.com\/alternativa.lv\/wp-content\/uploads\/2019\/09\/69568198_2621290151224134_7472202166766141440_n.jpg?resize=350%2C200","width":350,"height":200,"srcset":"https:\/\/i0.wp.com\/alternativa.lv\/wp-content\/uploads\/2019\/09\/69568198_2621290151224134_7472202166766141440_n.jpg?resize=350%2C200 1x, https:\/\/i0.wp.com\/alternativa.lv\/wp-content\/uploads\/2019\/09\/69568198_2621290151224134_7472202166766141440_n.jpg?resize=525%2C300 1.5x, https:\/\/i0.wp.com\/alternativa.lv\/wp-content\/uploads\/2019\/09\/69568198_2621290151224134_7472202166766141440_n.jpg?resize=700%2C400 2x"},"classes":[]},{"id":3789,"url":"https:\/\/alternativa.lv\/ru\/esc-projects\/maija-grafa-svetki-2020-vienoti-dazadiba\/","url_meta":{"origin":4599,"position":5},"title":"BR\u012aVPR\u0100T\u012aG\u0100 GRUPAS DARBA PROJEKTS &#171;MAIJA GR\u0100FA SV\u0112TKI 2021: VIENOTI DA\u017d\u0100D\u012aB\u0100&#187;","author":"tesstemona","date":"06\/02\/2021","format":false,"excerpt":"{:lv} https:\/\/videopress.com\/v\/XoA6x2q4?resizeToParent=true&cover=true&preloadContent=metadata Kas? Kur? Kad? Kam? Kas: brivpr\u0101tig\u0101 darba grupas projekts \u201cMaija Gr\u0101fa sv\u0113tki 2021: vienoti da\u017e\u0101d\u012bb\u0101\u201d Projekta Nr.2020-3-LV02-ESC11-003466 Kad: No 21.05.2021 l\u012bdz 11.07.2021. (52 dienas) Kur: R\u012bga, Latvija\u00a0 Kam: Kop\u0101 17 dal\u012bbnieki vecum\u0101 no 18 l\u012bdz 30 gadiem, t.s.k. 5 jaunie\u0161i no ES valst\u012bm vai Ukrainas, 11 jaunie\u0161i no\u2026","rel":"","context":"\u041f\u043e\u0445\u043e\u0436\u0430\u044f \u0437\u0430\u043f\u0438\u0441\u044c","block_context":{"text":"\u041f\u043e\u0445\u043e\u0436\u0430\u044f \u0437\u0430\u043f\u0438\u0441\u044c","link":""},"img":{"alt_text":"","src":"https:\/\/i0.wp.com\/alternativa.lv\/wp-content\/uploads\/2020\/06\/60475405_2280519382001561_1494637185805058048_o.jpg?fit=1200%2C800&ssl=1&resize=350%2C200","width":350,"height":200,"srcset":"https:\/\/i0.wp.com\/alternativa.lv\/wp-content\/uploads\/2020\/06\/60475405_2280519382001561_1494637185805058048_o.jpg?fit=1200%2C800&ssl=1&resize=350%2C200 1x, https:\/\/i0.wp.com\/alternativa.lv\/wp-content\/uploads\/2020\/06\/60475405_2280519382001561_1494637185805058048_o.jpg?fit=1200%2C800&ssl=1&resize=525%2C300 1.5x, https:\/\/i0.wp.com\/alternativa.lv\/wp-content\/uploads\/2020\/06\/60475405_2280519382001561_1494637185805058048_o.jpg?fit=1200%2C800&ssl=1&resize=700%2C400 2x, https:\/\/i0.wp.com\/alternativa.lv\/wp-content\/uploads\/2020\/06\/60475405_2280519382001561_1494637185805058048_o.jpg?fit=1200%2C800&ssl=1&resize=1050%2C600 3x"},"classes":[]}],"amp_enabled":true,"_links":{"self":[{"href":"https:\/\/alternativa.lv\/ru\/wp-json\/wp\/v2\/pages\/4599","targetHints":{"allow":["GET"]}}],"collection":[{"href":"https:\/\/alternativa.lv\/ru\/wp-json\/wp\/v2\/pages"}],"about":[{"href":"https:\/\/alternativa.lv\/ru\/wp-json\/wp\/v2\/types\/page"}],"author":[{"embeddable":true,"href":"https:\/\/alternativa.lv\/ru\/wp-json\/wp\/v2\/users\/133522584"}],"replies":[{"embeddable":true,"href":"https:\/\/alternativa.lv\/ru\/wp-json\/wp\/v2\/comments?post=4599"}],"version-history":[{"count":20,"href":"https:\/\/alternativa.lv\/ru\/wp-json\/wp\/v2\/pages\/4599\/revisions"}],"predecessor-version":[{"id":4979,"href":"https:\/\/alternativa.lv\/ru\/wp-json\/wp\/v2\/pages\/4599\/revisions\/4979"}],"wp:attachment":[{"href":"https:\/\/alternativa.lv\/ru\/wp-json\/wp\/v2\/media?parent=4599"}],"wp:term":[{"taxonomy":"folder","embeddable":true,"href":"https:\/\/alternativa.lv\/ru\/wp-json\/wp\/v2\/folder?post=4599"}],"curies":[{"name":"wp","href":"https:\/\/api.w.org\/{rel}","templated":true}]}}