{"id":5262,"date":"2021-07-01T10:26:00","date_gmt":"2021-07-01T08:26:00","guid":{"rendered":"https:\/\/alternativa.lv\/?page_id=5262"},"modified":"2021-12-25T22:12:32","modified_gmt":"2021-12-25T20:12:32","slug":"integrejosa-spele-jauniesiem-izzini-pasauli-iepazisti-sevi","status":"publish","type":"page","link":"https:\/\/alternativa.lv\/ru\/our-social-projects\/integrejosa-spele-jauniesiem-izzini-pasauli-iepazisti-sevi\/","title":{"rendered":"Integr\u0113jo\u0161\u0101 sp\u0113le jaunie\u0161iem &#171;izzini pasauli &#8212; iepaz\u012bsti sevi&#187;"},"content":{"rendered":"\n<p>Pateicoties jaunai Valsts jaunatnes programmai esam uzs\u0101ku\u0161i jaunu projektu, kura m\u0113r\u0137is ir pal\u012bdz\u0113t jaunie\u0161iem p\u0101rvar\u0113t Covid-19 pand\u0113mijas rad\u012bt\u0101s sekas. <\/p>\n\n\n\n<p>\u201cCovid-19 pand\u0113mija ir b\u016btiski ietekm\u0113jusi visas jaunie\u0161u dz\u012bves jomas \u2013 izgl\u012bt\u012bbu, nodarbin\u0101t\u012bbu un br\u012bv\u0101 laika pavad\u012b\u0161anu, k\u0101 ar\u012b iespaidojusi vi\u0146u ment\u0101lo labsaj\u016btu. Vecumposm\u0101, kad veiksm\u012bgai p\u0101rejai uz pilnv\u0113rt\u012bgu pieaugu\u0161\u0101 dz\u012bvi b\u016btiska ir ne tikai zin\u0101\u0161anu un jaunu prasmju apguve, bet ar\u012b soci\u0101lo lomu iepaz\u012b\u0161ana vienaud\u017eu vid\u0113, jaunie\u0161i ir biju\u0161i spiesti distanc\u0113ties un norobe\u017eoties, bet skolas solu nomain\u012bt pret att\u0101lin\u0101to m\u0101c\u012bbu izaicin\u0101jumiem. Lai Covid-19 pand\u0113mijas ietekm\u0113 nepieaugtu to jaunie\u0161u skaits, kas nestr\u0101d\u0101, nem\u0101c\u0101s un neapg\u016bst arodu, jaunie\u0161iem ir nepiecie\u0161ams sniegt daudzpus\u012bgu atbalstu, iesaistot jaunatnes jom\u0101 str\u0101d\u0101jo\u0161os,\u201d nor\u0101da JSPA direktore Daina Spro\u0123e.<\/p>\n\n\n\n<p>Ari m\u016bsu organiz\u0101cija v\u0113las atbalst\u012bt jaunie\u0161us, kurus negat\u012bvi ietekm\u0113ja COVID-19 pand\u0113mijas izol\u0101cija, att\u0101lin\u0101t\u0101s m\u0101c\u012bbas, komunik\u0101cijas un socializ\u0101cijas tr\u016bkums pand\u0113mijas laik\u0101. <\/p>\n\n\n\n<p>Esam izstr\u0101d\u0101ju\u0161i projektu jaunie\u0161iem, kura m\u0113r\u0137is ir:<\/p>\n\n\n\n<ul class=\"wp-block-list\"><li>izstr\u0101d\u0101t jaunu neform\u0101lu metodi darb\u0101 ar jaunie\u0161iem, kurus ietekm\u0113jusi COVID-19 pand\u0113mija, kas sniegs jaunie\u0161iem iesp\u0113ju socializ\u0113ties, tostarp sekm\u0113t jaunie\u0161u kvalitat\u012bvu br\u012bv\u0101 laika pavad\u012b\u0161anu, veicinot jaunie\u0161u savstarp\u0113jo atbalstu, k\u0101 ar\u012b paaugstin\u0101t vi\u0146u pa\u0161apzi\u0146u, \u012bstenojot j\u0113gpilnas \u0101ra aktivit\u0101tes savienojum\u0101 ar digit\u0101lam aktivit\u0101t\u0113m, izmantojot vienaud\u017eu izgl\u012bt\u012bbas un piedz\u012bvojumu pedago\u0123ikas metodes.<\/li><\/ul>\n\n\n\n<p>Projekta ietvaros aicin\u0101m iesaist\u012bties 20 jaunie\u0161us vecum\u0101 no 13 lidz 25 gadiem, kuriem b\u016bs iesp\u0113ja k\u013c\u016bt par jaunas integr\u0113jo\u0161\u0101s lomu sp\u0113les &#171;Izzini pasauli \u2013 iepaz\u012bsti sevi&#187; moderatoriem, iejusties sp\u0113les varo\u0146u lom\u0101 un izstr\u0101d\u0101t sp\u0113les scen\u0101riju, ko v\u0113l\u0101k \u0161ie jaunie\u0161i novad\u012bs saviem vienaud\u017eiem R\u012bgas skol\u0101s da\u017e\u0101dos form\u0101tos. <\/p>\n\n\n\n<figure class=\"wp-block-image size-large\"><img data-recalc-dims=\"1\" loading=\"lazy\" decoding=\"async\" width=\"800\" height=\"400\" data-attachment-id=\"5266\" data-permalink=\"https:\/\/alternativa.lv\/ru\/our-social-projects\/integrejosa-spele-jauniesiem-izzini-pasauli-iepazisti-sevi\/bilde-fb-lv-un-logo-1200\/\" data-orig-file=\"https:\/\/i0.wp.com\/alternativa.lv\/wp-content\/uploads\/2021\/08\/Bilde-FB-lv-un-logo-1200.png?fit=1200%2C600&amp;ssl=1\" data-orig-size=\"1200,600\" data-comments-opened=\"0\" data-image-meta=\"{&quot;aperture&quot;:&quot;0&quot;,&quot;credit&quot;:&quot;&quot;,&quot;camera&quot;:&quot;&quot;,&quot;caption&quot;:&quot;&quot;,&quot;created_timestamp&quot;:&quot;0&quot;,&quot;copyright&quot;:&quot;&quot;,&quot;focal_length&quot;:&quot;0&quot;,&quot;iso&quot;:&quot;0&quot;,&quot;shutter_speed&quot;:&quot;0&quot;,&quot;title&quot;:&quot;&quot;,&quot;orientation&quot;:&quot;0&quot;}\" data-image-title=\"Bilde-FB-lv-un-logo-1200\" data-image-description=\"\" data-image-caption=\"\" data-large-file=\"https:\/\/i0.wp.com\/alternativa.lv\/wp-content\/uploads\/2021\/08\/Bilde-FB-lv-un-logo-1200.png?fit=800%2C400&amp;ssl=1\" src=\"https:\/\/i0.wp.com\/alternativa.lv\/wp-content\/uploads\/2021\/08\/Bilde-FB-lv-un-logo-1200.png?resize=800%2C400&#038;ssl=1\" alt=\"\" class=\"wp-image-5266\" srcset=\"https:\/\/i0.wp.com\/alternativa.lv\/wp-content\/uploads\/2021\/08\/Bilde-FB-lv-un-logo-1200.png?resize=1024%2C512&amp;ssl=1 1024w, https:\/\/i0.wp.com\/alternativa.lv\/wp-content\/uploads\/2021\/08\/Bilde-FB-lv-un-logo-1200.png?resize=300%2C150&amp;ssl=1 300w, https:\/\/i0.wp.com\/alternativa.lv\/wp-content\/uploads\/2021\/08\/Bilde-FB-lv-un-logo-1200.png?resize=768%2C384&amp;ssl=1 768w, https:\/\/i0.wp.com\/alternativa.lv\/wp-content\/uploads\/2021\/08\/Bilde-FB-lv-un-logo-1200.png?w=1200&amp;ssl=1 1200w\" sizes=\"auto, (max-width: 800px) 100vw, 800px\" \/><\/figure>\n\n\n\n<p>Sp\u0113les ietvaros b\u016bs \u012bstenotas gan \u0101ra aktivit\u0101tes, gan lomu sp\u0113les elementi, gan diskusijas un prezent\u0101cijas, izv\u0113rt\u0113jumi un salied\u0113\u0161anas aktivit\u0101tes. Jaunie\u0161i m\u0101c\u012bsies str\u0101d\u0101t un komunic\u0113t komand\u0101s, diskut\u0113t par vi\u0146iem svar\u012bgiem jaut\u0101jumiem, uzzin\u0101s sabiedr\u012bbas eksistenes un demokr\u0101tisk\u0101s valsts past\u0101v\u0113\u0161anas principus, k\u0101 ar\u012b jaunie\u0161i sa\u0146ems psiholo\u0123isku atbalstu COVID-19 seku mazin\u0101\u0161anai un psihoemocion\u0101l\u0101 vesel\u012bbas st\u0101vok\u013ca uzlabo\u0161anai. \u0160im nol\u016bkam ir paredz\u0113ta speci\u0101la izbraukuma aktivit\u0101te laika posm\u0101 no 25.07.2021. l\u012bdz 03.08.2021. Kokneses novad\u0101.<\/p>\n\n\n\n<p>Un 2021.g. septembr\u012b, oktobr\u012b un novembr\u012b apm\u0101c\u012bti projekta dal\u012bbnieki piedal\u012bsies aktivit\u0101t\u0113s R\u012bgas skol\u0101s, kur ar\u012b vad\u012bs pa\u0161u izstr\u0101d\u0101tu integr\u0113jo\u0161o sp\u0113li vienaud\u017eiem, izmantotjot vienaud\u017eu m\u0101c\u012b\u0161an\u0101s metodes (peer-to-peer pieeja).<\/p>\n\n\n\n<p>Izbraukuma aktivit\u0101tes s\u0101kums: 25.07.2021.<\/p>\n\n\n\n<p>Norises vieta: Kokneses novads, &#171;Ran\u010do Randevu&#187;<\/p>\n\n\n\n<p>Dal\u012bbnieku skaits: 20<\/p>\n\n\n\n<p>Vecums: 13 l\u012bdz 25 gadi<\/p>\n\n\n\n<p>Pieteikumus pie\u0146emam uz epastu <a href=\"mailto:alternativarealitate@gmail.com\" target=\"_blank\" rel=\"noreferrer noopener\">alternativarealitate@gmail.com<\/a> l\u012bdz 15.07.2021. vai kam\u0113r ir br\u012bvas vietas grup\u0101.<\/p>\n\n\n\n<p>Pieteikum\u0101 oblig\u0101ti j\u0101nor\u0101da v\u0101rds, uzv\u0101rds, pilni gadi, t\u0101lrunis un e-pasts sazi\u0146ai.<\/p>\n\n\n\n<p><\/p>\n\n\n\n<h6 class=\"wp-block-heading\">Projekts \u012bstenots Izgl\u012bt\u012bbas un zin\u0101tnes ministrijas Jaunatnes politikas valsts programmas 2021.-2023. gadam ietvaros.<\/h6>\n\n\n\n<figure class=\"wp-block-image size-full is-resized\"><img data-recalc-dims=\"1\" loading=\"lazy\" decoding=\"async\" data-attachment-id=\"5268\" data-permalink=\"https:\/\/alternativa.lv\/ru\/our-social-projects\/integrejosa-spele-jauniesiem-izzini-pasauli-iepazisti-sevi\/vp-jspa-ar-lv\/\" data-orig-file=\"https:\/\/i0.wp.com\/alternativa.lv\/wp-content\/uploads\/2021\/08\/VP-JSPA-AR-LV.jpg?fit=800%2C202&amp;ssl=1\" data-orig-size=\"800,202\" data-comments-opened=\"0\" data-image-meta=\"{&quot;aperture&quot;:&quot;0&quot;,&quot;credit&quot;:&quot;&quot;,&quot;camera&quot;:&quot;&quot;,&quot;caption&quot;:&quot;&quot;,&quot;created_timestamp&quot;:&quot;0&quot;,&quot;copyright&quot;:&quot;&quot;,&quot;focal_length&quot;:&quot;0&quot;,&quot;iso&quot;:&quot;0&quot;,&quot;shutter_speed&quot;:&quot;0&quot;,&quot;title&quot;:&quot;&quot;,&quot;orientation&quot;:&quot;0&quot;}\" data-image-title=\"VP-JSPA-AR-LV\" data-image-description=\"\" data-image-caption=\"\" data-large-file=\"https:\/\/i0.wp.com\/alternativa.lv\/wp-content\/uploads\/2021\/08\/VP-JSPA-AR-LV.jpg?fit=800%2C202&amp;ssl=1\" src=\"https:\/\/i0.wp.com\/alternativa.lv\/wp-content\/uploads\/2021\/08\/VP-JSPA-AR-LV.jpg?resize=800%2C202&#038;ssl=1\" alt=\"\" class=\"wp-image-5268\" width=\"800\" height=\"202\" srcset=\"https:\/\/i0.wp.com\/alternativa.lv\/wp-content\/uploads\/2021\/08\/VP-JSPA-AR-LV.jpg?w=800&amp;ssl=1 800w, https:\/\/i0.wp.com\/alternativa.lv\/wp-content\/uploads\/2021\/08\/VP-JSPA-AR-LV.jpg?resize=300%2C76&amp;ssl=1 300w, https:\/\/i0.wp.com\/alternativa.lv\/wp-content\/uploads\/2021\/08\/VP-JSPA-AR-LV.jpg?resize=768%2C194&amp;ssl=1 768w\" sizes=\"auto, (max-width: 800px) 100vw, 800px\" \/><\/figure>\n","protected":false},"excerpt":{"rendered":"<p>Pateicoties jaunai Valsts jaunatnes programmai esam uzs\u0101ku\u0161i jaunu projektu, kura m\u0113r\u0137is ir pal\u012bdz\u0113t jaunie\u0161iem p\u0101rvar\u0113t Covid-19 pand\u0113mijas rad\u012bt\u0101s sekas. \u201cCovid-19 pand\u0113mija ir b\u016btiski ietekm\u0113jusi visas jaunie\u0161u dz\u012bves jomas \u2013 izgl\u012bt\u012bbu, nodarbin\u0101t\u012bbu un br\u012bv\u0101 laika pavad\u012b\u0161anu, k\u0101 ar\u012b iespaidojusi vi\u0146u ment\u0101lo labsaj\u016btu. Vecumposm\u0101, kad veiksm\u012bgai p\u0101rejai uz pilnv\u0113rt\u012bgu pieaugu\u0161\u0101 dz\u012bvi b\u016btiska&gt;&gt;&gt;<\/p>\n","protected":false},"author":133522584,"featured_media":5300,"parent":1404,"menu_order":0,"comment_status":"closed","ping_status":"closed","template":"","meta":{"_eb_attr":"","footnotes":""},"folder":[635157416],"class_list":["post-5262","page","type-page","status-publish","has-post-thumbnail","hentry"],"translation":{"provider":"WPGlobus","version":"3.0.2","language":"ru","enabled_languages":["lv","en","ru"],"languages":{"lv":{"title":true,"content":true,"excerpt":false},"en":{"title":false,"content":false,"excerpt":false},"ru":{"title":false,"content":false,"excerpt":false}}},"jetpack_sharing_enabled":true,"jetpack_shortlink":"https:\/\/wp.me\/P9yPz0-1mS","jetpack_likes_enabled":true,"jetpack-related-posts":[{"id":3195,"url":"https:\/\/alternativa.lv\/ru\/our-social-projects\/diskusiju-cikls-demokratijai-ikviens-ir-svarigs\/","url_meta":{"origin":5262,"position":0},"title":"DISKUSIJU CIKLS &#171;DEMOKR\u0100TIJAI IKVIENS IR SVAR\u012aGS!&#187;","author":"tesstemona","date":"25\/04\/2020","format":false,"excerpt":"Kult\u016bras biedr\u012bba \"Alternat\u012bv\u0101 Realit\u0101te\" \u012bsteno integr\u0101cijas projektu \"Diskusiju cikls \"Demokr\u0101tijai ikviens ir svar\u012bgs!\". \u0160obr\u012bd Latvij\u0101 ir iev\u0113rojami zems jaunatnes l\u012bdzdal\u012bbas l\u012bmenis sabiedr\u012bbas att\u012bst\u012bb\u0101 un l\u0113mumu pie\u0146em\u0161an\u0101, \u012bpa\u0161i starp jaunie\u0161iem NEET situ\u0101cij\u0101 un jaunie\u0161iem no soci\u0101l\u0101s atstumt\u012bbas riska grup\u0101m (b\u0113rnu nami, kr\u012bzes centri, maznodro\u0161in\u0101t\u0101s \u0123imenes, minorit\u0101\u0161u p\u0101rst\u0101vji). \u0160ie jaunie\u0161i bie\u017ei netic\u2026","rel":"","context":"\u041f\u043e\u0445\u043e\u0436\u0430\u044f \u0437\u0430\u043f\u0438\u0441\u044c","block_context":{"text":"\u041f\u043e\u0445\u043e\u0436\u0430\u044f \u0437\u0430\u043f\u0438\u0441\u044c","link":""},"img":{"alt_text":"","src":"https:\/\/i0.wp.com\/alternativa.lv\/wp-content\/uploads\/2020\/10\/DIS-obratnaja-storona-karti-curv-WEB-1.jpg?resize=350%2C200&ssl=1","width":350,"height":200,"srcset":"https:\/\/i0.wp.com\/alternativa.lv\/wp-content\/uploads\/2020\/10\/DIS-obratnaja-storona-karti-curv-WEB-1.jpg?resize=350%2C200&ssl=1 1x, https:\/\/i0.wp.com\/alternativa.lv\/wp-content\/uploads\/2020\/10\/DIS-obratnaja-storona-karti-curv-WEB-1.jpg?resize=525%2C300&ssl=1 1.5x, https:\/\/i0.wp.com\/alternativa.lv\/wp-content\/uploads\/2020\/10\/DIS-obratnaja-storona-karti-curv-WEB-1.jpg?resize=700%2C400&ssl=1 2x, https:\/\/i0.wp.com\/alternativa.lv\/wp-content\/uploads\/2020\/10\/DIS-obratnaja-storona-karti-curv-WEB-1.jpg?resize=1050%2C600&ssl=1 3x, https:\/\/i0.wp.com\/alternativa.lv\/wp-content\/uploads\/2020\/10\/DIS-obratnaja-storona-karti-curv-WEB-1.jpg?resize=1400%2C800&ssl=1 4x"},"classes":[]},{"id":7787,"url":"https:\/\/alternativa.lv\/ru\/esc-projects\/digitala-jaunatnes-balss-radio-a-reality\/","url_meta":{"origin":5262,"position":1},"title":"\u0414\u0438\u0433\u0438\u0442\u0430\u043b\u044c\u043d\u043e\u0435 \u043c\u043e\u043b\u043e\u0434\u0435\u0436\u043d\u043e\u0435 \u0440\u0430\u0434\u0438\u043e: \u0420\u0430\u0434\u0438\u043e \u0410-Reality","author":"tesstemona","date":"20\/09\/2021","format":false,"excerpt":"{:lv} Digit\u0101ls jaunatnes radio k\u0101 jauns pa\u0161izpusmes veids Eiropas Solidarit\u0101tes KorpussSolidarit\u0101tes projekts 01.09.2021. - 31.08.2022. Digit\u0101l\u0101 jaunatnes balss: k\u013c\u016bsti sadzird\u0113ts!\u00a0\u00a0\u00a0 Ieilgu\u0161\u0101s COVID-19 pand\u0113mijas d\u0113\u013c cilv\u0113ki bija izol\u0113ti, daudz laika bija j\u0101pavada vienatn\u0113, j\u0101str\u0101d\u0101 un j\u0101m\u0101c\u0101s att\u0101lin\u0101ti.\u00a0 Ar\u012b \u0161obr\u012bd vi\u0146iem liel\u0101 m\u0113r\u0101 ir liegta iesp\u0113ja tikties ar draugiem, daudzi no vi\u0146iem\u2026","rel":"","context":"\u041f\u043e\u0445\u043e\u0436\u0430\u044f \u0437\u0430\u043f\u0438\u0441\u044c","block_context":{"text":"\u041f\u043e\u0445\u043e\u0436\u0430\u044f \u0437\u0430\u043f\u0438\u0441\u044c","link":""},"img":{"alt_text":"","src":"https:\/\/i0.wp.com\/alternativa.lv\/wp-content\/uploads\/2022\/09\/AR-radio-logo-white-backgrJPG.jpg?fit=1200%2C675&ssl=1&resize=350%2C200","width":350,"height":200,"srcset":"https:\/\/i0.wp.com\/alternativa.lv\/wp-content\/uploads\/2022\/09\/AR-radio-logo-white-backgrJPG.jpg?fit=1200%2C675&ssl=1&resize=350%2C200 1x, https:\/\/i0.wp.com\/alternativa.lv\/wp-content\/uploads\/2022\/09\/AR-radio-logo-white-backgrJPG.jpg?fit=1200%2C675&ssl=1&resize=525%2C300 1.5x, https:\/\/i0.wp.com\/alternativa.lv\/wp-content\/uploads\/2022\/09\/AR-radio-logo-white-backgrJPG.jpg?fit=1200%2C675&ssl=1&resize=700%2C400 2x, https:\/\/i0.wp.com\/alternativa.lv\/wp-content\/uploads\/2022\/09\/AR-radio-logo-white-backgrJPG.jpg?fit=1200%2C675&ssl=1&resize=1050%2C600 3x"},"classes":[]},{"id":2470,"url":"https:\/\/alternativa.lv\/ru\/projekti\/","url_meta":{"origin":5262,"position":2},"title":"\u041d\u0430\u0448\u0438 \u043f\u0440\u043e\u0435\u043a\u0442\u044b","author":"tesstemona","date":"12\/05\/2020","format":false,"excerpt":"{:lv} M\u016bsu Projekti \u2013 Iedvesmojam, att\u012bst\u0101m, rad\u0101m p\u0101rmai\u0146as Kult\u016bras biedr\u012bba \"Alternat\u012bv\u0101 Realit\u0101te\" ir platforma, kas veicina rado\u0161as iniciat\u012bvas, izgl\u012bt\u012bbu un starptautisku sadarb\u012bbu, izmantojot da\u017e\u0101du fondu un grantu atbalstu. M\u016bsu projekti apvieno kult\u016bras mantojuma saglab\u0101\u0161anu, jaunie\u0161u iesaisti, neform\u0101lo izgl\u012bt\u012bbu, k\u0101 ar\u012b soci\u0101lo un vides ilgtsp\u0113ju. M\u0113s akt\u012bvi sadarbojamies ar Erasmus+, Eiropas\u2026","rel":"","context":"\u041f\u043e\u0445\u043e\u0436\u0430\u044f \u0437\u0430\u043f\u0438\u0441\u044c","block_context":{"text":"\u041f\u043e\u0445\u043e\u0436\u0430\u044f \u0437\u0430\u043f\u0438\u0441\u044c","link":""},"img":{"alt_text":"","src":"https:\/\/i0.wp.com\/alternativa.lv\/wp-content\/uploads\/2024\/11\/areal-bckgr-5.png?fit=1200%2C675&ssl=1&resize=350%2C200","width":350,"height":200,"srcset":"https:\/\/i0.wp.com\/alternativa.lv\/wp-content\/uploads\/2024\/11\/areal-bckgr-5.png?fit=1200%2C675&ssl=1&resize=350%2C200 1x, https:\/\/i0.wp.com\/alternativa.lv\/wp-content\/uploads\/2024\/11\/areal-bckgr-5.png?fit=1200%2C675&ssl=1&resize=525%2C300 1.5x, https:\/\/i0.wp.com\/alternativa.lv\/wp-content\/uploads\/2024\/11\/areal-bckgr-5.png?fit=1200%2C675&ssl=1&resize=700%2C400 2x, https:\/\/i0.wp.com\/alternativa.lv\/wp-content\/uploads\/2024\/11\/areal-bckgr-5.png?fit=1200%2C675&ssl=1&resize=1050%2C600 3x"},"classes":[]},{"id":7932,"url":"https:\/\/alternativa.lv\/ru\/occaterra-land-of-opportunities\/","url_meta":{"origin":5262,"position":3},"title":"Okkaterra: iesp\u0113ju zeme","author":"tesstemona","date":"28\/05\/2022","format":false,"excerpt":"{:lv} Jaunie\u0161u apmai\u0146a Izveido savu pasauli ar saviem likumiem! Erasmus+ jaunie\u0161u apmai\u0146a 13-17 g. July 18-27, 2022Koknese LATVIA AICIN\u0100M TEVI UZ OKKATERRAS PASAULI: fant\u0101zijas zem\u0113, kur vienkopus past\u0101v elfi, cilv\u0113ki, orki, punduri un citplan\u0113tie\u0161i. K\u0101 nodro\u0161in\u0101t, lai tik da\u017e\u0101das rases var\u0113tu dz\u012bvot un att\u012bst\u012bties kop\u0101? K\u0101 k\u013c\u016bt par salas valdnieku\u2026","rel":"","context":"\u041f\u043e\u0445\u043e\u0436\u0430\u044f \u0437\u0430\u043f\u0438\u0441\u044c","block_context":{"text":"\u041f\u043e\u0445\u043e\u0436\u0430\u044f \u0437\u0430\u043f\u0438\u0441\u044c","link":""},"img":{"alt_text":"","src":"https:\/\/i0.wp.com\/alternativa.lv\/wp-content\/uploads\/2022\/05\/OCCATERRA-2021-INFO-PACK-1447958875-1666534912751.png?fit=1200%2C675&ssl=1&resize=350%2C200","width":350,"height":200,"srcset":"https:\/\/i0.wp.com\/alternativa.lv\/wp-content\/uploads\/2022\/05\/OCCATERRA-2021-INFO-PACK-1447958875-1666534912751.png?fit=1200%2C675&ssl=1&resize=350%2C200 1x, https:\/\/i0.wp.com\/alternativa.lv\/wp-content\/uploads\/2022\/05\/OCCATERRA-2021-INFO-PACK-1447958875-1666534912751.png?fit=1200%2C675&ssl=1&resize=525%2C300 1.5x, https:\/\/i0.wp.com\/alternativa.lv\/wp-content\/uploads\/2022\/05\/OCCATERRA-2021-INFO-PACK-1447958875-1666534912751.png?fit=1200%2C675&ssl=1&resize=700%2C400 2x, https:\/\/i0.wp.com\/alternativa.lv\/wp-content\/uploads\/2022\/05\/OCCATERRA-2021-INFO-PACK-1447958875-1666534912751.png?fit=1200%2C675&ssl=1&resize=1050%2C600 3x"},"classes":[]},{"id":6590,"url":"https:\/\/alternativa.lv\/ru\/projekti\/tu-neesi-viena-stop-vardarbibai-gimene\/","url_meta":{"origin":5262,"position":4},"title":"\u0422\u044b \u043d\u0435 \u043e\u0434\u043d\u0430","author":"tesstemona","date":"10\/01\/2022","format":false,"excerpt":"{:lv} Kop\u0101 ar partneriem no Kipras un Ukrainas sam uzs\u0101ku\u0161i jaunu projektu - jaunatnes lidzdal\u012bbas projektu \"Tu neesi viena\". Projekta m\u0113r\u0137is ir veicin\u0101t t\u0101da soci\u0101li aktuala jaut\u0101juma risin\u0101\u0161anu, k\u0101 vardarb\u012bba \u0123imen\u0113 un sievie\u0161u ties\u012bbas. Vardarb\u012bba m\u012bl klusumu, un t\u0101d\u0113\u013c m\u0113s reti dzirdam to \u0161ausmino\u0161us st\u0101stus, kas nereti notiek aiz dz\u012bvok\u013cu\u2026","rel":"","context":"\u041f\u043e\u0445\u043e\u0436\u0430\u044f \u0437\u0430\u043f\u0438\u0441\u044c","block_context":{"text":"\u041f\u043e\u0445\u043e\u0436\u0430\u044f \u0437\u0430\u043f\u0438\u0441\u044c","link":""},"img":{"alt_text":"","src":"https:\/\/i0.wp.com\/alternativa.lv\/wp-content\/uploads\/2022\/04\/istockphoto-167261812-612x612-1-1738226989-1666534792549.jpg?fit=612%2C344&ssl=1&resize=350%2C200","width":350,"height":200,"srcset":"https:\/\/i0.wp.com\/alternativa.lv\/wp-content\/uploads\/2022\/04\/istockphoto-167261812-612x612-1-1738226989-1666534792549.jpg?fit=612%2C344&ssl=1&resize=350%2C200 1x, https:\/\/i0.wp.com\/alternativa.lv\/wp-content\/uploads\/2022\/04\/istockphoto-167261812-612x612-1-1738226989-1666534792549.jpg?fit=612%2C344&ssl=1&resize=525%2C300 1.5x"},"classes":[]},{"id":4,"url":"https:\/\/alternativa.lv\/ru\/home\/","url_meta":{"origin":5262,"position":5},"title":"\u041e \u043d\u0430\u0441","author":"tesstemona","date":"15\/01\/2018","format":false,"excerpt":"{:lv} M\u016bsu motto: \"Izzini pasauli - iepaz\u012bsti sevi\" M\u0113s ticam, ka vienm\u0113r ir j\u0101s\u0101k ar sevi.Tikai tad, kad cilv\u0113ks ir gar\u012bgi un daudzpus\u012bgi att\u012bst\u012bs, ir harmonij\u0101 ar sevi, izzina savas stipr\u0101s un vaj\u0101s puses, apzin\u0101s savu atbild\u012bbu par savu r\u012bc\u012bbu visas plan\u0113tas priek\u0161\u0101 - tad vi\u0146\u0161 sp\u0113j aptvert pasauli sev\u2026","rel":"","context":"\u041f\u043e\u0445\u043e\u0436\u0430\u044f \u0437\u0430\u043f\u0438\u0441\u044c","block_context":{"text":"\u041f\u043e\u0445\u043e\u0436\u0430\u044f \u0437\u0430\u043f\u0438\u0441\u044c","link":""},"img":{"alt_text":"","src":"https:\/\/i0.wp.com\/alternativa.lv\/wp-content\/uploads\/2019\/09\/69568198_2621290151224134_7472202166766141440_n.jpg?resize=350%2C200","width":350,"height":200,"srcset":"https:\/\/i0.wp.com\/alternativa.lv\/wp-content\/uploads\/2019\/09\/69568198_2621290151224134_7472202166766141440_n.jpg?resize=350%2C200 1x, https:\/\/i0.wp.com\/alternativa.lv\/wp-content\/uploads\/2019\/09\/69568198_2621290151224134_7472202166766141440_n.jpg?resize=525%2C300 1.5x, https:\/\/i0.wp.com\/alternativa.lv\/wp-content\/uploads\/2019\/09\/69568198_2621290151224134_7472202166766141440_n.jpg?resize=700%2C400 2x"},"classes":[]}],"amp_enabled":true,"_links":{"self":[{"href":"https:\/\/alternativa.lv\/ru\/wp-json\/wp\/v2\/pages\/5262","targetHints":{"allow":["GET"]}}],"collection":[{"href":"https:\/\/alternativa.lv\/ru\/wp-json\/wp\/v2\/pages"}],"about":[{"href":"https:\/\/alternativa.lv\/ru\/wp-json\/wp\/v2\/types\/page"}],"author":[{"embeddable":true,"href":"https:\/\/alternativa.lv\/ru\/wp-json\/wp\/v2\/users\/133522584"}],"replies":[{"embeddable":true,"href":"https:\/\/alternativa.lv\/ru\/wp-json\/wp\/v2\/comments?post=5262"}],"version-history":[{"count":13,"href":"https:\/\/alternativa.lv\/ru\/wp-json\/wp\/v2\/pages\/5262\/revisions"}],"predecessor-version":[{"id":6095,"href":"https:\/\/alternativa.lv\/ru\/wp-json\/wp\/v2\/pages\/5262\/revisions\/6095"}],"up":[{"embeddable":true,"href":"https:\/\/alternativa.lv\/ru\/wp-json\/wp\/v2\/pages\/1404"}],"wp:featuredmedia":[{"embeddable":true,"href":"https:\/\/alternativa.lv\/ru\/wp-json\/wp\/v2\/media\/5300"}],"wp:attachment":[{"href":"https:\/\/alternativa.lv\/ru\/wp-json\/wp\/v2\/media?parent=5262"}],"wp:term":[{"taxonomy":"folder","embeddable":true,"href":"https:\/\/alternativa.lv\/ru\/wp-json\/wp\/v2\/folder?post=5262"}],"curies":[{"name":"wp","href":"https:\/\/api.w.org\/{rel}","templated":true}]}}