{"id":541,"date":"2018-05-26T13:03:19","date_gmt":"2018-05-26T11:03:19","guid":{"rendered":"http:\/\/alternativa.lv\/?page_id=541"},"modified":"2019-09-18T15:00:56","modified_gmt":"2019-09-18T13:00:56","slug":"summer-camp","status":"publish","type":"page","link":"https:\/\/alternativa.lv\/ru\/our-social-projects\/summer-camp\/","title":{"rendered":"\u041b\u0415\u0422\u041d\u0418\u0419 \u0414\u0415\u0422\u0421\u041a\u0418\u0419 \u041b\u0410\u0413\u0415\u0420\u042c"},"content":{"rendered":"\n<p><strong>\u041b\u0415\u0422\u041d\u0418\u0419 \u0420\u042b\u0426\u0410\u0420\u0421\u041a\u0418\u0419 \u041b\u0410\u0413\u0415\u0420\u042c \u0414\u041b\u042f \u0414\u0415\u0422\u0415\u0419<\/strong><br>\u0411\u043e\u043b\u0435\u0435 4 \u043b\u0435\u0442 \u043c\u044b \u043e\u0440\u0433\u0430\u043d\u0438\u0437\u0443\u0435\u043c \u043b\u0435\u0442\u043d\u0438\u0439 \u043b\u0430\u0433\u0435\u0440\u044c \u00ab\u041e\u0440\u0434\u0435\u043d \u0417\u043e\u043b\u043e\u0442\u043e\u0433\u043e \u0414\u0440\u0430\u043a\u043e\u043d\u0430\u00bb \u0434\u043b\u044f \u0434\u0435\u0442\u0435\u0439 \u043e\u0442 8 \u0434\u043e 14 \u043b\u0435\u0442.<\/p>\n\n\n\n<figure class=\"wp-block-image\"><img data-recalc-dims=\"1\" loading=\"lazy\" decoding=\"async\" width=\"800\" height=\"450\" data-attachment-id=\"1326\" data-permalink=\"https:\/\/alternativa.lv\/ru\/summer-camp-golden-dracon-order-2019\/header-web-2\/\" data-orig-file=\"https:\/\/i0.wp.com\/alternativa.lv\/wp-content\/uploads\/2019\/08\/Header-web.jpg?fit=1200%2C675&amp;ssl=1\" data-orig-size=\"1200,675\" data-comments-opened=\"1\" data-image-meta=\"{&quot;aperture&quot;:&quot;0&quot;,&quot;credit&quot;:&quot;&quot;,&quot;camera&quot;:&quot;&quot;,&quot;caption&quot;:&quot;&quot;,&quot;created_timestamp&quot;:&quot;0&quot;,&quot;copyright&quot;:&quot;&quot;,&quot;focal_length&quot;:&quot;0&quot;,&quot;iso&quot;:&quot;0&quot;,&quot;shutter_speed&quot;:&quot;0&quot;,&quot;title&quot;:&quot;&quot;,&quot;orientation&quot;:&quot;1&quot;}\" data-image-title=\"Header web\" data-image-description=\"\" data-image-caption=\"\" data-large-file=\"https:\/\/i0.wp.com\/alternativa.lv\/wp-content\/uploads\/2019\/08\/Header-web.jpg?fit=800%2C450&amp;ssl=1\" src=\"https:\/\/i0.wp.com\/alternativa.lv\/wp-content\/uploads\/2019\/08\/Header-web.jpg?resize=800%2C450&#038;ssl=1\" alt=\"\" class=\"wp-image-1326\" srcset=\"https:\/\/i0.wp.com\/alternativa.lv\/wp-content\/uploads\/2019\/08\/Header-web.jpg?resize=1024%2C576&amp;ssl=1 1024w, https:\/\/i0.wp.com\/alternativa.lv\/wp-content\/uploads\/2019\/08\/Header-web.jpg?resize=300%2C169&amp;ssl=1 300w, https:\/\/i0.wp.com\/alternativa.lv\/wp-content\/uploads\/2019\/08\/Header-web.jpg?resize=768%2C432&amp;ssl=1 768w, https:\/\/i0.wp.com\/alternativa.lv\/wp-content\/uploads\/2019\/08\/Header-web.jpg?resize=640%2C360&amp;ssl=1 640w, https:\/\/i0.wp.com\/alternativa.lv\/wp-content\/uploads\/2019\/08\/Header-web.jpg?w=1200&amp;ssl=1 1200w\" sizes=\"auto, (max-width: 800px) 100vw, 800px\" \/><\/figure>\n\n\n\n<p>\u042d\u0442\u043e \u0440\u0430\u0437\u0432\u0438\u0432\u0430\u044e\u0449\u0438\u0439 \u043f\u0440\u0438\u043a\u043b\u044e\u0447\u0435\u043d\u0447\u0435\u0441\u043a\u0438\u0439 \u043b\u0430\u0433\u0435\u0440\u044c \u0434\u043b\u044f \u044e\u043d\u044b\u0445 \u043e\u0442\u0432\u0430\u0436\u043d\u044b\u0445 \u0440\u044b\u0446\u0430\u0440\u0435\u0439 \u0438 \u0430\u043c\u0430\u0437\u043e\u043d\u043e\u043a. \u041f\u0440\u0438\u043a\u043b\u044e\u0447\u0435\u043d\u0438\u044f \u0438 \u0442\u0443\u0440\u043d\u0438\u0440\u044b, \u0441\u0440\u0435\u0434\u043d\u0435\u0432\u0435\u043a\u043e\u0432\u0430\u044f \u0430\u0442\u043c\u043e\u0441\u0444\u0435\u0440\u0430 \u0438 \u043b\u0435\u0433\u0435\u043d\u0434\u044b \u043e \u0445\u0440\u0430\u0431\u0440\u044b\u0445 \u0433\u0435\u0440\u043e\u044f\u0445, \u0442\u0430\u043a\u0438\u0445 \u043a\u0430\u043a \u043a\u043e\u0440\u043e\u043b\u044c \u0410\u0440\u0442\u0443\u0440, &#8212; \u043c\u044b \u043f\u043e\u043c\u043e\u0433\u0430\u0435\u043c \u0434\u0435\u0442\u044f\u043c, \u0431\u043b\u0430\u0433\u043e\u0434\u0430\u0440\u044f \u0438\u0433\u0440\u0430\u043c, \u043f\u043e\u043b\u0443\u0447\u0438\u0442\u044c \u043d\u043e\u0432\u044b\u0435 \u0437\u043d\u0430\u043d\u0438\u044f \u0432 \u0435\u0432\u0440\u043e\u043f\u0435\u0439\u0441\u043a\u043e\u0439 \u0438\u0441\u0442\u043e\u0440\u0438\u0438 \u0438 \u043f\u0440\u0438\u0432\u043d\u043e\u0441\u0438\u043c \u0438\u043c \u0442\u0430\u043a\u0438\u0435 \u0435\u0432\u0440\u043e\u043f\u0435\u0439\u0441\u043a\u0438\u0435 \u0446\u0435\u043d\u043d\u043e\u0441\u0442\u0438, \u043a\u0430\u043a \u0434\u043e\u0432\u0435\u0440\u0438\u0435, \u043e\u0442\u0432\u0435\u0442\u0441\u0442\u0432\u0435\u043d\u043d\u043e\u0441\u0442\u044c, \u043b\u044e\u0431\u043e\u0432\u044c, \u0443\u0432\u0430\u0436\u0435\u043d\u0438\u0435, \u043a\u043e\u043c\u0430\u043d\u0434\u043d\u0430\u044f \u0440\u0430\u0431\u043e\u0442\u0430 \u0438 \u0442\u0435\u0440\u043f\u0438\u043c\u043e\u0441\u0442\u044c \u043a\u043e \u0432\u0441\u0435\u043c \u043a\u0442\u043e \u043e\u0442\u043b\u0438\u0447\u0430\u0435\u0442\u0441\u044f \u0432 \u043b\u044e\u0431\u043e\u043c \u0441\u043b\u0443\u0447\u0430\u0435.<br>\u041e\u0440\u0433\u0430\u043d\u0438\u0437\u0443\u044f \u044d\u0442\u043e\u0442 \u043b\u0430\u0433\u0435\u0440\u044c, \u043c\u044b \u043e\u0431\u0435\u0441\u043f\u0435\u0447\u0438\u0432\u0430\u0435\u043c \u0443\u0447\u0430\u0441\u0442\u0438\u0435 \u0432 \u043d\u0435\u043c \u0434\u0435\u0442\u0435\u0439 \u0438\u0437 \u0434\u0435\u0442\u0441\u043a\u0438\u0445 \u0434\u043e\u043c\u043e\u0432 \u041b\u0430\u0442\u0432\u0438\u0438 \u0438 \u0433\u0440\u0443\u043f\u043f \u0441\u043e\u0446\u0438\u0430\u043b\u044c\u043d\u043e\u0433\u043e \u0440\u0438\u0441\u043a\u0430.<br>\u041e\u0442\u0437\u044b\u0432\u044b \u0441\u0432\u0438\u0434\u0435\u0442\u0435\u043b\u044c\u0441\u0442\u0432\u0443\u044e\u0442 \u043e \u0442\u043e\u043c, \u0447\u0442\u043e \u0443\u0447\u0430\u0441\u0442\u0438\u0435 \u0443\u043b\u0443\u0447\u0448\u0438\u043b\u043e \u043d\u0430\u0432\u044b\u043a\u0438 \u0434\u0435\u0442\u0435\u0439, \u043f\u043e\u0432\u044b\u0441\u0438\u043b\u043e \u0438\u0445 \u0443\u0432\u0435\u0440\u0435\u043d\u043d\u043e\u0441\u0442\u044c \u0432 \u0441\u0435\u0431\u0435 \u0438 \u0447\u0443\u0432\u0441\u0442\u0432\u043e \u0441\u043e\u0431\u0441\u0442\u0432\u0435\u043d\u043d\u043e\u0433\u043e \u0434\u043e\u0441\u0442\u043e\u0438\u043d\u0441\u0442\u0432\u0430.<!--StartFragment--><\/p>\n\n\n\n<figure class=\"wp-block-embed-facebook wp-block-embed is-type-video is-provider-facebook\"><div class=\"wp-block-embed__wrapper\">\n<div class=\"fb-video\" data-allowfullscreen=\"true\" data-href=\"https:\/\/www.facebook.com\/clubT30\/videos\/297867714215206\/?t=1\" style=\"background-color: #fff; display: inline-block;\"><\/div>\n<\/div><\/figure>\n\n\n","protected":false},"excerpt":{"rendered":"<p>\u041b\u0415\u0422\u041d\u0418\u0419 \u0420\u042b\u0426\u0410\u0420\u0421\u041a\u0418\u0419 \u041b\u0410\u0413\u0415\u0420\u042c \u0414\u041b\u042f \u0414\u0415\u0422\u0415\u0419\u0411\u043e\u043b\u0435\u0435 4 \u043b\u0435\u0442 \u043c\u044b \u043e\u0440\u0433\u0430\u043d\u0438\u0437\u0443\u0435\u043c \u043b\u0435\u0442\u043d\u0438\u0439 \u043b\u0430\u0433\u0435\u0440\u044c \u00ab\u041e\u0440\u0434\u0435\u043d \u0417\u043e\u043b\u043e\u0442\u043e\u0433\u043e \u0414\u0440\u0430\u043a\u043e\u043d\u0430\u00bb \u0434\u043b\u044f \u0434\u0435\u0442\u0435\u0439 \u043e\u0442 8 \u0434\u043e 14 \u043b\u0435\u0442. \u042d\u0442\u043e \u0440\u0430\u0437\u0432\u0438\u0432\u0430\u044e\u0449\u0438\u0439 \u043f\u0440\u0438\u043a\u043b\u044e\u0447\u0435\u043d\u0447\u0435\u0441\u043a\u0438\u0439 \u043b\u0430\u0433\u0435\u0440\u044c \u0434\u043b\u044f \u044e\u043d\u044b\u0445 \u043e\u0442\u0432\u0430\u0436\u043d\u044b\u0445 \u0440\u044b\u0446\u0430\u0440\u0435\u0439 \u0438 \u0430\u043c\u0430\u0437\u043e\u043d\u043e\u043a. \u041f\u0440\u0438\u043a\u043b\u044e\u0447\u0435\u043d\u0438\u044f \u0438 \u0442\u0443\u0440\u043d\u0438\u0440\u044b, \u0441\u0440\u0435\u0434\u043d\u0435\u0432\u0435\u043a\u043e\u0432\u0430\u044f \u0430\u0442\u043c\u043e\u0441\u0444\u0435\u0440\u0430 \u0438 \u043b\u0435\u0433\u0435\u043d\u0434\u044b \u043e \u0445\u0440\u0430\u0431\u0440\u044b\u0445 \u0433\u0435\u0440\u043e\u044f\u0445, \u0442\u0430\u043a\u0438\u0445 \u043a\u0430\u043a \u043a\u043e\u0440\u043e\u043b\u044c \u0410\u0440\u0442\u0443\u0440, &#8212; \u043c\u044b \u043f\u043e\u043c\u043e\u0433\u0430\u0435\u043c \u0434\u0435\u0442\u044f\u043c, \u0431\u043b\u0430\u0433\u043e\u0434\u0430\u0440\u044f&gt;&gt;&gt;<\/p>\n","protected":false},"author":133522584,"featured_media":0,"parent":1404,"menu_order":5,"comment_status":"closed","ping_status":"closed","template":"","meta":{"_eb_attr":"","jetpack_post_was_ever_published":false,"footnotes":""},"folder":[635157420],"class_list":["post-541","page","type-page","status-publish","hentry"],"translation":{"provider":"WPGlobus","version":"3.0.2","language":"ru","enabled_languages":["lv","en","ru"],"languages":{"lv":{"title":true,"content":true,"excerpt":false},"en":{"title":true,"content":true,"excerpt":false},"ru":{"title":true,"content":true,"excerpt":false}}},"jetpack_sharing_enabled":true,"jetpack_shortlink":"https:\/\/wp.me\/P9yPz0-8J","jetpack_likes_enabled":true,"jetpack-related-posts":[{"id":1436,"url":"https:\/\/alternativa.lv\/ru\/our-social-projects\/mandarinia-social-charity-project-for-children\/","url_meta":{"origin":541,"position":0},"title":"\u041c\u0430\u043d\u0434\u0430\u0440\u0438\u043d\u0438\u044f &#8212; \u0441\u043e\u0446\u0438\u0430\u043b\u044c\u043d\u044b\u0439  \u043f\u0440\u043e\u0435\u043a\u0442 \u0438\u043d\u0442\u0435\u0433\u0440\u0430\u0446\u0438\u0438 \u0434\u0435\u0442\u0435\u0439","author":"tesstemona","date":"18\/09\/2019","format":false,"excerpt":"{:lv} Mandar\u012bnu Zeme:\u00a0soci\u0101ls projekts b\u0113rnu att\u012bst\u012bbai, pa\u0161izaugsmei un iek\u013cau\u0161anai sabiedr\u012bb\u0101, ko Kult\u016bras biedr\u012bba \"Alternat\u012bv\u0101 Realit\u0101te\" saviem sp\u0113kiem \u012bsteno jau\u00a0kop\u0161 2013. gada. Projekt\u0101 kop\u0101 tiek iek\u013cauti b\u0113rni no Latvijas \u0123imen\u0113m un b\u0113rni no soci\u0101l\u0101 riska grup\u0101m - b\u0113rnu namiem, kr\u012bzes centriem, nelabv\u0113l\u012bg\u0101m \u0123imen\u0113m, b\u0113rni ar \u012bpa\u0161\u0101m vajadz\u012bb\u0101m Projekta m\u0113r\u0137is:\u00a0veicin\u0101t\u00a0b\u0113rnu\u00a0pa\u0161izaugsmi, p\u0101rliec\u012bbu par\u2026","rel":"","context":"\u041f\u043e\u0445\u043e\u0436\u0430\u044f \u0437\u0430\u043f\u0438\u0441\u044c","block_context":{"text":"\u041f\u043e\u0445\u043e\u0436\u0430\u044f \u0437\u0430\u043f\u0438\u0441\u044c","link":""},"img":{"alt_text":"","src":"https:\/\/i0.wp.com\/alternativa.lv\/wp-content\/uploads\/2020\/01\/DSC_5846.jpg?fit=841%2C563&ssl=1&resize=350%2C200","width":350,"height":200,"srcset":"https:\/\/i0.wp.com\/alternativa.lv\/wp-content\/uploads\/2020\/01\/DSC_5846.jpg?fit=841%2C563&ssl=1&resize=350%2C200 1x, https:\/\/i0.wp.com\/alternativa.lv\/wp-content\/uploads\/2020\/01\/DSC_5846.jpg?fit=841%2C563&ssl=1&resize=525%2C300 1.5x, https:\/\/i0.wp.com\/alternativa.lv\/wp-content\/uploads\/2020\/01\/DSC_5846.jpg?fit=841%2C563&ssl=1&resize=700%2C400 2x"},"classes":[]},{"id":1462,"url":"https:\/\/alternativa.lv\/ru\/esc-projects\/esc-project-mandarinu-zeme-2019\/","url_meta":{"origin":541,"position":1},"title":"Volunteering project Mandarinu Zeme 2019","author":"tesstemona","date":"22\/09\/2019","format":false,"excerpt":"{:lv} WHEN? WHERE? WHO? What:\u00a0short-term volunteering project \"Mandarinu Zeme 2019\" Project No. 2019-2-LV02-ESC11-002630 When:\u00a0November 15th, 2019 - January 5th, 2020 Where:\u00a0Riga, Latvia Who:\u00a04 volunteers from Ukraine, 6 volunteers from Latvia, 10 people in total. WHAT IS \u201cMandarinu Zeme 2019\u201d Since 2013, the Cultural Association \"Alternative Reality\" has been implementing its\u2026","rel":"","context":"\u041f\u043e\u0445\u043e\u0436\u0430\u044f \u0437\u0430\u043f\u0438\u0441\u044c","block_context":{"text":"\u041f\u043e\u0445\u043e\u0436\u0430\u044f \u0437\u0430\u043f\u0438\u0441\u044c","link":""},"img":{"alt_text":"","src":"https:\/\/i0.wp.com\/alternativa.lv\/wp-content\/uploads\/2019\/09\/web-header-2019-mini-HANDS-ESK-logo.jpg?fit=1200%2C329&ssl=1&resize=350%2C200","width":350,"height":200,"srcset":"https:\/\/i0.wp.com\/alternativa.lv\/wp-content\/uploads\/2019\/09\/web-header-2019-mini-HANDS-ESK-logo.jpg?fit=1200%2C329&ssl=1&resize=350%2C200 1x, https:\/\/i0.wp.com\/alternativa.lv\/wp-content\/uploads\/2019\/09\/web-header-2019-mini-HANDS-ESK-logo.jpg?fit=1200%2C329&ssl=1&resize=525%2C300 1.5x, https:\/\/i0.wp.com\/alternativa.lv\/wp-content\/uploads\/2019\/09\/web-header-2019-mini-HANDS-ESK-logo.jpg?fit=1200%2C329&ssl=1&resize=700%2C400 2x, https:\/\/i0.wp.com\/alternativa.lv\/wp-content\/uploads\/2019\/09\/web-header-2019-mini-HANDS-ESK-logo.jpg?fit=1200%2C329&ssl=1&resize=1050%2C600 3x"},"classes":[]},{"id":5221,"url":"https:\/\/alternativa.lv\/ru\/esc-projects\/darba-pieredze-jauniesiem\/","url_meta":{"origin":541,"position":2},"title":"\u041c\u0410\u041d\u0414\u0410\u0420\u0418\u041d\u0418\u042f: \u041e\u041f\u042b\u0422 \u0420\u0410\u0411\u041e\u0422\u042b \u0414\u041b\u042f \u041c\u041e\u041b\u041e\u0414\u0415\u0416\u0418 \u0421 \u041e\u0413\u0420\u0410\u041d\u0418\u0427\u0415\u041d\u041d\u042b\u041c\u0418 \u0412\u041e\u0417\u041c\u041e\u0416\u041d\u041e\u0421\u0422\u042f\u041c\u0418","author":"tesstemona","date":"10\/06\/2021","format":false,"excerpt":"{:lv} Laika posm\u0101 no 01.06.2020. l\u012bdz 31.05.2021. kult\u016bras biedr\u012bba \"Alternat\u012bv\u0101 Realit\u0101te\" \u012bstenoja projektu \"Mandar\u012bnu Zeme: atbalsts un iek\u013cau\u0161ana\". \u0160is bija darba projekts Eiropas Solidarit\u00e1tes Korpusa programmas ietvaros, kas sniedza darba pieredzes g\u016b\u0161anas iesp\u0113jas janie\u0161iem ar ierobe\u017eot\u0101m iesp\u0113j\u0101m. \u010cetras jaukas jaunietes gada laik\u0101 bija guvu\u0161as pieredzi darba organiz\u0113\u0161anas jom\u0101, pien\u0101kumu un\u2026","rel":"","context":"\u041f\u043e\u0445\u043e\u0436\u0430\u044f \u0437\u0430\u043f\u0438\u0441\u044c","block_context":{"text":"\u041f\u043e\u0445\u043e\u0436\u0430\u044f \u0437\u0430\u043f\u0438\u0441\u044c","link":""},"img":{"alt_text":"","src":"https:\/\/i0.wp.com\/alternativa.lv\/wp-content\/uploads\/2021\/08\/105332707_266256387775034_966557257938245592_n.jpg?resize=350%2C200","width":350,"height":200,"srcset":"https:\/\/i0.wp.com\/alternativa.lv\/wp-content\/uploads\/2021\/08\/105332707_266256387775034_966557257938245592_n.jpg?resize=350%2C200 1x, https:\/\/i0.wp.com\/alternativa.lv\/wp-content\/uploads\/2021\/08\/105332707_266256387775034_966557257938245592_n.jpg?resize=525%2C300 1.5x"},"classes":[]},{"id":3214,"url":"https:\/\/alternativa.lv\/ru\/esc-projects\/brivpratiga-darba-projekts-mandarinu-zeme-2019\/","url_meta":{"origin":541,"position":3},"title":"BR\u012aVPR\u0100T\u012aG\u0100 DARBA PROJEKTS: MANDAR\u012aNU ZEME 2020","author":"tesstemona","date":"14\/10\/2020","format":false,"excerpt":"{:lv} Lieliska iesp\u0113ja jaunie\u0161iem no 18 l\u012bdz 30 gadiem iesaist\u012bties Ziemassv\u0113tku pas\u0101kumu organiz\u0113\u0161an\u0101 ar m\u0113r\u0137i integr\u0113t b\u0113rnus no soci\u0101li mazaizsarg\u0101t\u0101m grup\u0101m, b\u0113rnu namiem un maznodro\u0161in\u0101t\u0101m \u0123imen\u0113m. KAD? KUR? KAM?Kas: \u012bstermi\u0146a br\u012bvpr\u0101t\u012bg\u0101 darba projekts \"Mandarinu Zeme 2020\"Projekts Nr. 2020-2-LV02-ESC11-003167Kad: 15.11.2020.-05.01.2021.Kur: R\u012bga, LatvijaKam: jaunie\u0161i no 18 l\u012bdz 30 gadiem, 7 br\u012bvpr\u0101t\u012bgie no\u2026","rel":"","context":"\u041f\u043e\u0445\u043e\u0436\u0430\u044f \u0437\u0430\u043f\u0438\u0441\u044c","block_context":{"text":"\u041f\u043e\u0445\u043e\u0436\u0430\u044f \u0437\u0430\u043f\u0438\u0441\u044c","link":""},"img":{"alt_text":"","src":"https:\/\/i0.wp.com\/alternativa.lv\/wp-content\/uploads\/2020\/10\/mz-2020-hed-eng-scaled.jpg?fit=1200%2C325&ssl=1&resize=350%2C200","width":350,"height":200,"srcset":"https:\/\/i0.wp.com\/alternativa.lv\/wp-content\/uploads\/2020\/10\/mz-2020-hed-eng-scaled.jpg?fit=1200%2C325&ssl=1&resize=350%2C200 1x, https:\/\/i0.wp.com\/alternativa.lv\/wp-content\/uploads\/2020\/10\/mz-2020-hed-eng-scaled.jpg?fit=1200%2C325&ssl=1&resize=525%2C300 1.5x, https:\/\/i0.wp.com\/alternativa.lv\/wp-content\/uploads\/2020\/10\/mz-2020-hed-eng-scaled.jpg?fit=1200%2C325&ssl=1&resize=700%2C400 2x, https:\/\/i0.wp.com\/alternativa.lv\/wp-content\/uploads\/2020\/10\/mz-2020-hed-eng-scaled.jpg?fit=1200%2C325&ssl=1&resize=1050%2C600 3x"},"classes":[]},{"id":4,"url":"https:\/\/alternativa.lv\/ru\/home\/","url_meta":{"origin":541,"position":4},"title":"\u041e \u043d\u0430\u0441","author":"tesstemona","date":"15\/01\/2018","format":false,"excerpt":"{:lv} M\u016bsu motto: \"Izzini pasauli - iepaz\u012bsti sevi\" M\u0113s ticam, ka vienm\u0113r ir j\u0101s\u0101k ar sevi.Tikai tad, kad cilv\u0113ks ir gar\u012bgi un daudzpus\u012bgi att\u012bst\u012bs, ir harmonij\u0101 ar sevi, izzina savas stipr\u0101s un vaj\u0101s puses, apzin\u0101s savu atbild\u012bbu par savu r\u012bc\u012bbu visas plan\u0113tas priek\u0161\u0101 - tad vi\u0146\u0161 sp\u0113j aptvert pasauli sev\u2026","rel":"","context":"\u041f\u043e\u0445\u043e\u0436\u0430\u044f \u0437\u0430\u043f\u0438\u0441\u044c","block_context":{"text":"\u041f\u043e\u0445\u043e\u0436\u0430\u044f \u0437\u0430\u043f\u0438\u0441\u044c","link":""},"img":{"alt_text":"","src":"https:\/\/i0.wp.com\/alternativa.lv\/wp-content\/uploads\/2019\/09\/69568198_2621290151224134_7472202166766141440_n.jpg?resize=350%2C200","width":350,"height":200,"srcset":"https:\/\/i0.wp.com\/alternativa.lv\/wp-content\/uploads\/2019\/09\/69568198_2621290151224134_7472202166766141440_n.jpg?resize=350%2C200 1x, https:\/\/i0.wp.com\/alternativa.lv\/wp-content\/uploads\/2019\/09\/69568198_2621290151224134_7472202166766141440_n.jpg?resize=525%2C300 1.5x, https:\/\/i0.wp.com\/alternativa.lv\/wp-content\/uploads\/2019\/09\/69568198_2621290151224134_7472202166766141440_n.jpg?resize=700%2C400 2x"},"classes":[]},{"id":2736,"url":"https:\/\/alternativa.lv\/ru\/esc-projects\/maija-grafa-svetki-vienoti-daudzveidiba-2\/","url_meta":{"origin":541,"position":5},"title":"Maija gr\u0101fa sv\u0113tki 2020: vienoti da\u017e\u0101d\u012bb\u0101","author":"tesstemona","date":"07\/06\/2020","format":false,"excerpt":"{:lv} Kas? Kur? Kad? Kam? Kas: brivpr\u0101tig\u0101 darba grupas projekts \u201cMaija Gr\u0101fa sv\u0113tki: vienoti da\u017e\u0101d\u012bb\u0101\u201d Projekta Nr.2020-1-LV02-ESC11-002962 Kad: No 01.08.2020 l\u012bdz 07.09.2020. (38 dienas) Kur: R\u012bga, Latvija\u00a0 Kam: Kop\u0101 17 dal\u012bbnieki vecum\u0101 no 18 l\u012bdz 30 gadiem, t.s.k. 5 jaunie\u0161i no ES valst\u012bm, 11 jaunie\u0161i no Latvijas, 1 pavado\u0161\u0101 persona\u2026","rel":"","context":"\u041f\u043e\u0445\u043e\u0436\u0430\u044f \u0437\u0430\u043f\u0438\u0441\u044c","block_context":{"text":"\u041f\u043e\u0445\u043e\u0436\u0430\u044f \u0437\u0430\u043f\u0438\u0441\u044c","link":""},"img":{"alt_text":"","src":"https:\/\/i0.wp.com\/alternativa.lv\/wp-content\/uploads\/2020\/06\/60475405_2280519382001561_1494637185805058048_o.jpg?fit=1200%2C800&ssl=1&resize=350%2C200","width":350,"height":200,"srcset":"https:\/\/i0.wp.com\/alternativa.lv\/wp-content\/uploads\/2020\/06\/60475405_2280519382001561_1494637185805058048_o.jpg?fit=1200%2C800&ssl=1&resize=350%2C200 1x, https:\/\/i0.wp.com\/alternativa.lv\/wp-content\/uploads\/2020\/06\/60475405_2280519382001561_1494637185805058048_o.jpg?fit=1200%2C800&ssl=1&resize=525%2C300 1.5x, https:\/\/i0.wp.com\/alternativa.lv\/wp-content\/uploads\/2020\/06\/60475405_2280519382001561_1494637185805058048_o.jpg?fit=1200%2C800&ssl=1&resize=700%2C400 2x, https:\/\/i0.wp.com\/alternativa.lv\/wp-content\/uploads\/2020\/06\/60475405_2280519382001561_1494637185805058048_o.jpg?fit=1200%2C800&ssl=1&resize=1050%2C600 3x"},"classes":[]}],"amp_enabled":true,"_links":{"self":[{"href":"https:\/\/alternativa.lv\/ru\/wp-json\/wp\/v2\/pages\/541","targetHints":{"allow":["GET"]}}],"collection":[{"href":"https:\/\/alternativa.lv\/ru\/wp-json\/wp\/v2\/pages"}],"about":[{"href":"https:\/\/alternativa.lv\/ru\/wp-json\/wp\/v2\/types\/page"}],"author":[{"embeddable":true,"href":"https:\/\/alternativa.lv\/ru\/wp-json\/wp\/v2\/users\/133522584"}],"replies":[{"embeddable":true,"href":"https:\/\/alternativa.lv\/ru\/wp-json\/wp\/v2\/comments?post=541"}],"version-history":[{"count":6,"href":"https:\/\/alternativa.lv\/ru\/wp-json\/wp\/v2\/pages\/541\/revisions"}],"predecessor-version":[{"id":1433,"href":"https:\/\/alternativa.lv\/ru\/wp-json\/wp\/v2\/pages\/541\/revisions\/1433"}],"up":[{"embeddable":true,"href":"https:\/\/alternativa.lv\/ru\/wp-json\/wp\/v2\/pages\/1404"}],"wp:attachment":[{"href":"https:\/\/alternativa.lv\/ru\/wp-json\/wp\/v2\/media?parent=541"}],"wp:term":[{"taxonomy":"folder","embeddable":true,"href":"https:\/\/alternativa.lv\/ru\/wp-json\/wp\/v2\/folder?post=541"}],"curies":[{"name":"wp","href":"https:\/\/api.w.org\/{rel}","templated":true}]}}