{"id":733,"date":"2018-11-28T23:36:13","date_gmt":"2018-11-28T21:36:13","guid":{"rendered":"http:\/\/alternativa.lv\/?page_id=733"},"modified":"2026-03-01T19:28:41","modified_gmt":"2026-03-01T17:28:41","slug":"home-2","status":"publish","type":"page","link":"https:\/\/alternativa.lv\/ru\/","title":{"rendered":"Home"},"content":{"rendered":"\n<h2 class=\"wp-block-heading\">&#171;\u0410\u043b\u044c\u0442\u0435\u0440\u043d\u0430\u0442\u0438\u0432\u043d\u0430\u044f \u0440\u0435\u0430\u043b\u044c\u043d\u043e\u0441\u0442\u044c&#187;: \u0443\u0437\u043d\u0430\u0439 \u043c\u0438\u0440 &#8212; \u043f\u043e\u0437\u043d\u0430\u0439 \u0441\u0435\u0431\u044f!<\/h2>\n\n\n\n<p>\u041a\u0443\u043b\u044c\u0442\u0443\u0440\u043d\u043e\u0435 \u043e\u0431\u0449\u0435\u0441\u0442\u0432\u043e &#171;\u0410\u043b\u044c\u0442\u0435\u0440\u043d\u0430\u0442\u0438\u0432\u043d\u0430\u044f \u0420\u0435\u0430\u043b\u044c\u043d\u043e\u0441\u0442\u044c&#187; &#8212; \u044d\u0442\u043e \u043f\u043b\u043e\u0449\u0430\u0434\u043a\u0430  \u0434\u043b\u044f \u0441\u0430\u043c\u043e\u0432\u044b\u0440\u0430\u0436\u0435\u043d\u0438\u044f, \u043e\u0441\u043e\u0437\u043d\u0430\u043d\u0438\u044f \u0441\u0432\u043e\u0438\u0445 \u0446\u0435\u043b\u0435\u0439, \u0441\u0430\u043c\u043e\u0440\u0430\u0437\u0432\u0438\u0442\u0438\u044f \u0438 \u043f\u0440\u0438\u043c\u0435\u043d\u0435\u043d\u0438\u044f \u0441\u0432\u043e\u0438\u0445 \u0437\u043d\u0430\u043d\u0438\u0439 \u0432 \u0440\u0435\u0430\u043b\u044c\u043d\u043e\u043c \u043c\u0438\u0440\u0435.<\/p>\n\n\n\n<p>\u042d\u0442\u043e \u043c\u0435\u0441\u0442\u043e, \u0432 \u043a\u043e\u0442\u043e\u0440\u043e\u043c \u0441\u043b\u0438\u0432\u0430\u044e\u0442\u0441\u044f \u0432\u043e\u0435\u0434\u0438\u043d\u043e \u0440\u0430\u0437\u043d\u044b\u0435 \u043b\u044e\u0434\u0438, \u044d\u043f\u043e\u0445\u0438, \u0444\u0438\u043b\u043e\u0441\u043e\u0444\u0438\u0438 \u0438 \u043f\u043e\u043a\u043e\u043b\u0435\u043d\u0438\u044f, \u0447\u0442\u043e\u0431\u044b \u0432\u043c\u0435\u0441\u0442\u0435 \u0441\u043e\u0437\u0434\u0430\u0442\u044c \u0434\u0438\u043d\u0430\u043c\u0438\u0447\u043d\u044b\u0439, \u043f\u043e\u0437\u0438\u0442\u0438\u0432\u043d\u044b\u0439 \u0438 \u043c\u043d\u043e\u0433\u043e\u043e\u0431\u0440\u0430\u0437\u043d\u044b\u0439 \u043f\u043e\u0442\u043e\u043a \u0440\u0430\u0437\u0432\u0438\u0442\u0438\u044f, \u043a\u043e\u0442\u043e\u0440\u044b\u0439 \u0437\u0430\u0445\u043b\u0435\u0441\u0442\u043d\u0435\u0442 \u0438 \u0442\u0435\u0431\u044f!  <\/p>\n","protected":false},"excerpt":{"rendered":"<p>&#171;\u0410\u043b\u044c\u0442\u0435\u0440\u043d\u0430\u0442\u0438\u0432\u043d\u0430\u044f \u0440\u0435\u0430\u043b\u044c\u043d\u043e\u0441\u0442\u044c&#187;: \u0443\u0437\u043d\u0430\u0439 \u043c\u0438\u0440 &#8212; \u043f\u043e\u0437\u043d\u0430\u0439 \u0441\u0435\u0431\u044f! \u041a\u0443\u043b\u044c\u0442\u0443\u0440\u043d\u043e\u0435 \u043e\u0431\u0449\u0435\u0441\u0442\u0432\u043e &#171;\u0410\u043b\u044c\u0442\u0435\u0440\u043d\u0430\u0442\u0438\u0432\u043d\u0430\u044f \u0420\u0435\u0430\u043b\u044c\u043d\u043e\u0441\u0442\u044c&#187; &#8212; \u044d\u0442\u043e \u043f\u043b\u043e\u0449\u0430\u0434\u043a\u0430 \u0434\u043b\u044f \u0441\u0430\u043c\u043e\u0432\u044b\u0440\u0430\u0436\u0435\u043d\u0438\u044f, \u043e\u0441\u043e\u0437\u043d\u0430\u043d\u0438\u044f \u0441\u0432\u043e\u0438\u0445 \u0446\u0435\u043b\u0435\u0439, \u0441\u0430\u043c\u043e\u0440\u0430\u0437\u0432\u0438\u0442\u0438\u044f \u0438 \u043f\u0440\u0438\u043c\u0435\u043d\u0435\u043d\u0438\u044f \u0441\u0432\u043e\u0438\u0445 \u0437\u043d\u0430\u043d\u0438\u0439 \u0432 \u0440\u0435\u0430\u043b\u044c\u043d\u043e\u043c \u043c\u0438\u0440\u0435. \u042d\u0442\u043e \u043c\u0435\u0441\u0442\u043e, \u0432 \u043a\u043e\u0442\u043e\u0440\u043e\u043c \u0441\u043b\u0438\u0432\u0430\u044e\u0442\u0441\u044f \u0432\u043e\u0435\u0434\u0438\u043d\u043e \u0440\u0430\u0437\u043d\u044b\u0435 \u043b\u044e\u0434\u0438, \u044d\u043f\u043e\u0445\u0438, \u0444\u0438\u043b\u043e\u0441\u043e\u0444\u0438\u0438 \u0438 \u043f\u043e\u043a\u043e\u043b\u0435\u043d\u0438\u044f, \u0447\u0442\u043e\u0431\u044b \u0432\u043c\u0435\u0441\u0442\u0435 \u0441\u043e\u0437\u0434\u0430\u0442\u044c \u0434\u0438\u043d\u0430\u043c\u0438\u0447\u043d\u044b\u0439, \u043f\u043e\u0437\u0438\u0442\u0438\u0432\u043d\u044b\u0439 \u0438 \u043c\u043d\u043e\u0433\u043e\u043e\u0431\u0440\u0430\u0437\u043d\u044b\u0439 \u043f\u043e\u0442\u043e\u043a \u0440\u0430\u0437\u0432\u0438\u0442\u0438\u044f, \u043a\u043e\u0442\u043e\u0440\u044b\u0439 \u0437\u0430\u0445\u043b\u0435\u0441\u0442\u043d\u0435\u0442&gt;&gt;&gt;<\/p>\n","protected":false},"author":133522584,"featured_media":0,"parent":0,"menu_order":0,"comment_status":"closed","ping_status":"closed","template":"","meta":{"_eb_attr":"","footnotes":""},"folder":[635157419],"class_list":["post-733","page","type-page","status-publish","hentry"],"translation":{"provider":"WPGlobus","version":"3.0.2","language":"ru","enabled_languages":["lv","en","ru"],"languages":{"lv":{"title":true,"content":true,"excerpt":false},"en":{"title":false,"content":true,"excerpt":false},"ru":{"title":false,"content":true,"excerpt":false}}},"jetpack_sharing_enabled":true,"jetpack_shortlink":"https:\/\/wp.me\/P9yPz0-bP","jetpack_likes_enabled":true,"jetpack-related-posts":[{"id":374,"url":"https:\/\/alternativa.lv\/ru\/erasmus-projects\/projects\/from-life-to-life\/","url_meta":{"origin":733,"position":0},"title":"Photo exibition &#171;From life to life&#187;","author":"tesstemona","date":"12\/03\/2018","format":false,"excerpt":"At March 8, 2018 in Riga was opened a photo exhibition \"From life to life\". A photos and iterviews was prepared by participants of Erasmus+ Youth Exchange project \"Splashes od Diversity\". A photo exhibition about migration and diversity was final product of the youth exchange, and \u00a0participants has presented it\u2026","rel":"","context":"\u041f\u043e\u0445\u043e\u0436\u0430\u044f \u0437\u0430\u043f\u0438\u0441\u044c","block_context":{"text":"\u041f\u043e\u0445\u043e\u0436\u0430\u044f \u0437\u0430\u043f\u0438\u0441\u044c","link":""},"img":{"alt_text":"","src":"https:\/\/i0.wp.com\/alternativa.lv\/wp-content\/uploads\/2018\/05\/10.jpg?fit=1200%2C805&ssl=1&resize=350%2C200","width":350,"height":200,"srcset":"https:\/\/i0.wp.com\/alternativa.lv\/wp-content\/uploads\/2018\/05\/10.jpg?fit=1200%2C805&ssl=1&resize=350%2C200 1x, https:\/\/i0.wp.com\/alternativa.lv\/wp-content\/uploads\/2018\/05\/10.jpg?fit=1200%2C805&ssl=1&resize=525%2C300 1.5x, https:\/\/i0.wp.com\/alternativa.lv\/wp-content\/uploads\/2018\/05\/10.jpg?fit=1200%2C805&ssl=1&resize=700%2C400 2x, https:\/\/i0.wp.com\/alternativa.lv\/wp-content\/uploads\/2018\/05\/10.jpg?fit=1200%2C805&ssl=1&resize=1050%2C600 3x"},"classes":[]},{"id":432,"url":"https:\/\/alternativa.lv\/ru\/erasmus-projects\/action-in-eco-direction\/","url_meta":{"origin":733,"position":1},"title":"Action in ECO Direction","author":"tesstemona","date":"03\/05\/2018","format":false,"excerpt":"{:lv} Youth Exchange project \"Action in ECO Direction\" co-funded by Erasmus+ Programme of European Union Project No.\u00a02018-1-LV02-KA105-002048. Project coordinator: Kulturas biedriba \"Alternativa Realitate\". Period of the project: 15 May-15 Nov, 2018. Partner countries: Latvia, Ukraine, Moldova, Armenia, Czech Republic, Italy Project Idea International project \u201cAction in ECO Direction\u201d is aimed\u2026","rel":"","context":"\u041f\u043e\u0445\u043e\u0436\u0430\u044f \u0437\u0430\u043f\u0438\u0441\u044c","block_context":{"text":"\u041f\u043e\u0445\u043e\u0436\u0430\u044f \u0437\u0430\u043f\u0438\u0441\u044c","link":""},"img":{"alt_text":"","src":"https:\/\/i0.wp.com\/alternativa.lv\/wp-content\/uploads\/2018\/05\/logo_aed.png?resize=350%2C200&ssl=1","width":350,"height":200,"srcset":"https:\/\/i0.wp.com\/alternativa.lv\/wp-content\/uploads\/2018\/05\/logo_aed.png?resize=350%2C200&ssl=1 1x, https:\/\/i0.wp.com\/alternativa.lv\/wp-content\/uploads\/2018\/05\/logo_aed.png?resize=525%2C300&ssl=1 1.5x, https:\/\/i0.wp.com\/alternativa.lv\/wp-content\/uploads\/2018\/05\/logo_aed.png?resize=700%2C400&ssl=1 2x, https:\/\/i0.wp.com\/alternativa.lv\/wp-content\/uploads\/2018\/05\/logo_aed.png?resize=1050%2C600&ssl=1 3x, https:\/\/i0.wp.com\/alternativa.lv\/wp-content\/uploads\/2018\/05\/logo_aed.png?resize=1400%2C800&ssl=1 4x"},"classes":[]},{"id":23,"url":"https:\/\/alternativa.lv\/ru\/erasmus-projects\/projects\/","url_meta":{"origin":733,"position":2},"title":"Splashes of Diversity","author":"tesstemona","date":"10\/11\/2017","format":false,"excerpt":"{:lv} Youth exchange SPLASHES OF DIVERSITY 6 Participating countries: Moldova, Georgia, Latvia, Ukraine, Greece, Italy Start: 01-09-2017 - End: 31-05-2018 Project Reference: 2017-2-LV02-KA105-001721 EC Grant: 41250 EUR Programme: Erasmus+ Key Action: Learning Mobility of Individuals Action Type: Youth mobility Topics: Migrants' issuesYouth (Participation, Youth Work, Youth Policy)Intercultural\/intergenerational education and (lifelong)learning\u2026","rel":"","context":"\u0412 \"ErasmusPlus\"","block_context":{"text":"ErasmusPlus","link":"https:\/\/alternativa.lv\/ru\/tag\/erasmusplus\/"},"img":{"alt_text":"","src":"https:\/\/i0.wp.com\/alternativa.lv\/wp-content\/uploads\/2018\/02\/2017-12-05-11-19-02-048.jpg?fit=1200%2C675&ssl=1&resize=350%2C200","width":350,"height":200,"srcset":"https:\/\/i0.wp.com\/alternativa.lv\/wp-content\/uploads\/2018\/02\/2017-12-05-11-19-02-048.jpg?fit=1200%2C675&ssl=1&resize=350%2C200 1x, https:\/\/i0.wp.com\/alternativa.lv\/wp-content\/uploads\/2018\/02\/2017-12-05-11-19-02-048.jpg?fit=1200%2C675&ssl=1&resize=525%2C300 1.5x, https:\/\/i0.wp.com\/alternativa.lv\/wp-content\/uploads\/2018\/02\/2017-12-05-11-19-02-048.jpg?fit=1200%2C675&ssl=1&resize=700%2C400 2x, https:\/\/i0.wp.com\/alternativa.lv\/wp-content\/uploads\/2018\/02\/2017-12-05-11-19-02-048.jpg?fit=1200%2C675&ssl=1&resize=1050%2C600 3x"},"classes":[]},{"id":1103,"url":"https:\/\/alternativa.lv\/ru\/erasmus-projects\/net-art-for-tolerance-ye\/","url_meta":{"origin":733,"position":3},"title":"&#171;Net Art for Tolerance&#187; YE","author":"tesstemona","date":"30\/05\/2019","format":false,"excerpt":"{:lv} Youth Exchange \"Net Art For Tolerance\" is a project co-funded by Erasmus+ programme uniting young people from 6 EU countries: Latvia, Cyprus, France, Romania, FYROM, Italy Dates: 31.08.-09.09.2019Place: Paphos, Cyprus Aims of the project:to promote the awareness of tolerance and socially active opposition to xenophobia among young people, including\u2026","rel":"","context":"\u041f\u043e\u0445\u043e\u0436\u0430\u044f \u0437\u0430\u043f\u0438\u0441\u044c","block_context":{"text":"\u041f\u043e\u0445\u043e\u0436\u0430\u044f \u0437\u0430\u043f\u0438\u0441\u044c","link":""},"img":{"alt_text":"","src":"https:\/\/i0.wp.com\/alternativa.lv\/wp-content\/uploads\/2019\/09\/69568198_2621290151224134_7472202166766141440_n.jpg?resize=350%2C200&ssl=1","width":350,"height":200,"srcset":"https:\/\/i0.wp.com\/alternativa.lv\/wp-content\/uploads\/2019\/09\/69568198_2621290151224134_7472202166766141440_n.jpg?resize=350%2C200&ssl=1 1x, https:\/\/i0.wp.com\/alternativa.lv\/wp-content\/uploads\/2019\/09\/69568198_2621290151224134_7472202166766141440_n.jpg?resize=525%2C300&ssl=1 1.5x, https:\/\/i0.wp.com\/alternativa.lv\/wp-content\/uploads\/2019\/09\/69568198_2621290151224134_7472202166766141440_n.jpg?resize=700%2C400&ssl=1 2x"},"classes":[]},{"id":392,"url":"https:\/\/alternativa.lv\/ru\/erasmus-projects\/","url_meta":{"origin":733,"position":4},"title":"\u041f\u0440\u043e\u0435\u043a\u0442\u044b \u042d\u0440\u0430\u0441\u043c\u0443\u0441 +","author":"tesstemona","date":"01\/08\/2017","format":false,"excerpt":"{:lv} https:\/\/www.youtube.com\/watch?v=a-j9LdEvOac&feature=youtu.be&fbclid=IwAR3L54ROms1zYDSPg8xJV12QJfZhUtG64kPaqnwUd9HqxW0bzG64fSMLxAY Kult\u016bras biedr\u012bba \u012bsteno Erasmus+ projektus kop\u0161 2017.gada un pa \u0161o laiku projektos ir piedal\u012bju\u0161ies vair\u0101k par 500 jaunie\u0161i no 16 Eiropas Savien\u012bbas un Eiropas kaimi\u0146valst\u012bm. Esam koordin\u0113ju\u0161i un vad\u012bjusi jaunie\u0161u apmai\u0146as un jaunatnes darbinieku apm\u0101c\u012bbas gan Latvij\u0101, gan Ukrain\u0101 un Kipr\u0101, un pl\u0101nojam v\u0113l vair\u0101k interesantus projektus gan\u2026","rel":"","context":"\u041f\u043e\u0445\u043e\u0436\u0430\u044f \u0437\u0430\u043f\u0438\u0441\u044c","block_context":{"text":"\u041f\u043e\u0445\u043e\u0436\u0430\u044f \u0437\u0430\u043f\u0438\u0441\u044c","link":""},"img":{"alt_text":"","src":"https:\/\/i0.wp.com\/alternativa.lv\/wp-content\/uploads\/2020\/01\/erasmus-upb-banner-1.jpg?fit=1200%2C277&ssl=1&resize=350%2C200","width":350,"height":200,"srcset":"https:\/\/i0.wp.com\/alternativa.lv\/wp-content\/uploads\/2020\/01\/erasmus-upb-banner-1.jpg?fit=1200%2C277&ssl=1&resize=350%2C200 1x, https:\/\/i0.wp.com\/alternativa.lv\/wp-content\/uploads\/2020\/01\/erasmus-upb-banner-1.jpg?fit=1200%2C277&ssl=1&resize=525%2C300 1.5x, https:\/\/i0.wp.com\/alternativa.lv\/wp-content\/uploads\/2020\/01\/erasmus-upb-banner-1.jpg?fit=1200%2C277&ssl=1&resize=700%2C400 2x, https:\/\/i0.wp.com\/alternativa.lv\/wp-content\/uploads\/2020\/01\/erasmus-upb-banner-1.jpg?fit=1200%2C277&ssl=1&resize=1050%2C600 3x"},"classes":[]},{"id":7787,"url":"https:\/\/alternativa.lv\/ru\/esc-projects\/digitala-jaunatnes-balss-radio-a-reality\/","url_meta":{"origin":733,"position":5},"title":"\u0414\u0438\u0433\u0438\u0442\u0430\u043b\u044c\u043d\u043e\u0435 \u043c\u043e\u043b\u043e\u0434\u0435\u0436\u043d\u043e\u0435 \u0440\u0430\u0434\u0438\u043e: \u0420\u0430\u0434\u0438\u043e \u0410-Reality","author":"tesstemona","date":"20\/09\/2021","format":false,"excerpt":"{:lv} Digit\u0101ls jaunatnes radio k\u0101 jauns pa\u0161izpusmes veids Eiropas Solidarit\u0101tes KorpussSolidarit\u0101tes projekts 01.09.2021. - 31.08.2022. Digit\u0101l\u0101 jaunatnes balss: k\u013c\u016bsti sadzird\u0113ts!\u00a0\u00a0\u00a0 Ieilgu\u0161\u0101s COVID-19 pand\u0113mijas d\u0113\u013c cilv\u0113ki bija izol\u0113ti, daudz laika bija j\u0101pavada vienatn\u0113, j\u0101str\u0101d\u0101 un j\u0101m\u0101c\u0101s att\u0101lin\u0101ti.\u00a0 Ar\u012b \u0161obr\u012bd vi\u0146iem liel\u0101 m\u0113r\u0101 ir liegta iesp\u0113ja tikties ar draugiem, daudzi no vi\u0146iem\u2026","rel":"","context":"\u041f\u043e\u0445\u043e\u0436\u0430\u044f \u0437\u0430\u043f\u0438\u0441\u044c","block_context":{"text":"\u041f\u043e\u0445\u043e\u0436\u0430\u044f \u0437\u0430\u043f\u0438\u0441\u044c","link":""},"img":{"alt_text":"","src":"https:\/\/i0.wp.com\/alternativa.lv\/wp-content\/uploads\/2022\/09\/AR-radio-logo-white-backgrJPG.jpg?fit=1200%2C675&ssl=1&resize=350%2C200","width":350,"height":200,"srcset":"https:\/\/i0.wp.com\/alternativa.lv\/wp-content\/uploads\/2022\/09\/AR-radio-logo-white-backgrJPG.jpg?fit=1200%2C675&ssl=1&resize=350%2C200 1x, https:\/\/i0.wp.com\/alternativa.lv\/wp-content\/uploads\/2022\/09\/AR-radio-logo-white-backgrJPG.jpg?fit=1200%2C675&ssl=1&resize=525%2C300 1.5x, https:\/\/i0.wp.com\/alternativa.lv\/wp-content\/uploads\/2022\/09\/AR-radio-logo-white-backgrJPG.jpg?fit=1200%2C675&ssl=1&resize=700%2C400 2x, https:\/\/i0.wp.com\/alternativa.lv\/wp-content\/uploads\/2022\/09\/AR-radio-logo-white-backgrJPG.jpg?fit=1200%2C675&ssl=1&resize=1050%2C600 3x"},"classes":[]}],"_links":{"self":[{"href":"https:\/\/alternativa.lv\/ru\/wp-json\/wp\/v2\/pages\/733","targetHints":{"allow":["GET"]}}],"collection":[{"href":"https:\/\/alternativa.lv\/ru\/wp-json\/wp\/v2\/pages"}],"about":[{"href":"https:\/\/alternativa.lv\/ru\/wp-json\/wp\/v2\/types\/page"}],"author":[{"embeddable":true,"href":"https:\/\/alternativa.lv\/ru\/wp-json\/wp\/v2\/users\/133522584"}],"replies":[{"embeddable":true,"href":"https:\/\/alternativa.lv\/ru\/wp-json\/wp\/v2\/comments?post=733"}],"version-history":[{"count":18,"href":"https:\/\/alternativa.lv\/ru\/wp-json\/wp\/v2\/pages\/733\/revisions"}],"predecessor-version":[{"id":14284,"href":"https:\/\/alternativa.lv\/ru\/wp-json\/wp\/v2\/pages\/733\/revisions\/14284"}],"wp:attachment":[{"href":"https:\/\/alternativa.lv\/ru\/wp-json\/wp\/v2\/media?parent=733"}],"wp:term":[{"taxonomy":"folder","embeddable":true,"href":"https:\/\/alternativa.lv\/ru\/wp-json\/wp\/v2\/folder?post=733"}],"curies":[{"name":"wp","href":"https:\/\/api.w.org\/{rel}","templated":true}]}}