{"id":7932,"date":"2022-05-28T10:55:00","date_gmt":"2022-05-28T08:55:00","guid":{"rendered":"https:\/\/alternativa.lv\/?page_id=7932"},"modified":"2023-08-07T11:22:49","modified_gmt":"2023-08-07T09:22:49","slug":"occaterra-land-of-opportunities","status":"publish","type":"page","link":"https:\/\/alternativa.lv\/ru\/occaterra-land-of-opportunities\/","title":{"rendered":"Okkaterra: iesp\u0113ju zeme"},"content":{"rendered":"\n<div class=\"wp-block-group alignfull is-layout-constrained wp-block-group-is-layout-constrained\">\n<div class=\"wp-block-group alignwide is-layout-flow wp-container-core-group-is-layout-47e5a185 wp-block-group-is-layout-flow\">\n<p style=\"line-height:1.5\">Jaunie\u0161u apmai\u0146a<\/p>\n\n\n\n<h3 class=\"wp-block-heading margin-top-none\" style=\"font-size:28px;line-height:1.22\">Izveido savu pasauli ar saviem likumiem! Erasmus+ jaunie\u0161u apmai\u0146a 13-17 g.<\/h3>\n<\/div>\n<\/div>\n\n\n\n<div class=\"wp-block-columns alignwide is-layout-flex wp-container-core-columns-is-layout-34142c5b wp-block-columns-is-layout-flex\">\n<div class=\"wp-block-column is-layout-flow wp-block-column-is-layout-flow\" style=\"flex-basis:20%\">\n<p><strong>July 18-27, 2022<\/strong><br><strong>Koknese<\/strong><\/p>\n\n\n\n<p><strong>LATVIA<\/strong><\/p>\n<\/div>\n\n\n\n<div class=\"wp-block-column is-layout-flow wp-block-column-is-layout-flow\" style=\"flex-basis:100%\">\n<p><strong>AICIN\u0100M TEVI UZ OKKATERRAS PASAULI:<\/strong> fant\u0101zijas zem\u0113, kur vienkopus past\u0101v elfi, cilv\u0113ki, orki, punduri un citplan\u0113tie\u0161i. <br>K\u0101 nodro\u0161in\u0101t, lai tik da\u017e\u0101das rases var\u0113tu dz\u012bvot un att\u012bst\u012bties kop\u0101? K\u0101 k\u013c\u016bt par salas valdnieku un kas j\u0101\u0146em v\u0113r\u0101? K\u0101 pie\u0146emt likumus, kas n\u0101ks par labu visiem?<br>K\u013c\u016bsti par elfu vai orku, izveido likumus, piedalies v\u0113l\u0113\u0161an\u0101s, k\u013c\u016bsti par salas vad\u012bt\u0101ju vai izgl\u012bto savus cilv\u0113kus, lai protest\u0113tu pret netaisn\u012bgajiem kaimi\u0146iem, vai atrodi kompromisu&nbsp;\u2014 c\u012b\u0146a b\u016bs karsta! <br>J\u016bs atrad\u012bsiet jaunus draugus un jaunas zin\u0101\u0161anas par pasauli, kur\u0101 katra balss ir svar\u012bga un katra viedoklis ir v\u0113rt\u012bgs!<br><\/p>\n\n\n\n<p>Aicin\u0101m akt\u012bvus un atv\u0113rtus jaunie\u0161us uz OKKATERRA: iesp\u0113ju zemi<br><br><strong>KAS:<\/strong> Jaunie\u0161u apmai\u0146a<br><strong>KUR:<\/strong> LATVIJA, Koknese<br><strong>KAD:<\/strong> 18.-27.07.2022.<br><strong>KAM: <\/strong>jaunie\u0161iem 13-17 g.v. no Latvijas, Igaunijas, Kipras un Polijas un grupu l\u012bderiem 18+ bez vecuma ierobe\u017eojuma; <\/p>\n\n\n\n<p>Kop\u0101 34 personas, tostarp jaunie\u0161i ar ierobe\u017eot\u0101m iesp\u0113j\u0101m un invalidit\u0101ti.<\/p>\n\n\n\n<p><strong>PARTNERU VALSTIS:<\/strong> Latvija, Kipra, Polija, Igaunija<\/p>\n\n\n\n<p><\/p>\n\n\n\n<p><strong>Projekta m\u0113r\u0137is: <\/strong>sniegt psiholo\u0123isku atbalstu jaunie\u0161iem vi\u0146u gar\u012bg\u0101s vesel\u012bbas uzlabo\u0161anai, veicin\u0101t jaunie\u0161u akt\u012bvu iesaist\u012b\u0161anos demokr\u0101tisk\u0101 dz\u012bv\u0113, izpratni par Eiropas v\u0113rt\u012bb\u0101m un ES darb\u012bbas principiem, k\u0101 ar\u012b veicin\u0101t jaunie\u0161u ar ierobe\u017eot\u0101m iesp\u0113j\u0101m iek\u013cau\u0161anu, \u012bpa\u0161u uzsvaru liekot uz jauniem b\u0113g\u013ciem no Ukrainas.<\/p>\n\n\n\n<p><\/p>\n\n\n\n<ul class=\"wp-block-list\">\n<li>100% IZMITIN\u0100\u0160ANAS, \u0112DIN\u0100\u0160ANAS, PROGRAMMAS IZDEVUMUS SEDZ EIROPAS SAVIEN\u012aBAS ERASMUS+ PROGRAMMAS L\u012aDZFINANS\u0112JUMS<br><\/li>\n\n\n\n<li>100% CE\u013bA IZDEVUMI TIEK KOMPENS\u0112TI P\u0112C DAL\u012aBAS PROJEKT\u0100, UZR\u0100DOT ORI\u0122IN\u0100LUS CE\u013bOJUMA DOKUMENTUS<br><\/li>\n\n\n\n<li>BEZ DAL\u012aBAS MAKSAS<\/li>\n<\/ul>\n\n\n\n<p><\/p>\n\n\n\n<p>Interakt\u012bv\u0101s sp\u0113les m\u0113r\u0137is ir&nbsp; jaunie\u0161u iesaiste akt\u012bvaj\u0101 sabiedr\u012bbas dz\u012bv\u0113, komunik\u0101cijas sp\u0113ju uzlabo\u0161ana,&nbsp; jaunie\u0161u pa\u0161apzi\u0146as cel\u0161ana un socializ\u0113\u0161an\u0101s, akt\u012bva l\u012bdzdal\u012bba jaunie\u0161iem svar\u012bgu jaut\u0101jumu risin\u0101\u0161an\u0101, Eiropas v\u0113rt\u012bbu izzin\u0101\u0161ana, sabiedr\u012bbas strukt\u016bras izpratne un pozit\u012bvu dz\u012bves m\u0113r\u0137u nosprau\u0161anas veicin\u0101\u0161ana.<\/p>\n\n\n\n<p>Ar integr\u0113jo\u0161\u0101s sp\u0113les pal\u012bdz\u012bbu papildus tiek uzsv\u0113rts akt\u012bvas pilsonisk\u0101s l\u012bdzdal\u012bbas akcents, demonstr\u0113ta balso\u0161anas un l\u0113mumu pie\u0146em\u0161anas k\u0101rt\u012bba demokr\u0101tiskaj\u0101 sabiedr\u012bb\u0101, kas dod jaunie\u0161iem priek\u0161tatu par v\u0113l\u0113\u0161anu procesu un par to, cik svar\u012bga ir katra v\u0113l\u0113t\u0101ja balss.<\/p>\n\n\n\n<p><\/p>\n\n\n\n<p>L\u016aDZAM IZLAS\u012aT <a href=\"https:\/\/www.canva.com\/design\/DAE_YDeSzvQ\/qzPEWC2QcXTO4eyxlNQrjA\/view?utm_content=DAE_YDeSzvQ&amp;utm_campaign=designshare&amp;utm_medium=link2&amp;utm_source=sharebutton#1\" target=\"_blank\" rel=\"noreferrer noopener\">INFORM\u0100CIJAS PAKU<\/a> UN PIETEIKTIES L\u012aDZ 2022.&nbsp;GADA 3. J\u016aLIJAM:<\/p>\n\n\n\n<div class=\"wp-block-buttons is-layout-flex wp-block-buttons-is-layout-flex\">\n<div class=\"wp-block-button\"><a class=\"wp-block-button__link wp-element-button\" href=\"https:\/\/alternativa.lv\/en\/brivpratigajiem\/erasmus-apply\/\" style=\"border-radius:3px\" target=\"_blank\" rel=\"noreferrer noopener\">PIETEIKTIES<\/a><\/div>\n<\/div>\n<\/div>\n<\/div>\n\n\n\n<p class=\"has-small-font-size\">ERASMUS+ ir logs uz lielu pasauli, kas pal\u012bdz atkl\u0101t jaunas iesp\u0113jas augt un satikt jaunus draugus vis\u0101 pasaul\u0113!<\/p>\n\n\n\n<h6 class=\"wp-block-heading\">L\u012bdzfinans\u0113 Eiropas Savien\u012bba. \u0160\u012b&nbsp; publik\u0101cija atspogu\u013co vien\u012bgi autora uzskatus un viedokli, un ne oblig\u0101ti Eiropas Savien\u012bbas, Eiropas Komisijas vai Nacion\u0101l\u0101s a\u0123ent\u016bras (Jaunatnes starptautisko programmu a\u0123ent\u016bras) viedokli, kuras nav atbild\u012bgas par taj\u0101 ietvert\u0101s inform\u0101cijas jebk\u0101du izmanto\u0161anu<\/h6>\n\n\n\n<figure class=\"wp-block-image aligncenter size-large is-resized\"><img data-recalc-dims=\"1\" loading=\"lazy\" decoding=\"async\" data-attachment-id=\"7949\" data-permalink=\"https:\/\/alternativa.lv\/ru\/projekti\/tu-neesi-viena-stop-vardarbibai-gimene\/1-new-lv-eu-jspa-ar\/\" data-orig-file=\"https:\/\/i0.wp.com\/alternativa.lv\/wp-content\/uploads\/2022\/10\/1-NEW-LV-EU-JSPA-AR.png?fit=1200%2C417&amp;ssl=1\" data-orig-size=\"1200,417\" data-comments-opened=\"0\" data-image-meta=\"{&quot;aperture&quot;:&quot;0&quot;,&quot;credit&quot;:&quot;&quot;,&quot;camera&quot;:&quot;&quot;,&quot;caption&quot;:&quot;&quot;,&quot;created_timestamp&quot;:&quot;0&quot;,&quot;copyright&quot;:&quot;&quot;,&quot;focal_length&quot;:&quot;0&quot;,&quot;iso&quot;:&quot;0&quot;,&quot;shutter_speed&quot;:&quot;0&quot;,&quot;title&quot;:&quot;&quot;,&quot;orientation&quot;:&quot;0&quot;}\" data-image-title=\"1 NEW LV &amp;#8212; EU JSPA AR\" data-image-description=\"\" data-image-caption=\"\" data-medium-file=\"https:\/\/i0.wp.com\/alternativa.lv\/wp-content\/uploads\/2022\/10\/1-NEW-LV-EU-JSPA-AR.png?fit=300%2C104&amp;ssl=1\" data-large-file=\"https:\/\/i0.wp.com\/alternativa.lv\/wp-content\/uploads\/2022\/10\/1-NEW-LV-EU-JSPA-AR.png?fit=800%2C278&amp;ssl=1\" src=\"https:\/\/i0.wp.com\/alternativa.lv\/wp-content\/uploads\/2022\/10\/1-NEW-LV-EU-JSPA-AR.png?resize=445%2C154&#038;ssl=1\" alt=\"\" class=\"wp-image-7949\" width=\"445\" height=\"154\" srcset=\"https:\/\/i0.wp.com\/alternativa.lv\/wp-content\/uploads\/2022\/10\/1-NEW-LV-EU-JSPA-AR.png?resize=1024%2C356&amp;ssl=1 1024w, https:\/\/i0.wp.com\/alternativa.lv\/wp-content\/uploads\/2022\/10\/1-NEW-LV-EU-JSPA-AR.png?resize=300%2C104&amp;ssl=1 300w, https:\/\/i0.wp.com\/alternativa.lv\/wp-content\/uploads\/2022\/10\/1-NEW-LV-EU-JSPA-AR.png?resize=768%2C267&amp;ssl=1 768w, https:\/\/i0.wp.com\/alternativa.lv\/wp-content\/uploads\/2022\/10\/1-NEW-LV-EU-JSPA-AR.png?w=1200&amp;ssl=1 1200w\" sizes=\"auto, (max-width: 445px) 100vw, 445px\" \/><\/figure>\n","protected":false},"excerpt":{"rendered":"<p>Jaunie\u0161u apmai\u0146a Izveido savu pasauli ar saviem likumiem! Erasmus+ jaunie\u0161u apmai\u0146a 13-17 g. July 18-27, 2022Koknese LATVIA AICIN\u0100M TEVI UZ OKKATERRAS PASAULI: fant\u0101zijas zem\u0113, kur vienkopus past\u0101v elfi, cilv\u0113ki, orki, punduri un citplan\u0113tie\u0161i. K\u0101 nodro\u0161in\u0101t, lai tik da\u017e\u0101das rases var\u0113tu dz\u012bvot un att\u012bst\u012bties kop\u0101? K\u0101 k\u013c\u016bt par salas valdnieku un&gt;&gt;&gt;<\/p>\n","protected":false},"author":133522584,"featured_media":6802,"parent":0,"menu_order":0,"comment_status":"closed","ping_status":"closed","template":"","meta":{"_eb_attr":"","jetpack_post_was_ever_published":false,"footnotes":""},"folder":[635157416],"class_list":["post-7932","page","type-page","status-publish","has-post-thumbnail","hentry"],"translation":{"provider":"WPGlobus","version":"3.0.2","language":"ru","enabled_languages":["lv","en","ru"],"languages":{"lv":{"title":true,"content":true,"excerpt":false},"en":{"title":true,"content":true,"excerpt":false},"ru":{"title":false,"content":false,"excerpt":false}}},"jetpack_sharing_enabled":true,"jetpack_shortlink":"https:\/\/wp.me\/P9yPz0-23W","jetpack_likes_enabled":true,"jetpack-related-posts":[{"id":985,"url":"https:\/\/alternativa.lv\/ru\/erasmus-projects\/i-love-eu-youth-exchange\/","url_meta":{"origin":7932,"position":0},"title":"I love EU, jaunie\u0161u apmai\u0146a","author":"tesstemona","date":"11\/03\/2019","format":false,"excerpt":"{:en} Latvian group of young people together with participants from 11 European countries as participated in Erasmus+ Youth Exchange \"I love EU\" - I like tO Vote in my first Election to the EU parliament\" The project main goal is increasing young people\u2019s knowledge about the European institutions and encouraging\u2026","rel":"","context":"\u041f\u043e\u0445\u043e\u0436\u0430\u044f \u0437\u0430\u043f\u0438\u0441\u044c","block_context":{"text":"\u041f\u043e\u0445\u043e\u0436\u0430\u044f \u0437\u0430\u043f\u0438\u0441\u044c","link":""},"img":{"alt_text":"","src":"https:\/\/i0.wp.com\/alternativa.lv\/wp-content\/uploads\/2019\/07\/3FFFD915-9494-4071-A2DD-BBC16B1386AE.jpeg?resize=350%2C200","width":350,"height":200,"srcset":"https:\/\/i0.wp.com\/alternativa.lv\/wp-content\/uploads\/2019\/07\/3FFFD915-9494-4071-A2DD-BBC16B1386AE.jpeg?resize=350%2C200 1x, https:\/\/i0.wp.com\/alternativa.lv\/wp-content\/uploads\/2019\/07\/3FFFD915-9494-4071-A2DD-BBC16B1386AE.jpeg?resize=525%2C300 1.5x, https:\/\/i0.wp.com\/alternativa.lv\/wp-content\/uploads\/2019\/07\/3FFFD915-9494-4071-A2DD-BBC16B1386AE.jpeg?resize=700%2C400 2x, https:\/\/i0.wp.com\/alternativa.lv\/wp-content\/uploads\/2019\/07\/3FFFD915-9494-4071-A2DD-BBC16B1386AE.jpeg?resize=1050%2C600 3x"},"classes":[]},{"id":3195,"url":"https:\/\/alternativa.lv\/ru\/our-social-projects\/diskusiju-cikls-demokratijai-ikviens-ir-svarigs\/","url_meta":{"origin":7932,"position":1},"title":"DISKUSIJU CIKLS &#171;DEMOKR\u0100TIJAI IKVIENS IR SVAR\u012aGS!&#187;","author":"tesstemona","date":"25\/04\/2020","format":false,"excerpt":"Kult\u016bras biedr\u012bba \"Alternat\u012bv\u0101 Realit\u0101te\" \u012bsteno integr\u0101cijas projektu \"Diskusiju cikls \"Demokr\u0101tijai ikviens ir svar\u012bgs!\". \u0160obr\u012bd Latvij\u0101 ir iev\u0113rojami zems jaunatnes l\u012bdzdal\u012bbas l\u012bmenis sabiedr\u012bbas att\u012bst\u012bb\u0101 un l\u0113mumu pie\u0146em\u0161an\u0101, \u012bpa\u0161i starp jaunie\u0161iem NEET situ\u0101cij\u0101 un jaunie\u0161iem no soci\u0101l\u0101s atstumt\u012bbas riska grup\u0101m (b\u0113rnu nami, kr\u012bzes centri, maznodro\u0161in\u0101t\u0101s \u0123imenes, minorit\u0101\u0161u p\u0101rst\u0101vji). \u0160ie jaunie\u0161i bie\u017ei netic\u2026","rel":"","context":"\u041f\u043e\u0445\u043e\u0436\u0430\u044f \u0437\u0430\u043f\u0438\u0441\u044c","block_context":{"text":"\u041f\u043e\u0445\u043e\u0436\u0430\u044f \u0437\u0430\u043f\u0438\u0441\u044c","link":""},"img":{"alt_text":"","src":"https:\/\/i0.wp.com\/alternativa.lv\/wp-content\/uploads\/2020\/10\/DIS-obratnaja-storona-karti-curv-WEB-1.jpg?resize=350%2C200&ssl=1","width":350,"height":200,"srcset":"https:\/\/i0.wp.com\/alternativa.lv\/wp-content\/uploads\/2020\/10\/DIS-obratnaja-storona-karti-curv-WEB-1.jpg?resize=350%2C200&ssl=1 1x, https:\/\/i0.wp.com\/alternativa.lv\/wp-content\/uploads\/2020\/10\/DIS-obratnaja-storona-karti-curv-WEB-1.jpg?resize=525%2C300&ssl=1 1.5x, https:\/\/i0.wp.com\/alternativa.lv\/wp-content\/uploads\/2020\/10\/DIS-obratnaja-storona-karti-curv-WEB-1.jpg?resize=700%2C400&ssl=1 2x, https:\/\/i0.wp.com\/alternativa.lv\/wp-content\/uploads\/2020\/10\/DIS-obratnaja-storona-karti-curv-WEB-1.jpg?resize=1050%2C600&ssl=1 3x, https:\/\/i0.wp.com\/alternativa.lv\/wp-content\/uploads\/2020\/10\/DIS-obratnaja-storona-karti-curv-WEB-1.jpg?resize=1400%2C800&ssl=1 4x"},"classes":[]},{"id":5262,"url":"https:\/\/alternativa.lv\/ru\/our-social-projects\/integrejosa-spele-jauniesiem-izzini-pasauli-iepazisti-sevi\/","url_meta":{"origin":7932,"position":2},"title":"Integr\u0113jo\u0161\u0101 sp\u0113le jaunie\u0161iem &#171;izzini pasauli &#8212; iepaz\u012bsti sevi&#187;","author":"tesstemona","date":"01\/07\/2021","format":false,"excerpt":"Pateicoties jaunai Valsts jaunatnes programmai esam uzs\u0101ku\u0161i jaunu projektu, kura m\u0113r\u0137is ir pal\u012bdz\u0113t jaunie\u0161iem p\u0101rvar\u0113t Covid-19 pand\u0113mijas rad\u012bt\u0101s sekas. \u201cCovid-19 pand\u0113mija ir b\u016btiski ietekm\u0113jusi visas jaunie\u0161u dz\u012bves jomas \u2013 izgl\u012bt\u012bbu, nodarbin\u0101t\u012bbu un br\u012bv\u0101 laika pavad\u012b\u0161anu, k\u0101 ar\u012b iespaidojusi vi\u0146u ment\u0101lo labsaj\u016btu. Vecumposm\u0101, kad veiksm\u012bgai p\u0101rejai uz pilnv\u0113rt\u012bgu pieaugu\u0161\u0101 dz\u012bvi b\u016btiska\u2026","rel":"","context":"\u041f\u043e\u0445\u043e\u0436\u0430\u044f \u0437\u0430\u043f\u0438\u0441\u044c","block_context":{"text":"\u041f\u043e\u0445\u043e\u0436\u0430\u044f \u0437\u0430\u043f\u0438\u0441\u044c","link":""},"img":{"alt_text":"","src":"https:\/\/i0.wp.com\/alternativa.lv\/wp-content\/uploads\/2021\/08\/226379436_4162411713835390_4312893978696383908_n.jpg?fit=1200%2C795&ssl=1&resize=350%2C200","width":350,"height":200,"srcset":"https:\/\/i0.wp.com\/alternativa.lv\/wp-content\/uploads\/2021\/08\/226379436_4162411713835390_4312893978696383908_n.jpg?fit=1200%2C795&ssl=1&resize=350%2C200 1x, https:\/\/i0.wp.com\/alternativa.lv\/wp-content\/uploads\/2021\/08\/226379436_4162411713835390_4312893978696383908_n.jpg?fit=1200%2C795&ssl=1&resize=525%2C300 1.5x, https:\/\/i0.wp.com\/alternativa.lv\/wp-content\/uploads\/2021\/08\/226379436_4162411713835390_4312893978696383908_n.jpg?fit=1200%2C795&ssl=1&resize=700%2C400 2x, https:\/\/i0.wp.com\/alternativa.lv\/wp-content\/uploads\/2021\/08\/226379436_4162411713835390_4312893978696383908_n.jpg?fit=1200%2C795&ssl=1&resize=1050%2C600 3x"},"classes":[]},{"id":4,"url":"https:\/\/alternativa.lv\/ru\/home\/","url_meta":{"origin":7932,"position":3},"title":"\u041e \u043d\u0430\u0441","author":"tesstemona","date":"15\/01\/2018","format":false,"excerpt":"{:lv} M\u016bsu motto: \"Izzini pasauli - iepaz\u012bsti sevi\" M\u0113s ticam, ka vienm\u0113r ir j\u0101s\u0101k ar sevi.Tikai tad, kad cilv\u0113ks ir gar\u012bgi un daudzpus\u012bgi att\u012bst\u012bs, ir harmonij\u0101 ar sevi, izzina savas stipr\u0101s un vaj\u0101s puses, apzin\u0101s savu atbild\u012bbu par savu r\u012bc\u012bbu visas plan\u0113tas priek\u0161\u0101 - tad vi\u0146\u0161 sp\u0113j aptvert pasauli sev\u2026","rel":"","context":"\u041f\u043e\u0445\u043e\u0436\u0430\u044f \u0437\u0430\u043f\u0438\u0441\u044c","block_context":{"text":"\u041f\u043e\u0445\u043e\u0436\u0430\u044f \u0437\u0430\u043f\u0438\u0441\u044c","link":""},"img":{"alt_text":"","src":"https:\/\/i0.wp.com\/alternativa.lv\/wp-content\/uploads\/2019\/09\/69568198_2621290151224134_7472202166766141440_n.jpg?resize=350%2C200","width":350,"height":200,"srcset":"https:\/\/i0.wp.com\/alternativa.lv\/wp-content\/uploads\/2019\/09\/69568198_2621290151224134_7472202166766141440_n.jpg?resize=350%2C200 1x, https:\/\/i0.wp.com\/alternativa.lv\/wp-content\/uploads\/2019\/09\/69568198_2621290151224134_7472202166766141440_n.jpg?resize=525%2C300 1.5x, https:\/\/i0.wp.com\/alternativa.lv\/wp-content\/uploads\/2019\/09\/69568198_2621290151224134_7472202166766141440_n.jpg?resize=700%2C400 2x"},"classes":[]},{"id":696,"url":"https:\/\/alternativa.lv\/ru\/erasmus-projects\/what-is-youth-exchange-and-erasmus-programme\/","url_meta":{"origin":7932,"position":4},"title":"Erasmus+ \u2013 \u0432\u043e\u0437\u043c\u043e\u0436\u043d\u043e\u0441\u0442\u044c, \u043a\u043e\u0442\u043e\u0440\u0430\u044f \u0438\u0437\u043c\u0435\u043d\u0438\u0442 \u0442\u0432\u043e\u044e \u0436\u0438\u0437\u043d\u044c!","author":"tesstemona","date":"25\/11\/2018","format":false,"excerpt":"{:lv} Vai v\u0113lies ce\u013cot, iepaz\u012bt jaunus draugus, att\u012bst\u012bt savas prasmes un ieg\u016bt neaizmirstamu pieredzi? Erasmus+ ir programma tie\u0161i Tev! \u2728 \ud83d\udd25 Kas ir Erasmus+ un ko tas pied\u0101v\u0101? Erasmus+ ir Eiropas Savien\u012bbas programma, kas atbalsta izgl\u012bt\u012bbu, apm\u0101c\u012bbas, jaunatni un sportu. T\u0101 past\u0101v jau 35 gadus un ir pal\u012bdz\u0113jusi vair\u0101k nek\u0101\u2026","rel":"","context":"\u041f\u043e\u0445\u043e\u0436\u0430\u044f \u0437\u0430\u043f\u0438\u0441\u044c","block_context":{"text":"\u041f\u043e\u0445\u043e\u0436\u0430\u044f \u0437\u0430\u043f\u0438\u0441\u044c","link":""},"img":{"alt_text":"","src":"https:\/\/i0.wp.com\/alternativa.lv\/wp-content\/uploads\/2025\/02\/1759726B-17D8-41D8-A074-4A9475915336.jpeg?fit=625%2C336&ssl=1&resize=350%2C200","width":350,"height":200,"srcset":"https:\/\/i0.wp.com\/alternativa.lv\/wp-content\/uploads\/2025\/02\/1759726B-17D8-41D8-A074-4A9475915336.jpeg?fit=625%2C336&ssl=1&resize=350%2C200 1x, https:\/\/i0.wp.com\/alternativa.lv\/wp-content\/uploads\/2025\/02\/1759726B-17D8-41D8-A074-4A9475915336.jpeg?fit=625%2C336&ssl=1&resize=525%2C300 1.5x"},"classes":[]},{"id":1404,"url":"https:\/\/alternativa.lv\/ru\/our-social-projects\/","url_meta":{"origin":7932,"position":5},"title":"\u0422\u0412\u041e\u0420\u0427\u0415\u0421\u041a\u0418\u0419 \u0426\u0415\u041d\u0422\u0420","author":"tesstemona","date":"18\/09\/2019","format":false,"excerpt":"{:lv} Rado\u0161ais centrs \u201cAlternat\u012bv\u0101 realit\u0101te\u201d, kas tika dibin\u0101ts R\u012bg\u0101 2017. gad\u0101, ir k\u013cuvis par unik\u0101lu vietu jaunie\u0161u att\u012bst\u012bbai un pa\u0161izpausmei, \u012bpa\u0161i tiem, kuri saskaras ar gr\u016bt\u012bb\u0101m integr\u0113ties sabiedr\u012bb\u0101. Centra galven\u0101 misija ir iesaist\u012bt un atbalst\u012bt jaunie\u0161us, neatkar\u012bgi no vi\u0146u sp\u0113j\u0101m un iesp\u0113j\u0101m, \u012bpa\u0161u uzman\u012bbu v\u0113r\u0161ot jaunie\u0161iem ar ierobe\u017eot\u0101m iesp\u0113j\u0101m, k\u0101\u2026","rel":"","context":"\u041f\u043e\u0445\u043e\u0436\u0430\u044f \u0437\u0430\u043f\u0438\u0441\u044c","block_context":{"text":"\u041f\u043e\u0445\u043e\u0436\u0430\u044f \u0437\u0430\u043f\u0438\u0441\u044c","link":""},"img":{"alt_text":"","src":"https:\/\/i0.wp.com\/alternativa.lv\/wp-content\/uploads\/2024\/09\/7dd8c57a-bde9-4523-b0fe-cfc8ef7f7d4e.jpeg?resize=350%2C200&ssl=1","width":350,"height":200,"srcset":"https:\/\/i0.wp.com\/alternativa.lv\/wp-content\/uploads\/2024\/09\/7dd8c57a-bde9-4523-b0fe-cfc8ef7f7d4e.jpeg?resize=350%2C200&ssl=1 1x, https:\/\/i0.wp.com\/alternativa.lv\/wp-content\/uploads\/2024\/09\/7dd8c57a-bde9-4523-b0fe-cfc8ef7f7d4e.jpeg?resize=525%2C300&ssl=1 1.5x, https:\/\/i0.wp.com\/alternativa.lv\/wp-content\/uploads\/2024\/09\/7dd8c57a-bde9-4523-b0fe-cfc8ef7f7d4e.jpeg?resize=700%2C400&ssl=1 2x"},"classes":[]}],"amp_enabled":true,"_links":{"self":[{"href":"https:\/\/alternativa.lv\/ru\/wp-json\/wp\/v2\/pages\/7932","targetHints":{"allow":["GET"]}}],"collection":[{"href":"https:\/\/alternativa.lv\/ru\/wp-json\/wp\/v2\/pages"}],"about":[{"href":"https:\/\/alternativa.lv\/ru\/wp-json\/wp\/v2\/types\/page"}],"author":[{"embeddable":true,"href":"https:\/\/alternativa.lv\/ru\/wp-json\/wp\/v2\/users\/133522584"}],"replies":[{"embeddable":true,"href":"https:\/\/alternativa.lv\/ru\/wp-json\/wp\/v2\/comments?post=7932"}],"version-history":[{"count":14,"href":"https:\/\/alternativa.lv\/ru\/wp-json\/wp\/v2\/pages\/7932\/revisions"}],"predecessor-version":[{"id":9880,"href":"https:\/\/alternativa.lv\/ru\/wp-json\/wp\/v2\/pages\/7932\/revisions\/9880"}],"wp:featuredmedia":[{"embeddable":true,"href":"https:\/\/alternativa.lv\/ru\/wp-json\/wp\/v2\/media\/6802"}],"wp:attachment":[{"href":"https:\/\/alternativa.lv\/ru\/wp-json\/wp\/v2\/media?parent=7932"}],"wp:term":[{"taxonomy":"folder","embeddable":true,"href":"https:\/\/alternativa.lv\/ru\/wp-json\/wp\/v2\/folder?post=7932"}],"curies":[{"name":"wp","href":"https:\/\/api.w.org\/{rel}","templated":true}]}}