{"id":907,"date":"2019-02-06T22:57:27","date_gmt":"2019-02-06T20:57:27","guid":{"rendered":"https:\/\/alternativa.lv\/?page_id=907"},"modified":"2021-04-24T18:59:14","modified_gmt":"2021-04-24T16:59:14","slug":"brivpratigajiem","status":"publish","type":"page","link":"https:\/\/alternativa.lv\/ru\/brivpratigajiem\/","title":{"rendered":"\u0412\u043e\u043b\u043e\u043d\u0442\u0435\u0440\u0441\u0442\u0432\u043e"},"content":{"rendered":"\n<p><\/p>\n\n\n\n<h4 class=\"wp-block-heading\">\u041a\u0430\u043a \u0432\u044b \u043c\u043e\u0436\u0435\u0442\u0435 \u043f\u043e\u043c\u043e\u0447\u044c?<\/h4>\n\n\n\n<ul class=\"wp-block-list\"><li>\u043f\u043e\u043c\u043e\u0449\u044c \u0432 \u043e\u0440\u0433\u0430\u043d\u0438\u0437\u0430\u0446\u0438\u0438 \u043d\u0430\u0448\u0438\u0445 \u043a\u0443\u043b\u044c\u0442\u0443\u0440\u043d\u044b\u0445 \u043f\u0440\u043e\u0435\u043a\u0442\u043e\u0432 \u0438 \u0441\u043e\u0446\u0438\u0430\u043b\u044c\u043d\u044b\u0445 \u043f\u0440\u043e\u0435\u043a\u0442\u043e\u0432 (\u043f\u043e\u0434\u0433\u043e\u0442\u043e\u0432\u043a\u0430 \u043c\u0435\u0440\u043e\u043f\u0440\u0438\u044f\u0442\u0438\u0439, \u0430\u0434\u043c\u0438\u043d\u0438\u0441\u0442\u0440\u0438\u0440\u043e\u0432\u0430\u043d\u0438\u0435 \u0441\u0430\u0439\u0442\u043e\u0432, \u043e\u0431\u0449\u0435\u043d\u0438\u0435 \u0441 \u043a\u043b\u0438\u0435\u043d\u0442\u0430\u043c\u0438 \u0438 \u0443\u0447\u0430\u0441\u0442\u043d\u0438\u043a\u0430\u043c\u0438 \u043f\u0440\u043e\u0435\u043a\u0442\u0430).<\/li><li>\u0420\u0430\u0437\u0440\u0430\u0431\u043e\u0442\u043a\u0430 \u043a\u043e\u043c\u043f\u044c\u044e\u0442\u0435\u0440\u043d\u043e\u0433\u043e \u0438 \u0432\u0438\u0437\u0443\u0430\u043b\u044c\u043d\u043e\u0433\u043e \u0434\u0438\u0437\u0430\u0439\u043d\u0430 \u0434\u043b\u044f \u043d\u0430\u0448\u0438\u0445 \u043f\u0440\u043e\u0435\u043a\u0442\u043e\u0432.<\/li><li>\u043f\u043e\u043c\u043e\u0449\u044c \u0432 \u043f\u0440\u043e\u0432\u0435\u0434\u0435\u043d\u0438\u0438 \u0430\u043a\u0442\u0438\u0432\u043d\u043e\u0441\u0442\u0435\u0439 \u0438 \u043c\u0435\u0440\u043e\u043f\u0440\u0438\u044f\u0442\u0438\u0439<\/li><li>\u0434\u0435\u043a\u043e\u0440\u0438\u0440\u043e\u0432\u0430\u043d\u0438\u0435 \u0442\u0432\u043e\u0440\u0447\u0435\u0441\u043a\u043e\u0433\u043e \u0446\u0435\u043d\u0442\u0440\u0430 \u0434\u043b\u044f \u0441\u043b\u0435\u0434\u0443\u044e\u0449\u0438\u0445 \u043c\u0435\u0440\u043e\u043f\u0440\u0438\u044f\u0442\u0438\u0439<\/li><li>\u043f\u043e\u043c\u043e\u0449\u044c \u0432 \u0434\u0440\u0443\u0433\u0438\u0445 \u0440\u0430\u0431\u043e\u0442\u0430\u0445 (\u0443\u0431\u043e\u0440\u043a\u0430 \u043f\u043e\u043c\u0435\u0449\u0435\u043d\u0438\u0439 \u0438 \u0442. \u0414.), \u0441\u0432\u044f\u0437\u0430\u043d\u043d\u044b\u0445 \u0441 \u043e\u0431\u0435\u0441\u043f\u0435\u0447\u0435\u043d\u0438\u0435\u043c \u043e\u0441\u043d\u043e\u0432\u043d\u044b\u0445 \u0432\u0438\u0434\u043e\u0432 \u0434\u0435\u044f\u0442\u0435\u043b\u044c\u043d\u043e\u0441\u0442\u0438 \u043e\u0431\u0449\u0435\u0441\u0442\u0432\u0430 \u0438 \u0442\u0432\u043e\u0440\u0447\u0435\u0441\u043a\u043e\u0433\u043e \u0446\u0435\u043d\u0442\u0440\u0430.<\/li><\/ul>\n\n\n\n<h4 class=\"wp-block-heading\">\u0427\u0442\u043e \u0432\u044b \u043f\u043e\u043b\u0443\u0447\u0430\u0435\u0442\u0435 \u043e\u0442 \u0432\u043e\u043b\u043e\u043d\u0442\u0435\u0440\u0441\u0442\u0432\u0430?<\/h4>\n\n\n\n<ul class=\"wp-block-list\"><li>\u041d\u043e\u0432\u044b\u0439 \u043e\u043f\u044b\u0442, \u0437\u043d\u0430\u043d\u0438\u044f \u0438 \u043d\u0430\u0432\u044b\u043a\u0438, \u0430 \u0442\u0430\u043a\u0436\u0435 \u0432\u043e\u0437\u043c\u043e\u0436\u043d\u043e\u0441\u0442\u044c \u043f\u043e\u0434\u0435\u043b\u0438\u0442\u044c\u0441\u044f \u0441\u0432\u043e\u0438\u043c\u0438 \u0438\u0434\u0435\u044f\u043c\u0438.<\/li><li>\u0423\u0434\u043e\u0432\u043b\u0435\u0442\u0432\u043e\u0440\u0435\u043d\u0438\u0435 \u0438 \u0431\u043b\u0430\u0433\u043e\u0434\u0430\u0440\u043d\u043e\u0441\u0442\u044c \u0437\u0430 \u0445\u043e\u0440\u043e\u0448\u043e \u0432\u044b\u043f\u043e\u043b\u043d\u0435\u043d\u043d\u0443\u044e \u0440\u0430\u0431\u043e\u0442\u0443.<\/li><li>\u0412\u044b \u043f\u0440\u043e\u0432\u0435\u0434\u0435\u0442\u0435 \u0441\u0432\u043e\u0431\u043e\u0434\u043d\u043e\u0435 \u0432\u0440\u0435\u043c\u044f \u0441 \u043f\u043e\u043b\u044c\u0437\u043e\u0439, \u0443\u0447\u0430\u0441\u0442\u0432\u0443\u044f \u0432\u043e \u043c\u043d\u043e\u0433\u0438\u0445 \u0431\u043b\u0430\u0433\u043e\u0442\u0432\u043e\u0440\u0438\u0442\u0435\u043b\u044c\u043d\u044b\u0445 \u0438 \u0441\u043e\u0446\u0438\u0430\u043b\u044c\u043d\u043e \u0437\u043d\u0430\u0447\u0438\u043c\u044b\u0445 \u043f\u0440\u043e\u0435\u043a\u0442\u0430\u0445.<\/li><li>\u0417\u043d\u0430\u043a\u043e\u043c\u044c\u0442\u0435\u0441\u044c \u0441 \u0440\u0430\u0437\u043d\u044b\u043c\u0438 \u0438\u043d\u0442\u0435\u0440\u0435\u0441\u043d\u044b\u043c\u0438 \u043b\u044e\u0434\u044c\u043c\u0438 \u0438 \u0437\u0430\u0432\u043e\u0434\u0438\u0442\u0435 \u043d\u043e\u0432\u044b\u0445 \u0434\u0440\u0443\u0437\u0435\u0439, \u0432 \u0442\u043e\u043c \u0447\u0438\u0441\u043b\u0435 \u0432 \u043c\u0435\u0436\u0434\u0443\u043d\u0430\u0440\u043e\u0434\u043d\u043e\u0439 \u0441\u0440\u0435\u0434\u0435.<\/li><li>\u041d\u0430\u0448\u0438 \u0441\u0430\u043c\u044b\u0435 \u0430\u043a\u0442\u0438\u0432\u043d\u044b\u0435 \u0434\u043e\u0431\u0440\u043e\u0432\u043e\u043b\u044c\u043d\u044b\u0435 \u043f\u043e\u043c\u043e\u0449\u043d\u0438\u043a\u0438 \u043f\u043e\u043b\u0443\u0447\u0430\u044e\u0442 \u0432\u043e\u0437\u043c\u043e\u0436\u043d\u043e\u0441\u0442\u044c \u0443\u0447\u0430\u0441\u0442\u0432\u043e\u0432\u0430\u0442\u044c \u0432 \u043d\u0430\u0448\u0438\u0445 \u043f\u0440\u043e\u0435\u043a\u0442\u0430\u0445 Erasmus + \u0438 \u043f\u0443\u0442\u0435\u0448\u0435\u0441\u0442\u0432\u043e\u0432\u0430\u0442\u044c \u0437\u0430 \u0433\u0440\u0430\u043d\u0438\u0446\u0443 \u043d\u0430 \u043c\u0435\u0436\u0434\u0443\u043d\u0430\u0440\u043e\u0434\u043d\u044b\u0435 \u043c\u043e\u043b\u043e\u0434\u0435\u0436\u043d\u044b\u0435 \u043e\u0431\u043c\u0435\u043d\u044b.<\/li><\/ul>\n\n\n\n<h4 class=\"wp-block-heading\">\u041a\u0430\u043a \u0441\u0442\u0430\u0442\u044c \u0432\u043e\u043b\u043e\u043d\u0442\u0435\u0440\u043e\u043c?<\/h4>\n\n\n\n<p>\u2022 \u0414\u043e\u043b\u0436\u043d\u0430 \u0431\u044b\u0442\u044c \u0433\u043e\u0442\u043e\u0432\u043d\u043e\u0441\u0442\u044c \u043f\u043e\u043c\u043e\u0447\u044c, \u0438\u043c\u0435\u0442\u044c \u0432\u043e\u0437\u043c\u043e\u0436\u043d\u043e\u0441\u0442\u044c \u0436\u0435\u0440\u0442\u0432\u043e\u0432\u0430\u0442\u044c \u0441\u0432\u043e\u0438\u043c \u0441\u0432\u043e\u0431\u043e\u0434\u043d\u044b\u043c \u0432\u0440\u0435\u043c\u0435\u043d\u0435\u043c \u0438 \u043c\u043e\u0442\u0438\u0432\u0430\u0446\u0438\u044f \u043a \u0434\u0435\u0439\u0441\u0442\u0432\u0438\u044f\u043c.<br>  \u2022 \u0412\u044b \u0434\u043e\u043b\u0436\u043d\u044b \u0440\u0435\u0448\u0438\u0442\u044c, \u0441\u043a\u043e\u043b\u044c\u043a\u043e \u0432\u0440\u0435\u043c\u0435\u043d\u0438 \u0432\u044b \u043c\u043e\u0436\u0435\u0442\u0435 \u043f\u043e\u0442\u0440\u0430\u0442\u0438\u0442\u044c \u043d\u0430 \u0432\u043e\u043b\u043e\u043d\u0442\u0435\u0440\u0441\u0442\u0432\u043e (\u0447\u0430\u0441\u043e\u0432 \u0438\u043b\u0438 \u0434\u043d\u0435\u0439 \u0432 \u043c\u0435\u0441\u044f\u0446).<br>  \u2022 \u0412\u044b \u0434\u043e\u043b\u0436\u043d\u044b \u043f\u043e\u0434\u0430\u0442\u044c \u0437\u0430\u044f\u0432\u043a\u0443, \u0437\u0430\u043f\u043e\u043b\u043d\u0438\u0432 <a href=\"https:\/\/alternativa.lv\/brivpratigajiem\/registracijas-forma-erasmus-projektiem\/\">\u0440\u0435\u0433\u0438\u0441\u0442\u0440\u0430\u0446\u0438\u043e\u043d\u043d\u0443\u044e \u0444\u043e\u0440\u043c\u0443<\/a><\/p>\n","protected":false},"excerpt":{"rendered":"<p>\u041a\u0430\u043a \u0432\u044b \u043c\u043e\u0436\u0435\u0442\u0435 \u043f\u043e\u043c\u043e\u0447\u044c? \u043f\u043e\u043c\u043e\u0449\u044c \u0432 \u043e\u0440\u0433\u0430\u043d\u0438\u0437\u0430\u0446\u0438\u0438 \u043d\u0430\u0448\u0438\u0445 \u043a\u0443\u043b\u044c\u0442\u0443\u0440\u043d\u044b\u0445 \u043f\u0440\u043e\u0435\u043a\u0442\u043e\u0432 \u0438 \u0441\u043e\u0446\u0438\u0430\u043b\u044c\u043d\u044b\u0445 \u043f\u0440\u043e\u0435\u043a\u0442\u043e\u0432 (\u043f\u043e\u0434\u0433\u043e\u0442\u043e\u0432\u043a\u0430 \u043c\u0435\u0440\u043e\u043f\u0440\u0438\u044f\u0442\u0438\u0439, \u0430\u0434\u043c\u0438\u043d\u0438\u0441\u0442\u0440\u0438\u0440\u043e\u0432\u0430\u043d\u0438\u0435 \u0441\u0430\u0439\u0442\u043e\u0432, \u043e\u0431\u0449\u0435\u043d\u0438\u0435 \u0441 \u043a\u043b\u0438\u0435\u043d\u0442\u0430\u043c\u0438 \u0438 \u0443\u0447\u0430\u0441\u0442\u043d\u0438\u043a\u0430\u043c\u0438 \u043f\u0440\u043e\u0435\u043a\u0442\u0430). \u0420\u0430\u0437\u0440\u0430\u0431\u043e\u0442\u043a\u0430 \u043a\u043e\u043c\u043f\u044c\u044e\u0442\u0435\u0440\u043d\u043e\u0433\u043e \u0438 \u0432\u0438\u0437\u0443\u0430\u043b\u044c\u043d\u043e\u0433\u043e \u0434\u0438\u0437\u0430\u0439\u043d\u0430 \u0434\u043b\u044f \u043d\u0430\u0448\u0438\u0445 \u043f\u0440\u043e\u0435\u043a\u0442\u043e\u0432. \u043f\u043e\u043c\u043e\u0449\u044c \u0432 \u043f\u0440\u043e\u0432\u0435\u0434\u0435\u043d\u0438\u0438 \u0430\u043a\u0442\u0438\u0432\u043d\u043e\u0441\u0442\u0435\u0439 \u0438 \u043c\u0435\u0440\u043e\u043f\u0440\u0438\u044f\u0442\u0438\u0439 \u0434\u0435\u043a\u043e\u0440\u0438\u0440\u043e\u0432\u0430\u043d\u0438\u0435 \u0442\u0432\u043e\u0440\u0447\u0435\u0441\u043a\u043e\u0433\u043e \u0446\u0435\u043d\u0442\u0440\u0430 \u0434\u043b\u044f \u0441\u043b\u0435\u0434\u0443\u044e\u0449\u0438\u0445 \u043c\u0435\u0440\u043e\u043f\u0440\u0438\u044f\u0442\u0438\u0439 \u043f\u043e\u043c\u043e\u0449\u044c \u0432 \u0434\u0440\u0443\u0433\u0438\u0445 \u0440\u0430\u0431\u043e\u0442\u0430\u0445 (\u0443\u0431\u043e\u0440\u043a\u0430 \u043f\u043e\u043c\u0435\u0449\u0435\u043d\u0438\u0439 \u0438&gt;&gt;&gt;<\/p>\n","protected":false},"author":133522584,"featured_media":0,"parent":0,"menu_order":6,"comment_status":"closed","ping_status":"closed","template":"","meta":{"_eb_attr":"","footnotes":""},"folder":[635157417],"class_list":["post-907","page","type-page","status-publish","hentry"],"translation":{"provider":"WPGlobus","version":"3.0.2","language":"ru","enabled_languages":["lv","en","ru"],"languages":{"lv":{"title":true,"content":true,"excerpt":false},"en":{"title":true,"content":true,"excerpt":false},"ru":{"title":true,"content":true,"excerpt":false}}},"jetpack_sharing_enabled":true,"jetpack_shortlink":"https:\/\/wp.me\/P9yPz0-eD","jetpack_likes_enabled":true,"jetpack-related-posts":[{"id":1079,"url":"https:\/\/alternativa.lv\/ru\/esc-projects\/","url_meta":{"origin":907,"position":0},"title":"\u041f\u0440\u043e\u0435\u043a\u0442\u044b \u0415\u0432\u0440\u043e\u043f\u0435\u0439\u0441\u043a\u043e\u0433\u043e \u041a\u043e\u0440\u043f\u0443\u0441\u0430 \u0421\u043e\u043b\u0438\u0434\u0430\u0440\u043d\u043e\u0441\u0442\u0438","author":"tesstemona","date":"22\/05\/2019","format":false,"excerpt":"{:lv} Eiropas Solidarit\u0101tes korpuss ir Eiropas Komisijas prezidenta \u017dana Kloda Junkera 2016. gada 14. septembr\u012b\u00a0izsludin\u0101t\u0101 iniciat\u012bva, kas dod iesp\u0113ju 18 gadus l\u012bdz 30 gadus veciem jaunie\u0161iem piedal\u012bties da\u017e\u0101d\u0101s aktivit\u0101t\u0113s un izr\u0101d\u012bt savu solidarit\u0101ti.\u00a0 Eiropas Solidarit\u0101tes korpusa misija: Eiropas Solidarit\u0101tes korpusa misija ir dot jaunie\u0161iem iesp\u0113ju veidot iek\u013caujo\u0161\u0101ku sabiedr\u012bbu, sniedzot pal\u012bdz\u012bbu\u2026","rel":"","context":"\u041f\u043e\u0445\u043e\u0436\u0430\u044f \u0437\u0430\u043f\u0438\u0441\u044c","block_context":{"text":"\u041f\u043e\u0445\u043e\u0436\u0430\u044f \u0437\u0430\u043f\u0438\u0441\u044c","link":""},"img":{"alt_text":"","src":"https:\/\/i0.wp.com\/alternativa.lv\/wp-content\/uploads\/2020\/05\/p-033124-54h_1.jpg?fit=1200%2C364&ssl=1&resize=350%2C200","width":350,"height":200,"srcset":"https:\/\/i0.wp.com\/alternativa.lv\/wp-content\/uploads\/2020\/05\/p-033124-54h_1.jpg?fit=1200%2C364&ssl=1&resize=350%2C200 1x, https:\/\/i0.wp.com\/alternativa.lv\/wp-content\/uploads\/2020\/05\/p-033124-54h_1.jpg?fit=1200%2C364&ssl=1&resize=525%2C300 1.5x, https:\/\/i0.wp.com\/alternativa.lv\/wp-content\/uploads\/2020\/05\/p-033124-54h_1.jpg?fit=1200%2C364&ssl=1&resize=700%2C400 2x, https:\/\/i0.wp.com\/alternativa.lv\/wp-content\/uploads\/2020\/05\/p-033124-54h_1.jpg?fit=1200%2C364&ssl=1&resize=1050%2C600 3x"},"classes":[]},{"id":5262,"url":"https:\/\/alternativa.lv\/ru\/our-social-projects\/integrejosa-spele-jauniesiem-izzini-pasauli-iepazisti-sevi\/","url_meta":{"origin":907,"position":1},"title":"Integr\u0113jo\u0161\u0101 sp\u0113le jaunie\u0161iem &#171;izzini pasauli &#8212; iepaz\u012bsti sevi&#187;","author":"tesstemona","date":"01\/07\/2021","format":false,"excerpt":"Pateicoties jaunai Valsts jaunatnes programmai esam uzs\u0101ku\u0161i jaunu projektu, kura m\u0113r\u0137is ir pal\u012bdz\u0113t jaunie\u0161iem p\u0101rvar\u0113t Covid-19 pand\u0113mijas rad\u012bt\u0101s sekas. \u201cCovid-19 pand\u0113mija ir b\u016btiski ietekm\u0113jusi visas jaunie\u0161u dz\u012bves jomas \u2013 izgl\u012bt\u012bbu, nodarbin\u0101t\u012bbu un br\u012bv\u0101 laika pavad\u012b\u0161anu, k\u0101 ar\u012b iespaidojusi vi\u0146u ment\u0101lo labsaj\u016btu. Vecumposm\u0101, kad veiksm\u012bgai p\u0101rejai uz pilnv\u0113rt\u012bgu pieaugu\u0161\u0101 dz\u012bvi b\u016btiska\u2026","rel":"","context":"\u041f\u043e\u0445\u043e\u0436\u0430\u044f \u0437\u0430\u043f\u0438\u0441\u044c","block_context":{"text":"\u041f\u043e\u0445\u043e\u0436\u0430\u044f \u0437\u0430\u043f\u0438\u0441\u044c","link":""},"img":{"alt_text":"","src":"https:\/\/i0.wp.com\/alternativa.lv\/wp-content\/uploads\/2021\/08\/226379436_4162411713835390_4312893978696383908_n.jpg?fit=1200%2C795&ssl=1&resize=350%2C200","width":350,"height":200,"srcset":"https:\/\/i0.wp.com\/alternativa.lv\/wp-content\/uploads\/2021\/08\/226379436_4162411713835390_4312893978696383908_n.jpg?fit=1200%2C795&ssl=1&resize=350%2C200 1x, https:\/\/i0.wp.com\/alternativa.lv\/wp-content\/uploads\/2021\/08\/226379436_4162411713835390_4312893978696383908_n.jpg?fit=1200%2C795&ssl=1&resize=525%2C300 1.5x, https:\/\/i0.wp.com\/alternativa.lv\/wp-content\/uploads\/2021\/08\/226379436_4162411713835390_4312893978696383908_n.jpg?fit=1200%2C795&ssl=1&resize=700%2C400 2x, https:\/\/i0.wp.com\/alternativa.lv\/wp-content\/uploads\/2021\/08\/226379436_4162411713835390_4312893978696383908_n.jpg?fit=1200%2C795&ssl=1&resize=1050%2C600 3x"},"classes":[]},{"id":1436,"url":"https:\/\/alternativa.lv\/ru\/our-social-projects\/mandarinia-social-charity-project-for-children\/","url_meta":{"origin":907,"position":2},"title":"\u041c\u0430\u043d\u0434\u0430\u0440\u0438\u043d\u0438\u044f &#8212; \u0441\u043e\u0446\u0438\u0430\u043b\u044c\u043d\u044b\u0439  \u043f\u0440\u043e\u0435\u043a\u0442 \u0438\u043d\u0442\u0435\u0433\u0440\u0430\u0446\u0438\u0438 \u0434\u0435\u0442\u0435\u0439","author":"tesstemona","date":"18\/09\/2019","format":false,"excerpt":"{:lv} Mandar\u012bnu Zeme:\u00a0soci\u0101ls projekts b\u0113rnu att\u012bst\u012bbai, pa\u0161izaugsmei un iek\u013cau\u0161anai sabiedr\u012bb\u0101, ko Kult\u016bras biedr\u012bba \"Alternat\u012bv\u0101 Realit\u0101te\" saviem sp\u0113kiem \u012bsteno jau\u00a0kop\u0161 2013. gada. Projekt\u0101 kop\u0101 tiek iek\u013cauti b\u0113rni no Latvijas \u0123imen\u0113m un b\u0113rni no soci\u0101l\u0101 riska grup\u0101m - b\u0113rnu namiem, kr\u012bzes centriem, nelabv\u0113l\u012bg\u0101m \u0123imen\u0113m, b\u0113rni ar \u012bpa\u0161\u0101m vajadz\u012bb\u0101m Projekta m\u0113r\u0137is:\u00a0veicin\u0101t\u00a0b\u0113rnu\u00a0pa\u0161izaugsmi, p\u0101rliec\u012bbu par\u2026","rel":"","context":"\u041f\u043e\u0445\u043e\u0436\u0430\u044f \u0437\u0430\u043f\u0438\u0441\u044c","block_context":{"text":"\u041f\u043e\u0445\u043e\u0436\u0430\u044f \u0437\u0430\u043f\u0438\u0441\u044c","link":""},"img":{"alt_text":"","src":"https:\/\/i0.wp.com\/alternativa.lv\/wp-content\/uploads\/2020\/01\/DSC_5846.jpg?fit=841%2C563&ssl=1&resize=350%2C200","width":350,"height":200,"srcset":"https:\/\/i0.wp.com\/alternativa.lv\/wp-content\/uploads\/2020\/01\/DSC_5846.jpg?fit=841%2C563&ssl=1&resize=350%2C200 1x, https:\/\/i0.wp.com\/alternativa.lv\/wp-content\/uploads\/2020\/01\/DSC_5846.jpg?fit=841%2C563&ssl=1&resize=525%2C300 1.5x, https:\/\/i0.wp.com\/alternativa.lv\/wp-content\/uploads\/2020\/01\/DSC_5846.jpg?fit=841%2C563&ssl=1&resize=700%2C400 2x"},"classes":[]},{"id":4,"url":"https:\/\/alternativa.lv\/ru\/home\/","url_meta":{"origin":907,"position":3},"title":"\u041e \u043d\u0430\u0441","author":"tesstemona","date":"15\/01\/2018","format":false,"excerpt":"{:lv} M\u016bsu motto: \"Izzini pasauli - iepaz\u012bsti sevi\" M\u0113s ticam, ka vienm\u0113r ir j\u0101s\u0101k ar sevi.Tikai tad, kad cilv\u0113ks ir gar\u012bgi un daudzpus\u012bgi att\u012bst\u012bs, ir harmonij\u0101 ar sevi, izzina savas stipr\u0101s un vaj\u0101s puses, apzin\u0101s savu atbild\u012bbu par savu r\u012bc\u012bbu visas plan\u0113tas priek\u0161\u0101 - tad vi\u0146\u0161 sp\u0113j aptvert pasauli sev\u2026","rel":"","context":"\u041f\u043e\u0445\u043e\u0436\u0430\u044f \u0437\u0430\u043f\u0438\u0441\u044c","block_context":{"text":"\u041f\u043e\u0445\u043e\u0436\u0430\u044f \u0437\u0430\u043f\u0438\u0441\u044c","link":""},"img":{"alt_text":"","src":"https:\/\/i0.wp.com\/alternativa.lv\/wp-content\/uploads\/2019\/09\/69568198_2621290151224134_7472202166766141440_n.jpg?resize=350%2C200","width":350,"height":200,"srcset":"https:\/\/i0.wp.com\/alternativa.lv\/wp-content\/uploads\/2019\/09\/69568198_2621290151224134_7472202166766141440_n.jpg?resize=350%2C200 1x, https:\/\/i0.wp.com\/alternativa.lv\/wp-content\/uploads\/2019\/09\/69568198_2621290151224134_7472202166766141440_n.jpg?resize=525%2C300 1.5x, https:\/\/i0.wp.com\/alternativa.lv\/wp-content\/uploads\/2019\/09\/69568198_2621290151224134_7472202166766141440_n.jpg?resize=700%2C400 2x"},"classes":[]},{"id":2470,"url":"https:\/\/alternativa.lv\/ru\/projekti\/","url_meta":{"origin":907,"position":4},"title":"\u041d\u0430\u0448\u0438 \u043f\u0440\u043e\u0435\u043a\u0442\u044b","author":"tesstemona","date":"12\/05\/2020","format":false,"excerpt":"{:lv} M\u016bsu Projekti \u2013 Iedvesmojam, att\u012bst\u0101m, rad\u0101m p\u0101rmai\u0146as Kult\u016bras biedr\u012bba \"Alternat\u012bv\u0101 Realit\u0101te\" ir platforma, kas veicina rado\u0161as iniciat\u012bvas, izgl\u012bt\u012bbu un starptautisku sadarb\u012bbu, izmantojot da\u017e\u0101du fondu un grantu atbalstu. M\u016bsu projekti apvieno kult\u016bras mantojuma saglab\u0101\u0161anu, jaunie\u0161u iesaisti, neform\u0101lo izgl\u012bt\u012bbu, k\u0101 ar\u012b soci\u0101lo un vides ilgtsp\u0113ju. M\u0113s akt\u012bvi sadarbojamies ar Erasmus+, Eiropas\u2026","rel":"","context":"\u041f\u043e\u0445\u043e\u0436\u0430\u044f \u0437\u0430\u043f\u0438\u0441\u044c","block_context":{"text":"\u041f\u043e\u0445\u043e\u0436\u0430\u044f \u0437\u0430\u043f\u0438\u0441\u044c","link":""},"img":{"alt_text":"","src":"https:\/\/i0.wp.com\/alternativa.lv\/wp-content\/uploads\/2024\/11\/areal-bckgr-5.png?fit=1200%2C675&ssl=1&resize=350%2C200","width":350,"height":200,"srcset":"https:\/\/i0.wp.com\/alternativa.lv\/wp-content\/uploads\/2024\/11\/areal-bckgr-5.png?fit=1200%2C675&ssl=1&resize=350%2C200 1x, https:\/\/i0.wp.com\/alternativa.lv\/wp-content\/uploads\/2024\/11\/areal-bckgr-5.png?fit=1200%2C675&ssl=1&resize=525%2C300 1.5x, https:\/\/i0.wp.com\/alternativa.lv\/wp-content\/uploads\/2024\/11\/areal-bckgr-5.png?fit=1200%2C675&ssl=1&resize=700%2C400 2x, https:\/\/i0.wp.com\/alternativa.lv\/wp-content\/uploads\/2024\/11\/areal-bckgr-5.png?fit=1200%2C675&ssl=1&resize=1050%2C600 3x"},"classes":[]},{"id":6590,"url":"https:\/\/alternativa.lv\/ru\/projekti\/tu-neesi-viena-stop-vardarbibai-gimene\/","url_meta":{"origin":907,"position":5},"title":"\u0422\u044b \u043d\u0435 \u043e\u0434\u043d\u0430","author":"tesstemona","date":"10\/01\/2022","format":false,"excerpt":"{:lv} Kop\u0101 ar partneriem no Kipras un Ukrainas sam uzs\u0101ku\u0161i jaunu projektu - jaunatnes lidzdal\u012bbas projektu \"Tu neesi viena\". Projekta m\u0113r\u0137is ir veicin\u0101t t\u0101da soci\u0101li aktuala jaut\u0101juma risin\u0101\u0161anu, k\u0101 vardarb\u012bba \u0123imen\u0113 un sievie\u0161u ties\u012bbas. Vardarb\u012bba m\u012bl klusumu, un t\u0101d\u0113\u013c m\u0113s reti dzirdam to \u0161ausmino\u0161us st\u0101stus, kas nereti notiek aiz dz\u012bvok\u013cu\u2026","rel":"","context":"\u041f\u043e\u0445\u043e\u0436\u0430\u044f \u0437\u0430\u043f\u0438\u0441\u044c","block_context":{"text":"\u041f\u043e\u0445\u043e\u0436\u0430\u044f \u0437\u0430\u043f\u0438\u0441\u044c","link":""},"img":{"alt_text":"","src":"https:\/\/i0.wp.com\/alternativa.lv\/wp-content\/uploads\/2022\/04\/istockphoto-167261812-612x612-1-1738226989-1666534792549.jpg?fit=612%2C344&ssl=1&resize=350%2C200","width":350,"height":200,"srcset":"https:\/\/i0.wp.com\/alternativa.lv\/wp-content\/uploads\/2022\/04\/istockphoto-167261812-612x612-1-1738226989-1666534792549.jpg?fit=612%2C344&ssl=1&resize=350%2C200 1x, https:\/\/i0.wp.com\/alternativa.lv\/wp-content\/uploads\/2022\/04\/istockphoto-167261812-612x612-1-1738226989-1666534792549.jpg?fit=612%2C344&ssl=1&resize=525%2C300 1.5x"},"classes":[]}],"amp_enabled":true,"_links":{"self":[{"href":"https:\/\/alternativa.lv\/ru\/wp-json\/wp\/v2\/pages\/907","targetHints":{"allow":["GET"]}}],"collection":[{"href":"https:\/\/alternativa.lv\/ru\/wp-json\/wp\/v2\/pages"}],"about":[{"href":"https:\/\/alternativa.lv\/ru\/wp-json\/wp\/v2\/types\/page"}],"author":[{"embeddable":true,"href":"https:\/\/alternativa.lv\/ru\/wp-json\/wp\/v2\/users\/133522584"}],"replies":[{"embeddable":true,"href":"https:\/\/alternativa.lv\/ru\/wp-json\/wp\/v2\/comments?post=907"}],"version-history":[{"count":19,"href":"https:\/\/alternativa.lv\/ru\/wp-json\/wp\/v2\/pages\/907\/revisions"}],"predecessor-version":[{"id":4850,"href":"https:\/\/alternativa.lv\/ru\/wp-json\/wp\/v2\/pages\/907\/revisions\/4850"}],"wp:attachment":[{"href":"https:\/\/alternativa.lv\/ru\/wp-json\/wp\/v2\/media?parent=907"}],"wp:term":[{"taxonomy":"folder","embeddable":true,"href":"https:\/\/alternativa.lv\/ru\/wp-json\/wp\/v2\/folder?post=907"}],"curies":[{"name":"wp","href":"https:\/\/api.w.org\/{rel}","templated":true}]}}